{"id":329,"date":"2019-02-22T08:22:59","date_gmt":"2019-02-22T11:22:59","guid":{"rendered":"https:\/\/www.ufsm.br\/cursos\/graduacao\/santa-maria\/quimica\/?page_id=329"},"modified":"2019-03-20T08:42:51","modified_gmt":"2019-03-20T11:42:51","slug":"ementas-das-disciplinas","status":"publish","type":"page","link":"https:\/\/www.ufsm.br\/cursos\/graduacao\/santa-maria\/quimica\/bacharelado\/ementas-das-disciplinas","title":{"rendered":"Ementas das disciplinas"},"content":{"rendered":"\n<p style=\"text-align: justify\">Nesta se\u00e7\u00e3o est\u00e3o dispon\u00edveis as ementas das disciplinas que comp\u00f5em o curr\u00edculo atual do curso de Qu\u00edmica Industrial, todas com <strong>c\u00f3digo de autentica\u00e7\u00e3o<\/strong>.<\/p>\n\n\n\n<hr class=\"wp-block-separator\" \/>\n\n\n\n<div class=\"wp-block-file\"><a href=\"https:\/\/www.ufsm.br\/cursos\/graduacao\/santa-maria\/quimica\/wp-content\/uploads\/sites\/454\/2019\/03\/ementas_completo.pdf\">Ementas das disciplinas (todos os semestres) (.pdf)<\/a><a href=\"https:\/\/www.ufsm.br\/cursos\/graduacao\/santa-maria\/quimica\/wp-content\/uploads\/sites\/454\/2019\/03\/ementas_completo.pdf\" class=\"wp-block-file__button\" download>Baixar<\/a><\/div>\n\n\n\n<hr class=\"wp-block-separator\" \/>\n\n\n\n<h3>1\u00ba SEMESTRE<\/h3>\n<p><a href=\"https:\/\/www.ufsm.br\/cursos\/graduacao\/santa-maria\/quimica-industrial\/wp-content\/uploads\/sites\/455\/2019\/02\/1.conteudo_programatico_EPG130.pdf\" target=\"_blank\" rel=\"noopener noreferrer\">EPG130 &#8211; DESENHO T\u00c9CNICO &#8220;A&#8221;<\/a><br><a href=\"https:\/\/www.ufsm.br\/cursos\/graduacao\/santa-maria\/quimica-industrial\/wp-content\/uploads\/sites\/455\/2019\/02\/1.conteudo_programatico_FSC103.pdf\" target=\"_blank\" rel=\"noopener noreferrer\">FSC103 &#8211; F\u00cdSICA I<\/a><br><a href=\"https:\/\/www.ufsm.br\/cursos\/graduacao\/santa-maria\/quimica-industrial\/wp-content\/uploads\/sites\/455\/2019\/02\/1.conteudo_programatico_MTM1019.pdf\" target=\"_blank\" rel=\"noopener noreferrer\">MTM1019 &#8211; C\u00c1LCULO &#8220;A&#8221;<\/a><br><a href=\"https:\/\/www.ufsm.br\/cursos\/graduacao\/santa-maria\/quimica-industrial\/wp-content\/uploads\/sites\/455\/2019\/02\/1.conteudo_programatico_QMC1059.pdf\" target=\"_blank\" rel=\"noopener noreferrer\">QMC1059 &#8211; QU\u00cdMICA GERAL &#8220;A&#8221;<\/a><br><a href=\"https:\/\/www.ufsm.br\/cursos\/graduacao\/santa-maria\/quimica-industrial\/wp-content\/uploads\/sites\/455\/2019\/02\/1conteudo_programatico_QMC152.pdf\" target=\"_blank\" rel=\"noopener noreferrer\">QMC152 &#8211; TOXICOLOGIA E SEGURAN\u00c7A DE LABORAT\u00d3RIO<\/a><br><a href=\"https:\/\/www.ufsm.br\/cursos\/graduacao\/santa-maria\/quimica-industrial\/wp-content\/uploads\/sites\/455\/2019\/02\/1.conteudo_programatico_QMC171.pdf\" target=\"_blank\" rel=\"noopener noreferrer\">QMC171 &#8211; QU\u00cdMICA GERAL EXPERIMENTAL I<\/a><\/p>\n\n\n\n<hr class=\"wp-block-separator\" \/>\n\n\n\n<h3>2\u00ba SEMESTRE<\/h3>\n<p><a href=\"https:\/\/www.ufsm.br\/cursos\/graduacao\/santa-maria\/quimica-industrial\/wp-content\/uploads\/sites\/455\/2019\/02\/2.conteudo_programatico_FSC126.pdf\">FSC126 &#8211; F\u00cdSICA II-Q<\/a><br><a href=\"https:\/\/www.ufsm.br\/cursos\/graduacao\/santa-maria\/quimica-industrial\/wp-content\/uploads\/sites\/455\/2019\/02\/2.conteudo_programatico_MTM1020.pdf\">MTM1020 &#8211; C\u00c1LCULO &#8220;B&#8221;<\/a><br><a href=\"https:\/\/www.ufsm.br\/cursos\/graduacao\/santa-maria\/quimica-industrial\/wp-content\/uploads\/sites\/455\/2019\/02\/2.conteudo_programatico_QMC1060.pdf\">QMC1060 &#8211; QU\u00cdMICA INORG\u00c2NICA I &#8220;A&#8221;<\/a><br><a href=\"https:\/\/www.ufsm.br\/cursos\/graduacao\/santa-maria\/quimica-industrial\/wp-content\/uploads\/sites\/455\/2019\/02\/2.conteudo_programatico_QMC154.pdf\">QMC154 &#8211; QU\u00cdMICA INORG\u00c2NICA EXPERIMENTAL I-A<\/a><br><a href=\"https:\/\/www.ufsm.br\/cursos\/graduacao\/santa-maria\/quimica-industrial\/wp-content\/uploads\/sites\/455\/2019\/02\/2.conteudo_programatico_QMC155.pdf\">QMC155 &#8211; QU\u00cdMICA ANAL\u00cdTICA QUALITATIVA I<\/a><br><a href=\"https:\/\/www.ufsm.br\/cursos\/graduacao\/santa-maria\/quimica-industrial\/wp-content\/uploads\/sites\/455\/2019\/02\/2.conteudo_programatico_QMC156.pdf\">QMC156 &#8211; QU\u00cdMICA ANAL\u00cdTICA QUALITATIVA EXPERIMENTAL I<\/a><\/p>\n\n\n\n<hr class=\"wp-block-separator\" \/>\n\n\n\n<h3>3\u00ba SEMESTRE<\/h3>\n<p><a href=\"https:\/\/www.ufsm.br\/cursos\/graduacao\/santa-maria\/quimica-industrial\/wp-content\/uploads\/sites\/455\/2019\/02\/3.conteudo_programatico_FSC1066.pdf\">FSC1066 &#8211; F\u00cdSICA III-Q<\/a><br><a href=\"https:\/\/www.ufsm.br\/cursos\/graduacao\/santa-maria\/quimica-industrial\/wp-content\/uploads\/sites\/455\/2019\/02\/3.conteudo_programatico_FSC127.pdf\">FSC127 &#8211; F\u00cdSICO-QU\u00cdMICA I-A<\/a><br><a href=\"https:\/\/www.ufsm.br\/cursos\/graduacao\/santa-maria\/quimica-industrial\/wp-content\/uploads\/sites\/455\/2019\/02\/3.conteudo_programatico_MTM1018.pdf\">MTM1018 &#8211; \u00c1LGEBRA LINEAR<\/a><br><a href=\"https:\/\/www.ufsm.br\/cursos\/graduacao\/santa-maria\/quimica-industrial\/wp-content\/uploads\/sites\/455\/2019\/02\/3.conteudo_programatico_QMC158.pdf\">QMC158 &#8211; QU\u00cdMICA ANAL\u00cdTICA QUANTITATIVA I<\/a><br><a href=\"https:\/\/www.ufsm.br\/cursos\/graduacao\/santa-maria\/quimica-industrial\/wp-content\/uploads\/sites\/455\/2019\/02\/3.conteudo_programatico_QMC159.pdf\">QMC159 &#8211; QU\u00cdMICA ANAL\u00cdTICA QUANTITATIVA EXPERIMENTAL I<\/a><br><a href=\"https:\/\/www.ufsm.br\/cursos\/graduacao\/santa-maria\/quimica-industrial\/wp-content\/uploads\/sites\/455\/2019\/02\/3.conteudo_programatico_QMC160.pdf\">QMC160 &#8211; QU\u00cdMICA ORG\u00c2NICA B\u00c1SICA &#8220;A&#8221;<\/a><\/p>\n\n\n\n<hr class=\"wp-block-separator\" \/>\n\n\n\n<h3>4\u00ba SEMESTRE<\/h3>\n<p><a href=\"https:\/\/www.ufsm.br\/cursos\/graduacao\/santa-maria\/quimica-industrial\/wp-content\/uploads\/sites\/455\/2019\/02\/4.conteudo_programatico_BBM1019.pdf\">BBM1019 &#8211; BIOQU\u00cdMICA A<\/a><br><a href=\"https:\/\/www.ufsm.br\/cursos\/graduacao\/santa-maria\/quimica-industrial\/wp-content\/uploads\/sites\/455\/2019\/02\/4.conteudo_programatico_FSC128.pdf\">FSC128 &#8211; F\u00cdSICO-QU\u00cdMICA II-A<\/a><br><a href=\"https:\/\/www.ufsm.br\/cursos\/graduacao\/santa-maria\/quimica-industrial\/wp-content\/uploads\/sites\/455\/2019\/02\/4.conteudo_programatico_QMC161.pdf\">QMC1061 &#8211; QU\u00cdMICA INORG\u00c2NICA II &#8220;A&#8221;<\/a><br><a href=\"https:\/\/www.ufsm.br\/cursos\/graduacao\/santa-maria\/quimica-industrial\/wp-content\/uploads\/sites\/455\/2019\/02\/4.conteudo_programatico_QMC1061.pdf\">QMC161 &#8211; QU\u00cdMICA ORG\u00c2NICA EXPERIMENTAL I-A<\/a><br><a href=\"https:\/\/www.ufsm.br\/cursos\/graduacao\/santa-maria\/quimica-industrial\/wp-content\/uploads\/sites\/455\/2019\/02\/4.conteudo_programatico_QMC163.pdf\">QMC163 &#8211; MECANISMOS DE REA\u00c7\u00d5ES ORG\u00c2NICAS I<\/a><br><a href=\"https:\/\/www.ufsm.br\/cursos\/graduacao\/santa-maria\/quimica-industrial\/wp-content\/uploads\/sites\/455\/2019\/02\/4.conteudo_programatico_QMC164.pdf\">QMC164 &#8211; M\u00c9TODOS F\u00cdSICOS DE AN\u00c1LISE ORG\u00c2NICA I<\/a><br><a href=\"https:\/\/www.ufsm.br\/cursos\/graduacao\/santa-maria\/quimica-industrial\/wp-content\/uploads\/sites\/455\/2019\/02\/4.conteudo_programatico_STC113.pdf\">STC113 &#8211; ESTAT\u00cdSTICA APLICADA \u00c0 QUALIDADE<\/a><\/p>\n\n\n\n<hr class=\"wp-block-separator\" \/>\n\n\n\n<h3>5\u00ba SEMESTRE<\/h3>\n<p><a href=\"https:\/\/www.ufsm.br\/cursos\/graduacao\/santa-maria\/quimica-industrial\/wp-content\/uploads\/sites\/455\/2019\/02\/5.conteudo_programatico_FSC129.pdf\">FSC129 &#8211; F\u00cdSICO-QU\u00cdMICA III-B<\/a><br><a href=\"https:\/\/www.ufsm.br\/cursos\/graduacao\/santa-maria\/quimica-industrial\/wp-content\/uploads\/sites\/455\/2019\/02\/5.conteudo_programatico_FSC130.pdf\">FSC130 &#8211; F\u00cdSICO-QU\u00cdMICA EXPERIMENTAL I<\/a><br><a href=\"https:\/\/www.ufsm.br\/cursos\/graduacao\/santa-maria\/quimica-industrial\/wp-content\/uploads\/sites\/455\/2019\/02\/5.conteudo_programatico_GCC131.pdf\">GCC131 &#8211; MINERALOGIA F\u00cdSICA E CRISTALOGRAFIA<\/a><br><a href=\"https:\/\/www.ufsm.br\/cursos\/graduacao\/santa-maria\/quimica-industrial\/wp-content\/uploads\/sites\/455\/2019\/02\/5.conteudo_programatico_MIP304.pdf\">MIP304 &#8211; FUNDAMENTOS DE MICROBIOLOGIA INDUSTRIAL<\/a><br><a href=\"https:\/\/www.ufsm.br\/cursos\/graduacao\/santa-maria\/quimica-industrial\/wp-content\/uploads\/sites\/455\/2019\/02\/5.conteudo_programatico_QMC1034.pdf\">QMC1034 &#8211; QU\u00cdMICA INORG\u00c2NICA EXPERIMENTAL II<\/a><br><a href=\"https:\/\/www.ufsm.br\/cursos\/graduacao\/santa-maria\/quimica-industrial\/wp-content\/uploads\/sites\/455\/2019\/02\/5.conteudo_programatico_QMC162.pdf\">QMC162 &#8211; AN\u00c1LISE INSTRUMENTAL I<\/a><\/p>\n\n\n\n<hr class=\"wp-block-separator\" \/>\n\n\n\n<h3>6\u00ba SEMESTRE<\/h3>\n<p><a href=\"https:\/\/www.ufsm.br\/cursos\/graduacao\/santa-maria\/quimica\/wp-content\/uploads\/sites\/454\/2019\/03\/conteudo_programatico_DEE1018.pdf\">DEE1018 &#8211; ECOLOGIA<\/a><br><a href=\"https:\/\/www.ufsm.br\/cursos\/graduacao\/santa-maria\/quimica\/wp-content\/uploads\/sites\/454\/2019\/03\/conteudo_programatico_QMC1063.pdf\">QMC1063 &#8211; QU\u00cdMICA ANAL\u00cdTICA APLICADA &#8220;A&#8221;<\/a><br><a href=\"https:\/\/www.ufsm.br\/cursos\/graduacao\/santa-maria\/quimica\/wp-content\/uploads\/sites\/454\/2019\/02\/6.conteudo_programatico_QMC1036.pdf\">QMC1036 &#8211; QU\u00cdMICA AMBIENTAL E GERENCIAMENTO DE RES\u00cdDUOS<\/a><br><a href=\"https:\/\/www.ufsm.br\/cursos\/graduacao\/santa-maria\/quimica\/wp-content\/uploads\/sites\/454\/2019\/03\/conteudo_programatico_QMC1039.pdf\">QMC1039 &#8211; QU\u00cdMICA DE PRODUTOS NATURAIS<\/a><br><a href=\"https:\/\/www.ufsm.br\/cursos\/graduacao\/santa-maria\/quimica\/wp-content\/uploads\/sites\/454\/2019\/03\/conteudo_programatico_BBM1017.pdf\">BBM1017 &#8211; QU\u00cdMICA BIOL\u00d3GICA<\/a><\/p>\n\n\n\n<hr class=\"wp-block-separator\" \/>\n\n\n\n<h3>7\u00ba SEMESTRE<\/h3>\n<p><a href=\"https:\/\/www.ufsm.br\/cursos\/graduacao\/santa-maria\/quimica\/wp-content\/uploads\/sites\/454\/2019\/03\/conteudo_programatico_QMC1062.pdf\">QMC1062 &#8211; QU\u00cdMICA INORG\u00c2NICA III &#8220;A&#8221;<\/a><br><a href=\"https:\/\/www.ufsm.br\/cursos\/graduacao\/santa-maria\/quimica\/wp-content\/uploads\/sites\/454\/2019\/02\/7.conteudo_programatico_QMC1040.pdf\">QMC1040 &#8211; INTRODU\u00c7\u00c3O \u00c0 AN\u00c1LISE MULTIVARIADA<\/a><br><a href=\"https:\/\/www.ufsm.br\/cursos\/graduacao\/santa-maria\/quimica\/wp-content\/uploads\/sites\/454\/2019\/02\/7.conteudo_programatico_QMC1041.pdf\">QMC1041 &#8211; QU\u00cdMICA ORG\u00c2NICA EXPERIMENTAL II<\/a><br><a href=\"https:\/\/www.ufsm.br\/cursos\/graduacao\/santa-maria\/quimica\/wp-content\/uploads\/sites\/454\/2019\/03\/conteudo_programatico_QMC1044.pdf\">QMC1044 &#8211; INTRODU\u00c7\u00c3O \u00c0 S\u00cdNTESE ORG\u00c2NICA<\/a><br><a href=\"https:\/\/www.ufsm.br\/cursos\/graduacao\/santa-maria\/quimica\/wp-content\/uploads\/sites\/454\/2019\/02\/7.conteudo_programatico_BBM1018.pdf\">BBM1018 &#8211; BIOQU\u00cdMICA APLICADA<\/a><\/p>\n\n\n\n<hr class=\"wp-block-separator\" \/>\n\n\n\n<h3>8\u00ba SEMESTRE<\/h3>\n<p><a href=\"https:\/\/www.ufsm.br\/cursos\/graduacao\/santa-maria\/quimica\/bacharelado\/orientacoes-e-normas\/\">QIM1001 &#8211; TRABALHO DE CONCLUS\u00c3O DE CURSO<\/a><\/p>\n","protected":false},"excerpt":{"rendered":"<p>Nesta se\u00e7\u00e3o est\u00e3o dispon\u00edveis as ementas das disciplinas que comp\u00f5em o curr\u00edculo atual do curso de Qu\u00edmica Industrial, todas com c\u00f3digo de autentica\u00e7\u00e3o. 1\u00ba SEMESTRE EPG130 &#8211; DESENHO T\u00c9CNICO &#8220;A&#8221;FSC103 &#8211; F\u00cdSICA IMTM1019 &#8211; C\u00c1LCULO &#8220;A&#8221;QMC1059 &#8211; QU\u00cdMICA GERAL &#8220;A&#8221;QMC152 &#8211; TOXICOLOGIA E SEGURAN\u00c7A DE LABORAT\u00d3RIOQMC171 &#8211; QU\u00cdMICA GERAL EXPERIMENTAL I 2\u00ba SEMESTRE FSC126 &#8211; [&hellip;]<\/p>\n","protected":false},"author":534,"featured_media":0,"parent":339,"menu_order":0,"comment_status":"closed","ping_status":"closed","template":"","meta":{"footnotes":""},"categories":[],"tags":[],"class_list":["post-329","page","type-page","status-publish","hentry"],"acf":[],"_links":{"self":[{"href":"https:\/\/www.ufsm.br\/cursos\/graduacao\/santa-maria\/quimica\/wp-json\/wp\/v2\/pages\/329","targetHints":{"allow":["GET"]}}],"collection":[{"href":"https:\/\/www.ufsm.br\/cursos\/graduacao\/santa-maria\/quimica\/wp-json\/wp\/v2\/pages"}],"about":[{"href":"https:\/\/www.ufsm.br\/cursos\/graduacao\/santa-maria\/quimica\/wp-json\/wp\/v2\/types\/page"}],"author":[{"embeddable":true,"href":"https:\/\/www.ufsm.br\/cursos\/graduacao\/santa-maria\/quimica\/wp-json\/wp\/v2\/users\/534"}],"replies":[{"embeddable":true,"href":"https:\/\/www.ufsm.br\/cursos\/graduacao\/santa-maria\/quimica\/wp-json\/wp\/v2\/comments?post=329"}],"version-history":[{"count":0,"href":"https:\/\/www.ufsm.br\/cursos\/graduacao\/santa-maria\/quimica\/wp-json\/wp\/v2\/pages\/329\/revisions"}],"up":[{"embeddable":true,"href":"https:\/\/www.ufsm.br\/cursos\/graduacao\/santa-maria\/quimica\/wp-json\/wp\/v2\/pages\/339"}],"wp:attachment":[{"href":"https:\/\/www.ufsm.br\/cursos\/graduacao\/santa-maria\/quimica\/wp-json\/wp\/v2\/media?parent=329"}],"wp:term":[{"taxonomy":"category","embeddable":true,"href":"https:\/\/www.ufsm.br\/cursos\/graduacao\/santa-maria\/quimica\/wp-json\/wp\/v2\/categories?post=329"},{"taxonomy":"post_tag","embeddable":true,"href":"https:\/\/www.ufsm.br\/cursos\/graduacao\/santa-maria\/quimica\/wp-json\/wp\/v2\/tags?post=329"}],"curies":[{"name":"wp","href":"https:\/\/api.w.org\/{rel}","templated":true}]}}