{"id":336,"date":"2019-02-22T08:26:27","date_gmt":"2019-02-22T11:26:27","guid":{"rendered":"https:\/\/www.ufsm.br\/cursos\/graduacao\/santa-maria\/quimica\/?page_id=336"},"modified":"2019-02-22T10:18:26","modified_gmt":"2019-02-22T13:18:26","slug":"pre-requisitos","status":"publish","type":"page","link":"https:\/\/www.ufsm.br\/cursos\/graduacao\/santa-maria\/quimica\/bacharelado\/pre-requisitos","title":{"rendered":"Pr\u00e9-requisitos"},"content":{"rendered":"\n<p style=\"text-align: justify\">Em geral, para que uma disciplina possa ser cursada em um dado semestre, o aluno deve previamente ter sido aprovado em outra. Esse tipo de mecanismo \u00e9 chamado &#8220;pr\u00e9-requisito&#8221;.<\/p>\n<p style=\"text-align: justify\"><strong>A lista oficial de pr\u00e9-requisitos para as disciplinas do Curso de Qu\u00edmica Industrial pode ser acessada\u00a0<a href=\"https:\/\/www.ufsm.br\/cursos\/graduacao\/santa-maria\/quimica\/wp-content\/uploads\/sites\/454\/2019\/02\/Pr\u00e9-requisitos-QB.pdf\" target=\"_blank\" rel=\"noopener noreferrer\">AQUI<\/a>, consultada pelas setas na se\u00e7\u00e3o &#8220;<a href=\"https:\/\/www.ufsm.br\/cursos\/graduacao\/santa-maria\/quimica\/bacharelado\/grade-curricular\/\">Sequ\u00eancia Aconselhada de Disciplinas<\/a>&#8220;, ou tamb\u00e9m atrav\u00e9s da se\u00e7\u00e3o &#8220;<a href=\"https:\/\/www.ufsm.br\/cursos\/graduacao\/santa-maria\/quimica\/informacoes-do-curriculo\">Estrutura Curricular<\/a>&#8220;.<\/strong><\/p>\n","protected":false},"excerpt":{"rendered":"<p>Em geral, para que uma disciplina possa ser cursada em um dado semestre, o aluno deve previamente ter sido aprovado em outra. Esse tipo de mecanismo \u00e9 chamado &#8220;pr\u00e9-requisito&#8221;. A lista oficial de pr\u00e9-requisitos para as disciplinas do Curso de Qu\u00edmica Industrial pode ser acessada\u00a0AQUI, consultada pelas setas na se\u00e7\u00e3o &#8220;Sequ\u00eancia Aconselhada de Disciplinas&#8220;, ou [&hellip;]<\/p>\n","protected":false},"author":534,"featured_media":0,"parent":339,"menu_order":0,"comment_status":"closed","ping_status":"closed","template":"","meta":{"footnotes":""},"categories":[],"tags":[],"class_list":["post-336","page","type-page","status-publish","hentry"],"acf":[],"_links":{"self":[{"href":"https:\/\/www.ufsm.br\/cursos\/graduacao\/santa-maria\/quimica\/wp-json\/wp\/v2\/pages\/336","targetHints":{"allow":["GET"]}}],"collection":[{"href":"https:\/\/www.ufsm.br\/cursos\/graduacao\/santa-maria\/quimica\/wp-json\/wp\/v2\/pages"}],"about":[{"href":"https:\/\/www.ufsm.br\/cursos\/graduacao\/santa-maria\/quimica\/wp-json\/wp\/v2\/types\/page"}],"author":[{"embeddable":true,"href":"https:\/\/www.ufsm.br\/cursos\/graduacao\/santa-maria\/quimica\/wp-json\/wp\/v2\/users\/534"}],"replies":[{"embeddable":true,"href":"https:\/\/www.ufsm.br\/cursos\/graduacao\/santa-maria\/quimica\/wp-json\/wp\/v2\/comments?post=336"}],"version-history":[{"count":0,"href":"https:\/\/www.ufsm.br\/cursos\/graduacao\/santa-maria\/quimica\/wp-json\/wp\/v2\/pages\/336\/revisions"}],"up":[{"embeddable":true,"href":"https:\/\/www.ufsm.br\/cursos\/graduacao\/santa-maria\/quimica\/wp-json\/wp\/v2\/pages\/339"}],"wp:attachment":[{"href":"https:\/\/www.ufsm.br\/cursos\/graduacao\/santa-maria\/quimica\/wp-json\/wp\/v2\/media?parent=336"}],"wp:term":[{"taxonomy":"category","embeddable":true,"href":"https:\/\/www.ufsm.br\/cursos\/graduacao\/santa-maria\/quimica\/wp-json\/wp\/v2\/categories?post=336"},{"taxonomy":"post_tag","embeddable":true,"href":"https:\/\/www.ufsm.br\/cursos\/graduacao\/santa-maria\/quimica\/wp-json\/wp\/v2\/tags?post=336"}],"curies":[{"name":"wp","href":"https:\/\/api.w.org\/{rel}","templated":true}]}}