{"id":414,"date":"2019-02-26T15:01:33","date_gmt":"2019-02-26T18:01:33","guid":{"rendered":"https:\/\/www.ufsm.br\/cursos\/graduacao\/santa-maria\/quimica\/?page_id=414"},"modified":"2019-02-27T16:11:54","modified_gmt":"2019-02-27T19:11:54","slug":"enade","status":"publish","type":"page","link":"https:\/\/www.ufsm.br\/cursos\/graduacao\/santa-maria\/quimica\/bacharelado\/enade","title":{"rendered":"Enade"},"content":{"rendered":"\n<p style=\"text-align: justify\">A seguir \u00e9 apresentado o conceito Enade do curso de <strong>Qu\u00edmica &#8211; Bacharelado<\/strong> (UFSM) ao longo dos anos, bem como o desempenho m\u00e9dio dos alunos que prestaram as provas nas edi\u00e7\u00f5es em que nosso curso participou do Exame Nacional de Desempenho dos Estudantes.<\/p>\n\n\n\n<p><img fetchpriority=\"high\" decoding=\"async\" class=\"aligncenter wp-image-434 size-full\" src=\"https:\/\/www.ufsm.br\/cursos\/graduacao\/santa-maria\/quimica\/wp-content\/uploads\/sites\/454\/2019\/02\/Enade-QB.png\" alt=\"\" width=\"1653\" height=\"1361\" srcset=\"https:\/\/www.ufsm.br\/app\/uploads\/sites\/454\/2019\/02\/Enade-QB.png 1653w, https:\/\/www.ufsm.br\/app\/uploads\/sites\/454\/2019\/02\/Enade-QB-300x247.png 300w, https:\/\/www.ufsm.br\/app\/uploads\/sites\/454\/2019\/02\/Enade-QB-768x632.png 768w, https:\/\/www.ufsm.br\/app\/uploads\/sites\/454\/2019\/02\/Enade-QB-1024x843.png 1024w\" sizes=\"(max-width: 1653px) 100vw, 1653px\" \/><\/p>\n","protected":false},"excerpt":{"rendered":"<p>A seguir \u00e9 apresentado o conceito Enade do curso de Qu\u00edmica &#8211; Bacharelado (UFSM) ao longo dos anos, bem como o desempenho m\u00e9dio dos alunos que prestaram as provas nas edi\u00e7\u00f5es em que nosso curso participou do Exame Nacional de Desempenho dos Estudantes.<\/p>\n","protected":false},"author":534,"featured_media":0,"parent":339,"menu_order":0,"comment_status":"closed","ping_status":"closed","template":"","meta":{"footnotes":""},"categories":[],"tags":[],"class_list":["post-414","page","type-page","status-publish","hentry"],"acf":[],"_links":{"self":[{"href":"https:\/\/www.ufsm.br\/cursos\/graduacao\/santa-maria\/quimica\/wp-json\/wp\/v2\/pages\/414","targetHints":{"allow":["GET"]}}],"collection":[{"href":"https:\/\/www.ufsm.br\/cursos\/graduacao\/santa-maria\/quimica\/wp-json\/wp\/v2\/pages"}],"about":[{"href":"https:\/\/www.ufsm.br\/cursos\/graduacao\/santa-maria\/quimica\/wp-json\/wp\/v2\/types\/page"}],"author":[{"embeddable":true,"href":"https:\/\/www.ufsm.br\/cursos\/graduacao\/santa-maria\/quimica\/wp-json\/wp\/v2\/users\/534"}],"replies":[{"embeddable":true,"href":"https:\/\/www.ufsm.br\/cursos\/graduacao\/santa-maria\/quimica\/wp-json\/wp\/v2\/comments?post=414"}],"version-history":[{"count":0,"href":"https:\/\/www.ufsm.br\/cursos\/graduacao\/santa-maria\/quimica\/wp-json\/wp\/v2\/pages\/414\/revisions"}],"up":[{"embeddable":true,"href":"https:\/\/www.ufsm.br\/cursos\/graduacao\/santa-maria\/quimica\/wp-json\/wp\/v2\/pages\/339"}],"wp:attachment":[{"href":"https:\/\/www.ufsm.br\/cursos\/graduacao\/santa-maria\/quimica\/wp-json\/wp\/v2\/media?parent=414"}],"wp:term":[{"taxonomy":"category","embeddable":true,"href":"https:\/\/www.ufsm.br\/cursos\/graduacao\/santa-maria\/quimica\/wp-json\/wp\/v2\/categories?post=414"},{"taxonomy":"post_tag","embeddable":true,"href":"https:\/\/www.ufsm.br\/cursos\/graduacao\/santa-maria\/quimica\/wp-json\/wp\/v2\/tags?post=414"}],"curies":[{"name":"wp","href":"https:\/\/api.w.org\/{rel}","templated":true}]}}