{"id":448,"date":"2019-02-28T08:52:00","date_gmt":"2019-02-28T11:52:00","guid":{"rendered":"https:\/\/www.ufsm.br\/cursos\/graduacao\/santa-maria\/quimica\/?page_id=448"},"modified":"2019-02-28T09:03:34","modified_gmt":"2019-02-28T12:03:34","slug":"links-uteis","status":"publish","type":"page","link":"https:\/\/www.ufsm.br\/cursos\/graduacao\/santa-maria\/quimica\/links-uteis","title":{"rendered":"Links \u00dateis"},"content":{"rendered":"\n<h3 class=\"wp-block-heading\">Cursos da UFSM<\/h3>\n\n\n\n<ul class=\"listnone right_list\"><li class=\"right_link\"><i class=\"fa fa fa-link\"><\/i><a href=\"http:\/\/www.quimicaindustrial.ufsm.br\/\">CURSO DE QU\u00cdMICA INDUSTRIAL<\/a><\/li><\/ul>\n\n\n\n<ul class=\"listnone right_list\"><li class=\"right_link\"><i class=\"fa fa fa-link\"><\/i><a href=\"http:\/\/coral.ufsm.br\/processosquimicos\/\">CURSO SUPERIOR DE TECNOLOGIA EM PROCESSOS QU\u00cdMICOS<\/a><\/li><\/ul>\n\n\n\n<ul class=\"listnone right_list\"><li class=\"right_link\"><i class=\"fa fa fa-link\"><\/i><a href=\"http:\/\/w3.ufsm.br\/ppgq\/index.php\/pt\/\">PROGRAMA DE P\u00d3S-GRADUA\u00c7\u00c3O EM QU\u00cdMICA<\/a><\/li><\/ul>\n\n\n\n<ul class=\"listnone right_list\"><li class=\"right_link\"><i class=\"fa fa fa-link\"><\/i><a href=\"http:\/\/coral.ufsm.br\/ppgbtox\/index.php\/pt-br\/\">PROGRAMA DE P\u00d3S-GRADUA\u00c7\u00c3O EM BIOQU\u00cdMICA TOXICOL\u00d3GICA<\/a><\/li><\/ul>\n\n\n\n<ul class=\"listnone right_list\"><li class=\"right_link\"><i class=\"fa fa fa-link\"><\/i><a href=\"http:\/\/pgeec.ufsm.br\/\">PROGRAMA DE P\u00d3S-GRADUA\u00c7\u00c3O EM EDUCA\u00c7\u00c3O EM CI\u00caNCIAS<\/a><\/li><\/ul>\n\n\n\n<hr class=\"wp-block-separator\" \/>\n\n\n\n<h3 class=\"wp-block-heading\">Sites externos<\/h3>\n\n\n\n<ul class=\"listnone right_list\">\n<li class=\"right_link\"><i class=\"fa fa fa-link\"><\/i><a href=\"http:\/\/www.crqv.org.br\">CRQ-V<\/a><\/li>\n<\/ul>\n\n\n\n<ul class=\"listnone right_list\"><li class=\"right_link\"><i class=\"fa fa fa-link\"><\/i><a href=\"http:\/\/www.abq.org.br\/\">ABQ<\/a><\/li><\/ul>\n\n\n\n<ul class=\"listnone right_list\">\n<li class=\"right_link\"><i class=\"fa fa fa-link\"><\/i><a href=\"http:\/\/www.sbq.org.br\/\">SBQ<\/a><\/li>\n<\/ul>\n\n\n\n<ul class=\"listnone right_list\">\n<li class=\"right_link\"><i class=\"fa fa fa-link\"><\/i><a href=\"http:\/\/www.cnpq.br\/\">CNPq<\/a><\/li>\n<\/ul>\n\n\n\n<ul class=\"listnone right_list\">\n<li class=\"right_link\"><i class=\"fa fa fa-link\"><\/i><a href=\"http:\/\/www.capes.gov.br\/\">CAPES<\/a><\/li>\n<\/ul>\n\n\n\n<ul class=\"listnone right_list\">\n<li class=\"right_link\"><i class=\"fa fa fa-link\"><\/i><a href=\"http:\/\/www.fapergs.rs.gov.br\/\">FAPERGS<\/a><\/li>\n<\/ul>\n","protected":false},"excerpt":{"rendered":"<p>Cursos da UFSM CURSO DE QU\u00cdMICA INDUSTRIAL CURSO SUPERIOR DE TECNOLOGIA EM PROCESSOS QU\u00cdMICOS PROGRAMA DE P\u00d3S-GRADUA\u00c7\u00c3O EM QU\u00cdMICA PROGRAMA DE P\u00d3S-GRADUA\u00c7\u00c3O EM BIOQU\u00cdMICA TOXICOL\u00d3GICA PROGRAMA DE P\u00d3S-GRADUA\u00c7\u00c3O EM EDUCA\u00c7\u00c3O EM CI\u00caNCIAS Sites externos CRQ-V ABQ SBQ CNPq CAPES FAPERGS<\/p>\n","protected":false},"author":534,"featured_media":0,"parent":0,"menu_order":0,"comment_status":"closed","ping_status":"closed","template":"","meta":{"footnotes":""},"categories":[],"tags":[],"class_list":["post-448","page","type-page","status-publish","hentry"],"acf":[],"_links":{"self":[{"href":"https:\/\/www.ufsm.br\/cursos\/graduacao\/santa-maria\/quimica\/wp-json\/wp\/v2\/pages\/448","targetHints":{"allow":["GET"]}}],"collection":[{"href":"https:\/\/www.ufsm.br\/cursos\/graduacao\/santa-maria\/quimica\/wp-json\/wp\/v2\/pages"}],"about":[{"href":"https:\/\/www.ufsm.br\/cursos\/graduacao\/santa-maria\/quimica\/wp-json\/wp\/v2\/types\/page"}],"author":[{"embeddable":true,"href":"https:\/\/www.ufsm.br\/cursos\/graduacao\/santa-maria\/quimica\/wp-json\/wp\/v2\/users\/534"}],"replies":[{"embeddable":true,"href":"https:\/\/www.ufsm.br\/cursos\/graduacao\/santa-maria\/quimica\/wp-json\/wp\/v2\/comments?post=448"}],"version-history":[{"count":0,"href":"https:\/\/www.ufsm.br\/cursos\/graduacao\/santa-maria\/quimica\/wp-json\/wp\/v2\/pages\/448\/revisions"}],"wp:attachment":[{"href":"https:\/\/www.ufsm.br\/cursos\/graduacao\/santa-maria\/quimica\/wp-json\/wp\/v2\/media?parent=448"}],"wp:term":[{"taxonomy":"category","embeddable":true,"href":"https:\/\/www.ufsm.br\/cursos\/graduacao\/santa-maria\/quimica\/wp-json\/wp\/v2\/categories?post=448"},{"taxonomy":"post_tag","embeddable":true,"href":"https:\/\/www.ufsm.br\/cursos\/graduacao\/santa-maria\/quimica\/wp-json\/wp\/v2\/tags?post=448"}],"curies":[{"name":"wp","href":"https:\/\/api.w.org\/{rel}","templated":true}]}}