{"id":596,"date":"2019-06-28T18:31:12","date_gmt":"2019-06-28T21:31:12","guid":{"rendered":"https:\/\/www.ufsm.br\/cursos\/graduacao\/santa-maria\/quimica\/?page_id=596"},"modified":"2025-11-14T14:07:00","modified_gmt":"2025-11-14T17:07:00","slug":"matriculas-2022-2","status":"publish","type":"page","link":"https:\/\/www.ufsm.br\/cursos\/graduacao\/santa-maria\/quimica\/matriculas-2022-2","title":{"rendered":"Matr\u00edculas 2026\/1"},"content":{"rendered":"\t\t<div data-elementor-type=\"wp-page\" data-elementor-id=\"596\" class=\"elementor elementor-596\">\n\t\t\t\t\t\t<section class=\"elementor-section elementor-top-section elementor-element elementor-element-1d355375 elementor-section-boxed elementor-section-height-default elementor-section-height-default\" data-id=\"1d355375\" data-element_type=\"section\">\n\t\t\t\t\t\t<div class=\"elementor-container elementor-column-gap-default\">\n\t\t\t\t\t<div class=\"elementor-column elementor-col-100 elementor-top-column elementor-element elementor-element-41489881\" data-id=\"41489881\" data-element_type=\"column\">\n\t\t\t<div class=\"elementor-widget-wrap elementor-element-populated\">\n\t\t\t\t\t\t<div class=\"elementor-element elementor-element-31479510 elementor-widget elementor-widget-text-editor\" data-id=\"31479510\" data-element_type=\"widget\" data-widget_type=\"text-editor.default\">\n\t\t\t\t<div class=\"elementor-widget-container\">\n\t\t\t\t\t\t\t<div style=\"font-size: 16px\">\n<div data-elementor-type=\"wp-page\" data-elementor-id=\"246\">\n<section style=\"flex-direction: var(--flex-direction);justify-content: var(--justify-content);align-items: var(--align-items);align-content: var(--align-content);flex-basis: var(--flex-basis);flex-grow: var(--flex-grow);flex-shrink: var(--flex-shrink);align-self: var(--align-self)\" data-id=\"4af50e9c\" data-element_type=\"section\">\n<div style=\"width: 1176px\">\n<div style=\"flex-direction: var(--flex-direction);justify-content: var(--justify-content);align-items: var(--align-items);align-content: var(--align-content);flex-basis: var(--flex-basis);flex-grow: var(--flex-grow);flex-shrink: var(--flex-shrink);align-self: var(--align-self);width: 1176px\" data-id=\"45561136\" data-element_type=\"column\">\n<div style=\"width: 1176px\">\n<div style=\"width: 1162px\">\n<div style=\"flex-direction: var(--flex-direction);justify-content: var(--justify-content);align-items: var(--align-items);align-content: var(--align-content);flex-basis: var(--flex-basis);flex-grow: var(--flex-grow);flex-shrink: var(--flex-shrink);align-self: var(--align-self);width: 1142px;font-size: 1rem !important\" data-id=\"cb96567\" data-element_type=\"widget\" data-widget_type=\"text-editor.default\">\n<p>Entre os dias <b>09 <\/b><span style=\"font-weight: bolder\">a\u00a0<\/span><span style=\"font-weight: bolder\">12 de fevereiro <\/span>estar\u00e1 aberto o per\u00edodo para realiza\u00e7\u00e3o de solicita\u00e7\u00e3o de matr\u00edculas via\u00a0<a href=\"https:\/\/portal.ufsm.br\/aluno\/\" target=\"_blank\" rel=\"noreferrer noopener\">Portal do Aluno<\/a>.<span style=\"font-weight: bolder\">\u00a0Todos os alunos devem solicitar matr\u00edcula eletronicamente.<\/span><\/p>\n<p>\u00a0<\/p>\n<p>Os hor\u00e1rios das disciplinas se encontram\u00a0<a href=\"https:\/\/www.ufsm.br\/cursos\/graduacao\/santa-maria\/quimica\/horarios\">aqui<\/a>.\u00a0\u00a0<\/p>\n<p>\u00a0<\/p>\n<h5 style=\"font-size: 1rem;width: 1176px;color: #21376b !important\"><span style=\"font-weight: bolder\">Prazos para solicita\u00e7\u00e3o de matr\u00edcula<\/span><\/h5>\n<p style=\"color: #000000;font-size: 16px;background-color: #ffffff\">\u00a0<\/p>\n<p style=\"color: #000000;font-size: 16px;background-color: #ffffff\"><span style=\"font-weight: bolder\">Fique atento aos prazos de solicita\u00e7\u00e3o! A n\u00e3o solicita\u00e7\u00e3o de matr\u00edcula configura abandono e consequente rompimento do v\u00ednculo com a UFSM.\u00a0<\/span><\/p>\n<p style=\"color: #000000;font-size: 16px;background-color: #ffffff\">\u00a0<\/p>\n<figure style=\"color: #000000;font-size: 16px;background-color: #ffffff\">\n<table style=\"color: #000000;width: 1176px\">\n<tbody>\n<tr>\n<td>\n<table style=\"width: 98.6395%;font-size: 16px;height: 538px\">\n<tbody>\n<tr style=\"height: 48px\">\n<td style=\"height: 48px\"><span style=\"font-weight: bolder\">CALEND\u00c1RIO ACAD\u00caMICO<\/span><\/td>\n<td style=\"height: 48px\">\u00a0<\/td>\n<\/tr>\n<tr style=\"height: 48px\">\n<td style=\"height: 48px\"><strong>09\/02\/2026 a 12\/02\/2026<\/strong><\/td>\n<td style=\"height: 48px\"><span style=\"font-weight: bolder\">MATR\u00cdCULA \u2013 SOLICITA\u00c7\u00c3O pelo Portal do Aluno:<\/span> Per\u00edodo para solicita\u00e7\u00e3o de matr\u00edcula via Portal do Aluno dos veteranos da gradua\u00e7\u00e3o presencial e veteranos da p\u00f3s-gradua\u00e7\u00e3o presencial referente ao 1\u00ba semestre letivo de 2026.<\/td>\n<\/tr>\n<tr style=\"height: 48px\">\n<td style=\"height: 48px\"><span style=\"font-weight: bolder\">13\/02\/2026<\/span><\/td>\n<td style=\"height: 48px\"><span style=\"font-weight: bolder\">MATR\u00cdCULA \u2013 PROCESSAMENTO:<\/span> Data prevista para o processamento no sistema SIE da UFSM das solicita\u00e7\u00f5es de matr\u00edcula dos alunos da gradua\u00e7\u00e3o e p\u00f3s-gradua\u00e7\u00e3o, referentes ao 1\u00ba semestre letivo de 2026.<\/td>\n<\/tr>\n<tr style=\"height: 48px\">\n<td style=\"height: 48px\"><span style=\"font-weight: bolder\">20\/02\/2026 a 23\/02\/2026<\/span><\/td>\n<td style=\"height: 48px\"><span style=\"font-weight: bolder\">MATR\u00cdCULA \u2013 SOLICITA\u00c7\u00c3O DE AJUSTE pelo Portal do Aluno:<\/span> Per\u00edodo para ajuste de matr\u00edcula dos alunos de gradua\u00e7\u00e3o e p\u00f3s-gradua\u00e7\u00e3o, via Portal Estudantil, referente ao 1\u00ba semestre letivo de 2026.<\/td>\n<\/tr>\n<tr style=\"height: 48px\">\n<td style=\"height: 48px\"><strong>24\/02\/2026<\/strong><\/td>\n<td style=\"height: 48px\"><span style=\"font-weight: bolder\">MATR\u00cdCULA \u2013 PROCESSAMENTO:\u00a0<\/span>Data prevista para o processamento no sistema SIE da UFSM das solicita\u00e7\u00f5es de ajuste dos alunos da gradua\u00e7\u00e3o e p\u00f3s-gradua\u00e7\u00e3o, referentes ao 1\u00ba semestre letivo de 2026.<\/td>\n<\/tr>\n<tr style=\"height: 72px\">\n<td style=\"height: 72px\"><span style=\"font-weight: bolder\">02\/03\/2026 a 06\/03\/2026<\/span><\/td>\n<td style=\"height: 72px\"><span style=\"font-weight: bolder\">MATR\u00cdCULA \u2013 AJUSTE FEITO PELAS COORDENA\u00c7\u00d5ES DE CURSO:<\/span> Per\u00edodo para os alunos de Gradua\u00e7\u00e3o e P\u00f3s-Gradua\u00e7\u00e3o solicitarem ajuste de matr\u00edcula e per\u00edodo para as Coordena\u00e7\u00f5es de Curso lan\u00e7arem as altera\u00e7\u00f5es no sistema SIE, referente ao 1\u00ba semestre letivo de 2026.<\/td>\n<\/tr>\n<tr style=\"height: 48px\">\n<td style=\"height: 48px\"><strong>09\/03\/2026 e 12\/03\/2026<\/strong><\/td>\n<td style=\"height: 48px\"><strong>MATR\u00cdCULA EXTRACURRICULAR &#8211; SOLICITA\u00c7\u00c3O<\/strong> pelo Portal Estudantil: Per\u00edodo para solicita\u00e7\u00e3o via Portal Estudantil de matr\u00edcula em disciplinas ofertadas por outros cursos, referente ao 1\u00ba semestre letivo de 2026.<\/td>\n<\/tr>\n<tr style=\"height: 96px\">\n<td style=\"height: 96px\"><strong>09\/03\/2026 e 12\/03\/2026<\/strong><br \/>Segunda a quinta-feira,<br \/>\u00e0s 23h59min<\/td>\n<td style=\"height: 96px\"><span style=\"font-weight: bolder\">MATR\u00cdCULA \u2013 PROCESSAMENTO:\u00a0<\/span>Per\u00edodo previsto para o processamento no sistema SIE da UFSM, das solicita\u00e7\u00f5es de matr\u00edcula extracurricular, referente ao 1\u00ba semestre letivo de 2026.<\/td>\n<\/tr>\n<tr style=\"height: 72px\">\n<td style=\"height: 72px\"><strong>02\/04\/2026<\/strong><\/td>\n<td style=\"height: 72px\"><span style=\"font-weight: bolder\">TRANCAMENTO PARCIAL &#8211; \u00daltimo dia: Data-limite para a solicita\u00e7\u00e3o de trancamento<br \/>de disciplina(s), por estudantes dos cursos de gradua\u00e7\u00e3o, modalidade presencial,<br \/>referente ao 1\u00ba semestre letivo de 2026.<\/span><\/td>\n<\/tr>\n<\/tbody>\n<\/table>\n<\/td>\n<td>\u00a0<\/td>\n<\/tr>\n<\/tbody>\n<\/table>\n<\/figure>\n<figure><\/figure>\n<h5 style=\"font-size: 1rem;width: 1142px\"><span style=\"font-weight: bolder\">Trancamento Total do curso<\/span><\/h5>\n<p>\u00a0<\/p>\n<figure>\n<table style=\"width: 1142px\">\n<tbody>\n<tr>\n<td><span style=\"font-size: 16px;font-weight: bold\"><strong>02\/04\/2026<\/strong><\/span><\/td>\n<td><span style=\"font-weight: bolder\">TRANCAMENTO TOTAL:<\/span> Per\u00edodo para solicita\u00e7\u00e3o de trancamento total do semestre, via Portal do Aluno, referente ao 1\u00ba semestre letivo de 2026, para alunos dos cursos de gradua\u00e7\u00e3o, modalidade presencial.<\/td>\n<\/tr>\n<\/tbody>\n<\/table>\n<\/figure>\n<p>Os alunos que desejarem realizar\u00a0<span style=\"font-weight: bolder\">Trancamento Total<\/span>\u00a0do curso (manuten\u00e7\u00e3o de v\u00ednculo), devem fazer esta solicita\u00e7\u00e3o tamb\u00e9m pelo\u00a0<a href=\"https:\/\/portal.ufsm.br\/aluno\/\" target=\"_blank\" rel=\"noreferrer noopener\">Portal do Aluno<\/a>. Lembre-se: o Trancamento Total tem validade de 1 (um) semestre. Ao final desse per\u00edodo, caso desejar, o aluno deve solicitar outro Trancamento Total ou, ent\u00e3o, solicitar matr\u00edcula em disciplinas do Curr\u00edculo do Curso. O n\u00famero m\u00e1ximo de trancamentos totais s\u00e3o 4.<\/p>\n<p>\u00a0<\/p>\n<h5 style=\"font-size: 1rem;width: 1142px\"><span style=\"font-weight: bolder\">Disciplinas ofertadas neste semestre<\/span><\/h5>\n<p>\u00a0<\/p>\n<p><span style=\"font-weight: bolder\">Na se\u00e7\u00e3o\u00a0<a href=\"https:\/\/www.ufsm.br\/cursos\/graduacao\/santa-maria\/quimica-industrial\/horarios\" target=\"_blank\" rel=\"noreferrer noopener\">Hor\u00e1rios<\/a>\u00a0est\u00e1 dispon\u00edvel para consulta a oferta das disciplinas regulares.<\/span><\/p>\n<p><span style=\"font-weight: bolder\">\u00a0<\/span><\/p>\n<p>\u00a0<\/p>\n<h5 style=\"font-size: 1rem;width: 1142px\"><span style=\"font-weight: bolder\">Regime Especial de Avalia\u00e7\u00e3o (matr\u00edcula por resolu\u00e7\u00e3o)<\/span><\/h5>\n<p>Na listagem disponibilizada acima, tenha\u00a0<span style=\"font-weight: bolder\">cuidado com as turmas de nome\/n\u00famero T50REA e 50!<\/span>\u00a0Elas se referem ao\u00a0<span style=\"font-weight: bolder\">Regime Especial de Avalia\u00e7\u00e3o<\/span>, mais conhecido como \u201c<span style=\"font-weight: bolder\">matr\u00edcula por resolu\u00e7\u00e3o<\/span>\u201c. Nessa modalidade, o aluno realiza somente as avalia\u00e7\u00f5es da disciplina, sem precisar frequentar \u00e0s aulas e sem contabilizar carga hor\u00e1ria em seu semestre. O plano de atividades deve ser tratado diretamente com o docente respons\u00e1vel pela turma T50REA. O direito do aluno ao\u00a0<a href=\"https:\/\/www.ufsm.br\/cursos\/graduacao\/santa-maria\/quimica-industrial\/wp-content\/uploads\/sites\/455\/2019\/02\/Resolu%C3%A7%C3%A3o-n.-032-2015-Revoga-resolu%C3%A7%C3%A3o-05.pdf\" target=\"_blank\" rel=\"noopener noreferrer\">Regime Especial de Avalia\u00e7\u00e3o<\/a>\u00a0fica condicionado ao fato de que ele tenha sofrido uma\u00a0\u00fanica reprova\u00e7\u00e3o por NOTA na disciplina em quest\u00e3o e que o regime especial seja requerido no semestre imediatamente subsequente \u00e0 reprova\u00e7\u00e3o por nota.<\/p>\n<p>\u00a0<\/p>\n<h5 style=\"font-size: 1rem;width: 1142px\"><span style=\"font-weight: bolder\">Ajuste de matr\u00edcula e pr\u00e9-requisitos<\/span><\/h5>\n<p>\u00a0<\/p>\n<p><span style=\"font-weight: bolder\">Fique atento ao processamento de sua matr\u00edcula!<\/span>\u00a0Suas solicita\u00e7\u00f5es podem ser recusadas por in\u00fameros motivos: Falta de vagas, inconsist\u00eancia de hor\u00e1rios,\u00a0extrapolamento da carga hor\u00e1ria m\u00e1xima semestral\u00a0(540 horas), etc. Caso ocorra algum problema durante a solicita\u00e7\u00e3o\/processamento da matr\u00edcula, os alunos devem realizar o\u00a0<span style=\"font-weight: bolder\">AJUSTE WEB<\/span>, conforme prazos do Calend\u00e1rio Acad\u00eamico.\u00a0<\/p>\n<p>\u00a0<\/p>\n<h5 style=\"font-size: 1rem;width: 1142px\"><span style=\"font-weight: bolder\">Matr\u00edcula em disciplinas extracurriculares<\/span><\/h5>\n<p>\u00a0<\/p>\n<p>Caso seja de interesse do aluno cursar\u00a0<span style=\"font-weight: bolder\">disciplinas de outros cursos de gradua\u00e7\u00e3o<\/span>\u00a0que n\u00e3o sejam do curso ao qual est\u00e1 vinculado,\u00a0<span style=\"font-weight: bolder\">essa solicita\u00e7\u00e3o deve ser feita de duas formas diferentes, dependendo de como o Curso aonde o aluno deseja cursar disciplina determinou o funcionamento da solicita\u00e7\u00e3o de disciplinas extracurriculares no seu curso.<\/span><\/p>\n<p>\u00a0<\/p>\n<p><span style=\"font-weight: bolder\">1 \u00aa situa\u00e7\u00e3o:<\/span> Para os outros cursos da UFSM que optaram por liberar que as suas disciplinas possam ser solicitadas atrav\u00e9s do portal do aluno, basta o aluno acessar o portal do aluno entre os dias <strong>09\/03\/2026 e 12\/03\/2026<\/strong>\u00a0e solicitar as disciplinas desejadas. Deve-se ir na op\u00e7\u00e3o \u201coutros cursos\u201d e selecionar o curso desejado e na sequ\u00eancia a(s) disciplina(s) que quer solicitar.\u00a0<\/p>\n<p>\u00a0<\/p>\n<p><span style=\"font-weight: bolder\">2\u00ba situa\u00e7\u00e3o:\u00a0<\/span>Para os outros cursos da UFSM que n\u00e3o est\u00e3o permitindo que alunos de outros cursos solicitem disciplinas atrav\u00e9s do portal do aluno o prazo de solicita\u00e7\u00e3o \u00e9 o que consta no calend\u00e1rio acad\u00eamico (09\/03\/2026 e 12\/03\/2026) e deve-se solicitar da seguinte forma:<\/p>\n<p>\u00a0<\/p>\n<p>O aluno dever\u00e1 verificar quais disciplinas gostaria de fazer no semestre, agrupar todas as disciplinas de um mesmo curso em um pedido e\u00a0enviar um e-mail a sua coordena\u00e7\u00e3o de curso, com o seu NOME COMPLETO, N\u00daMERO DE MATR\u00cdCULA, CURSO DE INTERESSE E\u00a0TODOS OS NOMES E C\u00d3DIGOS DAS DISCIPLINAS QUE PRETENDE CURSAR.\u00a0A\u00a0sua coordena\u00e7\u00e3o de curso avaliar\u00e1 o pedido e, se\u00a0aprov\u00e1-lo, encaminhar\u00e1 \u00e0 coordena\u00e7\u00e3o que est\u00e1 ofertando as disciplinas, para an\u00e1lise e efetiva\u00e7\u00e3o da matr\u00edcula, se for aceita.<\/p>\n<p>\u00a0<\/p>\n<p>Tendo em vista que os e-mails s\u00e3o encaminhados entre as coordena\u00e7\u00f5es, o aluno que pretender matr\u00edcula em cursos diferentes dever\u00e1\u00a0mandar mais de um e-mail a sua coordena\u00e7\u00e3o, sempre agrupando as disciplinas de interesse por curso em um \u00fanico e-mail, para permitir o\u00a0encaminhamento correto dos e-mails \u00e0s coordena\u00e7\u00f5es competentes.<\/p>\n<p>\u00a0<\/p>\n<p><a href=\"https:\/\/www.ufsm.br\/pro-reitorias\/prograd\/configuracoes-cursos-oferta\/\">Neste link<\/a>\u00a0est\u00e1 a relacionado a op\u00e7\u00e3o que os Cursos fizeram relativo a possibilidade de alunos de outros Cursos solicitarem disciplinas de forma extracurricular atrav\u00e9s do portal do aluno<\/p>\n<p>\u00a0<\/p>\n<p>Esse tipo de matr\u00edcula pode ser utilizada para cursar disciplinas que comp\u00f5em o curr\u00edculo do curso de Qu\u00edmica Industrial e n\u00e3o s\u00e3o ofertadas em hor\u00e1rio compat\u00edvel pelo curso ou para cursar DCGs. Ao final do semestre, ap\u00f3s aprova\u00e7\u00e3o, o aluno deve solicitar a Dispensa de Disciplina para que seja realizada a equival\u00eancia.<\/p>\n<h5 style=\"font-size: 1rem;width: 1142px\"><span style=\"font-weight: bolder\">Solicita\u00e7\u00e3o de Quebra de Pr\u00e9-requisito<\/span><\/h5>\n<div>O aluno pode solicitar ao colegiado do curso a quebra de pr\u00e9-requisito. Para isso, deve encaminhar o formul\u00e1rio com a solicita\u00e7\u00e3o de quebra via pen-sie. <a href=\"https:\/\/www.ufsm.br\/app\/uploads\/sites\/454\/2022\/09\/Quebra-de-Pre-Requisito.doc\">Clique aqui<\/a> para fazer o download do formul\u00e1rio de solicita\u00e7\u00e3o.<\/div>\n<\/div>\n<\/div>\n<\/div>\n<\/div>\n<\/div>\n<\/section>\n<\/div>\n<\/div>\n<p><!-- \/wp:tadv\/classic-paragraph --><\/p>\t\t\t\t\t\t<\/div>\n\t\t\t\t<\/div>\n\t\t\t\t\t<\/div>\n\t\t<\/div>\n\t\t\t\t\t<\/div>\n\t\t<\/section>\n\t\t\t\t<\/div>\n\t\t","protected":false},"excerpt":{"rendered":"<p>Entre os dias 09 a\u00a012 de fevereiro estar\u00e1 aberto o per\u00edodo para realiza\u00e7\u00e3o de solicita\u00e7\u00e3o de matr\u00edculas via\u00a0Portal do Aluno.\u00a0Todos os alunos devem solicitar matr\u00edcula eletronicamente. \u00a0 Os hor\u00e1rios das disciplinas se encontram\u00a0aqui.\u00a0\u00a0 \u00a0 Prazos para solicita\u00e7\u00e3o de matr\u00edcula \u00a0 Fique atento aos prazos de solicita\u00e7\u00e3o! A n\u00e3o solicita\u00e7\u00e3o de matr\u00edcula configura abandono e consequente [&hellip;]<\/p>\n","protected":false},"author":534,"featured_media":0,"parent":0,"menu_order":0,"comment_status":"closed","ping_status":"closed","template":"","meta":{"footnotes":""},"categories":[],"tags":[],"class_list":["post-596","page","type-page","status-publish","hentry"],"acf":[],"_links":{"self":[{"href":"https:\/\/www.ufsm.br\/cursos\/graduacao\/santa-maria\/quimica\/wp-json\/wp\/v2\/pages\/596","targetHints":{"allow":["GET"]}}],"collection":[{"href":"https:\/\/www.ufsm.br\/cursos\/graduacao\/santa-maria\/quimica\/wp-json\/wp\/v2\/pages"}],"about":[{"href":"https:\/\/www.ufsm.br\/cursos\/graduacao\/santa-maria\/quimica\/wp-json\/wp\/v2\/types\/page"}],"author":[{"embeddable":true,"href":"https:\/\/www.ufsm.br\/cursos\/graduacao\/santa-maria\/quimica\/wp-json\/wp\/v2\/users\/534"}],"replies":[{"embeddable":true,"href":"https:\/\/www.ufsm.br\/cursos\/graduacao\/santa-maria\/quimica\/wp-json\/wp\/v2\/comments?post=596"}],"version-history":[{"count":0,"href":"https:\/\/www.ufsm.br\/cursos\/graduacao\/santa-maria\/quimica\/wp-json\/wp\/v2\/pages\/596\/revisions"}],"wp:attachment":[{"href":"https:\/\/www.ufsm.br\/cursos\/graduacao\/santa-maria\/quimica\/wp-json\/wp\/v2\/media?parent=596"}],"wp:term":[{"taxonomy":"category","embeddable":true,"href":"https:\/\/www.ufsm.br\/cursos\/graduacao\/santa-maria\/quimica\/wp-json\/wp\/v2\/categories?post=596"},{"taxonomy":"post_tag","embeddable":true,"href":"https:\/\/www.ufsm.br\/cursos\/graduacao\/santa-maria\/quimica\/wp-json\/wp\/v2\/tags?post=596"}],"curies":[{"name":"wp","href":"https:\/\/api.w.org\/{rel}","templated":true}]}}