{"id":713,"date":"2020-09-11T19:20:20","date_gmt":"2020-09-11T22:20:20","guid":{"rendered":"https:\/\/www.ufsm.br\/cursos\/graduacao\/santa-maria\/quimica\/?page_id=713"},"modified":"2025-11-14T14:07:52","modified_gmt":"2025-11-14T17:07:52","slug":"acgs","status":"publish","type":"page","link":"https:\/\/www.ufsm.br\/cursos\/graduacao\/santa-maria\/quimica\/bacharelado\/acgs","title":{"rendered":"ACGs"},"content":{"rendered":"\n<p style=\"text-align: justify\">Ao longo do curso de Qu\u00edmica Bacharelado, o acad\u00eamico deve realizar uma s\u00e9rie de Atividades Complementares de Gradua\u00e7\u00e3o (ACGs), obtendo um m\u00ednimo de carga hor\u00e1ria para integraliza\u00e7\u00e3o deste componente curricular.<\/p>\n<p style=\"text-align: justify\"><strong>A solicita\u00e7\u00e3o do c\u00f4mputo de ACGs \u00e9 responsabilidade do acad\u00eamico<\/strong>, e deve ser feita atrav\u00e9s do <a href=\"https:\/\/portal.ufsm.br\/aluno\/\">Portal do Aluno<\/a>, na aba &#8220;altera\u00e7\u00e3o curricular&#8221;, op\u00e7\u00e3o &#8220;requerimento de dispensa&#8221; (tutorial dispon\u00edvel <strong><a href=\"https:\/\/www.ufsm.br\/app\/uploads\/sites\/455\/2020\/09\/Tutorial-ACG.pdf\" target=\"_blank\" rel=\"noopener noreferrer\">aqui<\/a><\/strong>). Para isso, <strong>\u00e9 importante antes observar as regras de convers\u00e3o das horas dos certificados, conforme normativa abaixo<\/strong>.<\/p>\n<p>\u00a0<\/p>\n<p><strong>REGULAMENTO DAS ATIVIDADES COMPLEMENTARES DE GRADUA\u00c7\u00c3O<\/strong><\/p>\n<p><strong>1)<\/strong> O Curso de Qu\u00edmica Bacharelado ter\u00e1 no m\u00ednimo <strong>150 horas<\/strong>\u00a0como atividades complementares;<\/p>\n<p><strong>2)<\/strong>\u00a0Os alunos poder\u00e3o realizar atividades complementares desde o primeiro semestre do Curso;<\/p>\n<p><strong>3)<\/strong> As atividades complementares aceitas pelo Curso de Qu\u00edmica Bacharelado est\u00e3o descritas na resolu\u00e7\u00e3o n\u00ba 025\/2017, Art. 18;<\/p>\n<p><strong>4)<\/strong> O aluno pode escolher quaisquer atividades complementares prevista na Resolu\u00e7\u00e3o n\u00ba 025\/2017, Art. 18;\u00a0<\/p>\n<p><strong>5)\u00a0<\/strong>O aproveitamento da carga hor\u00e1ria seguir\u00e1 os seguintes crit\u00e9rios:<\/p>\n<h6><strong><span style=\"font-size: inherit;color: #005c99\">Participa\u00e7\u00e3o em eventos<\/span><\/strong><\/h6>\n<p>Semana Acad\u00eamica do curso: 10 horas<br \/>Evento de abrang\u00eancia local: 5 horas<br \/>Evento de abrang\u00eancia estadual: 10 horas<br \/>Evento de abrang\u00eancia nacional: 15 horas<br \/>Evento de abrang\u00eancia internacional: 20 horas<\/p>\n<h6><strong><span style=\"color: #005c99\">Atua\u00e7\u00e3o em n\u00facleos tem\u00e1ticos<\/span><\/strong><\/h6>\n<p>10 horas<\/p>\n<h6><strong><span style=\"color: #005c99\">Atividades de extens\u00e3o<\/span><\/strong><\/h6>\n<p>25 horas por semestre letivo (m\u00e1ximo de 75 horas)<\/p>\n<h6><strong><span style=\"color: #005c99\">Est\u00e1gios extracurriculares<\/span><\/strong><\/h6>\n<p>1 hora para cada 6 horas trabalhadas (m\u00e1ximo de 60 horas)<\/p>\n<h6><strong><span style=\"color: #005c99\">Inicia\u00e7\u00e3o cient\u00edfica e pesquisa<\/span><\/strong><\/h6>\n<p>25 horas por semestre letivo (m\u00e1ximo de 75 horas)<\/p>\n<h6><strong><span style=\"color: #005c99\">Publica\u00e7\u00e3o de trabalhos (ou apresenta\u00e7\u00e3o)<\/span><\/strong><\/h6>\n<p>Semana Acad\u00eamica do curso: 10 horas<br \/>JAI UFSM: 10 horas<br \/>Evento de abrang\u00eancia local: 5 horas<br \/>Evento de abrang\u00eancia estadual: 10 horas<br \/>Evento de abrang\u00eancia nacional: 15 horas<br \/>Evento de abrang\u00eancia internacional: 20 horas<\/p>\n<p>*O m\u00e1ximo de horas nessa modalidade \u00e9 de 80 horas.<\/p>\n<h6><strong><span style=\"color: #005c99\">Participa\u00e7\u00e3o em \u00f3rg\u00e3os colegiados<\/span><\/strong><\/h6>\n<p>3 horas por semestre letivo de participa\u00e7\u00e3o<\/p>\n<h6><strong><span style=\"color: #005c99\">Monitoria (ou monitoria volunt\u00e1ria)<\/span><\/strong><\/h6>\n<p>25 horas por semestre letivo (m\u00e1ximo de 75 horas)<\/p>\n<h6><strong><span style=\"color: #005c99\">Participa\u00e7\u00e3o em Movimento Estudantil\u00a0<\/span><\/strong><\/h6>\n<p>3 horas por semestre letivo de participa\u00e7\u00e3o (DAQIB, DCE, etc)<\/p>\n<h6><strong><span style=\"color: #005c99\">Outras atividades<\/span><\/strong><\/h6>\n<p>Participa\u00e7\u00e3o em viagens de estudo: 1 hora para cada 8 horas de participa\u00e7\u00e3o (m\u00e1ximo de 10 horas)<br \/>Organiza\u00e7\u00e3o de eventos: 10 horas por evento<br \/>Curso de l\u00edngua estrangeira: 1 hora para cada 5 horas de curso (m\u00e1ximo de 20 horas)<br \/>Curso de aperfei\u00e7oamento na \u00e1rea de forma\u00e7\u00e3o: carga hor\u00e1ria do certificado (m\u00e1ximo de 20 horas)<br \/>Participa\u00e7\u00e3o como ouvinte em defesas de relat\u00f3rio de est\u00e1gio: 1 hora por defesa (m\u00e1ximo de 10 horas)<\/p>\n<p><strong>6)<\/strong> Ficam estabelecidas as seguintes exig\u00eancias para o aproveitamento das atividades:\u00a0<\/p>\n<table style=\"width: 100%;height: 503px\" border=\"1\">\n<tbody>\n<tr style=\"height: 32px\">\n<td style=\"height: 32px;width: 361px\" colspan=\"2\"><strong>ATIVIDADE COMPLEMENTAR<\/strong><\/td>\n<td style=\"height: 32px;width: 539px\" colspan=\"2\"><strong>DOCUMENTA\u00c7\u00c3O COMPROBAT\u00d3RIA A SER ANEXADA AO PEDIDO<\/strong><\/td>\n<\/tr>\n<tr style=\"height: 32px\">\n<td style=\"height: 32px;width: 361px\" colspan=\"2\">Participa\u00e7\u00e3o em eventos<\/td>\n<td style=\"height: 32px;width: 539px\" colspan=\"2\">Certificado de participa\u00e7\u00e3o<\/td>\n<\/tr>\n<tr style=\"height: 32px\">\n<td style=\"height: 31px;width: 361px\" colspan=\"2\">Atua\u00e7\u00e3o em n\u00facleos tem\u00e1ticos<\/td>\n<td style=\"height: 31px;width: 539px\" colspan=\"2\">Certificado de participa\u00e7\u00e3o<\/td>\n<\/tr>\n<tr style=\"height: 32px\">\n<td style=\"height: 32px;width: 361px\" colspan=\"2\">Atividades de extens\u00e3o<\/td>\n<td style=\"height: 32px;width: 539px\" colspan=\"2\">Certificado de participa\u00e7\u00e3o<\/td>\n<\/tr>\n<tr style=\"height: 32px\">\n<td style=\"height: 32px;width: 361px\" colspan=\"2\">Est\u00e1gio extracurricular<\/td>\n<td style=\"height: 32px;width: 539px\" colspan=\"2\">Atestado de participa\u00e7\u00e3o e apresenta\u00e7\u00e3o de relat\u00f3rio<\/td>\n<\/tr>\n<tr style=\"height: 32px\">\n<td style=\"height: 32px;width: 361px\" colspan=\"2\">Inicia\u00e7\u00e3o cient\u00edfica e de pesquisa<\/td>\n<td style=\"height: 32px;width: 539px\" colspan=\"2\">Certificado de bolsista (Portal do Aluno) ou nome do projeto e registro no GAP, com declara\u00e7\u00e3o do professor orientador constando per\u00edodo de atividades<\/td>\n<\/tr>\n<tr style=\"height: 32px\">\n<td style=\"height: 32px;width: 361px\" colspan=\"2\">Apresenta\u00e7\u00e3o ou publica\u00e7\u00e3o de trabalhos<\/td>\n<td style=\"height: 32px;width: 539px\" colspan=\"2\">Certificado ou c\u00f3pia da publica\u00e7\u00e3o, contendo pelo menos nome da revista, volume, ano e p\u00e1gina inicial da publica\u00e7\u00e3o<\/td>\n<\/tr>\n<tr style=\"height: 32px\">\n<td style=\"height: 32px;width: 361px\" colspan=\"2\">Participa\u00e7\u00e3o em \u00f3rg\u00e3os colegiados<\/td>\n<td style=\"height: 32px;width: 539px\" colspan=\"2\">Atas de reuni\u00e3o das quais participou<\/td>\n<\/tr>\n<tr style=\"height: 32px\">\n<td style=\"height: 32px\" colspan=\"2\">Monitoria<\/td>\n<td style=\"height: 32px\" colspan=\"2\">Relat\u00f3rio de atividades do aluno ou certificado<\/td>\n<\/tr>\n<tr style=\"height: 24px\">\n<td style=\"width: 361px;height: 24px\" colspan=\"2\">Participa\u00e7\u00e3o em Movimento Estudantil<\/td>\n<td style=\"width: 539px;height: 24px\" colspan=\"2\">Atestado de participa\u00e7\u00e3o<\/td>\n<\/tr>\n<tr style=\"height: 32px\">\n<td style=\"height: 32px;width: 361px\" colspan=\"2\">Participa\u00e7\u00e3o em viagens de estudos<\/td>\n<td style=\"height: 32px;width: 539px\" colspan=\"2\">Declara\u00e7\u00e3o do professor respons\u00e1vel contendo freq\u00fc\u00eancia do aluno<\/td>\n<\/tr>\n<tr style=\"height: 32px\">\n<td style=\"height: 32px;width: 361px\" colspan=\"2\">Organiza\u00e7\u00e3o de eventos<\/td>\n<td style=\"height: 32px;width: 539px\" colspan=\"2\">Atestado de participa\u00e7\u00e3o<\/td>\n<\/tr>\n<tr style=\"height: 32px\">\n<td style=\"height: 32px;width: 361px\" colspan=\"2\">Cursos de l\u00edngua estrangeira<\/td>\n<td style=\"height: 32px;width: 539px\" colspan=\"2\">Certificado com carga hor\u00e1ria<\/td>\n<\/tr>\n<tr style=\"height: 32px\">\n<td style=\"height: 32px;width: 361px\" colspan=\"2\">Cursos de aperfei\u00e7oamento na \u00e1rea de forma\u00e7\u00e3o<\/td>\n<td style=\"height: 32px;width: 539px\" colspan=\"2\">Certificado com carga hor\u00e1ria<\/td>\n<\/tr>\n<tr style=\"height: 32px\">\n<td style=\"height: 32px;width: 361px\" colspan=\"2\">Participa\u00e7\u00e3o como ouvinte em defesas de relat\u00f3rio de est\u00e1gio<\/td>\n<td style=\"height: 32px;width: 539px\" colspan=\"2\">Ata de defesa assinada pelo participante<\/td>\n<\/tr>\n<\/tbody>\n<\/table>\n<p>\u00a0<\/p>\n<p><strong>7)\u00a0<\/strong>As Atividades Complementares de Gradua\u00e7\u00e3o <strong>devem ter rela\u00e7\u00e3o com a \u00e1rea de forma\u00e7\u00e3o do acad\u00eamico<\/strong>. No entanto, ser\u00e1 contabilizado um \u00fanico certificado\/comprovante por aluno que poder\u00e1 ter tem\u00e1tica livre (exceto na modalidade \u201cCurso de Aperfei\u00e7oamento\u201d);<\/p>\n<p><strong>8)\u00a0<\/strong>Os alunos devem fornecer uma c\u00f3pia de cada documento apresentado para fins de arquivamento;<\/p>\n<p><strong>9)\u00a0<\/strong>O controle das atividades \u00e9 de responsabilidade do Colegiado do Curso, que se reunir\u00e1 uma vez por semestre para avaliar os documentos apresentados pelo aluno;<\/p>\n<p><strong>10)<\/strong>\u00a0Os casos omissos ser\u00e3o resolvidos pelo Colegiado do Curso.<\/p>\n","protected":false},"excerpt":{"rendered":"<p>Ao longo do curso de Qu\u00edmica Bacharelado, o acad\u00eamico deve realizar uma s\u00e9rie de Atividades Complementares de Gradua\u00e7\u00e3o (ACGs), obtendo um m\u00ednimo de carga hor\u00e1ria para integraliza\u00e7\u00e3o deste componente curricular. A solicita\u00e7\u00e3o do c\u00f4mputo de ACGs \u00e9 responsabilidade do acad\u00eamico, e deve ser feita atrav\u00e9s do Portal do Aluno, na aba &#8220;altera\u00e7\u00e3o curricular&#8221;, op\u00e7\u00e3o &#8220;requerimento [&hellip;]<\/p>\n","protected":false},"author":534,"featured_media":0,"parent":339,"menu_order":0,"comment_status":"closed","ping_status":"closed","template":"","meta":{"footnotes":""},"categories":[],"tags":[],"class_list":["post-713","page","type-page","status-publish","hentry"],"acf":[],"_links":{"self":[{"href":"https:\/\/www.ufsm.br\/cursos\/graduacao\/santa-maria\/quimica\/wp-json\/wp\/v2\/pages\/713","targetHints":{"allow":["GET"]}}],"collection":[{"href":"https:\/\/www.ufsm.br\/cursos\/graduacao\/santa-maria\/quimica\/wp-json\/wp\/v2\/pages"}],"about":[{"href":"https:\/\/www.ufsm.br\/cursos\/graduacao\/santa-maria\/quimica\/wp-json\/wp\/v2\/types\/page"}],"author":[{"embeddable":true,"href":"https:\/\/www.ufsm.br\/cursos\/graduacao\/santa-maria\/quimica\/wp-json\/wp\/v2\/users\/534"}],"replies":[{"embeddable":true,"href":"https:\/\/www.ufsm.br\/cursos\/graduacao\/santa-maria\/quimica\/wp-json\/wp\/v2\/comments?post=713"}],"version-history":[{"count":0,"href":"https:\/\/www.ufsm.br\/cursos\/graduacao\/santa-maria\/quimica\/wp-json\/wp\/v2\/pages\/713\/revisions"}],"up":[{"embeddable":true,"href":"https:\/\/www.ufsm.br\/cursos\/graduacao\/santa-maria\/quimica\/wp-json\/wp\/v2\/pages\/339"}],"wp:attachment":[{"href":"https:\/\/www.ufsm.br\/cursos\/graduacao\/santa-maria\/quimica\/wp-json\/wp\/v2\/media?parent=713"}],"wp:term":[{"taxonomy":"category","embeddable":true,"href":"https:\/\/www.ufsm.br\/cursos\/graduacao\/santa-maria\/quimica\/wp-json\/wp\/v2\/categories?post=713"},{"taxonomy":"post_tag","embeddable":true,"href":"https:\/\/www.ufsm.br\/cursos\/graduacao\/santa-maria\/quimica\/wp-json\/wp\/v2\/tags?post=713"}],"curies":[{"name":"wp","href":"https:\/\/api.w.org\/{rel}","templated":true}]}}