{"id":1135,"date":"2022-06-03T14:29:15","date_gmt":"2022-06-03T17:29:15","guid":{"rendered":"https:\/\/www.ufsm.br\/cursos\/graduacao\/santa-maria\/relacoes-internacionais\/?page_id=1135"},"modified":"2024-08-19T12:57:21","modified_gmt":"2024-08-19T15:57:21","slug":"prova-atrasada-justificativa-de-faltas","status":"publish","type":"page","link":"https:\/\/www.ufsm.br\/cursos\/graduacao\/santa-maria\/relacoes-internacionais\/prova-atrasada-justificativa-de-faltas","title":{"rendered":"Processo de Recupera\u00e7\u00e3o de Avalia\u00e7\u00e3o (solicita\u00e7\u00e3o de prova atrasada)"},"content":{"rendered":"\n<p>Quando o aluno n\u00e3o puder comparecer em alguma avalia\u00e7\u00e3o, ele deve realizar a abertura de \u201cProcesso de Recupera\u00e7\u00e3o de Avalia\u00e7\u00e3o\u201d no Portal de Documentos da UFSM.<\/p>\n\n\n\n<p>Link do Portal:&nbsp;<a href=\"https:\/\/portal.ufsm.br\/documentos\">https:\/\/portal.ufsm.br\/documentos<\/a><\/p>\n\n\n\n<p>Link Tutorial para abertura de processo:&nbsp;<a href=\"https:\/\/www.ufsm.br\/orgaos-suplementares\/dag\/pen\/apoio-ao-usuario\/passo-a-passo-para-abertura-assinatura-e-tramite\/\">Passo a passo para: Abertura, Assinatura e Tramite<\/a><\/p>\n\n\n\n<p>Para o Processo online, a classifica\u00e7\u00e3o \u00e9 \u201c<em>125.31 &#8211; Processo de recupera\u00e7\u00e3o de avalia\u00e7\u00e3o de aluno de gradua\u00e7\u00e3o&#8221;<\/em><\/p>\n\n\n\n<p>Preencha o&nbsp;<a href=\"https:\/\/www.ufsm.br\/app\/uploads\/sites\/474\/2022\/11\/Requerimentos-de-prova-atrasada-atualizacao-SIG-III.doc\">Requerimento de prova atrasada<\/a>&nbsp;e adicione no processo, juntamente com o&nbsp;Atestado.<\/p>\n\n\n\n<p>Este \u00e9 um documento em word, que depois de preenchido e assinado, deve ser salvo em pdf para poder incluir no processo.<\/p>\n\n\n\n<p><strong>** Em caso de recupera\u00e7\u00e3o de avalia\u00e7\u00e3o em mais de uma disciplina, o aluno dever\u00e1 abrir processos individuais, um para cada disciplina.<\/strong><\/p>\n\n\n\n<p>Ap\u00f3s inserir os documentos mencionados no processo eletr\u00f4nico, clicar em &#8220;Tramitar&#8221; para que o mesmo tenha andamento.<\/p>\n\n\n\n<p>Feito isso, comunicar o(a) docente da disciplina para que j\u00e1 fique ciente da solicita\u00e7\u00e3o.<\/p>\n\n\n\n<p>S\u00e3o considerados motivos devidamente justificados:<\/p>\n\n\n\n<ol class=\"wp-block-list\">\n<li>Doen\u00e7a que impossibilite o aluno de realizar avalia\u00e7\u00e3o, devidamente comprovada por <strong><mark>Atestado M\u00e9dico com CID<\/mark><\/strong>, assinatura, CRM e data<\/li>\n\n\n\n<li>Acompanhamento de familiar de primeiro grau (pais ou filhos) para tratamento de sa\u00fade, devidamente comprovado por Atestado M\u00e9dico com CID, assinatura, CRM e data<\/li>\n\n\n\n<li>\u00d3bito de familiar de primeiro grau (pais ou filhos)\u00a0<\/li>\n\n\n\n<li>Participa\u00e7\u00e3o em eventos acad\u00eamicos com apresenta\u00e7\u00e3o de trabalho, desde que avisado com anteced\u00eancia m\u00ednima de 48h na Secretaria Integrada de Departamentos ao qual a disciplina do professor est\u00e1 vinculada e comprovado por atestado ou certificado de participa\u00e7\u00e3o<\/li>\n<\/ol>\n\n\n\n<div data-wp-interactive=\"core\/file\" class=\"wp-block-file\"><object data-wp-bind--hidden=\"!state.hasPdfPreview\" hidden class=\"wp-block-file__embed\" data=\"https:\/\/www.ufsm.br\/app\/uploads\/sites\/474\/2022\/12\/TUTORIAL-DE-APOIO-PROCESSO-DE-RECUPERACAO-DE-AVALIACAO-DE-ALUNO-DE-GRADUACAO-1.pdf\" type=\"application\/pdf\" style=\"width:100%;height:600px\" aria-label=\"Incorporado de TUTORIAL-DE-APOIO-PROCESSO-DE-RECUPERACAO-DE-AVALIACAO-DE-ALUNO-DE-GRADUACAO.\"><\/object><a id=\"wp-block-file--media-b83bf90a-68bb-4fd9-88be-82b30f14f02a\" href=\"https:\/\/www.ufsm.br\/app\/uploads\/sites\/474\/2022\/12\/TUTORIAL-DE-APOIO-PROCESSO-DE-RECUPERACAO-DE-AVALIACAO-DE-ALUNO-DE-GRADUACAO-1.pdf\">TUTORIAL-DE-APOIO-PROCESSO-DE-RECUPERACAO-DE-AVALIACAO-DE-ALUNO-DE-GRADUACAO<\/a><a href=\"https:\/\/www.ufsm.br\/app\/uploads\/sites\/474\/2022\/12\/TUTORIAL-DE-APOIO-PROCESSO-DE-RECUPERACAO-DE-AVALIACAO-DE-ALUNO-DE-GRADUACAO-1.pdf\" class=\"wp-block-file__button wp-element-button\" download aria-describedby=\"wp-block-file--media-b83bf90a-68bb-4fd9-88be-82b30f14f02a\">Baixar<\/a><\/div>\n","protected":false},"excerpt":{"rendered":"<p>Quando o aluno n\u00e3o puder comparecer em alguma avalia\u00e7\u00e3o, ele deve realizar a abertura de \u201cProcesso de Recupera\u00e7\u00e3o de Avalia\u00e7\u00e3o\u201d no Portal de Documentos da UFSM. Link do Portal:&nbsp;https:\/\/portal.ufsm.br\/documentos Link Tutorial para abertura de processo:&nbsp;Passo a passo para: Abertura, Assinatura e Tramite Para o Processo online, a classifica\u00e7\u00e3o \u00e9 \u201c125.31 &#8211; Processo de recupera\u00e7\u00e3o de [&hellip;]<\/p>\n","protected":false},"author":555,"featured_media":0,"parent":0,"menu_order":0,"comment_status":"closed","ping_status":"closed","template":"","meta":{"footnotes":""},"categories":[],"tags":[],"class_list":["post-1135","page","type-page","status-publish","hentry"],"acf":[],"_links":{"self":[{"href":"https:\/\/www.ufsm.br\/cursos\/graduacao\/santa-maria\/relacoes-internacionais\/wp-json\/wp\/v2\/pages\/1135","targetHints":{"allow":["GET"]}}],"collection":[{"href":"https:\/\/www.ufsm.br\/cursos\/graduacao\/santa-maria\/relacoes-internacionais\/wp-json\/wp\/v2\/pages"}],"about":[{"href":"https:\/\/www.ufsm.br\/cursos\/graduacao\/santa-maria\/relacoes-internacionais\/wp-json\/wp\/v2\/types\/page"}],"author":[{"embeddable":true,"href":"https:\/\/www.ufsm.br\/cursos\/graduacao\/santa-maria\/relacoes-internacionais\/wp-json\/wp\/v2\/users\/555"}],"replies":[{"embeddable":true,"href":"https:\/\/www.ufsm.br\/cursos\/graduacao\/santa-maria\/relacoes-internacionais\/wp-json\/wp\/v2\/comments?post=1135"}],"version-history":[{"count":0,"href":"https:\/\/www.ufsm.br\/cursos\/graduacao\/santa-maria\/relacoes-internacionais\/wp-json\/wp\/v2\/pages\/1135\/revisions"}],"wp:attachment":[{"href":"https:\/\/www.ufsm.br\/cursos\/graduacao\/santa-maria\/relacoes-internacionais\/wp-json\/wp\/v2\/media?parent=1135"}],"wp:term":[{"taxonomy":"category","embeddable":true,"href":"https:\/\/www.ufsm.br\/cursos\/graduacao\/santa-maria\/relacoes-internacionais\/wp-json\/wp\/v2\/categories?post=1135"},{"taxonomy":"post_tag","embeddable":true,"href":"https:\/\/www.ufsm.br\/cursos\/graduacao\/santa-maria\/relacoes-internacionais\/wp-json\/wp\/v2\/tags?post=1135"}],"curies":[{"name":"wp","href":"https:\/\/api.w.org\/{rel}","templated":true}]}}