{"id":1143,"date":"2022-06-06T15:25:42","date_gmt":"2022-06-06T18:25:42","guid":{"rendered":"https:\/\/www.ufsm.br\/cursos\/graduacao\/santa-maria\/relacoes-internacionais\/?page_id=1143"},"modified":"2025-09-15T11:36:07","modified_gmt":"2025-09-15T14:36:07","slug":"abertura-de-processos-de-regime-de-exercicio-domiciliar-de-alunos-de-graduacao-via-pen","status":"publish","type":"page","link":"https:\/\/www.ufsm.br\/cursos\/graduacao\/santa-maria\/relacoes-internacionais\/abertura-de-processos-de-regime-de-exercicio-domiciliar-de-alunos-de-graduacao-via-pen","title":{"rendered":"Abertura de processos de Regime de Exerc\u00edcio Domiciliar de alunos de gradua\u00e7\u00e3o via PEN"},"content":{"rendered":"\n<p>Prezados (as) alunos (as) e comunidade acad\u00eamica,<\/p>\n\n\n\n<p>informamos que o Departamento de Arquivo Geral \u2013 DAG, finalizou os ajustes no fluxo da solicita\u00e7\u00e3o do Regime de Exerc\u00edcio Domiciliar, para acad\u00eamicos que necessitem solicitar afastamento para tratamento de sa\u00fade, para as situa\u00e7\u00f5es previstas no <a href=\"https:\/\/www.ufsm.br\/app\/uploads\/sites\/342\/2025\/02\/GUIA-ESTUDANTIL-UFSM-2025.pdf\">Guia Acad\u00eamico<\/a>, item 7.2.2, p\u00e1gina 62, que a partir deste momento, permitir\u00e1 que os processos possam ser abertos e tramitados via PEN \u2013 Processo Eletr\u00f4nico Nacional.<\/p>\n\n\n\n<p>Orienta\u00e7\u00f5es sobre a abertura de processos de Regime domiciliar de aluno de gradua\u00e7\u00e3o via PEN<\/p>\n\n\n\n<ol class=\"wp-block-list\">\n<li>Para abertura de PEN o aluno dever\u00e1 acessar o Portal Documentos (http:\/\/portal.ufsm.br\/documentos), realizar o login com n\u00famero de matr\u00edcula e senha do portal do aluno e, ap\u00f3s, selecionar a op\u00e7\u00e3o \u2018Novo\u2019;<\/li>\n\n\n\n<li>No campo \u201cTipo documental\u201d, realizar a busca textual e selecionar a op\u00e7\u00e3o \u2018Processos de regime domiciliar de aluno de gradua\u00e7\u00e3o (125.52)\u2019. Os outros dois campos desta tela ser\u00e3o preenchidos automaticamente;<\/li>\n\n\n\n<li>Na tela seguinte dever\u00e3o ser adicionados os documentos necess\u00e1rios para abertura, conforme necessidade, sendo o <a href=\"https:\/\/www.ufsm.br\/app\/uploads\/sites\/474\/2022\/10\/modelo_requerimento-exercicios-domiciliares1.doc\">Requerimento de regime de exerc\u00edcios domiciliares<\/a> e o Atestado m\u00e9dico itens obrigat\u00f3rios. O aluno pode assinar o requerimento eletronicamente, caso j\u00e1 tenha sua assinatura cadastrada no PEN-SIE. Para se cadastrar, basta seguir Passo a passo para assinatura do Termo de Concord\u00e2ncia Assinatura Eletr\u00f4nica Cadastrada no SIE, dispon\u00edvel na Se\u00e7\u00e3o \u2018Apoio ao usu\u00e1rio\u2019, na p\u00e1gina do PEN.<\/li>\n\n\n\n<li>Ap\u00f3s incluir a documenta\u00e7\u00e3o no PEN, o aluno dever\u00e1 tramitar o processo para a Coordena\u00e7\u00e3o do Curso, que proceder\u00e1 a an\u00e1lise da solicita\u00e7\u00e3o e demais provid\u00eancias. O fluxograma desse processo pode ser conferido no Portal de Processos da Proplan. <\/li>\n\n\n\n<li>Para acompanhar o processo, caso j\u00e1 tenha em m\u00e3os o NUP (N\u00famero \u00danico de Protocolo) do processo, basta acessar o Portal Documentos e digitar o respectivo NUP ou pesquisar pelos campos dispon\u00edveis na consulta, como nome do interessado, tipo documental, etc. O aluno pode acompanhar o processo fazendo login no Portal Documentos, ir na aba \u2018Meus Documentos\u2019, \u2018Interessado\u2019.<\/li>\n<\/ol>\n","protected":false},"excerpt":{"rendered":"<p>Prezados (as) alunos (as) e comunidade acad\u00eamica, informamos que o Departamento de Arquivo Geral \u2013 DAG, finalizou os ajustes no fluxo da solicita\u00e7\u00e3o do Regime de Exerc\u00edcio Domiciliar, para acad\u00eamicos que necessitem solicitar afastamento para tratamento de sa\u00fade, para as situa\u00e7\u00f5es previstas no Guia Acad\u00eamico, item 7.2.2, p\u00e1gina 62, que a partir deste momento, permitir\u00e1 [&hellip;]<\/p>\n","protected":false},"author":563,"featured_media":0,"parent":0,"menu_order":0,"comment_status":"closed","ping_status":"closed","template":"","meta":{"footnotes":""},"categories":[],"tags":[],"class_list":["post-1143","page","type-page","status-publish","hentry"],"acf":[],"_links":{"self":[{"href":"https:\/\/www.ufsm.br\/cursos\/graduacao\/santa-maria\/relacoes-internacionais\/wp-json\/wp\/v2\/pages\/1143","targetHints":{"allow":["GET"]}}],"collection":[{"href":"https:\/\/www.ufsm.br\/cursos\/graduacao\/santa-maria\/relacoes-internacionais\/wp-json\/wp\/v2\/pages"}],"about":[{"href":"https:\/\/www.ufsm.br\/cursos\/graduacao\/santa-maria\/relacoes-internacionais\/wp-json\/wp\/v2\/types\/page"}],"author":[{"embeddable":true,"href":"https:\/\/www.ufsm.br\/cursos\/graduacao\/santa-maria\/relacoes-internacionais\/wp-json\/wp\/v2\/users\/563"}],"replies":[{"embeddable":true,"href":"https:\/\/www.ufsm.br\/cursos\/graduacao\/santa-maria\/relacoes-internacionais\/wp-json\/wp\/v2\/comments?post=1143"}],"version-history":[{"count":0,"href":"https:\/\/www.ufsm.br\/cursos\/graduacao\/santa-maria\/relacoes-internacionais\/wp-json\/wp\/v2\/pages\/1143\/revisions"}],"wp:attachment":[{"href":"https:\/\/www.ufsm.br\/cursos\/graduacao\/santa-maria\/relacoes-internacionais\/wp-json\/wp\/v2\/media?parent=1143"}],"wp:term":[{"taxonomy":"category","embeddable":true,"href":"https:\/\/www.ufsm.br\/cursos\/graduacao\/santa-maria\/relacoes-internacionais\/wp-json\/wp\/v2\/categories?post=1143"},{"taxonomy":"post_tag","embeddable":true,"href":"https:\/\/www.ufsm.br\/cursos\/graduacao\/santa-maria\/relacoes-internacionais\/wp-json\/wp\/v2\/tags?post=1143"}],"curies":[{"name":"wp","href":"https:\/\/api.w.org\/{rel}","templated":true}]}}