{"id":166,"date":"2018-12-04T14:07:05","date_gmt":"2018-12-04T16:07:05","guid":{"rendered":"https:\/\/www.ufsm.br\/cursos\/graduacao\/santa-maria\/relacoes-internacionais\/?page_id=166"},"modified":"2023-08-14T10:04:51","modified_gmt":"2023-08-14T13:04:51","slug":"requerimentos","status":"publish","type":"page","link":"https:\/\/www.ufsm.br\/cursos\/graduacao\/santa-maria\/relacoes-internacionais\/requerimentos","title":{"rendered":"Requerimentos"},"content":{"rendered":"\n<div class=\"wp-block-file\"><a id=\"wp-block-file--media-8d670181-980c-488b-9ef1-a0b39c7c928b\" href=\"https:\/\/www.ufsm.br\/app\/uploads\/sites\/474\/2022\/10\/modelo_requerimento-exercicios-domiciliares-1-1.doc\">Solicita\u00e7\u00e3o &#8211; Exerc\u00edcios Domiciliares<\/a><a href=\"https:\/\/www.ufsm.br\/app\/uploads\/sites\/474\/2022\/10\/modelo_requerimento-exercicios-domiciliares-1-1.doc\" class=\"wp-block-file__button wp-element-button\" download aria-describedby=\"wp-block-file--media-8d670181-980c-488b-9ef1-a0b39c7c928b\">Baixar<\/a><\/div>\n\n\n\n<div class=\"wp-block-file\"><a id=\"wp-block-file--media-5749c17e-91ba-4588-9a8c-4348d05b1413\" href=\"https:\/\/www.ufsm.br\/app\/uploads\/sites\/474\/2022\/11\/Requerimentos-de-prova-atrasada-atualizacao-SIG-III.doc\" target=\"_blank\" rel=\"noreferrer noopener\">Requerimentos-de-prova-atrasada-SIG-III<\/a><a href=\"https:\/\/www.ufsm.br\/app\/uploads\/sites\/474\/2022\/11\/Requerimentos-de-prova-atrasada-atualizacao-SIG-III.doc\" class=\"wp-block-file__button wp-element-button\" download aria-describedby=\"wp-block-file--media-5749c17e-91ba-4588-9a8c-4348d05b1413\">Baixar<\/a><\/div>\n\n\n\n<div class=\"wp-block-file\"><a id=\"wp-block-file--media-f0885855-daf1-4284-8a38-408e95da24b6\" href=\"https:\/\/www.ufsm.br\/app\/uploads\/sites\/474\/2022\/10\/Formulario-Solicitacao-Quebra-de-pre-requisito-2.doc\">Solicita\u00e7\u00e3o &#8211; Quebra de Pr\u00e9-requisito<\/a><a href=\"https:\/\/www.ufsm.br\/app\/uploads\/sites\/474\/2022\/10\/Formulario-Solicitacao-Quebra-de-pre-requisito-2.doc\" class=\"wp-block-file__button wp-element-button\" download aria-describedby=\"wp-block-file--media-f0885855-daf1-4284-8a38-408e95da24b6\">Baixar<\/a><\/div>\n\n\n\n<div class=\"wp-block-file\"><a id=\"wp-block-file--media-3b4502ab-24ff-4dd0-9f25-c6bf87de93c7\" href=\"https:\/\/www.ufsm.br\/app\/uploads\/sites\/474\/2022\/10\/Modelo-de-atestado-de-CH-inferior-a-240h-para-BSE-1.pdf\" target=\"_blank\" rel=\"noreferrer noopener\">Modelo de atestado de CH inferior a 240h para BSE<\/a><a href=\"https:\/\/www.ufsm.br\/app\/uploads\/sites\/474\/2022\/10\/Modelo-de-atestado-de-CH-inferior-a-240h-para-BSE-1.pdf\" class=\"wp-block-file__button wp-element-button\" download aria-describedby=\"wp-block-file--media-3b4502ab-24ff-4dd0-9f25-c6bf87de93c7\">Baixar<\/a><\/div>\n\n\n\n<div class=\"wp-block-file\"><a id=\"wp-block-file--media-2cb1d4fd-75e7-4b7d-8e02-8fd59865b622\" href=\"https:\/\/www.ufsm.br\/app\/uploads\/sites\/474\/2023\/06\/Formulario-Solicitacao-Bolsa-Formacao.pdf\" target=\"_blank\" rel=\"noreferrer noopener\">Formulario-Solicitacao-Bolsa-Formacao<\/a><a href=\"https:\/\/www.ufsm.br\/app\/uploads\/sites\/474\/2023\/06\/Formulario-Solicitacao-Bolsa-Formacao.pdf\" class=\"wp-block-file__button wp-element-button\" download aria-describedby=\"wp-block-file--media-2cb1d4fd-75e7-4b7d-8e02-8fd59865b622\">Baixar<\/a><\/div>\n\n\n\n<div class=\"wp-block-file\"><a id=\"wp-block-file--media-a45a6023-4929-4d56-809e-b444d3e62a7e\" href=\"https:\/\/www.ufsm.br\/app\/uploads\/sites\/474\/2023\/07\/Requerimento-de-comprovacao-em-Lingua-estrangeira-2.pdf\" target=\"_blank\" rel=\"noreferrer noopener\">Requerimento-de-comprovacao-em-Lingua-estrangeira<\/a><a href=\"https:\/\/www.ufsm.br\/app\/uploads\/sites\/474\/2023\/07\/Requerimento-de-comprovacao-em-Lingua-estrangeira-2.pdf\" class=\"wp-block-file__button wp-element-button\" download aria-describedby=\"wp-block-file--media-a45a6023-4929-4d56-809e-b444d3e62a7e\">Baixar<\/a><\/div>\n\n\n\n<h3 class=\"wp-block-heading\">TCC <\/h3>\n\n\n\n<div style=\"height:12px\" aria-hidden=\"true\" class=\"wp-block-spacer\"><\/div>\n\n\n\n<div class=\"wp-block-file\"><a id=\"wp-block-file--media-8325e5c1-9409-4bbf-bf0b-d995fcc3f2e8\" href=\"https:\/\/www.ufsm.br\/app\/uploads\/sites\/474\/2022\/10\/Formulario-de-Escolha-de-Orientador-1.doc\" target=\"_blank\" rel=\"noreferrer noopener\">Formulario-de-Escolha-de-Orientador<\/a><a href=\"https:\/\/www.ufsm.br\/app\/uploads\/sites\/474\/2022\/10\/Formulario-de-Escolha-de-Orientador-1.doc\" class=\"wp-block-file__button wp-element-button\" download aria-describedby=\"wp-block-file--media-8325e5c1-9409-4bbf-bf0b-d995fcc3f2e8\">Baixar<\/a><\/div>\n\n\n\n<div class=\"wp-block-file\"><a id=\"wp-block-file--media-d6eff5f3-2dca-49f4-967d-dde446f2a42d\" href=\"https:\/\/www.ufsm.br\/app\/uploads\/sites\/474\/2023\/06\/Formulario-Solicitacao-de-Coorientacao-de-TCC-RI-2.pdf\" target=\"_blank\" rel=\"noreferrer noopener\">Formulario-Solicitacao-de-Coorientacao-de-TCC-RI-2<\/a><a href=\"https:\/\/www.ufsm.br\/app\/uploads\/sites\/474\/2023\/06\/Formulario-Solicitacao-de-Coorientacao-de-TCC-RI-2.pdf\" class=\"wp-block-file__button wp-element-button\" download aria-describedby=\"wp-block-file--media-d6eff5f3-2dca-49f4-967d-dde446f2a42d\">Baixar<\/a><\/div>\n\n\n\n<div class=\"wp-block-file\"><a id=\"wp-block-file--media-662a0daf-a660-4184-bba7-3acd1ffff455\" href=\"https:\/\/www.ufsm.br\/app\/uploads\/sites\/474\/2022\/10\/Ficha-de-Avaliacao-de-TCC-B-Defesa-Publica.doc\">Ficha-de-Avaliacao-de-TCC-B-Defesa-Publica<\/a><a href=\"https:\/\/www.ufsm.br\/app\/uploads\/sites\/474\/2022\/10\/Ficha-de-Avaliacao-de-TCC-B-Defesa-Publica.doc\" class=\"wp-block-file__button wp-element-button\" download aria-describedby=\"wp-block-file--media-662a0daf-a660-4184-bba7-3acd1ffff455\">Baixar<\/a><\/div>\n\n\n\n<div class=\"wp-block-file\"><a id=\"wp-block-file--media-d638dcf2-63f6-4737-b70a-85db4bb446bb\" href=\"https:\/\/www.ufsm.br\/app\/uploads\/sites\/474\/2022\/10\/Ficha-de-Avaliacao-de-TCC-B-Avaliacao-por-parecer.doc\">Ficha-de-Avaliacao-de-TCC-B-Avaliacao-por-parecer<\/a><a href=\"https:\/\/www.ufsm.br\/app\/uploads\/sites\/474\/2022\/10\/Ficha-de-Avaliacao-de-TCC-B-Avaliacao-por-parecer.doc\" class=\"wp-block-file__button wp-element-button\" download aria-describedby=\"wp-block-file--media-d638dcf2-63f6-4737-b70a-85db4bb446bb\">Baixar<\/a><\/div>\n\n\n\n<div class=\"wp-block-file\"><a id=\"wp-block-file--media-a9e035a2-8641-455e-8137-4aadf9a30cbf\" href=\"https:\/\/www.ufsm.br\/app\/uploads\/sites\/474\/2022\/10\/autorizacao_tcc_graduacao_online-1.doc\" target=\"_blank\" rel=\"noreferrer noopener\">Autoriza\u00e7\u00e3o para publica\u00e7\u00e3o de TCC online<\/a><a href=\"https:\/\/www.ufsm.br\/app\/uploads\/sites\/474\/2022\/10\/autorizacao_tcc_graduacao_online-1.doc\" class=\"wp-block-file__button wp-element-button\" download aria-describedby=\"wp-block-file--media-a9e035a2-8641-455e-8137-4aadf9a30cbf\">Baixar<\/a><\/div>\n","protected":false},"excerpt":{"rendered":"<p>TCC<\/p>\n","protected":false},"author":115,"featured_media":0,"parent":0,"menu_order":0,"comment_status":"closed","ping_status":"closed","template":"","meta":{"footnotes":""},"categories":[],"tags":[],"class_list":["post-166","page","type-page","status-publish","hentry"],"acf":[],"_links":{"self":[{"href":"https:\/\/www.ufsm.br\/cursos\/graduacao\/santa-maria\/relacoes-internacionais\/wp-json\/wp\/v2\/pages\/166","targetHints":{"allow":["GET"]}}],"collection":[{"href":"https:\/\/www.ufsm.br\/cursos\/graduacao\/santa-maria\/relacoes-internacionais\/wp-json\/wp\/v2\/pages"}],"about":[{"href":"https:\/\/www.ufsm.br\/cursos\/graduacao\/santa-maria\/relacoes-internacionais\/wp-json\/wp\/v2\/types\/page"}],"author":[{"embeddable":true,"href":"https:\/\/www.ufsm.br\/cursos\/graduacao\/santa-maria\/relacoes-internacionais\/wp-json\/wp\/v2\/users\/115"}],"replies":[{"embeddable":true,"href":"https:\/\/www.ufsm.br\/cursos\/graduacao\/santa-maria\/relacoes-internacionais\/wp-json\/wp\/v2\/comments?post=166"}],"version-history":[{"count":0,"href":"https:\/\/www.ufsm.br\/cursos\/graduacao\/santa-maria\/relacoes-internacionais\/wp-json\/wp\/v2\/pages\/166\/revisions"}],"wp:attachment":[{"href":"https:\/\/www.ufsm.br\/cursos\/graduacao\/santa-maria\/relacoes-internacionais\/wp-json\/wp\/v2\/media?parent=166"}],"wp:term":[{"taxonomy":"category","embeddable":true,"href":"https:\/\/www.ufsm.br\/cursos\/graduacao\/santa-maria\/relacoes-internacionais\/wp-json\/wp\/v2\/categories?post=166"},{"taxonomy":"post_tag","embeddable":true,"href":"https:\/\/www.ufsm.br\/cursos\/graduacao\/santa-maria\/relacoes-internacionais\/wp-json\/wp\/v2\/tags?post=166"}],"curies":[{"name":"wp","href":"https:\/\/api.w.org\/{rel}","templated":true}]}}