{"id":2159,"date":"2023-06-22T10:58:05","date_gmt":"2023-06-22T13:58:05","guid":{"rendered":"https:\/\/www.ufsm.br\/cursos\/graduacao\/santa-maria\/relacoes-internacionais\/?page_id=2159"},"modified":"2025-06-09T17:08:17","modified_gmt":"2025-06-09T20:08:17","slug":"bolsa-de-formacao-estudantil","status":"publish","type":"page","link":"https:\/\/www.ufsm.br\/cursos\/graduacao\/santa-maria\/relacoes-internacionais\/bolsa-de-formacao-estudantil","title":{"rendered":"Solicitar Bolsa de Forma\u00e7\u00e3o Estudantil"},"content":{"rendered":"\t\t<div data-elementor-type=\"wp-page\" data-elementor-id=\"2159\" class=\"elementor elementor-2159\">\n\t\t\t\t\t\t<section class=\"elementor-section elementor-top-section elementor-element elementor-element-720456a2 elementor-section-boxed elementor-section-height-default elementor-section-height-default\" data-id=\"720456a2\" data-element_type=\"section\">\n\t\t\t\t\t\t<div class=\"elementor-container elementor-column-gap-default\">\n\t\t\t\t\t<div class=\"elementor-column elementor-col-100 elementor-top-column elementor-element elementor-element-3557ff1d\" data-id=\"3557ff1d\" data-element_type=\"column\">\n\t\t\t<div class=\"elementor-widget-wrap elementor-element-populated\">\n\t\t\t\t\t\t<div class=\"elementor-element elementor-element-7c1154d6 elementor-widget elementor-widget-text-editor\" data-id=\"7c1154d6\" data-element_type=\"widget\" data-widget_type=\"text-editor.default\">\n\t\t\t\t<div class=\"elementor-widget-container\">\n\t\t\t\t\t\t\t<!-- wp:paragraph -->\n<p>A <strong>Bolsa de Forma\u00e7\u00e3o Estudantil <\/strong>\u00e9 destinada a auxiliar a participa\u00e7\u00e3o acad\u00eamica em a\u00e7\u00f5es\/eventos (cursos, semin\u00e1rios, congressos fora de Santa Maria), que visem a forma\u00e7\u00e3o estudantil integral e interdisciplinar. Tem como principal finalidade proporcionar uma ajuda de custo ao discente, limitada \u00e0 disponibilidade de recurso or\u00e7ament\u00e1rio no curso ao qual o aluno est\u00e1 vinculado.<\/p>\n<!-- \/wp:paragraph --><!-- wp:paragraph -->\n<p>A autoriza\u00e7\u00e3o para o estudante receber Bolsa de Forma\u00e7\u00e3o Estudantil para participa\u00e7\u00e3o em eventos cient\u00edficos fica a cargo do docente Coordenador do Curso de Rela\u00e7\u00f5es Internacionais, que ir\u00e1 informar o valor a ser pago, mediante recomenda\u00e7\u00e3o da Comiss\u00e3o de Finan\u00e7as do Curso.<\/p>\n<!-- \/wp:paragraph --><!-- wp:paragraph -->\n<p>Esta solicita\u00e7\u00e3o somente ter\u00e1 validade com o envio dos seguintes documentos para o email da coordena\u00e7\u00e3o (<strong>coordri.ccsh@ufsm.br<\/strong>):<\/p>\n<!-- \/wp:paragraph --><!-- wp:list {\"ordered\":true} -->\n<ol class=\"wp-block-list\"><!-- wp:list-item -->\n<li>Comprovante de inscri\u00e7\u00e3o no evento ou carta de aceite<\/li>\n<!-- \/wp:list-item --><!-- wp:list-item -->\n<li><a href=\"https:\/\/www.ufsm.br\/app\/uploads\/sites\/474\/2025\/06\/Formulario-de-Solicitacao-Bolsas-Formacao-CCSH.RI_.odt\">Formulario-de-Solicitacao-Bolsas-Formacao-CCSH.RI_<\/a>\u00a0 \u00a0 \u00a0 \u00a0 \u00a0 \u00a0 \u00a0 \u00a0 \u00a0 \u00a0 \u00a0 \u00a0 \u00a0 \u00a0 \u00a0 \u00a0 \u00a0 \u00a0 \u00a0 \u00a0 \u00a0 \u00a0 \u00a0 \u00a0 OBS: O Formul\u00e1rio de\u00a0 solicita\u00e7\u00e3o de Bolsa de Forma\u00e7\u00e3o Estudantil \u00e9 preenchido e assinado pelo aluno solicitante. O preenchimento de todos os campos do documento \u00e9 obrigat\u00f3rio.<\/li>\n<\/ol>\n<!-- \/wp:list-item --><!-- wp:separator --><hr class=\"wp-block-separator has-alpha-channel-opacity\" \/><!-- \/wp:separator --><!-- wp:paragraph -->\n<p><strong>PROCEDIMENTO A SER FEITO:<\/strong><\/p>\n<!-- \/wp:paragraph --><!-- wp:paragraph -->\n<p><strong>1) O estudante envia a solicita\u00e7\u00e3o para a\u00a0<a href=\"mailto:coordri.ccsh@ufsm.br\" target=\"_blank\" rel=\"noreferrer noopener\">coordri.ccsh@ufsm.br<\/a>, contendo comprovante de inscri\u00e7\u00e3o no evento ou carta de aceite e o formul\u00e1rio preenchido e assinado.<\/strong><\/p>\n<!-- \/wp:paragraph --><!-- wp:paragraph -->\n<p><strong>2) A Coordena\u00e7\u00e3o transmite para a Comiss\u00e3o de Finan\u00e7as do Curso de RI;<\/strong><\/p>\n<!-- \/wp:paragraph --><!-- wp:paragraph -->\n<p><strong>3) Em havendo parecer positivo, a Coordena\u00e7\u00e3o encaminha a solicita\u00e7\u00e3o para a SIG III fazer o memorando.<\/strong><\/p>\n<!-- \/wp:paragraph --><!-- wp:separator --><hr class=\"wp-block-separator has-alpha-channel-opacity\" \/><!-- \/wp:separator --><!-- wp:paragraph -->\n<p>O(a) estudante recebe o valor da bolsa forma\u00e7\u00e3o em sua conta banc\u00e1ria at\u00e9 o quinto dia \u00fatil do m\u00eas subsequente da folha de pagamento em que esta bolsa for inserida.<\/p>\n<!-- \/wp:paragraph --><!-- wp:paragraph -->\n<p>A <strong>presta\u00e7\u00e3o de contas<\/strong> da Bolsa de Forma\u00e7\u00e3o Estudantil concedida deve ser feita no prazo de at\u00e9 <strong>30 dias ap\u00f3s a data de t\u00e9rmino do evento<\/strong>, atrav\u00e9s de certificado (constar o nome do(a) benefici\u00e1rio(a) da bolsa), a ser adicionado ao processo de bolsa de forma\u00e7\u00e3o estudantil aberto pelo estudante.<\/p>\n<!-- \/wp:paragraph --><!-- wp:paragraph -->\n<p>Importante ressaltar que a n\u00e3o realiza\u00e7\u00e3o da presta\u00e7\u00e3o de contas implicar\u00e1 a\u00e7\u00e3o administrativa interna, conforme previsto na Resolu\u00e7\u00e3o 001\/2023\/UFSM, e, devolu\u00e7\u00e3o do valor, via pagamento de um Guia de Recolhimento da Uni\u00e3o (GRU).<\/p>\n<!-- \/wp:paragraph --><!-- wp:paragraph -->\n<p>No caso de n\u00e3o participa\u00e7\u00e3o no Evento ou falta de comprova\u00e7\u00e3o com apresenta\u00e7\u00e3o de CERTIFICADO ou Comprovante de Participa\u00e7\u00e3o ou documento comprobat\u00f3rio da participa\u00e7\u00e3o no Evento, ser\u00e1 emitida GRU (Guia de Recolhimento da Uni\u00e3o) para devolu\u00e7\u00e3o de valores recebidos.<\/p>\n<!-- \/wp:paragraph --><!-- wp:paragraph -->\n<p>\u00a0<\/p>\n<!-- \/wp:paragraph --><!-- \/wp:list -->\t\t\t\t\t\t<\/div>\n\t\t\t\t<\/div>\n\t\t\t\t\t<\/div>\n\t\t<\/div>\n\t\t\t\t\t<\/div>\n\t\t<\/section>\n\t\t\t\t<\/div>\n\t\t","protected":false},"excerpt":{"rendered":"<p>A Bolsa de Forma\u00e7\u00e3o Estudantil \u00e9 destinada a auxiliar a participa\u00e7\u00e3o acad\u00eamica em a\u00e7\u00f5es\/eventos (cursos, semin\u00e1rios, congressos fora de Santa Maria), que visem a forma\u00e7\u00e3o estudantil integral e interdisciplinar. Tem como principal finalidade proporcionar uma ajuda de custo ao discente, limitada \u00e0 disponibilidade de recurso or\u00e7ament\u00e1rio no curso ao qual o aluno est\u00e1 vinculado. A [&hellip;]<\/p>\n","protected":false},"author":2252,"featured_media":0,"parent":0,"menu_order":0,"comment_status":"closed","ping_status":"closed","template":"","meta":{"footnotes":""},"categories":[],"tags":[],"class_list":["post-2159","page","type-page","status-publish","hentry"],"acf":[],"_links":{"self":[{"href":"https:\/\/www.ufsm.br\/cursos\/graduacao\/santa-maria\/relacoes-internacionais\/wp-json\/wp\/v2\/pages\/2159","targetHints":{"allow":["GET"]}}],"collection":[{"href":"https:\/\/www.ufsm.br\/cursos\/graduacao\/santa-maria\/relacoes-internacionais\/wp-json\/wp\/v2\/pages"}],"about":[{"href":"https:\/\/www.ufsm.br\/cursos\/graduacao\/santa-maria\/relacoes-internacionais\/wp-json\/wp\/v2\/types\/page"}],"author":[{"embeddable":true,"href":"https:\/\/www.ufsm.br\/cursos\/graduacao\/santa-maria\/relacoes-internacionais\/wp-json\/wp\/v2\/users\/2252"}],"replies":[{"embeddable":true,"href":"https:\/\/www.ufsm.br\/cursos\/graduacao\/santa-maria\/relacoes-internacionais\/wp-json\/wp\/v2\/comments?post=2159"}],"version-history":[{"count":0,"href":"https:\/\/www.ufsm.br\/cursos\/graduacao\/santa-maria\/relacoes-internacionais\/wp-json\/wp\/v2\/pages\/2159\/revisions"}],"wp:attachment":[{"href":"https:\/\/www.ufsm.br\/cursos\/graduacao\/santa-maria\/relacoes-internacionais\/wp-json\/wp\/v2\/media?parent=2159"}],"wp:term":[{"taxonomy":"category","embeddable":true,"href":"https:\/\/www.ufsm.br\/cursos\/graduacao\/santa-maria\/relacoes-internacionais\/wp-json\/wp\/v2\/categories?post=2159"},{"taxonomy":"post_tag","embeddable":true,"href":"https:\/\/www.ufsm.br\/cursos\/graduacao\/santa-maria\/relacoes-internacionais\/wp-json\/wp\/v2\/tags?post=2159"}],"curies":[{"name":"wp","href":"https:\/\/api.w.org\/{rel}","templated":true}]}}