{"id":2181,"date":"2023-06-26T15:32:54","date_gmt":"2023-06-26T18:32:54","guid":{"rendered":"https:\/\/www.ufsm.br\/cursos\/graduacao\/santa-maria\/relacoes-internacionais\/?page_id=2181"},"modified":"2026-01-15T10:47:50","modified_gmt":"2026-01-15T13:47:50","slug":"quebra-de-pre-requisito-em-disciplina-2","status":"publish","type":"page","link":"https:\/\/www.ufsm.br\/cursos\/graduacao\/santa-maria\/relacoes-internacionais\/quebra-de-pre-requisito-em-disciplina-2","title":{"rendered":"Quebra de Pr\u00e9-Requisito em disciplina"},"content":{"rendered":"\n<p><strong>A solicita\u00e7\u00e3o de Quebra de Pr\u00e9-requisito para cursar disciplina deve ser feita por meio de processo eletr\u00f4nico, o qual \u00e9 aberto pelo estudante interessado no PEN SIE. Ap\u00f3s preencher o Formul\u00e1rio\/Requerimento de solicita\u00e7\u00e3o de quebra de pr\u00e9-requisito, dispon\u00edvel no site do seu curso, o aluno deve adicionar este documento ao processo e tramitar para aprecia\u00e7\u00e3o da Coordena\u00e7\u00e3o do curso.<\/strong><\/p>\n\n\n\n<p><strong><u>Procedimento a ser feito passo a passo:<\/u><\/strong><\/p>\n\n\n\n<p>1. O aluno dever\u00e1 acessar o Portal Documentos da UFSM (http:\/\/portal.ufsm.br\/documentos), efetuando seu login com n\u00famero de matr\u00edcula e senha do portal do aluno e ent\u00e3o no menu \u2018Novo\u2019 (canto superior esquerdo da tela), clicar em \u201cProcesso\u201d:<\/p>\n\n\n\n<figure class=\"wp-block-image size-full\"><img fetchpriority=\"high\" decoding=\"async\" width=\"886\" height=\"195\" src=\"https:\/\/www.ufsm.br\/app\/uploads\/sites\/474\/2023\/06\/image-1-1.jpg\" alt=\"\" class=\"wp-image-2183\" srcset=\"https:\/\/www.ufsm.br\/app\/uploads\/sites\/474\/2023\/06\/image-1-1.jpg 886w, https:\/\/www.ufsm.br\/app\/uploads\/sites\/474\/2023\/06\/image-1-1-300x66.jpg 300w, https:\/\/www.ufsm.br\/app\/uploads\/sites\/474\/2023\/06\/image-1-1-768x169.jpg 768w\" sizes=\"(max-width: 886px) 100vw, 886px\" \/><\/figure>\n\n\n\n<p>2. No campo \u201cTipo documental\u201d, realizar a busca textual e selecionar a op\u00e7\u00e3o \u2018Processo de quebra de pr\u00e9-requisitos de gradua\u00e7\u00e3o&nbsp;(125.22)\u2019. O campo proced\u00eancia ser\u00e1 preenchido automaticamente com seu nome. Em \u201cDescri\u00e7\u00e3o\u201d, informar c\u00f3digo e nome da disciplina para a qual est\u00e1 solicitando libera\u00e7\u00e3o de pr\u00e9-requisito.<\/p>\n\n\n\n<figure class=\"wp-block-image size-full\"><img decoding=\"async\" width=\"1024\" height=\"202\" src=\"https:\/\/www.ufsm.br\/app\/uploads\/sites\/474\/2023\/06\/image-1024x202-1.jpg\" alt=\"\" class=\"wp-image-2184\" srcset=\"https:\/\/www.ufsm.br\/app\/uploads\/sites\/474\/2023\/06\/image-1024x202-1.jpg 1024w, https:\/\/www.ufsm.br\/app\/uploads\/sites\/474\/2023\/06\/image-1024x202-1-300x59.jpg 300w, https:\/\/www.ufsm.br\/app\/uploads\/sites\/474\/2023\/06\/image-1024x202-1-768x152.jpg 768w\" sizes=\"(max-width: 1024px) 100vw, 1024px\" \/><\/figure>\n\n\n\n<p>3. A pr\u00f3xima tela \u00e9 destinada a incluir no processo o Formul\u00e1rio de solicita\u00e7\u00e3o de quebra de pr\u00e9-requisito, dispon\u00edvel no site do curso, item este imprescind\u00edvel para inclus\u00e3o no processo (<a href=\"https:\/\/www.ufsm.br\/app\/uploads\/sites\/478\/2022\/09\/Formulario-Solicitacao-Quebra-de-pre-requisito.doc\" target=\"_blank\" rel=\"noreferrer noopener\">&nbsp;Quebra de Pr\u00e9-requisito (arquivo msword, 43 KB)<\/a>). O aluno pode assinar o requerimento eletronicamente, caso j\u00e1 tenha sua assinatura cadastrada no PEN-SIE. Para se cadastrar, basta seguir o passo a passo para assinatura do Termo de Concord\u00e2ncia Assinatura Eletr\u00f4nica Cadastrada no SIE, dispon\u00edvel na Se\u00e7\u00e3o \u2018Apoio ao usu\u00e1rio\u2019, na p\u00e1gina do PEN: https:\/\/www.ufsm.br\/orgaos-suplementares\/dag\/pen\/apoio-ao-usuario\/<\/p>\n\n\n\n<p>4. Ap\u00f3s adicionar o formul\u00e1rio obrigat\u00f3rio no PEN, j\u00e1 devidamente preenchido e salvo em formato PDF, o aluno dever\u00e1 tramitar o processo. O campo de destino da tramita\u00e7\u00e3o j\u00e1 est\u00e1 preenchido automaticamente (Divis\u00e3o de Protocolo). Ao clicar em \u201cTramitar\u201d, a Divis\u00e3o de Protocolo se encarrega de encaminhar o processo para a Coordena\u00e7\u00e3o do Curso correspondente do aluno.<\/p>\n\n\n\n<p>5. Em alguns cursos, a solicita\u00e7\u00e3o ser\u00e1 inclu\u00edda na pauta da reuni\u00e3o do Colegiado. Posteriormente \u00e0 reuni\u00e3o, o processo ser\u00e1 tramitado pelo coordenador do curso \u00e0 Secretaria de Gradua\u00e7\u00e3o, informando no despacho a decis\u00e3o.<\/p>\n\n\n\n<p>6. Para acompanhar o processo, caso j\u00e1 tenha em m\u00e3os o NUP (N\u00famero \u00danico de Protocolo) do processo, basta acessar o Portal Documentos e digitar o respectivo NUP ou pesquisar nos campos dispon\u00edveis na consulta, como nome do interessado, tipo documental, etc. O aluno pode acompanhar o processo fazendo login no Portal Documentos, ir na aba \u2018Meus Documentos\u2019, \u2018Interessado\u2019.<\/p>\n\n\n\n<p>7. <strong>Na primeira semana de aula e ap\u00f3s o \u00faltimo per\u00edodo de ajustes <\/strong>:<\/p>\n\n\n\n<p>A matr\u00edcula ser\u00e1 efetuada&nbsp;pela SIG III na(s) disciplina(s) em que seu pedido de libera\u00e7\u00e3o de pr\u00e9-requisito foi aceito, <strong>mediante a disponibilidade de vaga<\/strong>.<\/p>\n\n\n\n<p>IMPORTANTE: \u00c9 responsabilidade do estudante verificar no Portal Estudantil em quais disciplinas sua matr\u00edcula foi efetivada.<\/p>\n\n\n\n<p><\/p>\n","protected":false},"excerpt":{"rendered":"<p>A solicita\u00e7\u00e3o de Quebra de Pr\u00e9-requisito para cursar disciplina deve ser feita por meio de processo eletr\u00f4nico, o qual \u00e9 aberto pelo estudante interessado no PEN SIE. Ap\u00f3s preencher o Formul\u00e1rio\/Requerimento de solicita\u00e7\u00e3o de quebra de pr\u00e9-requisito, dispon\u00edvel no site do seu curso, o aluno deve adicionar este documento ao processo e tramitar para aprecia\u00e7\u00e3o [&hellip;]<\/p>\n","protected":false},"author":2252,"featured_media":0,"parent":0,"menu_order":0,"comment_status":"closed","ping_status":"closed","template":"","meta":{"footnotes":""},"categories":[],"tags":[],"class_list":["post-2181","page","type-page","status-publish","hentry"],"acf":[],"_links":{"self":[{"href":"https:\/\/www.ufsm.br\/cursos\/graduacao\/santa-maria\/relacoes-internacionais\/wp-json\/wp\/v2\/pages\/2181","targetHints":{"allow":["GET"]}}],"collection":[{"href":"https:\/\/www.ufsm.br\/cursos\/graduacao\/santa-maria\/relacoes-internacionais\/wp-json\/wp\/v2\/pages"}],"about":[{"href":"https:\/\/www.ufsm.br\/cursos\/graduacao\/santa-maria\/relacoes-internacionais\/wp-json\/wp\/v2\/types\/page"}],"author":[{"embeddable":true,"href":"https:\/\/www.ufsm.br\/cursos\/graduacao\/santa-maria\/relacoes-internacionais\/wp-json\/wp\/v2\/users\/2252"}],"replies":[{"embeddable":true,"href":"https:\/\/www.ufsm.br\/cursos\/graduacao\/santa-maria\/relacoes-internacionais\/wp-json\/wp\/v2\/comments?post=2181"}],"version-history":[{"count":0,"href":"https:\/\/www.ufsm.br\/cursos\/graduacao\/santa-maria\/relacoes-internacionais\/wp-json\/wp\/v2\/pages\/2181\/revisions"}],"wp:attachment":[{"href":"https:\/\/www.ufsm.br\/cursos\/graduacao\/santa-maria\/relacoes-internacionais\/wp-json\/wp\/v2\/media?parent=2181"}],"wp:term":[{"taxonomy":"category","embeddable":true,"href":"https:\/\/www.ufsm.br\/cursos\/graduacao\/santa-maria\/relacoes-internacionais\/wp-json\/wp\/v2\/categories?post=2181"},{"taxonomy":"post_tag","embeddable":true,"href":"https:\/\/www.ufsm.br\/cursos\/graduacao\/santa-maria\/relacoes-internacionais\/wp-json\/wp\/v2\/tags?post=2181"}],"curies":[{"name":"wp","href":"https:\/\/api.w.org\/{rel}","templated":true}]}}