{"id":2245,"date":"2023-07-21T13:13:48","date_gmt":"2023-07-21T16:13:48","guid":{"rendered":"https:\/\/www.ufsm.br\/cursos\/graduacao\/santa-maria\/relacoes-internacionais\/?page_id=2245"},"modified":"2023-12-20T16:56:05","modified_gmt":"2023-12-20T19:56:05","slug":"comprovacao-de-suficiencia-em-lingua-estrangeira","status":"publish","type":"page","link":"https:\/\/www.ufsm.br\/cursos\/graduacao\/santa-maria\/relacoes-internacionais\/comprovacao-de-suficiencia-em-lingua-estrangeira","title":{"rendered":"Comprova\u00e7\u00e3o de sufici\u00eancia em l\u00edngua estrangeira"},"content":{"rendered":"\n<p>INSTRU\u00c7\u00c3O NORMATIVA N. 011\/2022\/PROGRAD, DE 24 DE MAIO DE 2022 &#8211; Reservar vagas no TESLLE para estudantes do curso de Rela\u00e7\u00f5es Internacionais da UFSM, para fins de atendimento \u00e0s Diretrizes Curriculares Nacionais.<\/p>\n\n\n\n<div class=\"wp-block-file\"><a id=\"wp-block-file--media-85a31dd4-b70f-4b4f-a339-b249a8053161\" href=\"https:\/\/www.ufsm.br\/app\/uploads\/sites\/474\/2023\/12\/IN_PROGRAD_2022_011-1.pdf\">IN_PROGRAD_2022_011-1<\/a><a href=\"https:\/\/www.ufsm.br\/app\/uploads\/sites\/474\/2023\/12\/IN_PROGRAD_2022_011-1.pdf\" class=\"wp-block-file__button wp-element-button\" download aria-describedby=\"wp-block-file--media-85a31dd4-b70f-4b4f-a339-b249a8053161\">Baixar<\/a><\/div>\n\n\n\n<p>Par\u00e1grafo \u00fanico &#8211; O TESLLE tem por objetivo aferir a habilidade de leitura em l\u00edngua estrangeira, sendo a sua aplica\u00e7\u00e3o de compet\u00eancia do Departamento de Letras Estrangeiras Modernas (DLEM), vinculado ao Centro de Artes e Letras (CAL).<br>Art. 2\u00ba Os estudantes brasileiros a que se refere o caput do Artigo 1\u00ba poder\u00e3o escolher ao seu crit\u00e9rio as l\u00ednguas estrangeiras que s\u00e3o objeto de avalia\u00e7\u00e3o pelo TESLLE, e os estudantes estrangeiros ficar\u00e3o condicionados ao teste em l\u00edngua portuguesa, desde que n\u00e3o sejam oriundos de pa\u00edses de l\u00edngua portuguesa.<\/p>\n\n\n\n<p>Para encaminhar os comprovantes da sufici\u00eancia em l\u00edngua estrangeira, cada discente deve realizar os seguintes passos:<\/p>\n\n\n\n<ol class=\"wp-block-list\">\n<li>Abertura de processo eletr\u00f4nico PEN com o&nbsp;Tipo Documental:&nbsp;Processo de comprova\u00e7\u00e3o de sufici\u00eancia em l\u00edngua estrangeira de gradua\u00e7\u00e3o<\/li>\n\n\n\n<li>Anexar os documentos abaixo&nbsp;em formato PDF leg\u00edvel:\n<ul class=\"wp-block-list\">\n<li><a rel=\"noreferrer noopener\" href=\"https:\/\/www.ufsm.br\/app\/uploads\/sites\/474\/2023\/07\/Requerimento-de-comprovacao-em-Lingua-estrangeira.pdf\" target=\"_blank\">REQUERIMENTO DE COMPROVA\u00c7\u00c3O DE SUFICI\u00caNCIA EM L\u00cdNGUA ESTRANGEIRA<\/a> preenchido e assinado digitalmente no PEN (anexo)<\/li>\n\n\n\n<li>COMPROVANTES da realiza\u00e7\u00e3o do teste da l\u00edngua estrangeira.&nbsp;<\/li>\n<\/ul>\n<\/li>\n\n\n\n<li>Encaminhar o PEN para a Coordena\u00e7\u00e3o do Curso para an\u00e1lise.<\/li>\n\n\n\n<li>O Coordenador do curso&nbsp;recebe e confere a documenta\u00e7\u00e3o em sua caixa postal. Caso n\u00e3o esteja de acordo, retorna ao discente para corre\u00e7\u00e3o;<\/li>\n\n\n\n<li>Certificados n\u00e3o previstos no Projeto Pedag\u00f3gico do Curso passar\u00e3o por delibera\u00e7\u00e3o do Colegiado do Curso de Rela\u00e7\u00f5es Internacionais.<\/li>\n\n\n\n<li>Ap\u00f3s a an\u00e1lise da Coordena\u00e7\u00e3o ou Colegiado, a secretaria ou o pr\u00f3prio coordenador&nbsp;tramitar\u00e1 o processo PEN \u00e0 Coordenadoria de Registro e Matr\u00edcula (COREM)&nbsp;para a inclus\u00e3o no hist\u00f3rico escolar do acad\u00eamico(a).<\/li>\n\n\n\n<li>O processo ser\u00e1 arquivado.<\/li>\n<\/ol>\n\n\n\n<p>Fluxo do processo eletr\u00f4nico:<\/p>\n\n\n\n<figure class=\"wp-block-image size-full is-resized\"><img fetchpriority=\"high\" decoding=\"async\" width=\"909\" height=\"380\" src=\"https:\/\/www.ufsm.br\/app\/uploads\/sites\/474\/2023\/08\/image-4.png\" alt=\"\" class=\"wp-image-2308\" style=\"width:1016px;height:425px\" srcset=\"https:\/\/www.ufsm.br\/app\/uploads\/sites\/474\/2023\/08\/image-4.png 909w, https:\/\/www.ufsm.br\/app\/uploads\/sites\/474\/2023\/08\/image-4-300x125.png 300w, https:\/\/www.ufsm.br\/app\/uploads\/sites\/474\/2023\/08\/image-4-768x321.png 768w\" sizes=\"(max-width: 909px) 100vw, 909px\" \/><\/figure>\n\n\n\n<p>Saiba quais s\u00e3o as op\u00e7\u00f5es para comprovar Profici\u00eancia em L\u00edngua Estrangeira no curso de Rela\u00e7\u00f5es Internacionais: <\/p>\n\n\n\n<div class=\"wp-block-buttons is-content-justification-center is-layout-flex wp-container-core-buttons-is-layout-16018d1d wp-block-buttons-is-layout-flex\">\n<div class=\"wp-block-button\"><a class=\"wp-block-button__link wp-element-button\" href=\"https:\/\/www.ufsm.br\/cursos\/graduacao\/santa-maria\/relacoes-internacionais\/2023\/04\/05\/saiba-quais-sao-as-opcoes-para-comprovar-proficiencia-em-lingua-estrangeira-no-curso-de-relacoes-internacionais\">Clique aqui<\/a><\/div>\n<\/div>\n","protected":false},"excerpt":{"rendered":"<p>INSTRU\u00c7\u00c3O NORMATIVA N. 011\/2022\/PROGRAD, DE 24 DE MAIO DE 2022 &#8211; Reservar vagas no TESLLE para estudantes do curso de Rela\u00e7\u00f5es Internacionais da UFSM, para fins de atendimento \u00e0s Diretrizes Curriculares Nacionais. Par\u00e1grafo \u00fanico &#8211; O TESLLE tem por objetivo aferir a habilidade de leitura em l\u00edngua estrangeira, sendo a sua aplica\u00e7\u00e3o de compet\u00eancia do [&hellip;]<\/p>\n","protected":false},"author":2252,"featured_media":0,"parent":0,"menu_order":0,"comment_status":"closed","ping_status":"closed","template":"","meta":{"footnotes":""},"categories":[],"tags":[],"class_list":["post-2245","page","type-page","status-publish","hentry"],"acf":[],"_links":{"self":[{"href":"https:\/\/www.ufsm.br\/cursos\/graduacao\/santa-maria\/relacoes-internacionais\/wp-json\/wp\/v2\/pages\/2245","targetHints":{"allow":["GET"]}}],"collection":[{"href":"https:\/\/www.ufsm.br\/cursos\/graduacao\/santa-maria\/relacoes-internacionais\/wp-json\/wp\/v2\/pages"}],"about":[{"href":"https:\/\/www.ufsm.br\/cursos\/graduacao\/santa-maria\/relacoes-internacionais\/wp-json\/wp\/v2\/types\/page"}],"author":[{"embeddable":true,"href":"https:\/\/www.ufsm.br\/cursos\/graduacao\/santa-maria\/relacoes-internacionais\/wp-json\/wp\/v2\/users\/2252"}],"replies":[{"embeddable":true,"href":"https:\/\/www.ufsm.br\/cursos\/graduacao\/santa-maria\/relacoes-internacionais\/wp-json\/wp\/v2\/comments?post=2245"}],"version-history":[{"count":0,"href":"https:\/\/www.ufsm.br\/cursos\/graduacao\/santa-maria\/relacoes-internacionais\/wp-json\/wp\/v2\/pages\/2245\/revisions"}],"wp:attachment":[{"href":"https:\/\/www.ufsm.br\/cursos\/graduacao\/santa-maria\/relacoes-internacionais\/wp-json\/wp\/v2\/media?parent=2245"}],"wp:term":[{"taxonomy":"category","embeddable":true,"href":"https:\/\/www.ufsm.br\/cursos\/graduacao\/santa-maria\/relacoes-internacionais\/wp-json\/wp\/v2\/categories?post=2245"},{"taxonomy":"post_tag","embeddable":true,"href":"https:\/\/www.ufsm.br\/cursos\/graduacao\/santa-maria\/relacoes-internacionais\/wp-json\/wp\/v2\/tags?post=2245"}],"curies":[{"name":"wp","href":"https:\/\/api.w.org\/{rel}","templated":true}]}}