{"id":2583,"date":"2023-12-21T16:27:10","date_gmt":"2023-12-21T19:27:10","guid":{"rendered":"https:\/\/www.ufsm.br\/cursos\/graduacao\/santa-maria\/relacoes-internacionais\/?page_id=2583"},"modified":"2023-12-21T16:27:11","modified_gmt":"2023-12-21T19:27:11","slug":"revisao-de-avaliacoes","status":"publish","type":"page","link":"https:\/\/www.ufsm.br\/cursos\/graduacao\/santa-maria\/relacoes-internacionais\/revisao-de-avaliacoes","title":{"rendered":"Revis\u00e3o de Avalia\u00e7\u00f5es"},"content":{"rendered":"\n<p>Os alunos poder\u00e3o recorrer aos departamentos did\u00e1ticos para solicitar a revis\u00e3o da nota atribu\u00edda em uma avalia\u00e7\u00e3o, apresentando a fundamenta\u00e7\u00e3o do recurso no&nbsp;<strong>prazo de tr\u00eas dias \u00fateis<\/strong>&nbsp;contados da divulga\u00e7\u00e3o do resultado.<\/p>\n\n\n\n<p>A solicita\u00e7\u00e3o de revis\u00e3o de avalia\u00e7\u00e3o deve ser feita por meio de processo eletr\u00f4nico a ser aberto no PEN SIE, seguindo os passos abaixo:<\/p>\n\n\n\n<ul class=\"wp-block-list\">\n<li>Acessar o&nbsp;<strong>Portal de Documentos<\/strong>&nbsp;da UFSM atrav\u00e9s do link:&nbsp;<a href=\"https:\/\/portal.ufsm.br\/documentos\/login.html\">https:\/\/portal.ufsm.br\/documentos\/login.html<\/a><\/li>\n\n\n\n<li>Inserir mesmo login e senha do Portal do Aluno (matr\u00edcula e senha), clicar em&nbsp;<strong>ENTRAR<\/strong><\/li>\n\n\n\n<li>Clicar no menu\u00a0<strong>NOVO<\/strong>\u00a0e, ap\u00f3s, em\u00a0<strong>PROCESSO<\/strong>, conforme figura: <\/li>\n<\/ul>\n\n\n<div class=\"wp-block-image\">\n<figure class=\"aligncenter size-full is-resized\"><img fetchpriority=\"high\" decoding=\"async\" width=\"360\" height=\"205\" src=\"https:\/\/www.ufsm.br\/app\/uploads\/sites\/474\/2023\/12\/figura01.jpg\" alt=\"\" class=\"wp-image-2584\" style=\"width:500px;height:auto\" srcset=\"https:\/\/www.ufsm.br\/app\/uploads\/sites\/474\/2023\/12\/figura01.jpg 360w, https:\/\/www.ufsm.br\/app\/uploads\/sites\/474\/2023\/12\/figura01-300x171.jpg 300w\" sizes=\"(max-width: 360px) 100vw, 360px\" \/><\/figure>\n<\/div>\n\n\n<ul class=\"wp-block-list\">\n<li>Selecione o tipo documental \u201c<strong>Processo de revis\u00e3o e reconsidera\u00e7\u00e3o de avalia\u00e7\u00e3o de gradua\u00e7\u00e3o (125.31)<\/strong>\u201d<\/li>\n\n\n\n<li>Insira o&nbsp;<strong><a href=\"https:\/\/www.ufsm.br\/app\/uploads\/sites\/478\/2023\/12\/Processo-de-revisao-e-reconsideracao-de-avaliacao-de-graduacao.docx\">Requerimento para revis\u00e3o de avalia\u00e7\u00e3o<\/a><\/strong>&nbsp;no processo, devidamente preenchido e em formato PDF.<\/li>\n\n\n\n<li>Salvar e assinar digitalmente o requerimento. O passo-a-passo para cadastrar a assinatura digital pode ser encontrado em:&nbsp;<a href=\"https:\/\/www.ufsm.br\/app\/uploads\/sites\/416\/2020\/04\/Passo-a-passo-termo-assinatura-eletronica-PEN-SIE.pdf\">https:\/\/www.ufsm.br\/app\/uploads\/sites\/416\/2020\/04\/Passo-a-passo-termo-assinatura-eletronica-PEN-SIE.pdf<\/a><\/li>\n\n\n\n<li>Clicar em TRAMITAR e selecionar como destino a \u201cDIVIS\u00c3O DE PROTOCOLO \u2013 DP\u201d. **&nbsp;<strong>Importante:<\/strong>&nbsp;No despacho do processo, informar que deve ser tramitado para a unidade administrativa SECRETARIA INTEGRADA DE DEPARTAMENTOS DO CCSH \u2013 06.14.05.00.0.0 para provid\u00eancias cab\u00edveis.<\/li>\n<\/ul>\n\n\n\n<p>Para acompanhar o processo, caso j\u00e1 tenha em m\u00e3os o NUP (N\u00famero \u00danico de Protocolo), basta acessar o Portal Documentos &nbsp;e digitar o respectivo NUP ou pesquisar pelos campos dispon\u00edveis na consulta, como nome do interessado, tipo documental, etc. O aluno pode acompanhar o processo fazendo login no Portal Documentos, indo na aba \u2018Meus Documentos\u2019, \u2018Interessado\u2019.<\/p>\n","protected":false},"excerpt":{"rendered":"<p>Os alunos poder\u00e3o recorrer aos departamentos did\u00e1ticos para solicitar a revis\u00e3o da nota atribu\u00edda em uma avalia\u00e7\u00e3o, apresentando a fundamenta\u00e7\u00e3o do recurso no&nbsp;prazo de tr\u00eas dias \u00fateis&nbsp;contados da divulga\u00e7\u00e3o do resultado. A solicita\u00e7\u00e3o de revis\u00e3o de avalia\u00e7\u00e3o deve ser feita por meio de processo eletr\u00f4nico a ser aberto no PEN SIE, seguindo os passos abaixo: [&hellip;]<\/p>\n","protected":false},"author":2252,"featured_media":0,"parent":0,"menu_order":0,"comment_status":"closed","ping_status":"closed","template":"","meta":{"footnotes":""},"categories":[],"tags":[],"class_list":["post-2583","page","type-page","status-publish","hentry"],"acf":[],"_links":{"self":[{"href":"https:\/\/www.ufsm.br\/cursos\/graduacao\/santa-maria\/relacoes-internacionais\/wp-json\/wp\/v2\/pages\/2583","targetHints":{"allow":["GET"]}}],"collection":[{"href":"https:\/\/www.ufsm.br\/cursos\/graduacao\/santa-maria\/relacoes-internacionais\/wp-json\/wp\/v2\/pages"}],"about":[{"href":"https:\/\/www.ufsm.br\/cursos\/graduacao\/santa-maria\/relacoes-internacionais\/wp-json\/wp\/v2\/types\/page"}],"author":[{"embeddable":true,"href":"https:\/\/www.ufsm.br\/cursos\/graduacao\/santa-maria\/relacoes-internacionais\/wp-json\/wp\/v2\/users\/2252"}],"replies":[{"embeddable":true,"href":"https:\/\/www.ufsm.br\/cursos\/graduacao\/santa-maria\/relacoes-internacionais\/wp-json\/wp\/v2\/comments?post=2583"}],"version-history":[{"count":0,"href":"https:\/\/www.ufsm.br\/cursos\/graduacao\/santa-maria\/relacoes-internacionais\/wp-json\/wp\/v2\/pages\/2583\/revisions"}],"wp:attachment":[{"href":"https:\/\/www.ufsm.br\/cursos\/graduacao\/santa-maria\/relacoes-internacionais\/wp-json\/wp\/v2\/media?parent=2583"}],"wp:term":[{"taxonomy":"category","embeddable":true,"href":"https:\/\/www.ufsm.br\/cursos\/graduacao\/santa-maria\/relacoes-internacionais\/wp-json\/wp\/v2\/categories?post=2583"},{"taxonomy":"post_tag","embeddable":true,"href":"https:\/\/www.ufsm.br\/cursos\/graduacao\/santa-maria\/relacoes-internacionais\/wp-json\/wp\/v2\/tags?post=2583"}],"curies":[{"name":"wp","href":"https:\/\/api.w.org\/{rel}","templated":true}]}}