{"id":2690,"date":"2024-08-22T08:35:16","date_gmt":"2024-08-22T11:35:16","guid":{"rendered":"https:\/\/www.ufsm.br\/cursos\/graduacao\/santa-maria\/relacoes-internacionais\/?page_id=2690"},"modified":"2024-08-22T08:35:17","modified_gmt":"2024-08-22T11:35:17","slug":"orientacoes","status":"publish","type":"page","link":"https:\/\/www.ufsm.br\/cursos\/graduacao\/santa-maria\/relacoes-internacionais\/orientacoes","title":{"rendered":"Orienta\u00e7\u00f5es"},"content":{"rendered":"\n<p><strong>Orienta\u00e7\u00e3o alunos curriculo 2009<\/strong><\/p>\n\n\n\n<p>Alunos que ainda est\u00e3o no curr\u00edculo vers\u00e3o 2009 devem procurar a Coordena\u00e7\u00e3o o quanto antes para regularizar a integraliza\u00e7\u00e3o curricular. <\/p>\n\n\n\n<p>OBS: Em disciplinas Auxiliares e Correlatas, al\u00e9m de ter cursado as disciplinas  abaixo, \u00e9 necess\u00e1rio  solicitar o aproveitamento  da DCG &#8211; Pr\u00e1ticas de idiomas , com o seguinte c\u00f3digo e nomenclatura: DCG2049 -T\u00d3PICOS EM L\u00cdNGUAS <\/p>\n\n\n\n<p><strong>DISCIPLINAS AUXILIARES E CORRELATAS<br><\/strong>ISP 1070 Introdu\u00e7\u00e3o a Ci\u00eancia Pol\u00edtica<br>CIE 1039 Introdu\u00e7\u00e3o \u00e0 Ci\u00eancia Econ\u00f4mica <br>JUR 1079 Introdu\u00e7\u00e3o ao Direito <br>ISP 1071 Introdu\u00e7\u00e3o a Sociologia <br>CIE 1070 Fundamentos de Microeconomia <\/p>\n\n\n\n<p>CIE 1071 Fundamentos de Macroeconomia <br>ISP 1072 Teoria Pol\u00edtica Moderna <br>JUR 1042 Direito Internacional P\u00fablico<br>ISP 1074 Teoria Pol\u00edtica Contempor\u00e2nea <br>STC 1048 Estat\u00edstica para Rela\u00e7\u00f5es Internacionais <br>CIE 1073 Economia Pol\u00edtica Internacional I <br>CIE 1074 Economia Pol\u00edtica Internacional II <br>CIE 1050 Forma\u00e7\u00e3o Econ\u00f4mica do Brasil E <br>CIE 1075 Com\u00e9rcio Internacional <br>CIE 1076 Sistema Financeiro Internacional <br>JUR 1080 Direito Comunit\u00e1rio e da Integra\u00e7\u00e3o \u201cA\u201d <br>CIE 1051 Economia Brasileira<br>CIE 1077 T\u00e9cnicas de Pesquisa em Rela\u00e7\u00f5es Internacionais <br>DCG \u2013 Pr\u00e1tica de Idiomas<\/p>\n\n\n\n<p><\/p>\n","protected":false},"excerpt":{"rendered":"<p>Orienta\u00e7\u00e3o alunos curriculo 2009 Alunos que ainda est\u00e3o no curr\u00edculo vers\u00e3o 2009 devem procurar a Coordena\u00e7\u00e3o o quanto antes para regularizar a integraliza\u00e7\u00e3o curricular. OBS: Em disciplinas Auxiliares e Correlatas, al\u00e9m de ter cursado as disciplinas abaixo, \u00e9 necess\u00e1rio solicitar o aproveitamento da DCG &#8211; Pr\u00e1ticas de idiomas , com o seguinte c\u00f3digo e nomenclatura: [&hellip;]<\/p>\n","protected":false},"author":555,"featured_media":0,"parent":0,"menu_order":0,"comment_status":"closed","ping_status":"closed","template":"","meta":{"footnotes":""},"categories":[],"tags":[],"class_list":["post-2690","page","type-page","status-publish","hentry"],"acf":[],"_links":{"self":[{"href":"https:\/\/www.ufsm.br\/cursos\/graduacao\/santa-maria\/relacoes-internacionais\/wp-json\/wp\/v2\/pages\/2690","targetHints":{"allow":["GET"]}}],"collection":[{"href":"https:\/\/www.ufsm.br\/cursos\/graduacao\/santa-maria\/relacoes-internacionais\/wp-json\/wp\/v2\/pages"}],"about":[{"href":"https:\/\/www.ufsm.br\/cursos\/graduacao\/santa-maria\/relacoes-internacionais\/wp-json\/wp\/v2\/types\/page"}],"author":[{"embeddable":true,"href":"https:\/\/www.ufsm.br\/cursos\/graduacao\/santa-maria\/relacoes-internacionais\/wp-json\/wp\/v2\/users\/555"}],"replies":[{"embeddable":true,"href":"https:\/\/www.ufsm.br\/cursos\/graduacao\/santa-maria\/relacoes-internacionais\/wp-json\/wp\/v2\/comments?post=2690"}],"version-history":[{"count":0,"href":"https:\/\/www.ufsm.br\/cursos\/graduacao\/santa-maria\/relacoes-internacionais\/wp-json\/wp\/v2\/pages\/2690\/revisions"}],"wp:attachment":[{"href":"https:\/\/www.ufsm.br\/cursos\/graduacao\/santa-maria\/relacoes-internacionais\/wp-json\/wp\/v2\/media?parent=2690"}],"wp:term":[{"taxonomy":"category","embeddable":true,"href":"https:\/\/www.ufsm.br\/cursos\/graduacao\/santa-maria\/relacoes-internacionais\/wp-json\/wp\/v2\/categories?post=2690"},{"taxonomy":"post_tag","embeddable":true,"href":"https:\/\/www.ufsm.br\/cursos\/graduacao\/santa-maria\/relacoes-internacionais\/wp-json\/wp\/v2\/tags?post=2690"}],"curies":[{"name":"wp","href":"https:\/\/api.w.org\/{rel}","templated":true}]}}