{"id":3515,"date":"2025-12-10T15:48:35","date_gmt":"2025-12-10T18:48:35","guid":{"rendered":"https:\/\/www.ufsm.br\/cursos\/graduacao\/santa-maria\/relacoes-internacionais\/?page_id=3515"},"modified":"2025-12-10T16:27:57","modified_gmt":"2025-12-10T19:27:57","slug":"colacao-de-grau-formatura-solene-e-gabinete","status":"publish","type":"page","link":"https:\/\/www.ufsm.br\/cursos\/graduacao\/santa-maria\/relacoes-internacionais\/colacao-de-grau-formatura-solene-e-gabinete","title":{"rendered":"Cola\u00e7\u00e3o de Grau &#8211; Formatura Solene e Gabinete"},"content":{"rendered":"\n<p>A &nbsp;<a href=\"https:\/\/portal.ufsm.br\/documentos\/publico\/documento.html?id=9264022\" target=\"_blank\" rel=\"noreferrer noopener\"><strong>Resolu\u00e7\u00e3o N. 011\/2018<\/strong><\/a> estabelece que a UFSM passa a assumir a organiza\u00e7\u00e3o e promo\u00e7\u00e3o das solenidades de cola\u00e7\u00e3o de grau, institucionalizando a cerim\u00f4nia e tornando-a acess\u00edvel a todos(as) os(as) estudantes.<\/p>\n\n\n\n<p>Sendo assim, <strong>TODAS as formaturas ser\u00e3o realizadas na UFSM em sess\u00f5es solenes<\/strong>&nbsp;ou, excepcionalmente, em gabinete.&nbsp;<\/p>\n\n\n\n<p>Al\u00e9m da Resolu\u00e7\u00e3o N. 011\/2018, a PROGRAD criou a&nbsp;<a href=\"https:\/\/portal.ufsm.br\/documentos\/publico\/documento.html?id=14285924\"><strong>Instru\u00e7\u00e3o Normativa 014\/2022<\/strong><\/a>&nbsp;para organizar internamente o processo das cola\u00e7\u00f5es de grau e a <a href=\"https:\/\/portal.ufsm.br\/documentos\/publico\/documento.html?id=15271757\">Resolu\u00e7\u00e3o 182\/2024<\/a> que define normas para as sess\u00f5es solenes de cola\u00e7\u00e3o de grau e cola\u00e7\u00e3o de grau em gabinete no \u00e2mbito da Universidade Federal de Santa Maria (UFSM).<\/p>\n\n\n\n<p>__________________________________________________________________________________________________________________________<\/p>\n\n\n\n<p><strong>Formaturas de Gabinete<\/strong><\/p>\n\n\n\n<p>As Cola\u00e7\u00f5es de Grau de Gabinete somente acontecer\u00e3o em car\u00e1ter de exce\u00e7\u00e3o, mediante justificativa. Os alunos que necessitarem colar grau de gabinete dever\u00e3o encaminhar o\u00a0<strong><a href=\"https:\/\/www.ufsm.br\/app\/uploads\/sites\/474\/2025\/12\/Solicitacao-de-Formatura-de-Gabinete-SIG-III.pdf\">Formul\u00e1rio de Solicita\u00e7\u00e3o de Cola\u00e7\u00e3o de Grau de Gabinete<\/a><\/strong>\u00a0no PEN, por meio de um\u00a0<strong>Processo de realiza\u00e7\u00e3o de formatura em gabinete de curso gradua\u00e7\u00e3o (124).\u00a0<\/strong>Dever\u00e1 ser anexado, junto com o formul\u00e1rio, documentos que comprovem a justificativa. Formados(as) em gabinete s\u00e3o considerados(as) egressos(as) da UFSM e, se concludentes no mesmo semestre da cola\u00e7\u00e3o de grau solene, poder\u00e3o participar do evento, mediante autoriza\u00e7\u00e3o da Dire\u00e7\u00e3o da Unidade de Ensino, sendo somente cumprimentados pela mesa de autoridades, sem reitera\u00e7\u00e3o do grau<\/p>\n\n\n\n<p><strong>Formaturas Solenes&nbsp;<\/strong><\/p>\n\n\n\n<p>A turma de formandos dever\u00e1 constituir uma Comiss\u00e3o de Formatura e informar no in\u00edcio do semestre letivo \u00e0 Secretaria Integrada de Gradua\u00e7\u00e3o que atende seu curso quem s\u00e3o os integrantes desta Comiss\u00e3o.<br>Ap\u00f3s definida a data da Cola\u00e7\u00e3o de Grau Solene, os formandos ser\u00e3o notificados e a Comiss\u00e3o de Formatura ser\u00e1 respons\u00e1vel por fornecer as informa\u00e7\u00f5es sobre os alunos que ir\u00e3o colar grau, respeitando os prazos estabelecidos pela SIG III e Subdivis\u00e3o de Comunica\u00e7\u00e3o do CCSH.<\/p>\n\n\n\n<p>______________________________________________________________________________________________<\/p>\n\n\n\n<p>Para mais informa\u00e7\u00f5es, acesse:&nbsp;<strong><a href=\"https:\/\/www.ufsm.br\/pro-reitorias\/prograd\/colacao-de-grau\/\">Cola\u00e7\u00e3o de Grau na UFSM<\/a><\/strong><\/p>\n","protected":false},"excerpt":{"rendered":"<p>A &nbsp;Resolu\u00e7\u00e3o N. 011\/2018 estabelece que a UFSM passa a assumir a organiza\u00e7\u00e3o e promo\u00e7\u00e3o das solenidades de cola\u00e7\u00e3o de grau, institucionalizando a cerim\u00f4nia e tornando-a acess\u00edvel a todos(as) os(as) estudantes. Sendo assim, TODAS as formaturas ser\u00e3o realizadas na UFSM em sess\u00f5es solenes&nbsp;ou, excepcionalmente, em gabinete.&nbsp; Al\u00e9m da Resolu\u00e7\u00e3o N. 011\/2018, a PROGRAD criou a&nbsp;Instru\u00e7\u00e3o [&hellip;]<\/p>\n","protected":false},"author":2252,"featured_media":0,"parent":0,"menu_order":0,"comment_status":"closed","ping_status":"closed","template":"","meta":{"footnotes":""},"categories":[],"tags":[],"class_list":["post-3515","page","type-page","status-publish","hentry"],"acf":[],"_links":{"self":[{"href":"https:\/\/www.ufsm.br\/cursos\/graduacao\/santa-maria\/relacoes-internacionais\/wp-json\/wp\/v2\/pages\/3515","targetHints":{"allow":["GET"]}}],"collection":[{"href":"https:\/\/www.ufsm.br\/cursos\/graduacao\/santa-maria\/relacoes-internacionais\/wp-json\/wp\/v2\/pages"}],"about":[{"href":"https:\/\/www.ufsm.br\/cursos\/graduacao\/santa-maria\/relacoes-internacionais\/wp-json\/wp\/v2\/types\/page"}],"author":[{"embeddable":true,"href":"https:\/\/www.ufsm.br\/cursos\/graduacao\/santa-maria\/relacoes-internacionais\/wp-json\/wp\/v2\/users\/2252"}],"replies":[{"embeddable":true,"href":"https:\/\/www.ufsm.br\/cursos\/graduacao\/santa-maria\/relacoes-internacionais\/wp-json\/wp\/v2\/comments?post=3515"}],"version-history":[{"count":0,"href":"https:\/\/www.ufsm.br\/cursos\/graduacao\/santa-maria\/relacoes-internacionais\/wp-json\/wp\/v2\/pages\/3515\/revisions"}],"wp:attachment":[{"href":"https:\/\/www.ufsm.br\/cursos\/graduacao\/santa-maria\/relacoes-internacionais\/wp-json\/wp\/v2\/media?parent=3515"}],"wp:term":[{"taxonomy":"category","embeddable":true,"href":"https:\/\/www.ufsm.br\/cursos\/graduacao\/santa-maria\/relacoes-internacionais\/wp-json\/wp\/v2\/categories?post=3515"},{"taxonomy":"post_tag","embeddable":true,"href":"https:\/\/www.ufsm.br\/cursos\/graduacao\/santa-maria\/relacoes-internacionais\/wp-json\/wp\/v2\/tags?post=3515"}],"curies":[{"name":"wp","href":"https:\/\/api.w.org\/{rel}","templated":true}]}}