{"id":174,"date":"2018-12-04T16:52:00","date_gmt":"2018-12-04T18:52:00","guid":{"rendered":"https:\/\/www.ufsm.br\/cursos\/graduacao\/santa-maria\/relacoes-publicas\/?page_id=174"},"modified":"2018-12-04T16:52:01","modified_gmt":"2018-12-04T18:52:01","slug":"principais-duvidas","status":"publish","type":"page","link":"https:\/\/www.ufsm.br\/cursos\/graduacao\/santa-maria\/relacoes-publicas\/principais-duvidas","title":{"rendered":"Principais d\u00favidas"},"content":{"rendered":"<p><strong>1. Sou aluno de Rela\u00e7\u00f5es P\u00fablicas e quero cursar uma DCG do curr\u00edculo do curso.<\/strong><\/p>\n<p>Como aluno de RP voc\u00ea tem prioridade na matr\u00edcula de DCGs ofertadas pelo Curso. Consulte a oferta de disciplinas do semestre vigente e verifique se h\u00e1 disponibilidade de DCGs para o seu semestre. Lembre que ser\u00e1 necess\u00e1ria compatibilidade de hor\u00e1rios entre as disciplinas obrigat\u00f3rias e as DCG &#8211; voc\u00ea n\u00e3o pode cursar disciplinas diferentes em um mesmo hor\u00e1rio.<\/p>\n<p><strong>2. Sou aluno de Rela\u00e7\u00f5es P\u00fablicas e quero cursar uma disciplina ofertada por outro curso da FACOS.<\/strong><\/p>\n<p>Voc\u00ea pode solicitar vagas remanescentes em outros cursos da FACOS durante o ajuste de matr\u00edculas. As secretarias da FACOS divulgam um cronograma de ajuste de disciplinas contendo um dia espec\u00edfico para cada curso e um dia para ajustes gerais, quando alunos de um curso podem solicitar matr\u00edcula em outro. Voc\u00ea deve solicitar a matr\u00edcula em outro curso no dia indicado para os ajustes gerais.<\/p>\n<p><strong>3. Sou aluno de Rela\u00e7\u00f5es P\u00fablicas e quero cursar uma disciplina ofertada por outro curso do CCSH ou de outro Centro da UFSM.<\/strong><\/p>\n<p>Voc\u00ea vai precisar de um formul\u00e1rio de solicita\u00e7\u00e3o de disciplina em outro curso, que \u00e9 fornecido pela secretaria. Com este documento, voc\u00ea deve fazer contato direto com a secretaria do curso que oferta a disciplina desejada. Cada secretaria tem liberdade para organizar os ajustes de matr\u00edcula e alguns cursos costumam abrir listas de espera de vagas antes mesmo do prazo de ajuste de matr\u00edcula.<\/p>\n<p><strong>4. N\u00e3o sou aluno de Rela\u00e7\u00f5es P\u00fablicas e quero cursar uma disciplina do curr\u00edculo do curso.<\/strong><\/p>\n<p>Se voc\u00ea \u00e9 aluno de outro curso da UFSM, pode solicitar matr\u00edcula em vagas remanescentes da oferta de Rela\u00e7\u00f5es P\u00fablicas\u00a0 durante o ajuste de matr\u00edculas. As secretarias da FACOS divulgam um cronograma de ajuste de disciplinas contendo um dia espec\u00edfico para ajustes gerais, quando alunos de um curso podem solicitar matr\u00edcula em outro. Voc\u00ea deve solicitar a matr\u00edcula em outro curso no dia indicado para os ajustes gerais. N\u00e3o esque\u00e7a de trazer assinado o\u00a0formul\u00e1rio de solicita\u00e7\u00e3o de disciplina em outro curso, fornecido pela sua secretaria.<\/p>\n<p><strong>5. Sou aluno de Rela\u00e7\u00f5es P\u00fablicas e cursei uma disciplina em outro curso da UFSM. Como posso solicitar a valida\u00e7\u00e3o de DCG?<\/strong><\/p>\n<p>Voc\u00ea deve protocolar, junto \u00e0 secretaria do Curso, um pedido de valida\u00e7\u00e3o de DCG. O\u00a0formul\u00e1rio de solicita\u00e7\u00e3o\u00a0est\u00e1 dispon\u00edvel na secretaria do Curso e deve estar acompanhado de uma\u00a0c\u00f3pia do hist\u00f3rico\u00a0(pe\u00e7a na secretaria de curso) contendo a nota obtida na disciplina que deseja validar e uma\u00a0c\u00f3pia do programa da disciplina.<\/p>\n","protected":false},"excerpt":{"rendered":"<p>1. Sou aluno de Rela\u00e7\u00f5es P\u00fablicas e quero cursar uma DCG do curr\u00edculo do curso. Como aluno de RP voc\u00ea tem prioridade na matr\u00edcula de DCGs ofertadas pelo Curso. Consulte a oferta de disciplinas do semestre vigente e verifique se h\u00e1 disponibilidade de DCGs para o seu semestre. Lembre que ser\u00e1 necess\u00e1ria compatibilidade de hor\u00e1rios [&hellip;]<\/p>\n","protected":false},"author":194,"featured_media":0,"parent":0,"menu_order":0,"comment_status":"closed","ping_status":"closed","template":"","meta":{"footnotes":""},"categories":[],"tags":[],"class_list":["post-174","page","type-page","status-publish","hentry"],"acf":[],"_links":{"self":[{"href":"https:\/\/www.ufsm.br\/cursos\/graduacao\/santa-maria\/relacoes-publicas\/wp-json\/wp\/v2\/pages\/174","targetHints":{"allow":["GET"]}}],"collection":[{"href":"https:\/\/www.ufsm.br\/cursos\/graduacao\/santa-maria\/relacoes-publicas\/wp-json\/wp\/v2\/pages"}],"about":[{"href":"https:\/\/www.ufsm.br\/cursos\/graduacao\/santa-maria\/relacoes-publicas\/wp-json\/wp\/v2\/types\/page"}],"author":[{"embeddable":true,"href":"https:\/\/www.ufsm.br\/cursos\/graduacao\/santa-maria\/relacoes-publicas\/wp-json\/wp\/v2\/users\/194"}],"replies":[{"embeddable":true,"href":"https:\/\/www.ufsm.br\/cursos\/graduacao\/santa-maria\/relacoes-publicas\/wp-json\/wp\/v2\/comments?post=174"}],"version-history":[{"count":0,"href":"https:\/\/www.ufsm.br\/cursos\/graduacao\/santa-maria\/relacoes-publicas\/wp-json\/wp\/v2\/pages\/174\/revisions"}],"wp:attachment":[{"href":"https:\/\/www.ufsm.br\/cursos\/graduacao\/santa-maria\/relacoes-publicas\/wp-json\/wp\/v2\/media?parent=174"}],"wp:term":[{"taxonomy":"category","embeddable":true,"href":"https:\/\/www.ufsm.br\/cursos\/graduacao\/santa-maria\/relacoes-publicas\/wp-json\/wp\/v2\/categories?post=174"},{"taxonomy":"post_tag","embeddable":true,"href":"https:\/\/www.ufsm.br\/cursos\/graduacao\/santa-maria\/relacoes-publicas\/wp-json\/wp\/v2\/tags?post=174"}],"curies":[{"name":"wp","href":"https:\/\/api.w.org\/{rel}","templated":true}]}}