{"id":175,"date":"2018-12-04T16:53:16","date_gmt":"2018-12-04T18:53:16","guid":{"rendered":"https:\/\/www.ufsm.br\/cursos\/graduacao\/santa-maria\/relacoes-publicas\/?page_id=175"},"modified":"2018-12-04T16:53:16","modified_gmt":"2018-12-04T18:53:16","slug":"atividades-complementares-de-graduacao-acgs","status":"publish","type":"page","link":"https:\/\/www.ufsm.br\/cursos\/graduacao\/santa-maria\/relacoes-publicas\/atividades-complementares-de-graduacao-acgs","title":{"rendered":"Atividades complementares de gradua\u00e7\u00e3o &#8211; ACGs"},"content":{"rendered":"<p>Como Atividade Complementar de Gradua\u00e7\u00e3o, \u00e9 contabilizado para o acad\u00eamico, atividades promovidas no ensino, na pesquisa e na extens\u00e3o, possibilitando o cont\u00ednuo aperfei\u00e7oamento e atualiza\u00e7\u00e3o dos conte\u00fados curriculares.<br \/>\nA principal caracter\u00edstica da ACG dever\u00e1 ser o est\u00edmulo para:<\/p>\n<p>1) desenvolvimento de atividades orientadas nos laborat\u00f3rios dos Cursos de Comunica\u00e7\u00e3o Social, como bolsistas ou como colaboradores;<\/p>\n<p>2) participa\u00e7\u00e3o em projetos de pesquisa, como bolsistas ou colaboradores;<\/p>\n<p>3) participa\u00e7\u00e3o em a\u00e7\u00f5es de extens\u00e3o, como bolsistas ou colaboradores;<\/p>\n<p>4) participa\u00e7\u00e3o nos grupos de pesquisa e grupos de estudo orientados por professores do Departamento de Ci\u00eancias da Comunica\u00e7\u00e3o;<\/p>\n<p>5) participa\u00e7\u00e3o no Programa de Educa\u00e7\u00e3o Tutorial \u2013 PETCOM, como bolsistas ou volunt\u00e1rios;<\/p>\n<p>6) participa\u00e7\u00e3o em eventos cient\u00edficos;<\/p>\n<p>7) publica\u00e7\u00f5es;<\/p>\n<p>O Colegiado tamb\u00e9m definiu e aprovou as categorias de ACGs:<\/p>\n<p><strong>Programas de incentivo \u00e0 forma\u00e7\u00e3o acad\u00eamica<\/strong><br \/>\na) Programa Especial de Treinamento (PET);<br \/>\nb) Monitoria;<br \/>\nc) Programa de inicia\u00e7\u00e3o cient\u00edfica;<br \/>\nd) Projetos de ensino e extens\u00e3o.<\/p>\n<p><strong>Eventos e forma de participa\u00e7\u00e3o<\/strong><br \/>\na) Cursos extracurriculares;<br \/>\nb) Congressos nacionais ou internacionais como participante;<br \/>\nc) Congressos nacionais e\/ou internacionais como apresentador de trabalho;<br \/>\nd) Apresenta\u00e7\u00e3o de trabalhos;<br \/>\ne) Como participante\/ouvinte em jornadas acad\u00eamicas, semin\u00e1rios, simp\u00f3sios, congressos e outros eventos da \u00e1rea;<br \/>\nf) Como organizador de evento.<\/p>\n<p><strong>Publica\u00e7\u00f5es:<\/strong><br \/>\na) Resumo publicado em anais de congressos regionais, estaduais, nacionais ou internacionais;<br \/>\nb) Artigo completo publicado em revista nacional e\/ou internacional da \u00e1rea.<\/p>\n<p><strong>Como colaborador em atividades do Curso:<\/strong><br \/>\na) Colaborador em atividades de ensino, pesquisa e\/ou extens\u00e3o;<br \/>\nb) Como colaborador em atividades desenvolvidas no \u00e2mbito dos Cursos de Comunica\u00e7\u00e3o Social e \u00f3rg\u00e3os suplementares da Institui\u00e7\u00e3o na forma de trabalho volunt\u00e1rio.<\/p>\n<p><strong>Participa\u00e7\u00e3o em \u00f3rg\u00e3os colegiados e diret\u00f3rios acad\u00eamicos.<\/strong><br \/>\n<strong>Est\u00e1gios extracurriculares.<\/strong><\/p>\n","protected":false},"excerpt":{"rendered":"<p>Como Atividade Complementar de Gradua\u00e7\u00e3o, \u00e9 contabilizado para o acad\u00eamico, atividades promovidas no ensino, na pesquisa e na extens\u00e3o, possibilitando o cont\u00ednuo aperfei\u00e7oamento e atualiza\u00e7\u00e3o dos conte\u00fados curriculares. A principal caracter\u00edstica da ACG dever\u00e1 ser o est\u00edmulo para: 1) desenvolvimento de atividades orientadas nos laborat\u00f3rios dos Cursos de Comunica\u00e7\u00e3o Social, como bolsistas ou como colaboradores; [&hellip;]<\/p>\n","protected":false},"author":194,"featured_media":0,"parent":0,"menu_order":0,"comment_status":"closed","ping_status":"closed","template":"","meta":{"footnotes":""},"categories":[],"tags":[],"class_list":["post-175","page","type-page","status-publish","hentry"],"acf":[],"_links":{"self":[{"href":"https:\/\/www.ufsm.br\/cursos\/graduacao\/santa-maria\/relacoes-publicas\/wp-json\/wp\/v2\/pages\/175","targetHints":{"allow":["GET"]}}],"collection":[{"href":"https:\/\/www.ufsm.br\/cursos\/graduacao\/santa-maria\/relacoes-publicas\/wp-json\/wp\/v2\/pages"}],"about":[{"href":"https:\/\/www.ufsm.br\/cursos\/graduacao\/santa-maria\/relacoes-publicas\/wp-json\/wp\/v2\/types\/page"}],"author":[{"embeddable":true,"href":"https:\/\/www.ufsm.br\/cursos\/graduacao\/santa-maria\/relacoes-publicas\/wp-json\/wp\/v2\/users\/194"}],"replies":[{"embeddable":true,"href":"https:\/\/www.ufsm.br\/cursos\/graduacao\/santa-maria\/relacoes-publicas\/wp-json\/wp\/v2\/comments?post=175"}],"version-history":[{"count":0,"href":"https:\/\/www.ufsm.br\/cursos\/graduacao\/santa-maria\/relacoes-publicas\/wp-json\/wp\/v2\/pages\/175\/revisions"}],"wp:attachment":[{"href":"https:\/\/www.ufsm.br\/cursos\/graduacao\/santa-maria\/relacoes-publicas\/wp-json\/wp\/v2\/media?parent=175"}],"wp:term":[{"taxonomy":"category","embeddable":true,"href":"https:\/\/www.ufsm.br\/cursos\/graduacao\/santa-maria\/relacoes-publicas\/wp-json\/wp\/v2\/categories?post=175"},{"taxonomy":"post_tag","embeddable":true,"href":"https:\/\/www.ufsm.br\/cursos\/graduacao\/santa-maria\/relacoes-publicas\/wp-json\/wp\/v2\/tags?post=175"}],"curies":[{"name":"wp","href":"https:\/\/api.w.org\/{rel}","templated":true}]}}