{"id":197,"date":"2018-12-05T09:05:13","date_gmt":"2018-12-05T11:05:13","guid":{"rendered":"https:\/\/www.ufsm.br\/cursos\/graduacao\/santa-maria\/relacoes-publicas\/?page_id=197"},"modified":"2025-07-24T15:30:21","modified_gmt":"2025-07-24T18:30:21","slug":"produtos-laboratoriais","status":"publish","type":"page","link":"https:\/\/www.ufsm.br\/cursos\/graduacao\/santa-maria\/relacoes-publicas\/produtos-laboratoriais","title":{"rendered":"Projetos de Ensino"},"content":{"rendered":"\t\t<div data-elementor-type=\"wp-page\" data-elementor-id=\"197\" class=\"elementor elementor-197\">\n\t\t\t\t\t\t<section class=\"elementor-section elementor-top-section elementor-element elementor-element-37955c0 elementor-section-boxed elementor-section-height-default elementor-section-height-default\" data-id=\"37955c0\" data-element_type=\"section\">\n\t\t\t\t\t\t<div class=\"elementor-container elementor-column-gap-default\">\n\t\t\t\t\t<div class=\"elementor-column elementor-col-100 elementor-top-column elementor-element elementor-element-8e1c112\" data-id=\"8e1c112\" data-element_type=\"column\">\n\t\t\t<div class=\"elementor-widget-wrap elementor-element-populated\">\n\t\t\t\t\t\t<div class=\"elementor-element elementor-element-1f8e9a2 elementor-widget elementor-widget-text-editor\" data-id=\"1f8e9a2\" data-element_type=\"widget\" data-widget_type=\"text-editor.default\">\n\t\t\t\t<div class=\"elementor-widget-container\">\n\t\t\t\t\t\t\t<p><strong>Projeto 50|50 &#8211; Coordena\u00e7\u00e3o: Fernanda Sagrilo Andres<\/strong><\/p><p>Em qualquer roda de conversa, juntar as palavras \u201cmulher\u201d e \u201cpublicidade\u201d \u00e9 ter a certeza de uma boa discuss\u00e3o pela frente. N\u00e3o \u00e9 de se duvidar que, em poucos segundos, o tema junte opini\u00f5es t\u00e3o diversas quanto contradit\u00f3rias. Algu\u00e9m poder\u00e1 evocar a lembran\u00e7a daquele comercial ic\u00f4nico dos anos 1980, em que uma menina recebe o seu primeiro suti\u00e3. J\u00e1 outros poder\u00e3o trazer com indigna\u00e7\u00e3o exemplos de an\u00fancios que falharam no seu prop\u00f3sito de dialogar com o p\u00fablico feminino, quando resumiram a mulher a um produto a servi\u00e7o do homem, n\u00e3o raramente a um objeto sexual a ser desejado por ele. Seja para reclamar, seja para elogiar, todo mundo tem algo a dizer sobre a publicidade. E isso s\u00f3 acontece porque a publicidade \u00e9 um sistema cultural complexo \u2013 mais do que nos permite imaginar o r\u00e1pido comercial antes de um v\u00eddeo no YouTube ou um<i>\u00a0jingle\u00a0<\/i>que ouvimos no r\u00e1dio. Para se fazer presente em nossa vida, articula cultura, economia, pol\u00edtica e hist\u00f3ria. Falar sobre ela \u00e9, ent\u00e3o, falar um pouco sobre quem somos e como nos vemos como sociedade.<\/p>\t\t\t\t\t\t<\/div>\n\t\t\t\t<\/div>\n\t\t\t\t\t<\/div>\n\t\t<\/div>\n\t\t\t\t\t<\/div>\n\t\t<\/section>\n\t\t\t\t<section class=\"elementor-section elementor-top-section elementor-element elementor-element-3e5ec5e elementor-section-boxed elementor-section-height-default elementor-section-height-default\" data-id=\"3e5ec5e\" data-element_type=\"section\">\n\t\t\t\t\t\t<div class=\"elementor-container elementor-column-gap-default\">\n\t\t\t\t\t<div class=\"elementor-column elementor-col-100 elementor-top-column elementor-element elementor-element-06575b0\" data-id=\"06575b0\" data-element_type=\"column\">\n\t\t\t<div class=\"elementor-widget-wrap elementor-element-populated\">\n\t\t\t\t\t\t<div class=\"elementor-element elementor-element-62f88f5 elementor-widget elementor-widget-text-editor\" data-id=\"62f88f5\" data-element_type=\"widget\" data-widget_type=\"text-editor.default\">\n\t\t\t\t<div class=\"elementor-widget-container\">\n\t\t\t\t\t\t\t<p><strong>Conex\u00f5es maternas &#8211; Coordena\u00e7\u00e3o: Fernanda Sagrilo Andres <\/strong><\/p><p>O projeto <em data-start=\"245\" data-end=\"264\">Conex\u00f5es Maternas<\/em> tem como objetivo promover espa\u00e7os de escuta, acolhimento e troca de experi\u00eancias entre m\u00e3es, especialmente dentro do contexto universit\u00e1rio. A iniciativa busca fortalecer v\u00ednculos, valorizar as m\u00faltiplas viv\u00eancias da maternidade e contribuir para a constru\u00e7\u00e3o de redes de apoio, por meio de a\u00e7\u00f5es de comunica\u00e7\u00e3o, encontros tem\u00e1ticos e atividades interativas. Coordenado pela professora Fernanda Sagrilo Andres, o projeto prop\u00f5e reflex\u00f5es sens\u00edveis e inclusivas sobre os desafios e pot\u00eancias de ser m\u00e3e na contemporaneidade, articulando ensino, pesquisa e extens\u00e3o.<\/p>\t\t\t\t\t\t<\/div>\n\t\t\t\t<\/div>\n\t\t\t\t\t<\/div>\n\t\t<\/div>\n\t\t\t\t\t<\/div>\n\t\t<\/section>\n\t\t\t\t<\/div>\n\t\t","protected":false},"excerpt":{"rendered":"<p>Projeto 50|50 &#8211; Coordena\u00e7\u00e3o: Fernanda Sagrilo Andres Em qualquer roda de conversa, juntar as palavras \u201cmulher\u201d e \u201cpublicidade\u201d \u00e9 ter a certeza de uma boa discuss\u00e3o pela frente. N\u00e3o \u00e9 de se duvidar que, em poucos segundos, o tema junte opini\u00f5es t\u00e3o diversas quanto contradit\u00f3rias. Algu\u00e9m poder\u00e1 evocar a lembran\u00e7a daquele comercial ic\u00f4nico dos anos [&hellip;]<\/p>\n","protected":false},"author":194,"featured_media":0,"parent":0,"menu_order":0,"comment_status":"closed","ping_status":"closed","template":"","meta":{"footnotes":""},"categories":[],"tags":[],"class_list":["post-197","page","type-page","status-publish","hentry"],"acf":[],"_links":{"self":[{"href":"https:\/\/www.ufsm.br\/cursos\/graduacao\/santa-maria\/relacoes-publicas\/wp-json\/wp\/v2\/pages\/197","targetHints":{"allow":["GET"]}}],"collection":[{"href":"https:\/\/www.ufsm.br\/cursos\/graduacao\/santa-maria\/relacoes-publicas\/wp-json\/wp\/v2\/pages"}],"about":[{"href":"https:\/\/www.ufsm.br\/cursos\/graduacao\/santa-maria\/relacoes-publicas\/wp-json\/wp\/v2\/types\/page"}],"author":[{"embeddable":true,"href":"https:\/\/www.ufsm.br\/cursos\/graduacao\/santa-maria\/relacoes-publicas\/wp-json\/wp\/v2\/users\/194"}],"replies":[{"embeddable":true,"href":"https:\/\/www.ufsm.br\/cursos\/graduacao\/santa-maria\/relacoes-publicas\/wp-json\/wp\/v2\/comments?post=197"}],"version-history":[{"count":0,"href":"https:\/\/www.ufsm.br\/cursos\/graduacao\/santa-maria\/relacoes-publicas\/wp-json\/wp\/v2\/pages\/197\/revisions"}],"wp:attachment":[{"href":"https:\/\/www.ufsm.br\/cursos\/graduacao\/santa-maria\/relacoes-publicas\/wp-json\/wp\/v2\/media?parent=197"}],"wp:term":[{"taxonomy":"category","embeddable":true,"href":"https:\/\/www.ufsm.br\/cursos\/graduacao\/santa-maria\/relacoes-publicas\/wp-json\/wp\/v2\/categories?post=197"},{"taxonomy":"post_tag","embeddable":true,"href":"https:\/\/www.ufsm.br\/cursos\/graduacao\/santa-maria\/relacoes-publicas\/wp-json\/wp\/v2\/tags?post=197"}],"curies":[{"name":"wp","href":"https:\/\/api.w.org\/{rel}","templated":true}]}}