{"id":235,"date":"2018-12-05T10:17:39","date_gmt":"2018-12-05T12:17:39","guid":{"rendered":"https:\/\/www.ufsm.br\/cursos\/graduacao\/santa-maria\/relacoes-publicas\/?page_id=235"},"modified":"2025-02-26T21:54:39","modified_gmt":"2025-02-27T00:54:39","slug":"contato-2","status":"publish","type":"page","link":"https:\/\/www.ufsm.br\/cursos\/graduacao\/santa-maria\/relacoes-publicas\/contato-2","title":{"rendered":"Contato"},"content":{"rendered":"<h2>DAACOM &#8211; Divis\u00e3o de Apoio Administrativo \u00e0s Ci\u00eancias da Comunica\u00e7\u00e3o.<\/h2>\n<ul>\n<li>Av. Roraima, 1000 \u2013 Pr\u00e9dio 21, segundo andar &#8211; Sala 5233\n<p style=\"font-size: 16px\">Cidade Universit\u00e1ria \u2013 Bairro Camobi &#8211; Santa Maria \u2013 CEP: 97105-900<\/p>\n<\/li>\n<li>(55) 3220-8487<\/li>\n<li>(55) 3220-8491<\/li>\n<li>(55) 3220-8811<a href=\"https:\/\/api.whatsapp.com\/send?phone=555532208487\"><br \/>WhatsApp da Secretaria &#8211; clique<br \/><\/a><\/li>\n<li>E-mail geral: <strong><span style=\"color: #ff0000\">daacom.ccsh@ufsm.br<\/span><\/strong><\/li>\n<li>E-mail para assuntos de est\u00e1gios: <strong><span style=\"color: #ff0000\">estagioscom.ccsh@ufsm.br<\/span><\/strong><\/li>\n<\/ul>\n<h2>Coordena\u00e7\u00e3o do Curso 2025-2026\u00a0<\/h2>\n<ul style=\"list-style-type: square\">\n<li><strong>Coordenadora:<\/strong> Prof\u00aa Dra. Rejane de Oliveira Pozobon\u00a0<\/li>\n<\/ul>\n<ul style=\"list-style-type: square\">\n<li><strong>Coordenadora Substituta:<\/strong> Prof\u00aa Dra. Fernanda Sagrilo Andres<\/li>\n<\/ul>\n<ul>\n<li>E-mail do coordenador(a) em exerc\u00edcio: <span style=\"color: #ff0000\"><strong>coordrp.ccsh@ufsm.br<\/strong><\/span>\u00a0<\/li>\n<\/ul>\n\n\n<\/p>\n<p>\n","protected":false},"excerpt":{"rendered":"<p>DAACOM &#8211; Divis\u00e3o de Apoio Administrativo \u00e0s Ci\u00eancias da Comunica\u00e7\u00e3o. Av. Roraima, 1000 \u2013 Pr\u00e9dio 21, segundo andar &#8211; Sala 5233 Cidade Universit\u00e1ria \u2013 Bairro Camobi &#8211; Santa Maria \u2013 CEP: 97105-900 (55) 3220-8487 (55) 3220-8491 (55) 3220-8811WhatsApp da Secretaria &#8211; clique E-mail geral: daacom.ccsh@ufsm.br E-mail para assuntos de est\u00e1gios: estagioscom.ccsh@ufsm.br Coordena\u00e7\u00e3o do Curso 2025-2026\u00a0 [&hellip;]<\/p>\n","protected":false},"author":194,"featured_media":0,"parent":0,"menu_order":0,"comment_status":"closed","ping_status":"closed","template":"","meta":{"footnotes":""},"categories":[],"tags":[],"class_list":["post-235","page","type-page","status-publish","hentry"],"acf":[],"_links":{"self":[{"href":"https:\/\/www.ufsm.br\/cursos\/graduacao\/santa-maria\/relacoes-publicas\/wp-json\/wp\/v2\/pages\/235","targetHints":{"allow":["GET"]}}],"collection":[{"href":"https:\/\/www.ufsm.br\/cursos\/graduacao\/santa-maria\/relacoes-publicas\/wp-json\/wp\/v2\/pages"}],"about":[{"href":"https:\/\/www.ufsm.br\/cursos\/graduacao\/santa-maria\/relacoes-publicas\/wp-json\/wp\/v2\/types\/page"}],"author":[{"embeddable":true,"href":"https:\/\/www.ufsm.br\/cursos\/graduacao\/santa-maria\/relacoes-publicas\/wp-json\/wp\/v2\/users\/194"}],"replies":[{"embeddable":true,"href":"https:\/\/www.ufsm.br\/cursos\/graduacao\/santa-maria\/relacoes-publicas\/wp-json\/wp\/v2\/comments?post=235"}],"version-history":[{"count":0,"href":"https:\/\/www.ufsm.br\/cursos\/graduacao\/santa-maria\/relacoes-publicas\/wp-json\/wp\/v2\/pages\/235\/revisions"}],"wp:attachment":[{"href":"https:\/\/www.ufsm.br\/cursos\/graduacao\/santa-maria\/relacoes-publicas\/wp-json\/wp\/v2\/media?parent=235"}],"wp:term":[{"taxonomy":"category","embeddable":true,"href":"https:\/\/www.ufsm.br\/cursos\/graduacao\/santa-maria\/relacoes-publicas\/wp-json\/wp\/v2\/categories?post=235"},{"taxonomy":"post_tag","embeddable":true,"href":"https:\/\/www.ufsm.br\/cursos\/graduacao\/santa-maria\/relacoes-publicas\/wp-json\/wp\/v2\/tags?post=235"}],"curies":[{"name":"wp","href":"https:\/\/api.w.org\/{rel}","templated":true}]}}