{"id":161,"date":"2018-12-12T16:00:02","date_gmt":"2018-12-12T18:00:02","guid":{"rendered":"https:\/\/www.ufsm.br\/cursos\/graduacao\/santa-maria\/servico-social\/?page_id=161"},"modified":"2018-12-12T16:00:03","modified_gmt":"2018-12-12T18:00:03","slug":"disciplinas-complementares-de-graduacao-dcg","status":"publish","type":"page","link":"https:\/\/www.ufsm.br\/cursos\/graduacao\/santa-maria\/servico-social\/disciplinas-complementares-de-graduacao-dcg","title":{"rendered":"Disciplinas Complementares de Gradua\u00e7\u00e3o &#8211; DCG"},"content":{"rendered":"<div class=\"col-md-8\">\n<div class=\"item-page\">\n<div>\n<table border=\"1\" cellspacing=\"0\" cellpadding=\"0\">\n<colgroup>\n<col width=\"109\" \/>\n<col width=\"650\" \/><\/colgroup>\n<tbody>\n<tr>\n<td width=\"112\" height=\"17\">COD. DISCIPLINA<\/td>\n<td width=\"683\">NOME_DISCIPLINA<\/td>\n<\/tr>\n<tr>\n<td height=\"17\">DCG1114<\/td>\n<td>T\u00d3PICOS EM SERVI\u00c7O SOCIAL<\/td>\n<\/tr>\n<tr>\n<td height=\"17\">ISP1054<\/td>\n<td>ANTROPOLOGIA E SA\u00daDE: TEMAS ATUAIS<\/td>\n<\/tr>\n<tr>\n<td height=\"17\">COM1116<\/td>\n<td>COMUNICA\u00c7\u00c3O E CIDADANIA<\/td>\n<\/tr>\n<tr>\n<td height=\"17\">COM1116<\/td>\n<td>COMUNICA\u00c7\u00c3O E CIDADANIA<\/td>\n<\/tr>\n<tr>\n<td height=\"17\">EDE1114<\/td>\n<td>LIBRAS I<\/td>\n<\/tr>\n<tr>\n<td height=\"17\">EDE1114<\/td>\n<td>LIBRAS I<\/td>\n<\/tr>\n<tr>\n<td height=\"17\">HST1017<\/td>\n<td>TEORIA DA HIST\u00d3RIA III<\/td>\n<\/tr>\n<tr>\n<td height=\"17\">HST1045<\/td>\n<td>N\u00daCLEO DE PESQUISA III : MUNDOS DO TRABALHO &#8211; MOVIMENTOS SOCIAIS E POL\u00cdTICOS DO BRASIL CONTEMPOR\u00c2NEO I<\/td>\n<\/tr>\n<tr>\n<td height=\"17\">HST1045<\/td>\n<td>N\u00daCLEO DE PESQUISA III : MUNDOS DO TRABALHO &#8211; MOVIMENTOS SOCIAIS E POL\u00cdTICOS DO BRASIL CONTEMPOR\u00c2NEO I<\/td>\n<\/tr>\n<tr>\n<td height=\"17\">HST1065<\/td>\n<td>N\u00daCLEO DE PESQUISA XIII : MUNDOS DO TRABALHO-MOV. SOCIAIS E POL\u00cdTICOS NO BRASIL CONTEMPOR\u00c2NEO II<\/td>\n<\/tr>\n<tr>\n<td height=\"17\">HST1065<\/td>\n<td>N\u00daCLEO DE PESQUISA XIII : MUNDOS DO TRABALHO-MOV. SOCIAIS E POL\u00cdTICOS NO BRASIL CONTEMPOR\u00c2NEO II<\/td>\n<\/tr>\n<tr>\n<td height=\"17\">ISP1017<\/td>\n<td>ELITES E SOCIEDADE<\/td>\n<\/tr>\n<tr>\n<td height=\"17\">ISP1019<\/td>\n<td>ESTUDOS LEGISLATIVOS ESTADUAIS<\/td>\n<\/tr>\n<tr>\n<td height=\"17\">ISP1020<\/td>\n<td>SEMIN\u00c1RIO : PARENTESCO EM SOCIEDADES COMPLEXAS<\/td>\n<\/tr>\n<tr>\n<td height=\"17\">ISP1021<\/td>\n<td>SOCIOLOGIA POL\u00cdTICA : \u00caNFASE EM MOVIMENTOS SOCIAIS<\/td>\n<\/tr>\n<tr>\n<td height=\"17\">ISP1023<\/td>\n<td>TEORIA DO ESTADO<\/td>\n<\/tr>\n<tr>\n<td height=\"17\">ISP1024<\/td>\n<td>ANTROPOLOGIA NO BRASIL<\/td>\n<\/tr>\n<tr>\n<td height=\"17\">ISP1024<\/td>\n<td>ANTROPOLOGIA NO BRASIL<\/td>\n<\/tr>\n<tr>\n<td height=\"17\">ISP1025<\/td>\n<td>ANTROPOLOGIA POL\u00cdTICA<\/td>\n<\/tr>\n<tr>\n<td height=\"17\">ISP1025<\/td>\n<td>ANTROPOLOGIA POL\u00cdTICA<\/td>\n<\/tr>\n<tr>\n<td height=\"17\">ISP1026<\/td>\n<td>GLOBALIZA\u00c7\u00c3O E CIDADANIA<\/td>\n<\/tr>\n<tr>\n<td height=\"17\">ISP1027<\/td>\n<td>INTRODU\u00c7\u00c3O \u00c0 ANTROPOLOGIA DA SA\u00daDE<\/td>\n<\/tr>\n<tr>\n<td height=\"17\">ISP1028<\/td>\n<td>NOVAS TECNOLOGIAS E CIBERCULTURA<\/td>\n<\/tr>\n<tr>\n<td height=\"17\">ISP1029<\/td>\n<td>OS ECONOMISTAS E A POL\u00cdTICA NO BRASIL<\/td>\n<\/tr>\n<tr>\n<td height=\"17\">ISP1030<\/td>\n<td>PARTIDOS POL\u00cdTICOS E SISTEMAS PARTID\u00c1RIOS<\/td>\n<\/tr>\n<tr>\n<td height=\"17\">ISP1031<\/td>\n<td>SOCIOLOGIA DA GEST\u00c3O DE POPULA\u00c7\u00d5ES<\/td>\n<\/tr>\n<tr>\n<td height=\"17\">ISP1032<\/td>\n<td>SOCIOLOGIA URBANA &#8220;A&#8221;<\/td>\n<\/tr>\n<tr>\n<td height=\"17\">ISP1039<\/td>\n<td>CAMPESINATO I<\/td>\n<\/tr>\n<tr>\n<td height=\"17\">ISP1040<\/td>\n<td>INTRODU\u00c7\u00c3O \u00c0S CI\u00caNCIAS SOCIAIS PARA A SA\u00daDE<\/td>\n<\/tr>\n<tr>\n<td height=\"17\">ISP1042<\/td>\n<td>INTRODU\u00c7\u00c3O \u00c0S CI\u00caNCIAS SOCIAIS : COMPLEMENTAR<\/td>\n<\/tr>\n<tr>\n<td height=\"17\">ISP1043<\/td>\n<td>PROJETO DE PESQUISA : COMPLEMENTAR<\/td>\n<\/tr>\n<tr>\n<td height=\"17\">ISP1043<\/td>\n<td>PROJETO DE PESQUISA : COMPLEMENTAR<\/td>\n<\/tr>\n<tr>\n<td height=\"17\">ISP1046<\/td>\n<td>NOVA QUEST\u00c3O SOCIAL<\/td>\n<\/tr>\n<tr>\n<td height=\"17\">ISP1047<\/td>\n<td>ESTUDOS \u00c9TNICOS E RACIAIS I<\/td>\n<\/tr>\n<tr>\n<td height=\"17\">ISP1053<\/td>\n<td>CI\u00caNCIAS SOCIAIS E MEIO AMBIENTE<\/td>\n<\/tr>\n<tr>\n<td height=\"17\">ISP1055<\/td>\n<td>LEITURAS EM ANTROPOLOGIA SOCIAL<\/td>\n<\/tr>\n<tr>\n<td height=\"17\">ISP1056<\/td>\n<td>MEM\u00d3RIA E SOCIEDADE I<\/td>\n<\/tr>\n<tr>\n<td height=\"17\">ISP1061<\/td>\n<td>METODOLOGIA QUANTITATIVA E QUALITATIVA PARA AS CI\u00caNCIAS SOCIAIS<\/td>\n<\/tr>\n<tr>\n<td height=\"17\">ISP1062<\/td>\n<td>ANTROPOLOGIA E IMAGEM<\/td>\n<\/tr>\n<tr>\n<td height=\"17\">ISP1063<\/td>\n<td>SOCIOLOGIA DAS PROFISS\u00d5ES<\/td>\n<\/tr>\n<tr>\n<td height=\"17\">ISP1064<\/td>\n<td>METODOLOGIA DE INVESTIGA\u00c7\u00c3O ANTROPOL\u00d3GICA<\/td>\n<\/tr>\n<tr>\n<td height=\"17\">ISP1065<\/td>\n<td>ANTROPOLOGIA DA EDUCA\u00c7\u00c3O<\/td>\n<\/tr>\n<tr>\n<td height=\"17\">ISP1068<\/td>\n<td>ANTROPOLOGIA, GENERO E SEXUALIDADE<\/td>\n<\/tr>\n<tr>\n<td height=\"17\">ISP1069<\/td>\n<td>POL\u00cdTICA E ESTRATOS POPULARES NO BRASIL<\/td>\n<\/tr>\n<tr>\n<td height=\"17\">ISP1073<\/td>\n<td>ESTUDOS DE G\u00caNERO<\/td>\n<\/tr>\n<tr>\n<td height=\"17\">ISP1075<\/td>\n<td>ANTROPOLOGIA DO TRABALHO I<\/td>\n<\/tr>\n<tr>\n<td height=\"17\">ISP1076<\/td>\n<td>FUNDAMENTOS DA TEORIA SOCIAL<\/td>\n<\/tr>\n<tr>\n<td height=\"17\">ISP1082<\/td>\n<td>TEMAS ANTROPOL\u00d3GICOS CONTEMPOR\u00c2NEOS<\/td>\n<\/tr>\n<tr>\n<td height=\"17\">ISP1120<\/td>\n<td>DILEMAS DA DEMOCRACIA<\/td>\n<\/tr>\n<tr>\n<td height=\"17\">ISP1121<\/td>\n<td>INSTITUI\u00c7\u00d5ES POLITICAS BRASILEIRAS<\/td>\n<\/tr>\n<tr>\n<td height=\"17\">ISP1123<\/td>\n<td>A FORMA\u00c7\u00c3O DO PENSAMENTO POLITICO BRASILEIRO<\/td>\n<\/tr>\n<tr>\n<td height=\"17\">ISP1131<\/td>\n<td>ESTUDOS SOCIAIS EM CI\u00caNCIA E TECNOLOGIA<\/td>\n<\/tr>\n<tr>\n<td height=\"17\">ISP1132<\/td>\n<td>POL\u00cdTICA BRASILEIRA P\u00d3S-64<\/td>\n<\/tr>\n<tr>\n<td height=\"17\">ISP1133<\/td>\n<td>PENSAMENTO SOCIAL BRASILEIRO<\/td>\n<\/tr>\n<tr>\n<td height=\"17\">ISP1134<\/td>\n<td>SOCIOLOGIA DO DESVIO<\/td>\n<\/tr>\n<tr>\n<td height=\"17\">ISP1135<\/td>\n<td>ORGANIZA\u00c7\u00c3O SOCIAL, FAMILIA E CLASSE NO BRASIL<\/td>\n<\/tr>\n<tr>\n<td height=\"17\">ISP1137<\/td>\n<td>SERVI\u00c7O SOCIAL: FAM\u00cdLIAS E POL\u00cdTICAS P\u00daBLICAS<\/td>\n<\/tr>\n<tr>\n<td height=\"17\">ISP1138<\/td>\n<td>SERVI\u00c7O SOCIAL: E GERONTOLOGIA SOCIAL<\/td>\n<\/tr>\n<tr>\n<td height=\"17\">ISP1148<\/td>\n<td>SERVI\u00c7O SOCIAL: ACOMPANHAMENTO DE ATIVIDADES PR\u00c1TICAS<\/td>\n<\/tr>\n<tr>\n<td height=\"17\">ISP1148<\/td>\n<td>SERVI\u00c7O SOCIAL: ACOMPANHAMENTO DE ATIVIDADES PR\u00c1TICAS<\/td>\n<\/tr>\n<tr>\n<td height=\"17\">ISP1149<\/td>\n<td>SERVI\u00c7O SOCIAL: VIOL\u00caNCIA E FORMA\u00c7\u00c3O PROFISSIONAL<\/td>\n<\/tr>\n<tr>\n<td height=\"17\">ISP1151<\/td>\n<td>FORMA\u00c7\u00c3O EM SERVI\u00c7O SOCIAL E IDENTIDADE PROFISSIONAL<\/td>\n<\/tr>\n<tr>\n<td height=\"17\">ISP1151<\/td>\n<td>FORMA\u00c7\u00c3O EM SERVI\u00c7O SOCIAL E IDENTIDADE PROFISSIONAL<\/td>\n<\/tr>\n<tr>\n<td height=\"17\">ISP1152<\/td>\n<td>PESQUISA EM SERVI\u00c7O SOCIAL II<\/td>\n<\/tr>\n<tr>\n<td height=\"17\">ISP1152<\/td>\n<td>PESQUISA EM SERVI\u00c7O SOCIAL II<\/td>\n<\/tr>\n<tr>\n<td height=\"17\">ISP1153<\/td>\n<td>SERVI\u00c7O SOCIAL: POBREZA, TRABALHO E ECONOMIA POPULAR SOLID\u00c1RIA<\/td>\n<\/tr>\n<tr>\n<td height=\"17\">ISP1153<\/td>\n<td>SERVI\u00c7O SOCIAL: POBREZA, TRABALHO E ECONOMIA POPULAR SOLID\u00c1RIA<\/td>\n<\/tr>\n<tr>\n<td height=\"17\">ISP1154<\/td>\n<td>O SERVI\u00c7O SOCIAL CONTEMPOR\u00c2NEO E OS DESAFIOS DO PROJETO \u00c9TICO-POL\u00cdTICO<\/td>\n<\/tr>\n<tr>\n<td height=\"17\">ISP1154<\/td>\n<td>O SERVI\u00c7O SOCIAL CONTEMPOR\u00c2NEO E OS DESAFIOS DO PROJETO \u00c9TICO-POL\u00cdTICO<\/td>\n<\/tr>\n<tr>\n<td height=\"17\">ISP1155<\/td>\n<td>SERVI\u00c7O SOCIAL NA EDUCA\u00c7\u00c3O: CEN\u00c1RIOS, PROCESSOS E PERSPECTIVAS<\/td>\n<\/tr>\n<tr>\n<td height=\"17\">ISP1155<\/td>\n<td>SERVI\u00c7O SOCIAL NA EDUCA\u00c7\u00c3O: CEN\u00c1RIOS, PROCESSOS E PERSPECTIVAS<\/td>\n<\/tr>\n<tr>\n<td height=\"17\">ISP1160<\/td>\n<td>SERVI\u00c7O SOCIAL JUDICI\u00c1RIO<\/td>\n<\/tr>\n<tr>\n<td height=\"17\">ISP1160<\/td>\n<td>SERVI\u00c7O SOCIAL JUDICI\u00c1RIO<\/td>\n<\/tr>\n<tr>\n<td height=\"17\">ISP1161<\/td>\n<td>CRIAN\u00c7A E ADOLESCENTE EM SITUA\u00c7\u00c3O DE RISCO E A REDE DE PROTE\u00c7\u00c3O SOCIAL<\/td>\n<\/tr>\n<tr>\n<td height=\"17\">ISP1161<\/td>\n<td>CRIAN\u00c7A E ADOLESCENTE EM SITUA\u00c7\u00c3O DE RISCO E A REDE DE PROTE\u00c7\u00c3O SOCIAL<\/td>\n<\/tr>\n<tr>\n<td height=\"17\">ISP1162<\/td>\n<td>SERVI\u00c7O SOCIAL E ECONOMIA POPULAR SOLID\u00c1RIA<\/td>\n<\/tr>\n<tr>\n<td height=\"17\">PSI127<\/td>\n<td>ETICA E PSICOLOGIA<\/td>\n<\/tr>\n<tr>\n<td height=\"17\">PSI157<\/td>\n<td>PSICOLOGIA DO DESENVOLVIMENTO\u00a0 I<\/td>\n<\/tr>\n<tr>\n<td height=\"17\">PSI162<\/td>\n<td>PSICOLOGIA SOCIAL\u00a0 I\u00a0 &#8211;\u00a0 A<\/td>\n<\/tr>\n<tr>\n<td height=\"17\"><\/td>\n<td><\/td>\n<\/tr>\n<\/tbody>\n<\/table>\n<\/div>\n<\/div>\n<\/div>\n<div class=\"col-md-3\">\n<div class=\"moduletable\">\n<div class=\"custom\">\n<div class=\"row\"><\/div>\n<\/div>\n<\/div>\n<div class=\"moduletable\">\n<div>\n<div id=\"flatcal_minical\"><\/div>\n<\/div>\n<\/div>\n<\/div>\n","protected":false},"excerpt":{"rendered":"<p>COD. DISCIPLINA NOME_DISCIPLINA DCG1114 T\u00d3PICOS EM SERVI\u00c7O SOCIAL ISP1054 ANTROPOLOGIA E SA\u00daDE: TEMAS ATUAIS COM1116 COMUNICA\u00c7\u00c3O E CIDADANIA COM1116 COMUNICA\u00c7\u00c3O E CIDADANIA EDE1114 LIBRAS I EDE1114 LIBRAS I HST1017 TEORIA DA HIST\u00d3RIA III HST1045 N\u00daCLEO DE PESQUISA III : MUNDOS DO TRABALHO &#8211; MOVIMENTOS SOCIAIS E POL\u00cdTICOS DO BRASIL CONTEMPOR\u00c2NEO I HST1045 N\u00daCLEO DE PESQUISA [&hellip;]<\/p>\n","protected":false},"author":117,"featured_media":0,"parent":0,"menu_order":0,"comment_status":"closed","ping_status":"closed","template":"","meta":{"footnotes":""},"categories":[],"tags":[],"class_list":["post-161","page","type-page","status-publish","hentry"],"acf":[],"_links":{"self":[{"href":"https:\/\/www.ufsm.br\/cursos\/graduacao\/santa-maria\/servico-social\/wp-json\/wp\/v2\/pages\/161","targetHints":{"allow":["GET"]}}],"collection":[{"href":"https:\/\/www.ufsm.br\/cursos\/graduacao\/santa-maria\/servico-social\/wp-json\/wp\/v2\/pages"}],"about":[{"href":"https:\/\/www.ufsm.br\/cursos\/graduacao\/santa-maria\/servico-social\/wp-json\/wp\/v2\/types\/page"}],"author":[{"embeddable":true,"href":"https:\/\/www.ufsm.br\/cursos\/graduacao\/santa-maria\/servico-social\/wp-json\/wp\/v2\/users\/117"}],"replies":[{"embeddable":true,"href":"https:\/\/www.ufsm.br\/cursos\/graduacao\/santa-maria\/servico-social\/wp-json\/wp\/v2\/comments?post=161"}],"version-history":[{"count":0,"href":"https:\/\/www.ufsm.br\/cursos\/graduacao\/santa-maria\/servico-social\/wp-json\/wp\/v2\/pages\/161\/revisions"}],"wp:attachment":[{"href":"https:\/\/www.ufsm.br\/cursos\/graduacao\/santa-maria\/servico-social\/wp-json\/wp\/v2\/media?parent=161"}],"wp:term":[{"taxonomy":"category","embeddable":true,"href":"https:\/\/www.ufsm.br\/cursos\/graduacao\/santa-maria\/servico-social\/wp-json\/wp\/v2\/categories?post=161"},{"taxonomy":"post_tag","embeddable":true,"href":"https:\/\/www.ufsm.br\/cursos\/graduacao\/santa-maria\/servico-social\/wp-json\/wp\/v2\/tags?post=161"}],"curies":[{"name":"wp","href":"https:\/\/api.w.org\/{rel}","templated":true}]}}