{"id":266,"date":"2018-12-12T17:51:40","date_gmt":"2018-12-12T19:51:40","guid":{"rendered":"https:\/\/www.ufsm.br\/cursos\/graduacao\/santa-maria\/servico-social\/?page_id=266"},"modified":"2023-06-07T19:16:07","modified_gmt":"2023-06-07T22:16:07","slug":"nupeca","status":"publish","type":"page","link":"https:\/\/www.ufsm.br\/cursos\/graduacao\/santa-maria\/servico-social\/nupeca","title":{"rendered":"NUPECA"},"content":{"rendered":"\t\t<div data-elementor-type=\"wp-post\" data-elementor-id=\"266\" class=\"elementor elementor-266\">\n\t\t\t\t\t\t<section class=\"elementor-section elementor-top-section elementor-element elementor-element-565b98b0 elementor-section-boxed elementor-section-height-default elementor-section-height-default\" data-id=\"565b98b0\" data-element_type=\"section\">\n\t\t\t\t\t\t<div class=\"elementor-container elementor-column-gap-default\">\n\t\t\t\t\t<div class=\"elementor-column elementor-col-100 elementor-top-column elementor-element elementor-element-7043895a\" data-id=\"7043895a\" data-element_type=\"column\">\n\t\t\t<div class=\"elementor-widget-wrap elementor-element-populated\">\n\t\t\t\t\t\t<div class=\"elementor-element elementor-element-7ecd347e elementor-widget elementor-widget-text-editor\" data-id=\"7ecd347e\" data-element_type=\"widget\" data-widget_type=\"text-editor.default\">\n\t\t\t\t<div class=\"elementor-widget-container\">\n\t\t\t\t\t\t\t<img decoding=\"async\" src=\"http:\/\/w3.ufsm.br\/servicosocial\/images\/NUCLEOS\/NUPECA\/banner.jpg\" alt=\"banner\" \/>\t\t\t\t\t\t<\/div>\n\t\t\t\t<\/div>\n\t\t\t\t\t<\/div>\n\t\t<\/div>\n\t\t\t\t\t<\/div>\n\t\t<\/section>\n\t\t\t\t<section class=\"elementor-section elementor-top-section elementor-element elementor-element-0d7cbe3 elementor-section-boxed elementor-section-height-default elementor-section-height-default\" data-id=\"0d7cbe3\" data-element_type=\"section\">\n\t\t\t\t\t\t<div class=\"elementor-container elementor-column-gap-default\">\n\t\t\t\t\t<div class=\"elementor-column elementor-col-100 elementor-top-column elementor-element elementor-element-901ac8b\" data-id=\"901ac8b\" data-element_type=\"column\">\n\t\t\t<div class=\"elementor-widget-wrap elementor-element-populated\">\n\t\t\t\t\t\t<div class=\"elementor-element elementor-element-73c2f66 elementor-widget elementor-widget-heading\" data-id=\"73c2f66\" data-element_type=\"widget\" data-widget_type=\"heading.default\">\n\t\t\t\t<div class=\"elementor-widget-container\">\n\t\t\t<h5 class=\"elementor-heading-title elementor-size-default\">Imagens NUPECA<\/h5>\t\t<\/div>\n\t\t\t\t<\/div>\n\t\t\t\t\t<\/div>\n\t\t<\/div>\n\t\t\t\t\t<\/div>\n\t\t<\/section>\n\t\t\t\t<section class=\"elementor-section elementor-top-section elementor-element elementor-element-7d2573e elementor-section-boxed elementor-section-height-default elementor-section-height-default\" data-id=\"7d2573e\" data-element_type=\"section\">\n\t\t\t\t\t\t<div class=\"elementor-container elementor-column-gap-default\">\n\t\t\t\t\t<div class=\"elementor-column elementor-col-100 elementor-top-column elementor-element elementor-element-e394430\" data-id=\"e394430\" data-element_type=\"column\">\n\t\t\t<div class=\"elementor-widget-wrap elementor-element-populated\">\n\t\t\t\t\t\t<div class=\"elementor-element elementor-element-e1eacd8 elementor-arrows-position-inside elementor-pagination-position-outside elementor-widget elementor-widget-image-carousel\" data-id=\"e1eacd8\" data-element_type=\"widget\" data-settings=\"{&quot;navigation&quot;:&quot;both&quot;,&quot;autoplay&quot;:&quot;yes&quot;,&quot;pause_on_hover&quot;:&quot;yes&quot;,&quot;pause_on_interaction&quot;:&quot;yes&quot;,&quot;autoplay_speed&quot;:5000,&quot;infinite&quot;:&quot;yes&quot;,&quot;speed&quot;:500}\" data-widget_type=\"image-carousel.default\">\n\t\t\t\t<div class=\"elementor-widget-container\">\n\t\t\t\t\t<div class=\"elementor-image-carousel-wrapper swiper\" dir=\"ltr\">\n\t\t\t<div class=\"elementor-image-carousel swiper-wrapper\" aria-live=\"off\">\n\t\t\t\t\t\t\t\t<div class=\"swiper-slide\" role=\"group\" aria-roledescription=\"slide\" aria-label=\"1 of 6\"><figure class=\"swiper-slide-inner\"><img decoding=\"async\" class=\"swiper-slide-image\" src=\"https:\/\/www.ufsm.br\/app\/uploads\/sites\/476\/2018\/12\/700x450-crop-90-images_nucleos_nupeca_fotos_1-300x193.jpg\" alt=\"700x450-crop-90-images_nucleos_nupeca_fotos_1\" \/><\/figure><\/div><div class=\"swiper-slide\" role=\"group\" aria-roledescription=\"slide\" aria-label=\"2 of 6\"><figure class=\"swiper-slide-inner\"><img decoding=\"async\" class=\"swiper-slide-image\" src=\"https:\/\/www.ufsm.br\/app\/uploads\/sites\/476\/2018\/12\/700x450-crop-90-images_nucleos_nupeca_fotos_2-300x193.jpg\" alt=\"700x450-crop-90-images_nucleos_nupeca_fotos_2\" \/><\/figure><\/div><div class=\"swiper-slide\" role=\"group\" aria-roledescription=\"slide\" aria-label=\"3 of 6\"><figure class=\"swiper-slide-inner\"><img decoding=\"async\" class=\"swiper-slide-image\" src=\"https:\/\/www.ufsm.br\/app\/uploads\/sites\/476\/2018\/12\/700x450-crop-90-images_nucleos_nupeca_fotos_5-300x193.jpg\" alt=\"700x450-crop-90-images_nucleos_nupeca_fotos_5\" \/><\/figure><\/div><div class=\"swiper-slide\" role=\"group\" aria-roledescription=\"slide\" aria-label=\"4 of 6\"><figure class=\"swiper-slide-inner\"><img decoding=\"async\" class=\"swiper-slide-image\" src=\"https:\/\/www.ufsm.br\/app\/uploads\/sites\/476\/2018\/12\/700x450-crop-90-images_nucleos_nupeca_fotos_6-300x193.jpg\" alt=\"700x450-crop-90-images_nucleos_nupeca_fotos_6\" \/><\/figure><\/div><div class=\"swiper-slide\" role=\"group\" aria-roledescription=\"slide\" aria-label=\"5 of 6\"><figure class=\"swiper-slide-inner\"><img decoding=\"async\" class=\"swiper-slide-image\" src=\"https:\/\/www.ufsm.br\/app\/uploads\/sites\/476\/2018\/12\/700x450-crop-90-images_nucleos_nupeca_fotos_4-1-300x193.jpg\" alt=\"700x450-crop-90-images_nucleos_nupeca_fotos_4 (1)\" \/><\/figure><\/div><div class=\"swiper-slide\" role=\"group\" aria-roledescription=\"slide\" aria-label=\"6 of 6\"><figure class=\"swiper-slide-inner\"><img decoding=\"async\" class=\"swiper-slide-image\" src=\"https:\/\/www.ufsm.br\/app\/uploads\/sites\/476\/2018\/12\/700x450-crop-90-images_nucleos_nupeca_fotos_7-300x193.jpg\" alt=\"700x450-crop-90-images_nucleos_nupeca_fotos_7\" \/><\/figure><\/div>\t\t\t<\/div>\n\t\t\t\t\t\t\t\t\t\t\t\t<div class=\"elementor-swiper-button elementor-swiper-button-prev\" role=\"button\" tabindex=\"0\">\n\t\t\t\t\t\t<i aria-hidden=\"true\" class=\"eicon-chevron-left\"><\/i>\t\t\t\t\t<\/div>\n\t\t\t\t\t<div class=\"elementor-swiper-button elementor-swiper-button-next\" role=\"button\" tabindex=\"0\">\n\t\t\t\t\t\t<i aria-hidden=\"true\" class=\"eicon-chevron-right\"><\/i>\t\t\t\t\t<\/div>\n\t\t\t\t\n\t\t\t\t\t\t\t\t\t<div class=\"swiper-pagination\"><\/div>\n\t\t\t\t\t\t\t\t\t<\/div>\n\t\t\t\t<\/div>\n\t\t\t\t<\/div>\n\t\t\t\t\t<\/div>\n\t\t<\/div>\n\t\t\t\t\t<\/div>\n\t\t<\/section>\n\t\t\t\t<section class=\"elementor-section elementor-top-section elementor-element elementor-element-cbc8e79 elementor-section-boxed elementor-section-height-default elementor-section-height-default\" data-id=\"cbc8e79\" data-element_type=\"section\">\n\t\t\t\t\t\t<div class=\"elementor-container elementor-column-gap-default\">\n\t\t\t\t\t<div class=\"elementor-column elementor-col-100 elementor-top-column elementor-element elementor-element-0638efb\" data-id=\"0638efb\" data-element_type=\"column\">\n\t\t\t<div class=\"elementor-widget-wrap elementor-element-populated\">\n\t\t\t\t\t\t<div class=\"elementor-element elementor-element-15d75db elementor-widget__width-initial elementor-widget elementor-widget-text-editor\" data-id=\"15d75db\" data-element_type=\"widget\" data-widget_type=\"text-editor.default\">\n\t\t\t\t<div class=\"elementor-widget-container\">\n\t\t\t\t\t\t\t<div dir=\"ltr\">A\u00e7\u00f5es do N\u00facleo de Estudos, Pesquisa e Extens\u00e3o Crian\u00e7a e Adolescente (NUPECA):<\/div>\n<div dir=\"ltr\">&nbsp;<\/div>\n<div dir=\"ltr\">1) Projeto de Ensino &#8220;<b><i>Dialogando com o ECA: cine, debate, a\u00e7\u00e3o<\/i><\/b>&#8220;<br>com encontros mensais (segunda-feira das 17h as 18h, pode ser alterado)<br>para discuss\u00e3o&nbsp; sobre o Estatuto da Crian\u00e7a e do Adolescente-ECA, convidando professores e profissionais<br>assistentes sociais que atuam na \u00e1rea da crian\u00e7a e do adolescente. S\u00e3o<br>rodas de conversa, debates sobre filmes, document\u00e1rios, v\u00eddeos e artigos<br>com o objetivo de conhecer mais os artigos do ECA.<br><br><\/div>\n<div dir=\"ltr\">&#8211; Convidado: Prof. Dr.<span style=\"font-size: 12.0pt;line-height: 115%;font-family: Arial,sans-serif\">Jos\u00e9 Luiz de Moura Filho<\/span> &#8211; Direitos Fundamentais (dia 31\/08\/2020)<\/div>\n<div dir=\"ltr\">&#8211; Convidada: AS Graciele Matos &#8211; Rede de Atendimento (dia 22\/08\/2020)<\/div>\n<div dir=\"ltr\">&#8211; Convidado\/a: em aberto Medidas de Prote\u00e7\u00e3o (dia 05\/10\/2020)<\/div>\n<div dir=\"ltr\">&#8211; Convidado\/a: em aberto Medidas Socioeducativas (dia 09\/11\/2020)<\/div>\n<div dir=\"ltr\">&nbsp;<\/div>\n<div dir=\"ltr\">Participantes\/discentes: Aline Vargas Escobar, Est\u00eav\u00e3o Yamin, Isabelle Cesa, Lav\u00ednia Fontoura Ribeiro, Lilian Sobrosa, Vit\u00f3ria Wincker. <\/div>\n<div dir=\"ltr\">&nbsp;<\/div>\n<div dir=\"ltr\">&nbsp;Elabora\u00e7\u00e3o de artigo para a 35\u00aa Jornada Acad\u00eamica Integrada &#8211; JAI 2020 &#8211; &#8220;<b><i> Viol\u00eancia contra a crian\u00e7a e o adolescente em tempos de pandemia<\/i><\/b><i>&#8220;.<\/i><\/div>\n<div dir=\"ltr\"><i>&nbsp;<\/i><\/div>\n<div dir=\"ltr\">\n<div dir=\"ltr\">\n<div dir=\"ltr\">Participantes: Aline Vargas Escobar, Isabelle Cesa, Est\u00eav\u00e3o Yamin, Vit\u00f3ria Wincker.<\/div>\n<div dir=\"ltr\">\n<\/div>\n<\/div>\n<\/div>\n<div dir=\"ltr\"><br>Lives e encontros online com grupos que atuam na defesa dos direitos<br>da crian\u00e7a e do adolescente em situa\u00e7\u00e3o de risco social:<\/div>\n<div dir=\"ltr\">&nbsp;<\/div>\n<div dir=\"ltr\">&#8211; Live: Bate-papo <i>&#8220;<b>Servi\u00e7os de Atendimentos a Crian\u00e7a e Adolescente<\/b>&#8221; <\/i>promovido<br>pelo MESA BRASIL Sesc em rede no dia 11\/08\/2020 as 18h ter\u00e7a-feira no<br>facebook SESCSANTA MARIA com as convidadas Profa. Dra. Rosane Janczura<br>(Departamento do Servi\u00e7o Social\/UFSM) e Psic\u00f3loga Micheli Oliveira<br>(Aldeias Infantis SOS\/Santa Maria). Media\u00e7\u00e3o: Elisangela Rodrigues (MESA<br>BRASIL Sesc Santa Maria).<\/div>\n<div dir=\"ltr\">&nbsp;<\/div>\n<div dir=\"ltr\">&#8211; Encontro online dia 09\/09\/2020 com os participantes do &#8220;<i><b>Projeto Esperan\u00e7ando\/UFSM<\/b>&#8220;<\/i>&nbsp;<br>Elisete Kronbauer (Pr\u00f3 Reitoria de Planejamento), Raquel Bevilaque<br>(Col\u00e9gio Industrial), Alice Farias (Secretaria CCSH), St\u00e9fany do Amaral<br>(bolsista) e Juliana Gudes (Curso Servi\u00e7o Social\/volunt\u00e1ria) com<br>objetivo de apresentar a <b>Rede e fluxos de atendimento de crian\u00e7as e<br>adolescentes em situa\u00e7\u00e3o de risco social de Santa Maria &#8211; suas<br>possibilidades e limites<\/b>.<\/div>\n<div dir=\"ltr\">&nbsp;<\/div>\n<div dir=\"ltr\">&nbsp;<\/div>\t\t\t\t\t\t<\/div>\n\t\t\t\t<\/div>\n\t\t\t\t\t<\/div>\n\t\t<\/div>\n\t\t\t\t\t<\/div>\n\t\t<\/section>\n\t\t\t\t<\/div>\n\t\t","protected":false},"excerpt":{"rendered":"<p>Imagens NUPECA Previous image Next image A\u00e7\u00f5es do N\u00facleo de Estudos, Pesquisa e Extens\u00e3o Crian\u00e7a e Adolescente (NUPECA): &nbsp; 1) Projeto de Ensino &#8220;Dialogando com o ECA: cine, debate, a\u00e7\u00e3o&#8220;com encontros mensais (segunda-feira das 17h as 18h, pode ser alterado)para discuss\u00e3o&nbsp; sobre o Estatuto da Crian\u00e7a e do Adolescente-ECA, convidando professores e profissionaisassistentes sociais que [&hellip;]<\/p>\n","protected":false},"author":117,"featured_media":0,"parent":0,"menu_order":0,"comment_status":"closed","ping_status":"closed","template":"","meta":{"footnotes":""},"categories":[],"tags":[],"class_list":["post-266","page","type-page","status-publish","hentry"],"acf":[],"_links":{"self":[{"href":"https:\/\/www.ufsm.br\/cursos\/graduacao\/santa-maria\/servico-social\/wp-json\/wp\/v2\/pages\/266","targetHints":{"allow":["GET"]}}],"collection":[{"href":"https:\/\/www.ufsm.br\/cursos\/graduacao\/santa-maria\/servico-social\/wp-json\/wp\/v2\/pages"}],"about":[{"href":"https:\/\/www.ufsm.br\/cursos\/graduacao\/santa-maria\/servico-social\/wp-json\/wp\/v2\/types\/page"}],"author":[{"embeddable":true,"href":"https:\/\/www.ufsm.br\/cursos\/graduacao\/santa-maria\/servico-social\/wp-json\/wp\/v2\/users\/117"}],"replies":[{"embeddable":true,"href":"https:\/\/www.ufsm.br\/cursos\/graduacao\/santa-maria\/servico-social\/wp-json\/wp\/v2\/comments?post=266"}],"version-history":[{"count":0,"href":"https:\/\/www.ufsm.br\/cursos\/graduacao\/santa-maria\/servico-social\/wp-json\/wp\/v2\/pages\/266\/revisions"}],"wp:attachment":[{"href":"https:\/\/www.ufsm.br\/cursos\/graduacao\/santa-maria\/servico-social\/wp-json\/wp\/v2\/media?parent=266"}],"wp:term":[{"taxonomy":"category","embeddable":true,"href":"https:\/\/www.ufsm.br\/cursos\/graduacao\/santa-maria\/servico-social\/wp-json\/wp\/v2\/categories?post=266"},{"taxonomy":"post_tag","embeddable":true,"href":"https:\/\/www.ufsm.br\/cursos\/graduacao\/santa-maria\/servico-social\/wp-json\/wp\/v2\/tags?post=266"}],"curies":[{"name":"wp","href":"https:\/\/api.w.org\/{rel}","templated":true}]}}