{"id":276,"date":"2018-12-12T17:58:39","date_gmt":"2018-12-12T19:58:39","guid":{"rendered":"https:\/\/www.ufsm.br\/cursos\/graduacao\/santa-maria\/servico-social\/?page_id=276"},"modified":"2020-12-09T02:18:02","modified_gmt":"2020-12-09T05:18:02","slug":"nepevis","status":"publish","type":"page","link":"https:\/\/www.ufsm.br\/cursos\/graduacao\/santa-maria\/servico-social\/nepevis","title":{"rendered":"NEPEVIS"},"content":{"rendered":"\t\t<div data-elementor-type=\"wp-post\" data-elementor-id=\"276\" class=\"elementor elementor-276 elementor-bc-flex-widget\">\n\t\t\t\t\t\t<section class=\"elementor-section elementor-top-section elementor-element elementor-element-46f12978 elementor-section-boxed elementor-section-height-default elementor-section-height-default\" data-id=\"46f12978\" data-element_type=\"section\">\n\t\t\t\t\t\t<div class=\"elementor-container elementor-column-gap-default\">\n\t\t\t\t\t<div class=\"elementor-column elementor-col-100 elementor-top-column elementor-element elementor-element-5e5d4aeb\" data-id=\"5e5d4aeb\" data-element_type=\"column\">\n\t\t\t<div class=\"elementor-widget-wrap elementor-element-populated\">\n\t\t\t\t\t\t<div class=\"elementor-element elementor-element-50833870 elementor-widget elementor-widget-text-editor\" data-id=\"50833870\" data-element_type=\"widget\" data-widget_type=\"text-editor.default\">\n\t\t\t\t<div class=\"elementor-widget-container\">\n\t\t\t\t\t\t\t<p><strong>N\u00facleo de Estudos, Pesquisa e Extens\u00e3o em Viol\u00eancia e Servi\u00e7o Social (Nepevis)<\/strong><\/p><p>L\u00edder: Profa. Dra. Cristina Kologeski Fraga<\/p><p>Vice-l\u00edder:\u00a0Jaqueline Goulart Vincensi<\/p><p>Integrantes:\u00a0Alessandra Acosta Carneiro; Ana Fl\u00e1via Roatt de Oliveira; Daniela de Oliveira Preisler; Daniele Cristiane Silva Rodrigues Favarini; Denise Kanopf de Araujo; Diego Robalo; Francieli Machado; Frida Dinareli; J\u00e9ssica Degrandi Soares; Josiane Buske Marques; Luc\u00e9lia Amaral Gomes; RodsonOldani Casanova; Mariana Marques Sebastiany; Morgana Drews da Silva; Zaida Castro de Siqueira<\/p><p>Objetivos:<\/p><p>&gt;Elaborar projetos e proceder pesquisas relacionadas ao Servi\u00e7o Social e suas tem\u00e1ticas transversais;<\/p><p>&gt;Efetuar interc\u00e2mbio t\u00e9cnico-cient\u00edfico com cursos e institui\u00e7\u00f5es que estudam e pesquisam sobre tem\u00e1ticas relacionadas a viol\u00eancia;<\/p><p>&gt;Difundir o conhecimento produzido \u00e0 comunidade local\/regional, buscando sua aplica\u00e7\u00e3o nas \u00e1reas pertinentes;<\/p><p>&gt;Estimular e desenvolver a atitude investigativa e cient\u00edfica no curso de Servi\u00e7o Social da UFSM.<\/p><p>Meta:<\/p><p>&gt;<strong>Fomentar a elabora\u00e7\u00e3o, o desenvolvimento e difus\u00e3o de estudos, pesquisas e a\u00e7\u00f5es de extens\u00e3o sobre tem\u00e1ticas voltadas a viol\u00eancia e relacionada ao \u00e2mbito do Servi\u00e7o Social da UFSM.<\/strong><\/p><p>&gt;Linhas:<\/p><p><strong>&#8211; Viol\u00eancia e Seguran\u00e7a P\u00fablica;<\/strong><\/p><p><strong>&#8211; Viol\u00eancia, G\u00eanero e Forma\u00e7\u00e3o Profissional em Servi\u00e7o Social.<\/strong><\/p><p>&gt;Certificado no CNPq desde 2013.<\/p><p>Algumas Publica\u00e7\u00f5es do Nepevis:<\/p><p>Carneiro, Alessandra C.; FRAGA, Cristina Kologeski.\u00a0<strong>A Lei Maria da Penha<\/strong>: da viol\u00eancia denunciada \u00e0 viol\u00eancia silenciada. Servi\u00e7o Social &amp; Sociedade, v. 110, p. 369-397, 2012.<\/p><p>FRAGA, Cristina Kologeski.\u00a0<strong>A atitude investigativa no trabalho do assistente social<\/strong>. Servi\u00e7o Social &amp; Sociedade, v. 101, p. 40-64, 2010.<\/p><p>FRAGA, Cristina Kologeski; AMARAL, Juliane G.\u00a0<strong>Viol\u00eancia Emocional Intrafamiliar Infantil<\/strong>: uma ferida invis\u00edvel aos olhos, mas internalizada na alma. Temas Contempor\u00e2neos em Servi\u00e7o Social: conex\u00f5es e di\u00e1logos. 1ed.S\u00e3o Paulo: Paco, 2014, v. 1, p. 13-44.<\/p><p>FRAGA, Cristina Kologeski.\u00a0<strong>Problematizando a Categoria Viol\u00eancia no Ensino de Servi\u00e7o Social<\/strong>. In: Caroline Goerck; Cristina Kologeski Fraga; [&#8230;]. (Org.). M\u00faltiplas Faces da Quest\u00e3o Social: O objeto de trabalho do assistente social em express\u00e3o. 1ed.Porto Alegre: Faith, 2009, v., p. 145-166.<\/p>\t\t\t\t\t\t<\/div>\n\t\t\t\t<\/div>\n\t\t\t\t\t<\/div>\n\t\t<\/div>\n\t\t\t\t\t<\/div>\n\t\t<\/section>\n\t\t\t\t<section class=\"elementor-section elementor-top-section elementor-element elementor-element-a8d96fc elementor-section-boxed elementor-section-height-default elementor-section-height-default\" data-id=\"a8d96fc\" data-element_type=\"section\">\n\t\t\t\t\t\t<div class=\"elementor-container elementor-column-gap-default\">\n\t\t\t\t\t<div class=\"elementor-column elementor-col-100 elementor-top-column elementor-element elementor-element-30a26fb\" data-id=\"30a26fb\" data-element_type=\"column\">\n\t\t\t<div class=\"elementor-widget-wrap elementor-element-populated\">\n\t\t\t\t\t\t<div class=\"elementor-element elementor-element-5a8d73b elementor-widget elementor-widget-heading\" data-id=\"5a8d73b\" data-element_type=\"widget\" data-widget_type=\"heading.default\">\n\t\t\t\t<div class=\"elementor-widget-container\">\n\t\t\t<h5 class=\"elementor-heading-title elementor-size-default\">Viol\u00eancia Dom\u00e9stica \u00e9 tema de encontro no Sesc Santa Maria<\/h5>\t\t<\/div>\n\t\t\t\t<\/div>\n\t\t\t\t\t<\/div>\n\t\t<\/div>\n\t\t\t\t\t<\/div>\n\t\t<\/section>\n\t\t\t\t<section class=\"elementor-section elementor-top-section elementor-element elementor-element-a352d7e elementor-section-boxed elementor-section-height-default elementor-section-height-default\" data-id=\"a352d7e\" data-element_type=\"section\">\n\t\t\t\t\t\t<div class=\"elementor-container elementor-column-gap-default\">\n\t\t\t\t\t<div class=\"elementor-column elementor-col-100 elementor-top-column elementor-element elementor-element-0ba156a\" data-id=\"0ba156a\" data-element_type=\"column\">\n\t\t\t<div class=\"elementor-widget-wrap elementor-element-populated\">\n\t\t\t\t\t\t<div class=\"elementor-element elementor-element-76e371c elementor-widget elementor-widget-text-editor\" data-id=\"76e371c\" data-element_type=\"widget\" data-widget_type=\"text-editor.default\">\n\t\t\t\t<div class=\"elementor-widget-container\">\n\t\t\t\t\t\t\t<p>O Sesc Santa Maria (Av. Itaimb\u00e9, 66) recebeu, na \u00faltima semana (19\/05), a palestra \u201cViol\u00eancia Dom\u00e9stica \u2013 Conceitos Iniciais\u201d, apresentada pela assistente social Cristina Kologeski Fraga. A atividade contou com a participa\u00e7\u00e3o de t\u00e9cnicos e educadores de organiza\u00e7\u00f5es sociais atendidas pelo Programa Mesa Brasil Sesc.<\/p><p>O encontro apresentou ao p\u00fablico conceitos iniciais sobre viol\u00eancia dom\u00e9stica, de forma did\u00e1tica, por meio de recursos de m\u00eddia e din\u00e2micas de grupo. Na ocasi\u00e3o, tamb\u00e9m foi elaborado, com o grupo presente, a proposta de realiza\u00e7\u00e3o de atividades semelhantes sobre as diferentes formas de viol\u00eancia, como viol\u00eancia contra a crian\u00e7a e adolescente, idosos, entre outras.<\/p><p>A atividade aconteceu em parceria com a Universidade Federal de Santa Maria. Mais informa\u00e7\u00f5es tamb\u00e9m podem ser obtidas junto \u00e0 Unidade do Sesc, pelo telefone (55) 3223-2288.<\/p><p><strong>Sobre o Sesc\/RS \u2013\u00a0<\/strong>O Sistema Fecom\u00e9rcio-RS, atrav\u00e9s do Sesc, promove o bem-estar social de trabalhadores do com\u00e9rcio de bens e servi\u00e7os e de toda a comunidade. Presente nos 497 munic\u00edpios ga\u00fachos, o Sesc\/RS realiza atividades sistem\u00e1ticas em \u00e1reas como a sa\u00fade, esporte, lazer, cultura, cidadania, turismo e educa\u00e7\u00e3o. Atualmente, a estrutura da Institui\u00e7\u00e3o conta com 43 Unidades Operacionais e 23 Balc\u00f5es Sesc\/Senac. Saiba mais em\u00a0<a href=\"http:\/\/www.sesc-rs.com.br\/\">www.sesc-rs.com.br<\/a>.<\/p>\t\t\t\t\t\t<\/div>\n\t\t\t\t<\/div>\n\t\t\t\t\t<\/div>\n\t\t<\/div>\n\t\t\t\t\t<\/div>\n\t\t<\/section>\n\t\t\t\t<section class=\"elementor-section elementor-top-section elementor-element elementor-element-0caf763 elementor-section-boxed elementor-section-height-default elementor-section-height-default\" data-id=\"0caf763\" data-element_type=\"section\">\n\t\t\t\t\t\t<div class=\"elementor-container elementor-column-gap-default\">\n\t\t\t\t\t<div class=\"elementor-column elementor-col-100 elementor-top-column elementor-element elementor-element-e17b711\" data-id=\"e17b711\" data-element_type=\"column\">\n\t\t\t<div class=\"elementor-widget-wrap elementor-element-populated\">\n\t\t\t\t\t\t<div class=\"elementor-element elementor-element-8bd510b elementor-widget elementor-widget-image\" data-id=\"8bd510b\" data-element_type=\"widget\" data-widget_type=\"image.default\">\n\t\t\t\t<div class=\"elementor-widget-container\">\n\t\t\t\t\t\t\t\t\t\t\t\t\t<img fetchpriority=\"high\" decoding=\"async\" width=\"512\" height=\"384\" src=\"https:\/\/www.ufsm.br\/app\/uploads\/sites\/476\/2018\/12\/mesabrasilsesc.jpg\" class=\"attachment-large size-large wp-image-277\" alt=\"\" srcset=\"https:\/\/www.ufsm.br\/app\/uploads\/sites\/476\/2018\/12\/mesabrasilsesc.jpg 512w, https:\/\/www.ufsm.br\/app\/uploads\/sites\/476\/2018\/12\/mesabrasilsesc-300x225.jpg 300w\" sizes=\"(max-width: 512px) 100vw, 512px\" \/>\t\t\t\t\t\t\t\t\t\t\t\t\t<\/div>\n\t\t\t\t<\/div>\n\t\t\t\t\t<\/div>\n\t\t<\/div>\n\t\t\t\t\t<\/div>\n\t\t<\/section>\n\t\t\t\t<\/div>\n\t\t","protected":false},"excerpt":{"rendered":"<p>N\u00facleo de Estudos, Pesquisa e Extens\u00e3o em Viol\u00eancia e Servi\u00e7o Social (Nepevis) L\u00edder: Profa. Dra. Cristina Kologeski Fraga Vice-l\u00edder:&nbsp;Jaqueline Goulart Vincensi Integrantes:&nbsp;Alessandra Acosta Carneiro; Ana Fl\u00e1via Roatt de Oliveira; Daniela de Oliveira Preisler; Daniele Cristiane Silva Rodrigues Favarini; Denise Kanopf de Araujo; Diego Robalo; Francieli Machado; Frida Dinareli; J\u00e9ssica Degrandi Soares; Josiane Buske Marques; Luc\u00e9lia [&hellip;]<\/p>\n","protected":false},"author":117,"featured_media":0,"parent":0,"menu_order":0,"comment_status":"closed","ping_status":"closed","template":"","meta":{"footnotes":""},"categories":[],"tags":[],"class_list":["post-276","page","type-page","status-publish","hentry"],"acf":[],"_links":{"self":[{"href":"https:\/\/www.ufsm.br\/cursos\/graduacao\/santa-maria\/servico-social\/wp-json\/wp\/v2\/pages\/276","targetHints":{"allow":["GET"]}}],"collection":[{"href":"https:\/\/www.ufsm.br\/cursos\/graduacao\/santa-maria\/servico-social\/wp-json\/wp\/v2\/pages"}],"about":[{"href":"https:\/\/www.ufsm.br\/cursos\/graduacao\/santa-maria\/servico-social\/wp-json\/wp\/v2\/types\/page"}],"author":[{"embeddable":true,"href":"https:\/\/www.ufsm.br\/cursos\/graduacao\/santa-maria\/servico-social\/wp-json\/wp\/v2\/users\/117"}],"replies":[{"embeddable":true,"href":"https:\/\/www.ufsm.br\/cursos\/graduacao\/santa-maria\/servico-social\/wp-json\/wp\/v2\/comments?post=276"}],"version-history":[{"count":0,"href":"https:\/\/www.ufsm.br\/cursos\/graduacao\/santa-maria\/servico-social\/wp-json\/wp\/v2\/pages\/276\/revisions"}],"wp:attachment":[{"href":"https:\/\/www.ufsm.br\/cursos\/graduacao\/santa-maria\/servico-social\/wp-json\/wp\/v2\/media?parent=276"}],"wp:term":[{"taxonomy":"category","embeddable":true,"href":"https:\/\/www.ufsm.br\/cursos\/graduacao\/santa-maria\/servico-social\/wp-json\/wp\/v2\/categories?post=276"},{"taxonomy":"post_tag","embeddable":true,"href":"https:\/\/www.ufsm.br\/cursos\/graduacao\/santa-maria\/servico-social\/wp-json\/wp\/v2\/tags?post=276"}],"curies":[{"name":"wp","href":"https:\/\/api.w.org\/{rel}","templated":true}]}}