{"id":182,"date":"2018-11-29T10:18:35","date_gmt":"2018-11-29T12:18:35","guid":{"rendered":"https:\/\/www.ufsm.br\/cursos\/graduacao\/santa-maria\/sistemas-de-informacao\/?page_id=182"},"modified":"2018-11-29T10:18:58","modified_gmt":"2018-11-29T12:18:58","slug":"restaurante-universitario","status":"publish","type":"page","link":"https:\/\/www.ufsm.br\/cursos\/graduacao\/santa-maria\/sistemas-de-informacao\/restaurante-universitario","title":{"rendered":"Restaurante Universit\u00e1rio"},"content":{"rendered":"<div class=\"panel panel-info\">\n<div class=\"panel-heading\">\n<h3 class=\"\">O Restaurante Universit\u00e1rio<\/h3>\n<\/div>\n<div class=\"panel-content\">\n<p class=\"pet\">Popularmente conhecido como RU, o Restaurante Universit\u00e1rio da UFSM, concede direito a todo aluno regularmente matriculado, usufruir deste espa\u00e7o para realizar suas refei\u00e7\u00f5es di\u00e1rias. Atualmente o RU conta com 2 intala\u00e7\u00f5es(RUI e RUII) no campus de Camobi.<\/p>\n<p>O RU serve de segunda a s\u00e1bado, caf\u00e9, almo\u00e7o e janta com pre\u00e7os acess\u00edveis para a comunidade acad\u00eamica.<\/p>\n<\/div>\n<\/div>\n<div class=\"panel panel-info\">\n<div class=\"panel-heading\">\n<h3 class=\"\">Como posso realizar refei\u00e7\u00f5es no RU?<\/h3>\n<\/div>\n<div class=\"panel-content\">\n<p class=\"pet\">Os\u00a0<b>alunos calouros<\/b>\u00a0podem realizar suas refei\u00e7\u00f5es portando seu\u00a0<b>comprovante de matr\u00edcula<\/b>\u00a0at\u00e9 que consigam realizar a\u00a0<b>Carteira da Biblioteca<\/b>\u00a0com as identifica\u00e7\u00f5es do aluno portador.<\/p>\n<p class=\"pet\">As refei\u00e7\u00f5es devem ser agendadas a cada 10 dias via\u00a0<a href=\"https:\/\/portal.ufsm.br\/ru\/usuario\/agendamento.html\" target=\"_blank\" rel=\"noopener\">Portal de Agendamentos\u00a0<\/a>\u00a0ou pelo aplicativo mobile\u00a0<a href=\"https:\/\/play.google.com\/store\/apps\/details?id=br.ufsm.cpd.ufsmdigital&amp;hl=pt_BR\" target=\"_blank\" rel=\"noopener\">UFSM Digital\u00a0<\/a>. Ambos permitem que o aluno tenha informa\u00e7\u00f5es de seu saldo, card\u00e1pio do dia e demais informa\u00e7\u00f5es pertinentes ao RU.<\/p>\n<p class=\"pet\">Os hor\u00e1rios de agendamento para cada refei\u00e7\u00e3o podem ser encontrados em:\u00a0<a href=\"http:\/\/ru.ufsm.br\/images\/cartilha.pdf\" target=\"_blank\" rel=\"noopener\">RU Responde: Cartilha Informativa\u00a0<\/a><\/p>\n<p class=\"pet\">A partir de\u00a0<b>2017<\/b>\u00a0as solicita\u00e7\u00f5es da Carteira de acesso ao RU devem ser feitas na\u00a0<b>p\u00e1gina do Restaurante Universit\u00e1rio<\/b>, n\u00e3o mais sendo responsabilidade da Biblioteca Central. O aluno deve apresentar, al\u00e9m do comprovante de matr\u00edcula, um documento com foto.<\/p>\n<p>&#8211; A emiss\u00e3o \u00e9 gratuita, mas caso seja necess\u00e1rio 2\u00aa via, ser\u00e1 cobrado o valor de\u00a0\u00a0<b>R$ 6,50<\/b>.<\/p>\n<p class=\"pet\">\u00a0<b>Maiores Informa\u00e7\u00f5es sobre as mudan\u00e7as acesse:<\/b><br \/>\n<a href=\"http:\/\/ru.ufsm.br\/noticias\/157-carteiras-de-acesso-ao-ru\" target=\"_blank\" rel=\"noopener\">http:\/\/ru.ufsm.br\/noticias\/157-carteiras-de-acesso-ao-ru<\/a><\/p>\n<\/div>\n<\/div>\n<div class=\"panel panel-info\">\n<div class=\"panel-heading\">\n<h3 class=\"\">Quais s\u00e3o os valores das refei\u00e7\u00f5es<\/h3>\n<\/div>\n<div class=\"panel-content\">\n<p class=\"pet\">Alunos com\u00a0<b>Benef\u00edcio Socioecon\u00f4mico<\/b>\u00a0ativo s\u00e3o totalmente\u00a0<b>isentos<\/b>\u00a0das taxas cobradas por cada refei\u00e7\u00e3o.<\/p>\n<p class=\"pet\">Alunos\u00a0<b>SEM Benef\u00edcio Socioecon\u00f4mico<\/b>\u00a0ativo pagam a import\u00e2ncia de:<br \/>\n<b>\u00a0R$2,50<\/b>\u00a0para almo\u00e7o ou janta.<\/p>\n<\/div>\n<\/div>\n","protected":false},"excerpt":{"rendered":"<p>O Restaurante Universit\u00e1rio Popularmente conhecido como RU, o Restaurante Universit\u00e1rio da UFSM, concede direito a todo aluno regularmente matriculado, usufruir deste espa\u00e7o para realizar suas refei\u00e7\u00f5es di\u00e1rias. Atualmente o RU conta com 2 intala\u00e7\u00f5es(RUI e RUII) no campus de Camobi. O RU serve de segunda a s\u00e1bado, caf\u00e9, almo\u00e7o e janta com pre\u00e7os acess\u00edveis para [&hellip;]<\/p>\n","protected":false},"author":194,"featured_media":0,"parent":0,"menu_order":0,"comment_status":"closed","ping_status":"closed","template":"","meta":{"footnotes":""},"categories":[],"tags":[],"class_list":["post-182","page","type-page","status-publish","hentry"],"acf":[],"_links":{"self":[{"href":"https:\/\/www.ufsm.br\/cursos\/graduacao\/santa-maria\/sistemas-de-informacao\/wp-json\/wp\/v2\/pages\/182","targetHints":{"allow":["GET"]}}],"collection":[{"href":"https:\/\/www.ufsm.br\/cursos\/graduacao\/santa-maria\/sistemas-de-informacao\/wp-json\/wp\/v2\/pages"}],"about":[{"href":"https:\/\/www.ufsm.br\/cursos\/graduacao\/santa-maria\/sistemas-de-informacao\/wp-json\/wp\/v2\/types\/page"}],"author":[{"embeddable":true,"href":"https:\/\/www.ufsm.br\/cursos\/graduacao\/santa-maria\/sistemas-de-informacao\/wp-json\/wp\/v2\/users\/194"}],"replies":[{"embeddable":true,"href":"https:\/\/www.ufsm.br\/cursos\/graduacao\/santa-maria\/sistemas-de-informacao\/wp-json\/wp\/v2\/comments?post=182"}],"version-history":[{"count":0,"href":"https:\/\/www.ufsm.br\/cursos\/graduacao\/santa-maria\/sistemas-de-informacao\/wp-json\/wp\/v2\/pages\/182\/revisions"}],"wp:attachment":[{"href":"https:\/\/www.ufsm.br\/cursos\/graduacao\/santa-maria\/sistemas-de-informacao\/wp-json\/wp\/v2\/media?parent=182"}],"wp:term":[{"taxonomy":"category","embeddable":true,"href":"https:\/\/www.ufsm.br\/cursos\/graduacao\/santa-maria\/sistemas-de-informacao\/wp-json\/wp\/v2\/categories?post=182"},{"taxonomy":"post_tag","embeddable":true,"href":"https:\/\/www.ufsm.br\/cursos\/graduacao\/santa-maria\/sistemas-de-informacao\/wp-json\/wp\/v2\/tags?post=182"}],"curies":[{"name":"wp","href":"https:\/\/api.w.org\/{rel}","templated":true}]}}