{"id":186,"date":"2018-11-29T10:24:29","date_gmt":"2018-11-29T12:24:29","guid":{"rendered":"https:\/\/www.ufsm.br\/cursos\/graduacao\/santa-maria\/sistemas-de-informacao\/?page_id=186"},"modified":"2022-10-17T15:18:56","modified_gmt":"2022-10-17T18:18:56","slug":"contato-2","status":"publish","type":"page","link":"https:\/\/www.ufsm.br\/cursos\/graduacao\/santa-maria\/sistemas-de-informacao\/contato-2","title":{"rendered":"Contato"},"content":{"rendered":"<p><b>Coordenador(a):<\/b>\u00a0Antonio Marcos de Oliveira Candia<\/p>\n<p>Secretaria Integrada de Cursos de Gradua\u00e7\u00e3o II<\/p>\n<p><strong>Localiza\u00e7\u00e3o: Pr\u00e9dio principal (07), t\u00e9rreo em frente ao Cosmopolita<\/strong><\/p>\n<p>Contato: 55 3220 8504 \/ 55 3220 9636<\/p>\n<p>Email: integrada2ct@ufsm.br<\/p>\n","protected":false},"excerpt":{"rendered":"<p>Coordenador(a):\u00a0Antonio Marcos de Oliveira Candia Secretaria Integrada de Cursos de Gradua\u00e7\u00e3o II Localiza\u00e7\u00e3o: Pr\u00e9dio principal (07), t\u00e9rreo em frente ao Cosmopolita Contato: 55 3220 8504 \/ 55 3220 9636 Email: integrada2ct@ufsm.br<\/p>\n","protected":false},"author":194,"featured_media":0,"parent":0,"menu_order":0,"comment_status":"closed","ping_status":"closed","template":"","meta":{"footnotes":""},"categories":[],"tags":[],"class_list":["post-186","page","type-page","status-publish","hentry"],"acf":[],"_links":{"self":[{"href":"https:\/\/www.ufsm.br\/cursos\/graduacao\/santa-maria\/sistemas-de-informacao\/wp-json\/wp\/v2\/pages\/186","targetHints":{"allow":["GET"]}}],"collection":[{"href":"https:\/\/www.ufsm.br\/cursos\/graduacao\/santa-maria\/sistemas-de-informacao\/wp-json\/wp\/v2\/pages"}],"about":[{"href":"https:\/\/www.ufsm.br\/cursos\/graduacao\/santa-maria\/sistemas-de-informacao\/wp-json\/wp\/v2\/types\/page"}],"author":[{"embeddable":true,"href":"https:\/\/www.ufsm.br\/cursos\/graduacao\/santa-maria\/sistemas-de-informacao\/wp-json\/wp\/v2\/users\/194"}],"replies":[{"embeddable":true,"href":"https:\/\/www.ufsm.br\/cursos\/graduacao\/santa-maria\/sistemas-de-informacao\/wp-json\/wp\/v2\/comments?post=186"}],"version-history":[{"count":0,"href":"https:\/\/www.ufsm.br\/cursos\/graduacao\/santa-maria\/sistemas-de-informacao\/wp-json\/wp\/v2\/pages\/186\/revisions"}],"wp:attachment":[{"href":"https:\/\/www.ufsm.br\/cursos\/graduacao\/santa-maria\/sistemas-de-informacao\/wp-json\/wp\/v2\/media?parent=186"}],"wp:term":[{"taxonomy":"category","embeddable":true,"href":"https:\/\/www.ufsm.br\/cursos\/graduacao\/santa-maria\/sistemas-de-informacao\/wp-json\/wp\/v2\/categories?post=186"},{"taxonomy":"post_tag","embeddable":true,"href":"https:\/\/www.ufsm.br\/cursos\/graduacao\/santa-maria\/sistemas-de-informacao\/wp-json\/wp\/v2\/tags?post=186"}],"curies":[{"name":"wp","href":"https:\/\/api.w.org\/{rel}","templated":true}]}}