{"id":219,"date":"2018-11-30T10:36:19","date_gmt":"2018-11-30T12:36:19","guid":{"rendered":"https:\/\/www.ufsm.br\/cursos\/graduacao\/santa-maria\/sistemas-de-informacao\/?page_id=219"},"modified":"2018-11-30T10:37:53","modified_gmt":"2018-11-30T12:37:53","slug":"ementa-das-disciplinas","status":"publish","type":"page","link":"https:\/\/www.ufsm.br\/cursos\/graduacao\/santa-maria\/sistemas-de-informacao\/ementa-das-disciplinas","title":{"rendered":"Ementa das Disciplinas"},"content":{"rendered":"<p><strong>1\u00b0 Semestre<\/strong><\/p>\n<p><a href=\"https:\/\/www.ufsm.br\/cursos\/graduacao\/santa-maria\/sistemas-de-informacao\/wp-content\/uploads\/sites\/424\/2018\/11\/01-TGA.pdf\">Teoria Geral da Administra\u00e7\u00e3o<\/a> &#8211; 60h<\/p>\n<p><a href=\"https:\/\/www.ufsm.br\/cursos\/graduacao\/santa-maria\/sistemas-de-informacao\/wp-content\/uploads\/sites\/424\/2018\/11\/02-ISI.pdf\">Introd. \u00e0 Sist. de Informa\u00e7\u00e3o<\/a> &#8211; 30h<\/p>\n<p><a href=\"https:\/\/www.ufsm.br\/cursos\/graduacao\/santa-maria\/sistemas-de-informacao\/wp-content\/uploads\/sites\/424\/2018\/11\/03-CD.pdf\">Circuitos Digitais<\/a> &#8211; 60h<\/p>\n<p><a href=\"https:\/\/www.ufsm.br\/cursos\/graduacao\/santa-maria\/sistemas-de-informacao\/wp-content\/uploads\/sites\/424\/2018\/11\/04-LABI.pdf\">Lab. de Program\u00e7\u00e3o I<\/a> &#8211; 60h<\/p>\n<p><a href=\"https:\/\/www.ufsm.br\/cursos\/graduacao\/santa-maria\/sistemas-de-informacao\/wp-content\/uploads\/sites\/424\/2018\/11\/05-LA.pdf\">L\u00f3gica e Algoritmo<\/a> &#8211; 60h<\/p>\n<p><a href=\"https:\/\/www.ufsm.br\/cursos\/graduacao\/santa-maria\/sistemas-de-informacao\/wp-content\/uploads\/sites\/424\/2018\/11\/06-CA.pdf\">C\u00e1lculo A<\/a> &#8211; 90h<\/p>\n<p><strong>2\u00b0 Semestre<\/strong><\/p>\n<p><a href=\"https:\/\/www.ufsm.br\/cursos\/graduacao\/santa-maria\/sistemas-de-informacao\/wp-content\/uploads\/sites\/424\/2018\/11\/07-TE.pdf\">Teoria Econ\u00f4mica<\/a> &#8211; 60h<\/p>\n<p><a href=\"https:\/\/www.ufsm.br\/cursos\/graduacao\/santa-maria\/sistemas-de-informacao\/wp-content\/uploads\/sites\/424\/2018\/11\/08-ICI.pdf\">Introd. \u00e0 Ci\u00eanc. da Informa\u00e7\u00e3o<\/a> &#8211; 30h<\/p>\n<p><a href=\"https:\/\/www.ufsm.br\/cursos\/graduacao\/santa-maria\/sistemas-de-informacao\/wp-content\/uploads\/sites\/424\/2018\/11\/09-OC.pdf\">Organiza\u00e7\u00e3o de Computadores<\/a> &#8211; 60h<\/p>\n<p><a href=\"https:\/\/www.ufsm.br\/cursos\/graduacao\/santa-maria\/sistemas-de-informacao\/wp-content\/uploads\/sites\/424\/2018\/11\/10-LABII.pdf\">Lab. de Programa\u00e7\u00e3o II<\/a> &#8211; 60h<\/p>\n<p><a href=\"https:\/\/www.ufsm.br\/cursos\/graduacao\/santa-maria\/sistemas-de-informacao\/wp-content\/uploads\/sites\/424\/2018\/11\/11-ED.pdf\">Estrutura de Dados A<\/a> &#8211; 60h<\/p>\n<p><a href=\"https:\/\/www.ufsm.br\/cursos\/graduacao\/santa-maria\/sistemas-de-informacao\/wp-content\/uploads\/sites\/424\/2018\/11\/12-MD.pdf\">Matem\u00e1tica Discreta<\/a> &#8211; 60h<\/p>\n<p><strong>3\u00b0 Semestre<\/strong><\/p>\n<p><a href=\"https:\/\/www.ufsm.br\/cursos\/graduacao\/santa-maria\/sistemas-de-informacao\/wp-content\/uploads\/sites\/424\/2018\/11\/13-GP.pdf\">Gest\u00e3o de Pessoas A<\/a> &#8211; 60h<\/p>\n<p><a href=\"https:\/\/www.ufsm.br\/cursos\/graduacao\/santa-maria\/sistemas-de-informacao\/wp-content\/uploads\/sites\/424\/2018\/11\/14-PP.pdf\">Paradigmas de Programa\u00e7\u00e3o<\/a> &#8211; 60h<\/p>\n<p><a href=\"https:\/\/www.ufsm.br\/cursos\/graduacao\/santa-maria\/sistemas-de-informacao\/wp-content\/uploads\/sites\/424\/2018\/11\/15-AC.pdf\">Arquitetura de Computadores<\/a> &#8211; 60h<\/p>\n<p><a href=\"https:\/\/www.ufsm.br\/cursos\/graduacao\/santa-maria\/sistemas-de-informacao\/wp-content\/uploads\/sites\/424\/2018\/11\/16-ES.pdf\">Engenharia de Soft. A<\/a> &#8211; 60h<\/p>\n<p><a href=\"https:\/\/www.ufsm.br\/cursos\/graduacao\/santa-maria\/sistemas-de-informacao\/wp-content\/uploads\/sites\/424\/2018\/11\/17-POD.pdf\">Pesquisa e Orden. de Dados A<\/a> &#8211; 60h<\/p>\n<p><a href=\"https:\/\/www.ufsm.br\/cursos\/graduacao\/santa-maria\/sistemas-de-informacao\/wp-content\/uploads\/sites\/424\/2018\/11\/18-EST.pdf\">Estat\u00edstica<\/a> &#8211; 60h<\/p>\n<p><strong>4\u00b0 Semestre<\/strong><\/p>\n<p><a href=\"https:\/\/www.ufsm.br\/cursos\/graduacao\/santa-maria\/sistemas-de-informacao\/wp-content\/uploads\/sites\/424\/2018\/11\/19-MARK.pdf\">Marketing C<\/a> &#8211; 60h<\/p>\n<p><a href=\"https:\/\/www.ufsm.br\/cursos\/graduacao\/santa-maria\/sistemas-de-informacao\/wp-content\/uploads\/sites\/424\/2018\/11\/20-EE.pdf\">Engenharia Econ\u00f4mica<\/a> &#8211; 60h<\/p>\n<p><a href=\"https:\/\/www.ufsm.br\/cursos\/graduacao\/santa-maria\/sistemas-de-informacao\/wp-content\/uploads\/sites\/424\/2018\/11\/21-SO.pdf\">Sistemas Operacionais A<\/a> &#8211; 60h<\/p>\n<p><a href=\"https:\/\/www.ufsm.br\/cursos\/graduacao\/santa-maria\/sistemas-de-informacao\/wp-content\/uploads\/sites\/424\/2018\/11\/22-FDB.pdf\">Fundamentos de Banco de Dados<\/a> &#8211; 60h<\/p>\n<p><a href=\"https:\/\/www.ufsm.br\/cursos\/graduacao\/santa-maria\/sistemas-de-informacao\/wp-content\/uploads\/sites\/424\/2018\/11\/23-GPS.pdf\">Geren. de Proj. de Software<\/a> &#8211; 60h<\/p>\n<p><a href=\"https:\/\/www.ufsm.br\/cursos\/graduacao\/santa-maria\/sistemas-de-informacao\/wp-content\/uploads\/sites\/424\/2018\/11\/24-CS.pdf\">Computadores e Sociedade<\/a> &#8211; 60h<\/p>\n<p><strong>5\u00b0 Semestre<\/strong><\/p>\n<p><a href=\"https:\/\/www.ufsm.br\/cursos\/graduacao\/santa-maria\/sistemas-de-informacao\/wp-content\/uploads\/sites\/424\/2018\/11\/26-CUS.pdf\">Custos A<\/a> &#8211; 60h<\/p>\n<p><a href=\"https:\/\/www.ufsm.br\/cursos\/graduacao\/santa-maria\/sistemas-de-informacao\/wp-content\/uploads\/sites\/424\/2018\/11\/27-QS.pdf\">Qualidade de Software<\/a> &#8211; 60h<\/p>\n<p><a href=\"https:\/\/www.ufsm.br\/cursos\/graduacao\/santa-maria\/sistemas-de-informacao\/wp-content\/uploads\/sites\/424\/2018\/11\/28-IHC.pdf\">Interface Humano Computador<\/a> &#8211; 60h<\/p>\n<p><a href=\"https:\/\/www.ufsm.br\/cursos\/graduacao\/santa-maria\/sistemas-de-informacao\/wp-content\/uploads\/sites\/424\/2018\/11\/29-PGBD.pdf\">Proj. e Gerenc. de Banco de Dados<\/a> &#8211; 60h<\/p>\n<p>DCG &#8211; 60h<\/p>\n<p>DCG &#8211; 60h<\/p>\n<p><strong>6\u00b0 Semestre<\/strong><\/p>\n<p><a href=\"https:\/\/www.ufsm.br\/cursos\/graduacao\/santa-maria\/sistemas-de-informacao\/wp-content\/uploads\/sites\/424\/2018\/11\/32-EMP.pdf\">Empreendedor<\/a> &#8211; 60h<\/p>\n<p><a href=\"https:\/\/www.ufsm.br\/cursos\/graduacao\/santa-maria\/sistemas-de-informacao\/wp-content\/uploads\/sites\/424\/2018\/11\/33-RC.pdf\">Redes de Computadores<\/a> &#8211; 75h<\/p>\n<p><a href=\"https:\/\/www.ufsm.br\/cursos\/graduacao\/santa-maria\/sistemas-de-informacao\/wp-content\/uploads\/sites\/424\/2018\/11\/34-PSI.pdf\">Projeto de Software I<\/a> &#8211; 120h<\/p>\n<p>DCG &#8211; 60h<\/p>\n<p>DCG &#8211; 60h<\/p>\n<p><strong>7\u00b0 Semestre<\/strong><\/p>\n<p><a href=\"https:\/\/www.ufsm.br\/cursos\/graduacao\/santa-maria\/sistemas-de-informacao\/wp-content\/uploads\/sites\/424\/2018\/11\/37-MPSI.pdf\">Metod. de Pesq. em SI<\/a> &#8211; 60h<\/p>\n<p><a href=\"https:\/\/www.ufsm.br\/cursos\/graduacao\/santa-maria\/sistemas-de-informacao\/wp-content\/uploads\/sites\/424\/2018\/11\/38-SID.pdf\">Sist. de Inf. Distribu\u00eddo A<\/a> &#8211; 60h<\/p>\n<p><a href=\"https:\/\/www.ufsm.br\/cursos\/graduacao\/santa-maria\/sistemas-de-informacao\/wp-content\/uploads\/sites\/424\/2018\/11\/39-PSII.pdf\">Projeto de Software II<\/a> &#8211; 120h<\/p>\n<p>DCG &#8211; 60h<\/p>\n<p>DCG &#8211; 60h<\/p>\n<p><strong>8\u00b0 Semestre<\/strong><\/p>\n<p>Trabalho de Gradua\u00e7\u00e3o em SI &#8211; 180h<\/p>\n<p>DCG &#8211; 60h<\/p>\n<p>DCG &#8211; 60h<\/p>\n","protected":false},"excerpt":{"rendered":"<p>1\u00b0 Semestre Teoria Geral da Administra\u00e7\u00e3o &#8211; 60h Introd. \u00e0 Sist. de Informa\u00e7\u00e3o &#8211; 30h Circuitos Digitais &#8211; 60h Lab. de Program\u00e7\u00e3o I &#8211; 60h L\u00f3gica e Algoritmo &#8211; 60h C\u00e1lculo A &#8211; 90h 2\u00b0 Semestre Teoria Econ\u00f4mica &#8211; 60h Introd. \u00e0 Ci\u00eanc. da Informa\u00e7\u00e3o &#8211; 30h Organiza\u00e7\u00e3o de Computadores &#8211; 60h Lab. de Programa\u00e7\u00e3o [&hellip;]<\/p>\n","protected":false},"author":194,"featured_media":0,"parent":0,"menu_order":0,"comment_status":"closed","ping_status":"closed","template":"","meta":{"footnotes":""},"categories":[],"tags":[],"class_list":["post-219","page","type-page","status-publish","hentry"],"acf":[],"_links":{"self":[{"href":"https:\/\/www.ufsm.br\/cursos\/graduacao\/santa-maria\/sistemas-de-informacao\/wp-json\/wp\/v2\/pages\/219","targetHints":{"allow":["GET"]}}],"collection":[{"href":"https:\/\/www.ufsm.br\/cursos\/graduacao\/santa-maria\/sistemas-de-informacao\/wp-json\/wp\/v2\/pages"}],"about":[{"href":"https:\/\/www.ufsm.br\/cursos\/graduacao\/santa-maria\/sistemas-de-informacao\/wp-json\/wp\/v2\/types\/page"}],"author":[{"embeddable":true,"href":"https:\/\/www.ufsm.br\/cursos\/graduacao\/santa-maria\/sistemas-de-informacao\/wp-json\/wp\/v2\/users\/194"}],"replies":[{"embeddable":true,"href":"https:\/\/www.ufsm.br\/cursos\/graduacao\/santa-maria\/sistemas-de-informacao\/wp-json\/wp\/v2\/comments?post=219"}],"version-history":[{"count":0,"href":"https:\/\/www.ufsm.br\/cursos\/graduacao\/santa-maria\/sistemas-de-informacao\/wp-json\/wp\/v2\/pages\/219\/revisions"}],"wp:attachment":[{"href":"https:\/\/www.ufsm.br\/cursos\/graduacao\/santa-maria\/sistemas-de-informacao\/wp-json\/wp\/v2\/media?parent=219"}],"wp:term":[{"taxonomy":"category","embeddable":true,"href":"https:\/\/www.ufsm.br\/cursos\/graduacao\/santa-maria\/sistemas-de-informacao\/wp-json\/wp\/v2\/categories?post=219"},{"taxonomy":"post_tag","embeddable":true,"href":"https:\/\/www.ufsm.br\/cursos\/graduacao\/santa-maria\/sistemas-de-informacao\/wp-json\/wp\/v2\/tags?post=219"}],"curies":[{"name":"wp","href":"https:\/\/api.w.org\/{rel}","templated":true}]}}