{"id":198,"date":"2018-11-27T14:36:42","date_gmt":"2018-11-27T16:36:42","guid":{"rendered":"https:\/\/www.ufsm.br\/cursos\/graduacao\/santa-maria\/tecnologia-em-alimentos\/?page_id=198"},"modified":"2022-06-30T17:09:05","modified_gmt":"2022-06-30T20:09:05","slug":"galeria","status":"publish","type":"page","link":"https:\/\/www.ufsm.br\/cursos\/graduacao\/santa-maria\/tecnologia-em-alimentos\/galeria","title":{"rendered":"Galeria"},"content":{"rendered":"\t\t<div data-elementor-type=\"wp-post\" data-elementor-id=\"198\" class=\"elementor elementor-198\">\n\t\t\t\t\t\t<section class=\"elementor-section elementor-top-section elementor-element elementor-element-38cdfd8 elementor-section-boxed elementor-section-height-default elementor-section-height-default\" data-id=\"38cdfd8\" data-element_type=\"section\">\n\t\t\t\t\t\t<div class=\"elementor-container elementor-column-gap-default\">\n\t\t\t\t\t<div class=\"elementor-column elementor-col-33 elementor-top-column elementor-element elementor-element-774280f\" data-id=\"774280f\" data-element_type=\"column\">\n\t\t\t<div class=\"elementor-widget-wrap elementor-element-populated\">\n\t\t\t\t\t\t<div class=\"elementor-element elementor-element-8a7e4ba elementor-position-top elementor-widget elementor-widget-image-box\" data-id=\"8a7e4ba\" data-element_type=\"widget\" data-widget_type=\"image-box.default\">\n\t\t\t\t<div class=\"elementor-widget-container\">\n\t\t\t<div class=\"elementor-image-box-wrapper\"><figure class=\"elementor-image-box-img\"><a href=\"https:\/\/www.ufsm.br\/cursos\/graduacao\/santa-maria\/tecnologia-em-alimentos\/qualidade-biologica\/\" tabindex=\"-1\"><img fetchpriority=\"high\" decoding=\"async\" width=\"700\" height=\"450\" src=\"https:\/\/www.ufsm.br\/app\/uploads\/sites\/382\/2018\/11\/700x450-crop-90-images_galeria_qualidade_micologia.jpg\" class=\"attachment-full size-full wp-image-209\" alt=\"\" srcset=\"https:\/\/www.ufsm.br\/app\/uploads\/sites\/382\/2018\/11\/700x450-crop-90-images_galeria_qualidade_micologia.jpg 700w, https:\/\/www.ufsm.br\/app\/uploads\/sites\/382\/2018\/11\/700x450-crop-90-images_galeria_qualidade_micologia-300x193.jpg 300w\" sizes=\"(max-width: 700px) 100vw, 700px\" \/><\/a><\/figure><div class=\"elementor-image-box-content\"><h3 class=\"elementor-image-box-title\"><a href=\"https:\/\/www.ufsm.br\/cursos\/graduacao\/santa-maria\/tecnologia-em-alimentos\/qualidade-biologica\/\">Qualidade Biol\u00f3gica<\/a><\/h3><\/div><\/div>\t\t<\/div>\n\t\t\t\t<\/div>\n\t\t\t\t\t<\/div>\n\t\t<\/div>\n\t\t\t\t<div class=\"elementor-column elementor-col-33 elementor-top-column elementor-element elementor-element-661d848\" data-id=\"661d848\" data-element_type=\"column\">\n\t\t\t<div class=\"elementor-widget-wrap elementor-element-populated\">\n\t\t\t\t\t\t<div class=\"elementor-element elementor-element-b56a04c elementor-position-top elementor-widget elementor-widget-image-box\" data-id=\"b56a04c\" data-element_type=\"widget\" data-widget_type=\"image-box.default\">\n\t\t\t\t<div class=\"elementor-widget-container\">\n\t\t\t<div class=\"elementor-image-box-wrapper\"><figure class=\"elementor-image-box-img\"><a href=\"https:\/\/www.ufsm.br\/cursos\/graduacao\/santa-maria\/tecnologia-em-alimentos\/qualidade-quimica-e-fisica\/\" tabindex=\"-1\"><img decoding=\"async\" width=\"700\" height=\"450\" src=\"https:\/\/www.ufsm.br\/app\/uploads\/sites\/382\/2018\/11\/700x450-crop-90-images_galeria_qualidade_quimica_variao_de_ph_em_suco_de_repolho_roxo.jpg\" class=\"attachment-full size-full wp-image-213\" alt=\"\" srcset=\"https:\/\/www.ufsm.br\/app\/uploads\/sites\/382\/2018\/11\/700x450-crop-90-images_galeria_qualidade_quimica_variao_de_ph_em_suco_de_repolho_roxo.jpg 700w, https:\/\/www.ufsm.br\/app\/uploads\/sites\/382\/2018\/11\/700x450-crop-90-images_galeria_qualidade_quimica_variao_de_ph_em_suco_de_repolho_roxo-300x193.jpg 300w\" sizes=\"(max-width: 700px) 100vw, 700px\" \/><\/a><\/figure><div class=\"elementor-image-box-content\"><h3 class=\"elementor-image-box-title\"><a href=\"https:\/\/www.ufsm.br\/cursos\/graduacao\/santa-maria\/tecnologia-em-alimentos\/qualidade-quimica-e-fisica\/\">Qualidade qu\u00edmica e f\u00edsica<\/a><\/h3><\/div><\/div>\t\t<\/div>\n\t\t\t\t<\/div>\n\t\t\t\t\t<\/div>\n\t\t<\/div>\n\t\t\t\t<div class=\"elementor-column elementor-col-33 elementor-top-column elementor-element elementor-element-5d18409\" data-id=\"5d18409\" data-element_type=\"column\">\n\t\t\t<div class=\"elementor-widget-wrap elementor-element-populated\">\n\t\t\t\t\t\t<div class=\"elementor-element elementor-element-ac589cf elementor-position-top elementor-widget elementor-widget-image-box\" data-id=\"ac589cf\" data-element_type=\"widget\" data-widget_type=\"image-box.default\">\n\t\t\t\t<div class=\"elementor-widget-container\">\n\t\t\t<div class=\"elementor-image-box-wrapper\"><figure class=\"elementor-image-box-img\"><a href=\"https:\/\/www.ufsm.br\/cursos\/graduacao\/santa-maria\/tecnologia-em-alimentos\/tecnologia-de-produtos-de-origem-vegetal\/\" tabindex=\"-1\"><img decoding=\"async\" width=\"700\" height=\"450\" src=\"https:\/\/www.ufsm.br\/app\/uploads\/sites\/382\/2018\/11\/3.jpg\" class=\"attachment-full size-full wp-image-203\" alt=\"\" srcset=\"https:\/\/www.ufsm.br\/app\/uploads\/sites\/382\/2018\/11\/3.jpg 700w, https:\/\/www.ufsm.br\/app\/uploads\/sites\/382\/2018\/11\/3-300x193.jpg 300w\" sizes=\"(max-width: 700px) 100vw, 700px\" \/><\/a><\/figure><div class=\"elementor-image-box-content\"><h3 class=\"elementor-image-box-title\"><a href=\"https:\/\/www.ufsm.br\/cursos\/graduacao\/santa-maria\/tecnologia-em-alimentos\/tecnologia-de-produtos-de-origem-vegetal\/\">Tecnologia de Produtos de Origem Vegetal<\/a><\/h3><\/div><\/div>\t\t<\/div>\n\t\t\t\t<\/div>\n\t\t\t\t\t<\/div>\n\t\t<\/div>\n\t\t\t\t\t<\/div>\n\t\t<\/section>\n\t\t\t\t<section class=\"elementor-section elementor-top-section elementor-element elementor-element-af61415 elementor-section-boxed elementor-section-height-default elementor-section-height-default\" data-id=\"af61415\" data-element_type=\"section\">\n\t\t\t\t\t\t<div class=\"elementor-container elementor-column-gap-default\">\n\t\t\t\t\t<div class=\"elementor-column elementor-col-33 elementor-top-column elementor-element elementor-element-55467cd\" data-id=\"55467cd\" data-element_type=\"column\">\n\t\t\t<div class=\"elementor-widget-wrap elementor-element-populated\">\n\t\t\t\t\t\t<div class=\"elementor-element elementor-element-172cb79 elementor-position-top elementor-widget elementor-widget-image-box\" data-id=\"172cb79\" data-element_type=\"widget\" data-widget_type=\"image-box.default\">\n\t\t\t\t<div class=\"elementor-widget-container\">\n\t\t\t<div class=\"elementor-image-box-wrapper\"><figure class=\"elementor-image-box-img\"><a href=\"https:\/\/www.ufsm.br\/cursos\/graduacao\/santa-maria\/tecnologia-em-alimentos\/tecnologia-de-produtos-de-origem-animal\/\" tabindex=\"-1\"><img loading=\"lazy\" decoding=\"async\" width=\"1920\" height=\"1440\" src=\"https:\/\/www.ufsm.br\/app\/uploads\/sites\/382\/2018\/11\/Aula-de-Iogurte.jpg\" class=\"attachment-full size-full wp-image-216\" alt=\"\" srcset=\"https:\/\/www.ufsm.br\/app\/uploads\/sites\/382\/2018\/11\/Aula-de-Iogurte.jpg 1920w, https:\/\/www.ufsm.br\/app\/uploads\/sites\/382\/2018\/11\/Aula-de-Iogurte-300x225.jpg 300w, https:\/\/www.ufsm.br\/app\/uploads\/sites\/382\/2018\/11\/Aula-de-Iogurte-768x576.jpg 768w, https:\/\/www.ufsm.br\/app\/uploads\/sites\/382\/2018\/11\/Aula-de-Iogurte-1024x768.jpg 1024w\" sizes=\"(max-width: 1920px) 100vw, 1920px\" \/><\/a><\/figure><div class=\"elementor-image-box-content\"><h3 class=\"elementor-image-box-title\"><a href=\"https:\/\/www.ufsm.br\/cursos\/graduacao\/santa-maria\/tecnologia-em-alimentos\/tecnologia-de-produtos-de-origem-animal\/\">Tecnologia de Produtos de Origem Animal<\/a><\/h3><\/div><\/div>\t\t<\/div>\n\t\t\t\t<\/div>\n\t\t\t\t\t<\/div>\n\t\t<\/div>\n\t\t\t\t<div class=\"elementor-column elementor-col-33 elementor-top-column elementor-element elementor-element-a70251e\" data-id=\"a70251e\" data-element_type=\"column\">\n\t\t\t<div class=\"elementor-widget-wrap elementor-element-populated\">\n\t\t\t\t\t\t<div class=\"elementor-element elementor-element-ff9b4e6 elementor-position-top elementor-widget elementor-widget-image-box\" data-id=\"ff9b4e6\" data-element_type=\"widget\" data-widget_type=\"image-box.default\">\n\t\t\t\t<div class=\"elementor-widget-container\">\n\t\t\t<div class=\"elementor-image-box-wrapper\"><figure class=\"elementor-image-box-img\"><a href=\"https:\/\/www.ufsm.br\/cursos\/graduacao\/santa-maria\/tecnologia-em-alimentos\/2o-ata\/\" tabindex=\"-1\"><img loading=\"lazy\" decoding=\"async\" width=\"700\" height=\"450\" src=\"https:\/\/www.ufsm.br\/app\/uploads\/sites\/382\/2018\/11\/700x450-crop-90-images_galeria_sata_2_sata_1.jpg\" class=\"attachment-full size-full wp-image-230\" alt=\"\" srcset=\"https:\/\/www.ufsm.br\/app\/uploads\/sites\/382\/2018\/11\/700x450-crop-90-images_galeria_sata_2_sata_1.jpg 700w, https:\/\/www.ufsm.br\/app\/uploads\/sites\/382\/2018\/11\/700x450-crop-90-images_galeria_sata_2_sata_1-300x193.jpg 300w\" sizes=\"(max-width: 700px) 100vw, 700px\" \/><\/a><\/figure><div class=\"elementor-image-box-content\"><h3 class=\"elementor-image-box-title\"><a href=\"https:\/\/www.ufsm.br\/cursos\/graduacao\/santa-maria\/tecnologia-em-alimentos\/2o-ata\/\">2\u00b0 SATA<\/a><\/h3><\/div><\/div>\t\t<\/div>\n\t\t\t\t<\/div>\n\t\t\t\t\t<\/div>\n\t\t<\/div>\n\t\t\t\t<div class=\"elementor-column elementor-col-33 elementor-top-column elementor-element elementor-element-a1142ca\" data-id=\"a1142ca\" data-element_type=\"column\">\n\t\t\t<div class=\"elementor-widget-wrap elementor-element-populated\">\n\t\t\t\t\t\t<div class=\"elementor-element elementor-element-68ff2ae elementor-position-top elementor-widget elementor-widget-image-box\" data-id=\"68ff2ae\" data-element_type=\"widget\" data-widget_type=\"image-box.default\">\n\t\t\t\t<div class=\"elementor-widget-container\">\n\t\t\t<div class=\"elementor-image-box-wrapper\"><figure class=\"elementor-image-box-img\"><a href=\"https:\/\/www.ufsm.br\/cursos\/graduacao\/santa-maria\/tecnologia-em-alimentos\/8-sata\/\" tabindex=\"-1\"><img loading=\"lazy\" decoding=\"async\" width=\"1920\" height=\"1079\" src=\"https:\/\/www.ufsm.br\/app\/uploads\/sites\/382\/2019\/11\/P_20191021_091416_vHDR_Auto.jpg\" class=\"attachment-full size-full wp-image-464\" alt=\"\" srcset=\"https:\/\/www.ufsm.br\/app\/uploads\/sites\/382\/2019\/11\/P_20191021_091416_vHDR_Auto.jpg 1920w, https:\/\/www.ufsm.br\/app\/uploads\/sites\/382\/2019\/11\/P_20191021_091416_vHDR_Auto-300x169.jpg 300w, https:\/\/www.ufsm.br\/app\/uploads\/sites\/382\/2019\/11\/P_20191021_091416_vHDR_Auto-768x432.jpg 768w, https:\/\/www.ufsm.br\/app\/uploads\/sites\/382\/2019\/11\/P_20191021_091416_vHDR_Auto-1024x575.jpg 1024w\" sizes=\"(max-width: 1920px) 100vw, 1920px\" \/><\/a><\/figure><div class=\"elementor-image-box-content\"><h3 class=\"elementor-image-box-title\"><a href=\"https:\/\/www.ufsm.br\/cursos\/graduacao\/santa-maria\/tecnologia-em-alimentos\/8-sata\/\">8\u00ba SATA<\/a><\/h3><\/div><\/div>\t\t<\/div>\n\t\t\t\t<\/div>\n\t\t\t\t\t<\/div>\n\t\t<\/div>\n\t\t\t\t\t<\/div>\n\t\t<\/section>\n\t\t\t\t<section class=\"elementor-section elementor-top-section elementor-element elementor-element-5b4ecfc elementor-section-boxed elementor-section-height-default elementor-section-height-default\" data-id=\"5b4ecfc\" data-element_type=\"section\">\n\t\t\t\t\t\t<div class=\"elementor-container elementor-column-gap-default\">\n\t\t\t\t\t<div class=\"elementor-column elementor-col-33 elementor-top-column elementor-element elementor-element-55990ad\" data-id=\"55990ad\" data-element_type=\"column\">\n\t\t\t<div class=\"elementor-widget-wrap elementor-element-populated\">\n\t\t\t\t\t\t<div class=\"elementor-element elementor-element-766bd24 elementor-position-top elementor-widget elementor-widget-image-box\" data-id=\"766bd24\" data-element_type=\"widget\" data-widget_type=\"image-box.default\">\n\t\t\t\t<div class=\"elementor-widget-container\">\n\t\t\t<div class=\"elementor-image-box-wrapper\"><figure class=\"elementor-image-box-img\"><a href=\"https:\/\/www.ufsm.br\/cursos\/graduacao\/santa-maria\/tecnologia-em-alimentos\/outros-eventos\/\" tabindex=\"-1\"><img loading=\"lazy\" decoding=\"async\" width=\"700\" height=\"450\" src=\"https:\/\/www.ufsm.br\/app\/uploads\/sites\/382\/2018\/11\/700x450-crop-90-images_galeria_outros_eventos_semana_academica_de_engenharia_de_alimentos.jpg\" class=\"attachment-full size-full wp-image-232\" alt=\"\" srcset=\"https:\/\/www.ufsm.br\/app\/uploads\/sites\/382\/2018\/11\/700x450-crop-90-images_galeria_outros_eventos_semana_academica_de_engenharia_de_alimentos.jpg 700w, https:\/\/www.ufsm.br\/app\/uploads\/sites\/382\/2018\/11\/700x450-crop-90-images_galeria_outros_eventos_semana_academica_de_engenharia_de_alimentos-300x193.jpg 300w\" sizes=\"(max-width: 700px) 100vw, 700px\" \/><\/a><\/figure><div class=\"elementor-image-box-content\"><h3 class=\"elementor-image-box-title\"><a href=\"https:\/\/www.ufsm.br\/cursos\/graduacao\/santa-maria\/tecnologia-em-alimentos\/outros-eventos\/\">Outros Eventos<\/a><\/h3><\/div><\/div>\t\t<\/div>\n\t\t\t\t<\/div>\n\t\t\t\t\t<\/div>\n\t\t<\/div>\n\t\t\t\t<div class=\"elementor-column elementor-col-33 elementor-top-column elementor-element elementor-element-3b3b532\" data-id=\"3b3b532\" data-element_type=\"column\">\n\t\t\t<div class=\"elementor-widget-wrap elementor-element-populated\">\n\t\t\t\t\t\t<div class=\"elementor-element elementor-element-b5ec0de elementor-position-top elementor-widget elementor-widget-image-box\" data-id=\"b5ec0de\" data-element_type=\"widget\" data-widget_type=\"image-box.default\">\n\t\t\t\t<div class=\"elementor-widget-container\">\n\t\t\t<div class=\"elementor-image-box-wrapper\"><figure class=\"elementor-image-box-img\"><a href=\"https:\/\/www.ufsm.br\/cursos\/graduacao\/santa-maria\/tecnologia-em-alimentos\/9sata\/\" tabindex=\"-1\"><img loading=\"lazy\" decoding=\"async\" width=\"1920\" height=\"864\" src=\"https:\/\/www.ufsm.br\/app\/uploads\/sites\/382\/2020\/11\/Screenshot_20201019-231907_YouTube.jpg\" class=\"attachment-full size-full wp-image-544\" alt=\"\" srcset=\"https:\/\/www.ufsm.br\/app\/uploads\/sites\/382\/2020\/11\/Screenshot_20201019-231907_YouTube.jpg 1920w, https:\/\/www.ufsm.br\/app\/uploads\/sites\/382\/2020\/11\/Screenshot_20201019-231907_YouTube-300x135.jpg 300w, https:\/\/www.ufsm.br\/app\/uploads\/sites\/382\/2020\/11\/Screenshot_20201019-231907_YouTube-1024x461.jpg 1024w, https:\/\/www.ufsm.br\/app\/uploads\/sites\/382\/2020\/11\/Screenshot_20201019-231907_YouTube-768x346.jpg 768w, https:\/\/www.ufsm.br\/app\/uploads\/sites\/382\/2020\/11\/Screenshot_20201019-231907_YouTube-1536x691.jpg 1536w\" sizes=\"(max-width: 1920px) 100vw, 1920px\" \/><\/a><\/figure><div class=\"elementor-image-box-content\"><h3 class=\"elementor-image-box-title\"><a href=\"https:\/\/www.ufsm.br\/cursos\/graduacao\/santa-maria\/tecnologia-em-alimentos\/9sata\/\">9\u00ba SATA<\/a><\/h3><\/div><\/div>\t\t<\/div>\n\t\t\t\t<\/div>\n\t\t\t\t\t<\/div>\n\t\t<\/div>\n\t\t\t\t<div class=\"elementor-column elementor-col-33 elementor-top-column elementor-element elementor-element-9d47c9d\" data-id=\"9d47c9d\" data-element_type=\"column\">\n\t\t\t<div class=\"elementor-widget-wrap elementor-element-populated\">\n\t\t\t\t\t\t<div class=\"elementor-element elementor-element-abf2d23 elementor-position-top elementor-widget elementor-widget-image-box\" data-id=\"abf2d23\" data-element_type=\"widget\" data-widget_type=\"image-box.default\">\n\t\t\t\t<div class=\"elementor-widget-container\">\n\t\t\t<div class=\"elementor-image-box-wrapper\"><figure class=\"elementor-image-box-img\"><a href=\"https:\/\/www.ufsm.br\/cursos\/graduacao\/santa-maria\/tecnologia-em-alimentos\/csta-2\/\" tabindex=\"-1\"><img loading=\"lazy\" decoding=\"async\" width=\"150\" height=\"150\" src=\"https:\/\/www.ufsm.br\/app\/uploads\/sites\/382\/2021\/05\/logo-TA-150x150.png\" class=\"attachment-thumbnail size-thumbnail wp-image-600\" alt=\"\" \/><\/a><\/figure><div class=\"elementor-image-box-content\"><h3 class=\"elementor-image-box-title\"><a href=\"https:\/\/www.ufsm.br\/cursos\/graduacao\/santa-maria\/tecnologia-em-alimentos\/csta-2\/\">LOGO CSTA<\/a><\/h3><\/div><\/div>\t\t<\/div>\n\t\t\t\t<\/div>\n\t\t\t\t\t<\/div>\n\t\t<\/div>\n\t\t\t\t\t<\/div>\n\t\t<\/section>\n\t\t\t\t<section class=\"elementor-section elementor-top-section elementor-element elementor-element-8046609 elementor-section-boxed elementor-section-height-default elementor-section-height-default\" data-id=\"8046609\" data-element_type=\"section\">\n\t\t\t\t\t\t<div class=\"elementor-container elementor-column-gap-default\">\n\t\t\t\t\t<div class=\"elementor-column elementor-col-33 elementor-top-column elementor-element elementor-element-6d07473\" data-id=\"6d07473\" data-element_type=\"column\">\n\t\t\t<div class=\"elementor-widget-wrap elementor-element-populated\">\n\t\t\t\t\t\t<div class=\"elementor-element elementor-element-aacf3a8 elementor-position-top elementor-widget elementor-widget-image-box\" data-id=\"aacf3a8\" data-element_type=\"widget\" data-widget_type=\"image-box.default\">\n\t\t\t\t<div class=\"elementor-widget-container\">\n\t\t\t<div class=\"elementor-image-box-wrapper\"><figure class=\"elementor-image-box-img\"><a href=\"https:\/\/www.ufsm.br\/cursos\/graduacao\/santa-maria\/tecnologia-em-alimentos\/10-sata\/\" tabindex=\"-1\"><img loading=\"lazy\" decoding=\"async\" width=\"606\" height=\"606\" src=\"https:\/\/www.ufsm.br\/app\/uploads\/sites\/382\/2022\/06\/IMG_20211126_224008_394.jpg\" class=\"attachment-full size-full wp-image-692\" alt=\"\" srcset=\"https:\/\/www.ufsm.br\/app\/uploads\/sites\/382\/2022\/06\/IMG_20211126_224008_394.jpg 606w, https:\/\/www.ufsm.br\/app\/uploads\/sites\/382\/2022\/06\/IMG_20211126_224008_394-300x300.jpg 300w, https:\/\/www.ufsm.br\/app\/uploads\/sites\/382\/2022\/06\/IMG_20211126_224008_394-150x150.jpg 150w\" sizes=\"(max-width: 606px) 100vw, 606px\" \/><\/a><\/figure><div class=\"elementor-image-box-content\"><h3 class=\"elementor-image-box-title\"><a href=\"https:\/\/www.ufsm.br\/cursos\/graduacao\/santa-maria\/tecnologia-em-alimentos\/10-sata\/\">10\u00b0 SATA<\/a><\/h3><\/div><\/div>\t\t<\/div>\n\t\t\t\t<\/div>\n\t\t\t\t\t<\/div>\n\t\t<\/div>\n\t\t\t\t<div class=\"elementor-column elementor-col-33 elementor-top-column elementor-element elementor-element-3acde7f\" data-id=\"3acde7f\" data-element_type=\"column\">\n\t\t\t<div class=\"elementor-widget-wrap\">\n\t\t\t\t\t\t\t<\/div>\n\t\t<\/div>\n\t\t\t\t<div class=\"elementor-column elementor-col-33 elementor-top-column elementor-element elementor-element-62b302b\" data-id=\"62b302b\" data-element_type=\"column\">\n\t\t\t<div class=\"elementor-widget-wrap\">\n\t\t\t\t\t\t\t<\/div>\n\t\t<\/div>\n\t\t\t\t\t<\/div>\n\t\t<\/section>\n\t\t\t\t<\/div>\n\t\t","protected":false},"excerpt":{"rendered":"<p>Qualidade Biol\u00f3gica Qualidade qu\u00edmica e f\u00edsica Tecnologia de Produtos de Origem Vegetal Tecnologia de Produtos de Origem Animal 2\u00b0 SATA 8\u00ba SATA Outros Eventos 9\u00ba SATA LOGO CSTA 10\u00b0 SATA<\/p>\n","protected":false},"author":201,"featured_media":596,"parent":0,"menu_order":0,"comment_status":"closed","ping_status":"closed","template":"","meta":{"footnotes":""},"categories":[],"tags":[],"class_list":["post-198","page","type-page","status-publish","has-post-thumbnail","hentry"],"acf":[],"_links":{"self":[{"href":"https:\/\/www.ufsm.br\/cursos\/graduacao\/santa-maria\/tecnologia-em-alimentos\/wp-json\/wp\/v2\/pages\/198","targetHints":{"allow":["GET"]}}],"collection":[{"href":"https:\/\/www.ufsm.br\/cursos\/graduacao\/santa-maria\/tecnologia-em-alimentos\/wp-json\/wp\/v2\/pages"}],"about":[{"href":"https:\/\/www.ufsm.br\/cursos\/graduacao\/santa-maria\/tecnologia-em-alimentos\/wp-json\/wp\/v2\/types\/page"}],"author":[{"embeddable":true,"href":"https:\/\/www.ufsm.br\/cursos\/graduacao\/santa-maria\/tecnologia-em-alimentos\/wp-json\/wp\/v2\/users\/201"}],"replies":[{"embeddable":true,"href":"https:\/\/www.ufsm.br\/cursos\/graduacao\/santa-maria\/tecnologia-em-alimentos\/wp-json\/wp\/v2\/comments?post=198"}],"version-history":[{"count":0,"href":"https:\/\/www.ufsm.br\/cursos\/graduacao\/santa-maria\/tecnologia-em-alimentos\/wp-json\/wp\/v2\/pages\/198\/revisions"}],"wp:featuredmedia":[{"embeddable":true,"href":"https:\/\/www.ufsm.br\/cursos\/graduacao\/santa-maria\/tecnologia-em-alimentos\/wp-json\/wp\/v2\/media\/596"}],"wp:attachment":[{"href":"https:\/\/www.ufsm.br\/cursos\/graduacao\/santa-maria\/tecnologia-em-alimentos\/wp-json\/wp\/v2\/media?parent=198"}],"wp:term":[{"taxonomy":"category","embeddable":true,"href":"https:\/\/www.ufsm.br\/cursos\/graduacao\/santa-maria\/tecnologia-em-alimentos\/wp-json\/wp\/v2\/categories?post=198"},{"taxonomy":"post_tag","embeddable":true,"href":"https:\/\/www.ufsm.br\/cursos\/graduacao\/santa-maria\/tecnologia-em-alimentos\/wp-json\/wp\/v2\/tags?post=198"}],"curies":[{"name":"wp","href":"https:\/\/api.w.org\/{rel}","templated":true}]}}