{"id":245,"date":"2019-02-15T08:48:52","date_gmt":"2019-02-15T10:48:52","guid":{"rendered":"https:\/\/www.ufsm.br\/cursos\/graduacao\/santa-maria\/tecnologia-em-alimentos\/?page_id=245"},"modified":"2026-02-09T10:14:46","modified_gmt":"2026-02-09T13:14:46","slug":"nde","status":"publish","type":"page","link":"https:\/\/www.ufsm.br\/cursos\/graduacao\/santa-maria\/tecnologia-em-alimentos\/nde","title":{"rendered":"NDE"},"content":{"rendered":"\n<p>Profa. Grazielle Castagna Cezimbra Weis &#8211; Presidente<br \/>Prof. Alexandre Jos\u00e9 Cichoski<br \/>Profa. Ana Betine Beutinger Bender<br \/>Profa. Cl\u00e1udia Kaehler Sautter<br \/>Profa. Fl\u00e1via Michelon Dalla Nora<br \/>Prof. Gustavo Petri Guerra<br \/>Profa. Mari S\u00edlvia Rodrigues de Oliveira<br \/>Profa. Neila Silvia Pereira Dos Santos Richards<\/p>\n<p>\u00a0<\/p>\n<p style=\"margin-top: 0px;margin-bottom: 10px;color: #666666;font-family: Helvetica, Arial, sans-serif;font-size: 13px\"><span style=\"line-height: 1.3em;font-size: 10pt;font-family: arial, helvetica, sans-serif\"><span style=\"line-height: 1.3em;font-size: 10pt\">\u00a0<\/span><\/span><\/p>\n","protected":false},"excerpt":{"rendered":"<p>Profa. Grazielle Castagna Cezimbra Weis &#8211; PresidenteProf. Alexandre Jos\u00e9 CichoskiProfa. Ana Betine Beutinger BenderProfa. Cl\u00e1udia Kaehler SautterProfa. Fl\u00e1via Michelon Dalla NoraProf. Gustavo Petri GuerraProfa. Mari S\u00edlvia Rodrigues de OliveiraProfa. Neila Silvia Pereira Dos Santos Richards \u00a0 \u00a0<\/p>\n","protected":false},"author":117,"featured_media":0,"parent":0,"menu_order":0,"comment_status":"closed","ping_status":"closed","template":"","meta":{"footnotes":""},"categories":[],"tags":[],"class_list":["post-245","page","type-page","status-publish","hentry"],"acf":[],"_links":{"self":[{"href":"https:\/\/www.ufsm.br\/cursos\/graduacao\/santa-maria\/tecnologia-em-alimentos\/wp-json\/wp\/v2\/pages\/245","targetHints":{"allow":["GET"]}}],"collection":[{"href":"https:\/\/www.ufsm.br\/cursos\/graduacao\/santa-maria\/tecnologia-em-alimentos\/wp-json\/wp\/v2\/pages"}],"about":[{"href":"https:\/\/www.ufsm.br\/cursos\/graduacao\/santa-maria\/tecnologia-em-alimentos\/wp-json\/wp\/v2\/types\/page"}],"author":[{"embeddable":true,"href":"https:\/\/www.ufsm.br\/cursos\/graduacao\/santa-maria\/tecnologia-em-alimentos\/wp-json\/wp\/v2\/users\/117"}],"replies":[{"embeddable":true,"href":"https:\/\/www.ufsm.br\/cursos\/graduacao\/santa-maria\/tecnologia-em-alimentos\/wp-json\/wp\/v2\/comments?post=245"}],"version-history":[{"count":0,"href":"https:\/\/www.ufsm.br\/cursos\/graduacao\/santa-maria\/tecnologia-em-alimentos\/wp-json\/wp\/v2\/pages\/245\/revisions"}],"wp:attachment":[{"href":"https:\/\/www.ufsm.br\/cursos\/graduacao\/santa-maria\/tecnologia-em-alimentos\/wp-json\/wp\/v2\/media?parent=245"}],"wp:term":[{"taxonomy":"category","embeddable":true,"href":"https:\/\/www.ufsm.br\/cursos\/graduacao\/santa-maria\/tecnologia-em-alimentos\/wp-json\/wp\/v2\/categories?post=245"},{"taxonomy":"post_tag","embeddable":true,"href":"https:\/\/www.ufsm.br\/cursos\/graduacao\/santa-maria\/tecnologia-em-alimentos\/wp-json\/wp\/v2\/tags?post=245"}],"curies":[{"name":"wp","href":"https:\/\/api.w.org\/{rel}","templated":true}]}}