{"id":5,"date":"2018-01-18T08:39:17","date_gmt":"2018-01-18T10:39:17","guid":{"rendered":"https:\/\/www.ufsm.br\/cursos\/graduacao\/tecnologia-em-alimentos\/12422\/?page_id=5"},"modified":"2025-08-21T14:23:12","modified_gmt":"2025-08-21T17:23:12","slug":"pagina-inicial","status":"publish","type":"page","link":"https:\/\/www.ufsm.br\/cursos\/graduacao\/santa-maria\/tecnologia-em-alimentos\/","title":{"rendered":"P\u00e1gina Inicial"},"content":{"rendered":"\t\t<div data-elementor-type=\"wp-post\" data-elementor-id=\"5\" class=\"elementor elementor-5\">\n\t\t\t\t\t\t<section class=\"elementor-section elementor-top-section elementor-element elementor-element-d292a3f elementor-section-boxed elementor-section-height-default elementor-section-height-default\" data-id=\"d292a3f\" data-element_type=\"section\">\n\t\t\t\t\t\t<div class=\"elementor-container elementor-column-gap-default\">\n\t\t\t\t\t<div class=\"elementor-column elementor-col-100 elementor-top-column elementor-element elementor-element-9bb8668\" data-id=\"9bb8668\" data-element_type=\"column\">\n\t\t\t<div class=\"elementor-widget-wrap elementor-element-populated\">\n\t\t\t\t\t\t<div class=\"elementor-element elementor-element-952685d elementor-widget elementor-widget-heading\" data-id=\"952685d\" data-element_type=\"widget\" data-widget_type=\"heading.default\">\n\t\t\t\t<div class=\"elementor-widget-container\">\n\t\t\t<h5 class=\"elementor-heading-title elementor-size-default\">Apresenta\u00e7\u00e3o<\/h5>\t\t<\/div>\n\t\t\t\t<\/div>\n\t\t\t\t\t<\/div>\n\t\t<\/div>\n\t\t\t\t\t<\/div>\n\t\t<\/section>\n\t\t\t\t<section class=\"elementor-section elementor-top-section elementor-element elementor-element-a0d8cda elementor-section-boxed elementor-section-height-default elementor-section-height-default\" data-id=\"a0d8cda\" data-element_type=\"section\">\n\t\t\t\t\t\t<div class=\"elementor-container elementor-column-gap-default\">\n\t\t\t\t\t<div class=\"elementor-column elementor-col-100 elementor-top-column elementor-element elementor-element-e883af2\" data-id=\"e883af2\" data-element_type=\"column\">\n\t\t\t<div class=\"elementor-widget-wrap elementor-element-populated\">\n\t\t\t\t\t\t<div class=\"elementor-element elementor-element-e4783df elementor-widget elementor-widget-shortcode\" data-id=\"e4783df\" data-element_type=\"widget\" data-widget_type=\"shortcode.default\">\n\t\t\t\t<div class=\"elementor-widget-container\">\n\t\t\t\t\t<div class=\"elementor-shortcode\"><div class='row'><div class='col-12 col-lg-9 pe-lg-1 align-self-center'><p>O curso de <b>Alimentos<\/b> est\u00e1 localizado em <b>Campus Camobi - UFSM<\/b> na modalidade <b>Tecnol\u00f3gico - Presencial<\/b> sendo <b>Diurno<\/b> o seu turno de funcionamento. A \u00e1rea de conhecimento do curso \u00e9 classificada como <b>CI\u00caNCIAS AGR\u00c1RIAS<\/b>. Atualmente, a coordena\u00e7\u00e3o \u00e9 de responsabilidade de <b>GRAZIELLE CASTAGNA CEZIMBRA WEIS<\/b>, a coordena\u00e7\u00e3o substituta de <b>ANA BETINE BEUTINGER BENDER<\/b> e a secretaria de <b>EDUARDO TEIXEIRA FERREIRA<\/b>.<\/p><p>O curso \u00e9 ofertado em per\u00edodo <b>Semestral<\/b>, sendo <b>7<\/b> o n\u00famero de per\u00edodos indicados para sua conclus\u00e3o.<\/p><p class='mt-3'>Reconhecido pela Portaria n. 655\/2013\/MEC, publicada no DOU, de 12\/12\/2013 e Portaria n. 916\/2017\/MEC, publicada no DOU, de 15\/08\/2017.<\/p><\/div><div class='col-12 col-lg-3'><div class='row d-flex justify-content-around'><h3 class='visually-hidden'>Conceitos<\/h3><div class='col-12 col-md-4 col-lg-12 d-flex flex-column conceito-curso'><div class='flex-fill p-3 my-2 my-md-0 my-lg-1 mx-0 mx-md-2 mx-lg-0'><div class='text-center conceito-descricao'>Conceito de Curso (2017)<\/div><div class='text-center text-primary conceito-valor'>4<\/div><\/div><\/div><\/div><\/div><\/div><\/div>\n\t\t\t\t<\/div>\n\t\t\t\t<\/div>\n\t\t\t\t\t<\/div>\n\t\t<\/div>\n\t\t\t\t\t<\/div>\n\t\t<\/section>\n\t\t\t\t<section class=\"elementor-section elementor-top-section elementor-element elementor-element-b92f055 elementor-section-boxed elementor-section-height-default elementor-section-height-default\" data-id=\"b92f055\" data-element_type=\"section\">\n\t\t\t\t\t\t<div class=\"elementor-container elementor-column-gap-default\">\n\t\t\t\t\t<div class=\"elementor-column elementor-col-100 elementor-top-column elementor-element elementor-element-54d9ff5\" data-id=\"54d9ff5\" data-element_type=\"column\">\n\t\t\t<div class=\"elementor-widget-wrap elementor-element-populated\">\n\t\t\t\t\t\t<div class=\"elementor-element elementor-element-f5387a3 elementor-widget elementor-widget-wp-widget-ufsm_utilidades\" data-id=\"f5387a3\" data-element_type=\"widget\" data-widget_type=\"wp-widget-ufsm_utilidades.default\">\n\t\t\t\t<div class=\"elementor-widget-container\">\n\t\t\t\t\t<h5 class=\"card-title titulo-conteudos\">Utilidades<\/h5>\n\t\t\t\t\n\t\t<div class=\"row d-flex justify-content-around\">\n\t\t\t\t\t\t\t<div class=\"col-12 col-sm-6 col-md-2 mt-4 text-center\">\n\t\t\t\t\t\t\t\t\t\t\t<a href=\"https:\/\/www.ufsm.br\/cursos\/graduacao\/santa-maria\/tecnologia-em-alimentos\/horarios\" class=\"item-utilidades d-block\">\n\t\t\t\t\t\t\t\t\t\t<i class=\"fas fa-pencil-alt animation-pulse\" aria-hidden=\"true\"><\/i><b>Oferta \/ Hor\u00e1rios<\/b><\/a>\n\t\t\t\t<\/div>\n\t\t\t\t\t\t\t<div class=\"col-12 col-sm-6 col-md-2 mt-4 text-center\">\n\t\t\t\t\t\t\t\t\t\t\t<a href=\"https:\/\/portal.ufsm.br\/aluno\/\" class=\"item-utilidades d-block\">\n\t\t\t\t\t\t\t\t\t\t<i class=\"fa fa-user animation-pulse\" aria-hidden=\"true\"><\/i><b>Portal do Aluno<\/b><\/a>\n\t\t\t\t<\/div>\n\t\t\t\t\t\t\t<div class=\"col-12 col-sm-6 col-md-2 mt-4 text-center\">\n\t\t\t\t\t\t\t\t\t\t\t<a href=\"https:\/\/www.ufsm.br\/cursos\/graduacao\/santa-maria\/tecnologia-em-alimentos\/informacoes-do-curriculo\" class=\"item-utilidades d-block\">\n\t\t\t\t\t\t\t\t\t\t<i class=\"fa fa-clipboard animation-pulse\" aria-hidden=\"true\"><\/i><b>Informa\u00e7\u00f5es Curriculares<\/b><\/a>\n\t\t\t\t<\/div>\n\t\t\t\t\t\t\t<div class=\"col-12 col-sm-6 col-md-2 mt-4 text-center\">\n\t\t\t\t\t\t\t\t\t\t\t<a href=\"https:\/\/www.ufsm.br\/cursos\/graduacao\/santa-maria\/tecnologia-em-alimentos\/projeto-pedagogico\" class=\"item-utilidades d-block\">\n\t\t\t\t\t\t\t\t\t\t<i class=\"fa fa-book animation-pulse\" aria-hidden=\"true\"><\/i><b>Projeto Pedag\u00f3gico<\/b><\/a>\n\t\t\t\t<\/div>\n\t\t\t\t\t\t\t<div class=\"col-12 col-sm-6 col-md-2 mt-4 text-center\">\n\t\t\t\t\t\t\t\t\t\t\t<a href=\"https:\/\/ead06.proj.ufsm.br\/login\/\" class=\"item-utilidades d-block\">\n\t\t\t\t\t\t\t\t\t\t<i class=\"ufsm ufsm-moodle animation-pulse\" aria-hidden=\"true\"><\/i><b>Ambiente Virtual Moodle<\/b><\/a>\n\t\t\t\t<\/div>\n\t\t\t\t\t\t\t<div class=\"col-12 col-sm-6 col-md-2 mt-4 text-center\">\n\t\t\t\t\t\t\t\t\t\t\t<a href=\"https:\/\/www.ufsm.br\/cursos\/graduacao\/santa-maria\/tecnologia-em-alimentos\/editais\" class=\"item-utilidades d-block\">\n\t\t\t\t\t\t\t\t\t\t<i class=\"far fa-copy animation-pulse\" aria-hidden=\"true\"><\/i><b>Editais<\/b><\/a>\n\t\t\t\t<\/div>\n\t\t\t\t\t<\/div>\n\t\t\t\t<\/div>\n\t\t\t\t<\/div>\n\t\t\t\t\t<\/div>\n\t\t<\/div>\n\t\t\t\t\t<\/div>\n\t\t<\/section>\n\t\t\t\t<section class=\"elementor-section elementor-top-section elementor-element elementor-element-57497bc elementor-section-boxed elementor-section-height-default elementor-section-height-default\" data-id=\"57497bc\" data-element_type=\"section\">\n\t\t\t\t\t\t<div class=\"elementor-container elementor-column-gap-default\">\n\t\t\t\t\t<div class=\"elementor-column elementor-col-50 elementor-top-column elementor-element elementor-element-1022357\" data-id=\"1022357\" data-element_type=\"column\">\n\t\t\t<div class=\"elementor-widget-wrap elementor-element-populated\">\n\t\t\t\t\t\t<div class=\"elementor-element elementor-element-56df023 elementor-view-default elementor-position-top elementor-mobile-position-top elementor-widget elementor-widget-icon-box\" data-id=\"56df023\" data-element_type=\"widget\" data-widget_type=\"icon-box.default\">\n\t\t\t\t<div class=\"elementor-widget-container\">\n\t\t\t\t\t<div class=\"elementor-icon-box-wrapper\">\n\n\t\t\t\t\t\t<div class=\"elementor-icon-box-icon\">\n\t\t\t\t<a href=\"https:\/\/www.ufsm.br\/cursos\/graduacao\/santa-maria\/tecnologia-em-alimentos\/equivalencias-2\" class=\"elementor-icon elementor-animation-\" tabindex=\"-1\">\n\t\t\t\t<i aria-hidden=\"true\" class=\"fas fa-stream\"><\/i>\t\t\t\t<\/a>\n\t\t\t<\/div>\n\t\t\t\n\t\t\t\t\t\t<div class=\"elementor-icon-box-content\">\n\n\t\t\t\t\t\t\t\t\t<h3 class=\"elementor-icon-box-title\">\n\t\t\t\t\t\t<a href=\"https:\/\/www.ufsm.br\/cursos\/graduacao\/santa-maria\/tecnologia-em-alimentos\/equivalencias-2\" >\n\t\t\t\t\t\t\tEquival\u00eancias\t\t\t\t\t\t<\/a>\n\t\t\t\t\t<\/h3>\n\t\t\t\t\n\t\t\t\t\n\t\t\t<\/div>\n\t\t\t\n\t\t<\/div>\n\t\t\t\t<\/div>\n\t\t\t\t<\/div>\n\t\t\t\t\t<\/div>\n\t\t<\/div>\n\t\t\t\t<div class=\"elementor-column elementor-col-50 elementor-top-column elementor-element elementor-element-73cee22\" data-id=\"73cee22\" data-element_type=\"column\">\n\t\t\t<div class=\"elementor-widget-wrap\">\n\t\t\t\t\t\t\t<\/div>\n\t\t<\/div>\n\t\t\t\t\t<\/div>\n\t\t<\/section>\n\t\t\t\t<section class=\"elementor-section elementor-top-section elementor-element elementor-element-7fe2e86 elementor-section-boxed elementor-section-height-default elementor-section-height-default\" data-id=\"7fe2e86\" data-element_type=\"section\">\n\t\t\t\t\t\t<div class=\"elementor-container elementor-column-gap-default\">\n\t\t\t\t\t<div class=\"elementor-column elementor-col-100 elementor-top-column elementor-element elementor-element-7d75bec\" data-id=\"7d75bec\" data-element_type=\"column\">\n\t\t\t<div class=\"elementor-widget-wrap elementor-element-populated\">\n\t\t\t\t\t\t<div class=\"elementor-element elementor-element-38e3be7 elementor-widget elementor-widget-wp-widget-ufsm_noticias_widget\" data-id=\"38e3be7\" data-element_type=\"widget\" data-widget_type=\"wp-widget-ufsm_noticias_widget.default\">\n\t\t\t\t<div class=\"elementor-widget-container\">\n\t\t\t<h5 class='titulo-conteudos'>Not\u00edcias<\/h5><div class='widget-noticias-inside'>\n                        <div class=\"row\">\n                                    <div class=\"col-12 col-lg-12 pb-4\">\n                                        \n                                        \n                    \n                    <a class=\"noticias-widget-title d-block \"  title=\"Abertas Inscri\u00e7\u00f5es para o Diret\u00f3rio Acad\u00eamico da Tecnologia em Alimentos\" href=\"https:\/\/www.ufsm.br\/cursos\/graduacao\/santa-maria\/tecnologia-em-alimentos\/2025\/06\/04\/abertas-inscricoes-para-o-diretorio-academico-da-tecnologia-em-alimentos-2\">\n                                                Abertas Inscri\u00e7\u00f5es para o Diret\u00f3rio Acad\u00eamico da Tecnologia em Alimentos                    <\/a>\n                    \n                                            <div class=\"noticias-widget-introtext\">\n                            A Coordena\u00e7\u00e3o do Curso Superior de Tecnologia em Alimentos (CSTA) informa que as inscri\u00e7\u00f5es das chapas estar\u00e3o abertas no per\u00edodo de 02\/06\/2025 a 06\/06\/2025 atrav\u00e9s do preenchimento do formul\u00e1rio (Google Forms), clicando no link abaixo: Formul\u00e1rio \u00a0 PR\u00c9-REQUISITOS PARA INSCRI\u00c7\u00c3O&hellip;                        <\/div>\n                    \n                                        \n                                        \n                                            \n                                                    <div title=\"Publicado em 04\/06\/2025 - 09:34\" class=\"data-publicacao-widget\">\n                                <i  class=\"far fa-clock\"><\/i>\n                                04\/06\/2025 - 09:34                            <\/div>\n                                                                <\/div>\n                            <\/div>\n                    <div class=\"row\">\n                                    <div class=\"col-12 col-lg-12 pb-4\">\n                                        \n                                        \n                    \n                    <a class=\"noticias-widget-title d-block \"  title=\"Resultado &#8211; Monitoria Volunt\u00e1ria 2025\/I\" href=\"https:\/\/www.ufsm.br\/cursos\/graduacao\/santa-maria\/tecnologia-em-alimentos\/2025\/03\/10\/abertas-inscricoes-para-monitoria-voluntaria-2025-i\">\n                                                Resultado &#8211; Monitoria Volunt\u00e1ria 2025\/I                    <\/a>\n                    \n                                            <div class=\"noticias-widget-introtext\">\n                            \u00a0 RESULTADO MONITORIA 2025 I DISCIPLINA Monitores Selecionados \u00a0 TCA1062\u00a0\u2013\u00a0Introdu\u00e7\u00e3o\u00a0ao\u00a0Laborat\u00f3rio\u00a0de\u00a0Alimentos Isadora Pandolfo Baros Suellen Shott Matte Vit\u00f3ria de Amaral Pinheiro TCA1072\u00a0\u2013\u00a0An\u00e1lise\u00a0de\u00a0Alimentos\u00a0I Viviane Cargnin deLima TCA1073 \u2013 Microbiologia em Alimentos II Luciano Jakson Cardoso de Araujo TCA1112\u00a0\u2013\u00a0Embalagens\u00a0para\u00a0Alimentos Luana Baggiotto Bettega TCA1117\u00a0\u2013\u00a0Tecnologias\u00a0de\u00a0Gr\u00e3os\u00a0e\u00a0Cereais&hellip;                        <\/div>\n                    \n                                        \n                                        \n                                            \n                                                    <div title=\"Publicado em 10\/03\/2025 - 14:03\" class=\"data-publicacao-widget\">\n                                <i  class=\"far fa-clock\"><\/i>\n                                10\/03\/2025 - 14:03                            <\/div>\n                                                                <\/div>\n                            <\/div>\n                    <div class=\"row\">\n                                    <div class=\"col-12 col-lg-12 pb-4\">\n                                        \n                                        \n                    \n                    <a class=\"noticias-widget-title d-block \"  title=\"Abertas Inscri\u00e7\u00f5es para Coordena\u00e7\u00e3o do CSTA (gest\u00e3o 2025\/2026)\" href=\"https:\/\/www.ufsm.br\/cursos\/graduacao\/santa-maria\/tecnologia-em-alimentos\/2024\/12\/05\/abertas-inscricoes-para-coordenacao-do-csta-gestao-2025-2026\">\n                                                Abertas Inscri\u00e7\u00f5es para Coordena\u00e7\u00e3o do CSTA (gest\u00e3o 2025\/2026)                    <\/a>\n                    \n                                            <div class=\"noticias-widget-introtext\">\n                                                    <\/div>\n                    \n                                        \n                                        \n                                            \n                                                    <div title=\"Publicado em 05\/12\/2024 - 17:05\" class=\"data-publicacao-widget\">\n                                <i  class=\"far fa-clock\"><\/i>\n                                05\/12\/2024 - 17:05                            <\/div>\n                                                                <\/div>\n                            <\/div>\n                    <div class=\"row\">\n                                    <div class=\"col-12 col-lg-12 pb-4\">\n                                        \n                                        \n                    \n                    <a class=\"noticias-widget-title d-block \"  title=\"Abertas inscri\u00e7\u00f5es para sele\u00e7\u00e3o de novos membros do DATA\" href=\"https:\/\/www.ufsm.br\/cursos\/graduacao\/santa-maria\/tecnologia-em-alimentos\/2024\/10\/10\/abertas-inscricoes-para-selecao-de-novos-membros-do-data\">\n                                                Abertas inscri\u00e7\u00f5es para sele\u00e7\u00e3o de novos membros do DATA                    <\/a>\n                    \n                                            <div class=\"noticias-widget-introtext\">\n                                                    <\/div>\n                    \n                                        \n                                        \n                                            \n                                                    <div title=\"Publicado em 10\/10\/2024 - 16:26\" class=\"data-publicacao-widget\">\n                                <i  class=\"far fa-clock\"><\/i>\n                                10\/10\/2024 - 16:26                            <\/div>\n                                                                <\/div>\n                            <\/div>\n                    <div class=\"row\">\n                                    <div class=\"col-12 col-lg-12 pb-4\">\n                                        \n                                        \n                    \n                    <a class=\"noticias-widget-title d-block \"  title=\"Curso de Tecnologia em Alimentos Custear\u00e1 50 Banners para a 39\u00aa Jornada Acad\u00eamica Integrada &#8211; 2024\" href=\"https:\/\/www.ufsm.br\/cursos\/graduacao\/santa-maria\/tecnologia-em-alimentos\/2024\/09\/17\/curso-de-tecnologia-em-alimentos-custeara-50-banners-para-a-39a-jornada-academica-integrada-2024\">\n                                                Curso de Tecnologia em Alimentos Custear\u00e1 50 Banners para a 39\u00aa Jornada Acad\u00eamica Integrada &#8211; 2024                    <\/a>\n                    \n                                            <div class=\"noticias-widget-introtext\">\n                            \u00a0 Formulario_Banner-da-39a-Jornada-Academica-Integrada-2024 A Coordena\u00e7\u00e3o do Curso Superior de Tecnologia em Alimentos vai custear 50 banners para os alunos que apresentar\u00e3o trabalhos na 39\u00aa Jornada Acad\u00eamica Integrada (JAI) de 2024. Os interessados devem solicitar o aux\u00edlio por meio de um formul\u00e1rio&hellip;                        <\/div>\n                    \n                                        \n                                        \n                                            \n                                                    <div title=\"Publicado em 17\/09\/2024 - 11:28\" class=\"data-publicacao-widget\">\n                                <i  class=\"far fa-clock\"><\/i>\n                                17\/09\/2024 - 11:28                            <\/div>\n                                                                <\/div>\n                            <\/div>\n            <\/div>\n<div class=\"leia-mais p-1\">\n                <a href=\"https:\/\/www.ufsm.br\/cursos\/graduacao\/santa-maria\/tecnologia-em-alimentos\/busca\/?q=&area=post&orderby=date&sites%5B%5D=382\">\n            LEIA MAIS            <span class=\"icon-box\">\n                <span class=\"bg-ufsm-widget-icon\">\n                    <i class=\"fas fa-chevron-right\" aria-hidden=\"true\"><\/i>\n                <\/span>\n            <\/span>\n        <\/a>\n    <\/div>\n\t\t<\/div>\n\t\t\t\t<\/div>\n\t\t\t\t\t<\/div>\n\t\t<\/div>\n\t\t\t\t\t<\/div>\n\t\t<\/section>\n\t\t\t\t<section class=\"elementor-section elementor-top-section elementor-element elementor-element-b3239b8 elementor-section-boxed elementor-section-height-default elementor-section-height-default\" data-id=\"b3239b8\" data-element_type=\"section\">\n\t\t\t\t\t\t<div class=\"elementor-container elementor-column-gap-default\">\n\t\t\t\t\t<div class=\"elementor-column elementor-col-100 elementor-top-column elementor-element elementor-element-423bd7d\" data-id=\"423bd7d\" data-element_type=\"column\">\n\t\t\t<div class=\"elementor-widget-wrap elementor-element-populated\">\n\t\t\t\t\t\t<div class=\"elementor-element elementor-element-fb56b41 elementor-widget elementor-widget-wp-widget-ufsm_eventos_widget\" data-id=\"fb56b41\" data-element_type=\"widget\" data-widget_type=\"wp-widget-ufsm_eventos_widget.default\">\n\t\t\t\t<div class=\"elementor-widget-container\">\n\t\t\t<H2 class='titulo-conteudos'>Eventos<\/H2>\n          <div class='d-flex flex-column align-items-center justify-content-center py-4'>\n        <span class='text-muted fs-5 mb-2 d-flex align-items-center'>\n          <i class='fas fa-calendar-times fa-2x me-2'><\/i>\n          Nenhum evento futuro encontrado.\n        <\/span>\n        <a class='btn btn-outline-primary mt-2' href='https:\/\/www.ufsm.br\/cursos\/graduacao\/santa-maria\/tecnologia-em-alimentos\/busca\/?q=&orderby=date&order=DESC&perpage=15&area=eventos&sites%5B%5D=382'>\n          Confira os eventos j\u00e1 realizados\n          <i class='fas fa-arrow-right ms-2'><\/i>\n        <\/a>\n          <\/div>\n        \t\t<\/div>\n\t\t\t\t<\/div>\n\t\t\t\t\t<\/div>\n\t\t<\/div>\n\t\t\t\t\t<\/div>\n\t\t<\/section>\n\t\t\t\t<\/div>\n\t\t","protected":false},"excerpt":{"rendered":"<p>Apresenta\u00e7\u00e3o Equival\u00eancias<\/p>\n","protected":false},"author":8,"featured_media":0,"parent":0,"menu_order":0,"comment_status":"closed","ping_status":"closed","template":"","meta":{"footnotes":""},"categories":[],"tags":[],"class_list":["post-5","page","type-page","status-publish","hentry"],"acf":[],"_links":{"self":[{"href":"https:\/\/www.ufsm.br\/cursos\/graduacao\/santa-maria\/tecnologia-em-alimentos\/wp-json\/wp\/v2\/pages\/5","targetHints":{"allow":["GET"]}}],"collection":[{"href":"https:\/\/www.ufsm.br\/cursos\/graduacao\/santa-maria\/tecnologia-em-alimentos\/wp-json\/wp\/v2\/pages"}],"about":[{"href":"https:\/\/www.ufsm.br\/cursos\/graduacao\/santa-maria\/tecnologia-em-alimentos\/wp-json\/wp\/v2\/types\/page"}],"author":[{"embeddable":true,"href":"https:\/\/www.ufsm.br\/cursos\/graduacao\/santa-maria\/tecnologia-em-alimentos\/wp-json\/wp\/v2\/users\/8"}],"replies":[{"embeddable":true,"href":"https:\/\/www.ufsm.br\/cursos\/graduacao\/santa-maria\/tecnologia-em-alimentos\/wp-json\/wp\/v2\/comments?post=5"}],"version-history":[{"count":0,"href":"https:\/\/www.ufsm.br\/cursos\/graduacao\/santa-maria\/tecnologia-em-alimentos\/wp-json\/wp\/v2\/pages\/5\/revisions"}],"wp:attachment":[{"href":"https:\/\/www.ufsm.br\/cursos\/graduacao\/santa-maria\/tecnologia-em-alimentos\/wp-json\/wp\/v2\/media?parent=5"}],"wp:term":[{"taxonomy":"category","embeddable":true,"href":"https:\/\/www.ufsm.br\/cursos\/graduacao\/santa-maria\/tecnologia-em-alimentos\/wp-json\/wp\/v2\/categories?post=5"},{"taxonomy":"post_tag","embeddable":true,"href":"https:\/\/www.ufsm.br\/cursos\/graduacao\/santa-maria\/tecnologia-em-alimentos\/wp-json\/wp\/v2\/tags?post=5"}],"curies":[{"name":"wp","href":"https:\/\/api.w.org\/{rel}","templated":true}]}}