{"id":510,"date":"2020-01-16T10:01:35","date_gmt":"2020-01-16T13:01:35","guid":{"rendered":"https:\/\/www.ufsm.br\/cursos\/graduacao\/santa-maria\/tecnologia-em-alimentos\/?page_id=510"},"modified":"2021-06-28T15:32:25","modified_gmt":"2021-06-28T18:32:25","slug":"empresa-junior","status":"publish","type":"page","link":"https:\/\/www.ufsm.br\/cursos\/graduacao\/santa-maria\/tecnologia-em-alimentos\/empresa-junior","title":{"rendered":"Empresa J\u00fanior"},"content":{"rendered":"\t\t<div data-elementor-type=\"wp-page\" data-elementor-id=\"510\" class=\"elementor elementor-510\">\n\t\t\t\t\t\t<section class=\"elementor-section elementor-top-section elementor-element elementor-element-d4f294d elementor-section-boxed elementor-section-height-default elementor-section-height-default\" data-id=\"d4f294d\" data-element_type=\"section\">\n\t\t\t\t\t\t<div class=\"elementor-container elementor-column-gap-default\">\n\t\t\t\t\t<div class=\"elementor-column elementor-col-100 elementor-top-column elementor-element elementor-element-71818a6\" data-id=\"71818a6\" data-element_type=\"column\">\n\t\t\t<div class=\"elementor-widget-wrap elementor-element-populated\">\n\t\t\t\t\t\t<div class=\"elementor-element elementor-element-a2f3e00 elementor-widget elementor-widget-image\" data-id=\"a2f3e00\" data-element_type=\"widget\" data-widget_type=\"image.default\">\n\t\t\t\t<div class=\"elementor-widget-container\">\n\t\t\t\t\t\t\t\t\t\t\t\t\t<img fetchpriority=\"high\" decoding=\"async\" width=\"300\" height=\"238\" src=\"https:\/\/www.ufsm.br\/app\/uploads\/sites\/382\/2020\/01\/Tec-ali-jr-logo-finalizado-300x238.jpg\" class=\"attachment-medium size-medium wp-image-517\" alt=\"\" srcset=\"https:\/\/www.ufsm.br\/app\/uploads\/sites\/382\/2020\/01\/Tec-ali-jr-logo-finalizado-300x238.jpg 300w, https:\/\/www.ufsm.br\/app\/uploads\/sites\/382\/2020\/01\/Tec-ali-jr-logo-finalizado-1024x812.jpg 1024w, https:\/\/www.ufsm.br\/app\/uploads\/sites\/382\/2020\/01\/Tec-ali-jr-logo-finalizado-768x609.jpg 768w, https:\/\/www.ufsm.br\/app\/uploads\/sites\/382\/2020\/01\/Tec-ali-jr-logo-finalizado-1536x1218.jpg 1536w, https:\/\/www.ufsm.br\/app\/uploads\/sites\/382\/2020\/01\/Tec-ali-jr-logo-finalizado.jpg 1920w\" sizes=\"(max-width: 300px) 100vw, 300px\" \/>\t\t\t\t\t\t\t\t\t\t\t\t\t<\/div>\n\t\t\t\t<\/div>\n\t\t\t\t\t<\/div>\n\t\t<\/div>\n\t\t\t\t\t<\/div>\n\t\t<\/section>\n\t\t\t\t<section class=\"elementor-section elementor-top-section elementor-element elementor-element-75e5c7be elementor-section-boxed elementor-section-height-default elementor-section-height-default\" data-id=\"75e5c7be\" data-element_type=\"section\">\n\t\t\t\t\t\t<div class=\"elementor-container elementor-column-gap-default\">\n\t\t\t\t\t<div class=\"elementor-column elementor-col-100 elementor-top-column elementor-element elementor-element-6ff66072\" data-id=\"6ff66072\" data-element_type=\"column\">\n\t\t\t<div class=\"elementor-widget-wrap elementor-element-populated\">\n\t\t\t\t\t\t<div class=\"elementor-element elementor-element-47a38e0b elementor-widget elementor-widget-text-editor\" data-id=\"47a38e0b\" data-element_type=\"widget\" data-widget_type=\"text-editor.default\">\n\t\t\t\t<div class=\"elementor-widget-container\">\n\t\t\t\t\t\t\t<p><!-- wp:tadv\/classic-paragraph --><\/p>\n<p><strong><em>\u00a0<\/em><\/strong><\/p>\n<p><strong><em>Quem somos<\/em><\/strong><\/p>\n<p>A <strong>TecAli Jr. <\/strong>\u00e9 uma empresa j\u00fanior de consultoria em alimentos vinculada ao Curso Superior de Tecnologia em Alimentos da Universidade Federal de Santa Maria. Foi fundada em janeiro de 2019 pelos discentes Micheli Lazzaretti, Abner Santos de Oliveira, Vandr\u00e9 Sonza Pinto, C\u00e2ndida Mastella Sampaio da Silva, Gabriel Pereira Bassaco e Nat\u00e3 Wesz, sob orienta\u00e7\u00e3o dos professores Alexandre Jos\u00e9 Cichoski, Claudia Kaehler Sautter, Cristiano Augusto Ballus, Cristiano Ragagnin de Menezes, Eduardo Jacob Lopes, Luisa Helena Rychecki Hecktheuer, Mari Silvia Rodrigues de Oliveira, Marina Venturini Copetti, Milene Teixeira Barcia, Neila Silvia Pereira dos Santos Richards.<\/p>\n<p>A empresa foi criada com o objetivo e pelo desejo dos alunos de p\u00f4r em pr\u00e1tica os conhecimentos adquiridos ao longo do curso. Atrav\u00e9s da empresa, os discentes t\u00eam a oportunidade de estarem inseridos no mercado de trabalho antes do t\u00e9rmino da gradua\u00e7\u00e3o, gerando seguran\u00e7a e confian\u00e7a na carreira profissional e desenvolvendo habilidades como trabalho em equipe, lideran\u00e7a, proatividade e \u00e9tica.<\/p>\n<p>\u00a0<strong>Nossos servi\u00e7os<\/strong><\/p>\n<p>Com a miss\u00e3o de garantir a qualidade nos servi\u00e7os de alimenta\u00e7\u00e3o de micro e pequenas empresas atrav\u00e9s de projetos prestados com transpar\u00eancia e levar seguran\u00e7a aos consumidores, nossos servi\u00e7os v\u00e3o desde a confec\u00e7\u00e3o de manuais de boas pr\u00e1ticas e solu\u00e7\u00f5es tecnol\u00f3gicas de processos at\u00e9 gerenciamento de res\u00edduos.<\/p>\n<p>Para mais informa\u00e7\u00f5es, entre em contato pelos nossos canais!<\/p>\n<p><strong><em>Nossa miss\u00e3o<\/em><\/strong>: Ser refer\u00eancia em consultoria de qualidade em alimentos na regi\u00e3o central do Rio Grande do Sul, bem como desenvolver profissionalmente nossos associados durante a gradua\u00e7\u00e3o.<\/p>\n<p><strong><em>Nossos valores:<\/em><\/strong><\/p>\n<p>1\u00ba Orgulho de ser TecAli Jr.<\/p>\n<p>2\u00ba Esp\u00edrito de equipe<\/p>\n<p>3\u00ba Responsabilidade<\/p>\n<p>4\u00ba \u00c9tica profissional<\/p>\n<p>5\u00ba Proatividade<\/p>\n<p>6\u00ba Paix\u00e3o pelo MEJ<\/p>\n<p>7\u00ba Transpar\u00eancia nos resultados<\/p>\n<p><strong><em>Processos Seletivos: <\/em><\/strong><\/p>\n<p>Nossos processos seletivos s\u00e3o realizados semestralmente. A cada sele\u00e7\u00e3o, realizadas geralmente em come\u00e7os de semestres, \u00e9 aberto um edital em nossas redes sociais. Fique atento(a)!<\/p>\n<p><strong><em>Contatos: <br \/><\/em><\/strong>Facebook: <a href=\"https:\/\/www.facebook.com\/tecalijr\/\">https:\/\/www.facebook.com\/tecalijr\/<\/a><br \/>Email:\u00a0<a style=\"color: #1155cc;font-family: Arial, Helvetica, sans-serif;font-size: small;background-color: #ffffff\" href=\"mailto:contato@tecalijr.com.br\" target=\"_blank\" rel=\"noopener\">contato@tecalijr.com.br<\/a><span style=\"color: #222222;font-family: Arial, Helvetica, sans-serif;font-size: small\">\u00a0<\/span><br \/>Instagram: @tecalijr<\/p>\n<p><strong>Venha fazer parte do time TecAli Jr.!<\/strong><\/p>\n<p><!-- \/wp:tadv\/classic-paragraph --><\/p>\t\t\t\t\t\t<\/div>\n\t\t\t\t<\/div>\n\t\t\t\t\t<\/div>\n\t\t<\/div>\n\t\t\t\t\t<\/div>\n\t\t<\/section>\n\t\t\t\t<\/div>\n\t\t","protected":false},"excerpt":{"rendered":"<p>\u00a0 Quem somos A TecAli Jr. \u00e9 uma empresa j\u00fanior de consultoria em alimentos vinculada ao Curso Superior de Tecnologia em Alimentos da Universidade Federal de Santa Maria. Foi fundada em janeiro de 2019 pelos discentes Micheli Lazzaretti, Abner Santos de Oliveira, Vandr\u00e9 Sonza Pinto, C\u00e2ndida Mastella Sampaio da Silva, Gabriel Pereira Bassaco e Nat\u00e3 [&hellip;]<\/p>\n","protected":false},"author":782,"featured_media":0,"parent":0,"menu_order":0,"comment_status":"closed","ping_status":"closed","template":"","meta":{"footnotes":""},"categories":[],"tags":[],"class_list":["post-510","page","type-page","status-publish","hentry"],"acf":[],"_links":{"self":[{"href":"https:\/\/www.ufsm.br\/cursos\/graduacao\/santa-maria\/tecnologia-em-alimentos\/wp-json\/wp\/v2\/pages\/510","targetHints":{"allow":["GET"]}}],"collection":[{"href":"https:\/\/www.ufsm.br\/cursos\/graduacao\/santa-maria\/tecnologia-em-alimentos\/wp-json\/wp\/v2\/pages"}],"about":[{"href":"https:\/\/www.ufsm.br\/cursos\/graduacao\/santa-maria\/tecnologia-em-alimentos\/wp-json\/wp\/v2\/types\/page"}],"author":[{"embeddable":true,"href":"https:\/\/www.ufsm.br\/cursos\/graduacao\/santa-maria\/tecnologia-em-alimentos\/wp-json\/wp\/v2\/users\/782"}],"replies":[{"embeddable":true,"href":"https:\/\/www.ufsm.br\/cursos\/graduacao\/santa-maria\/tecnologia-em-alimentos\/wp-json\/wp\/v2\/comments?post=510"}],"version-history":[{"count":0,"href":"https:\/\/www.ufsm.br\/cursos\/graduacao\/santa-maria\/tecnologia-em-alimentos\/wp-json\/wp\/v2\/pages\/510\/revisions"}],"wp:attachment":[{"href":"https:\/\/www.ufsm.br\/cursos\/graduacao\/santa-maria\/tecnologia-em-alimentos\/wp-json\/wp\/v2\/media?parent=510"}],"wp:term":[{"taxonomy":"category","embeddable":true,"href":"https:\/\/www.ufsm.br\/cursos\/graduacao\/santa-maria\/tecnologia-em-alimentos\/wp-json\/wp\/v2\/categories?post=510"},{"taxonomy":"post_tag","embeddable":true,"href":"https:\/\/www.ufsm.br\/cursos\/graduacao\/santa-maria\/tecnologia-em-alimentos\/wp-json\/wp\/v2\/tags?post=510"}],"curies":[{"name":"wp","href":"https:\/\/api.w.org\/{rel}","templated":true}]}}