{"id":949,"date":"2025-04-17T13:21:23","date_gmt":"2025-04-17T16:21:23","guid":{"rendered":"https:\/\/www.ufsm.br\/cursos\/graduacao\/santa-maria\/tecnologia-em-alimentos\/?page_id=949"},"modified":"2025-04-17T13:28:28","modified_gmt":"2025-04-17T16:28:28","slug":"oportunidades","status":"publish","type":"page","link":"https:\/\/www.ufsm.br\/cursos\/graduacao\/santa-maria\/tecnologia-em-alimentos\/oportunidades","title":{"rendered":"Oportunidades"},"content":{"rendered":"\n<div class=\"wp-block-group\"><div class=\"wp-block-group__inner-container is-layout-constrained wp-block-group-is-layout-constrained\">\n<p>&#8211; Programa de P\u00f3s-Gradua\u00e7\u00e3o em Ci\u00eancia e Tecnologia dos Alimentos (UFSM):<\/p>\n\n\n\n<p><a href=\"https:\/\/www.ufsm.br\/cursos\/pos-graduacao\/santa-maria\/ppgcta\" target=\"_blank\" rel=\"noreferrer noopener\">https:\/\/www.ufsm.br\/cursos\/pos-graduacao\/santa-maria\/ppgcta<\/a><\/p>\n\n\n\n<p>&#8211; Programa de P\u00f3s-Gradua\u00e7\u00e3o em Ci\u00eancia e Tecnologia em Alimentos (UFRGS):<\/p>\n\n\n\n<p><a href=\"https:\/\/www.ufrgs.br\/ppgcta\/\" target=\"_blank\" rel=\"noreferrer noopener\">https:\/\/www.ufrgs.br\/ppgcta\/<\/a><\/p>\n\n\n\n<p>&#8211; Programa de P\u00f3s-Gradua\u00e7\u00e3o em Ci\u00eancia e Tecnologia de Alimentos (UFPel): <\/p>\n\n\n\n<p><a href=\"https:\/\/www.dctaufpel.com.br\/ppgcta\/\" target=\"_blank\" rel=\"noreferrer noopener\">https:\/\/www.dctaufpel.com.br\/ppgcta\/<\/a><\/p>\n\n\n\n<p>&#8211; Programa de P\u00f3s-Gradua\u00e7\u00e3o em Ci\u00eancia de Alimentos (UNICAMP):<\/p>\n\n\n\n<p><a href=\"https:\/\/www.ppgcaunicamp.com\/\" target=\"_blank\" rel=\"noreferrer noopener\">https:\/\/www.ppgcaunicamp.com\/<\/a><\/p>\n\n\n\n<p>&#8211; Programa de P\u00f3s-Gradua\u00e7\u00e3o em Tecnologia de Alimentos (UNICAMP):<\/p>\n\n\n\n<p><a href=\"https:\/\/fea.unicamp.br\/posgraduacao\/tecnologia-de-alimentos\/\" target=\"_blank\" rel=\"noreferrer noopener\">https:\/\/fea.unicamp.br\/posgraduacao\/tecnologia-de-alimentos\/<\/a><\/p>\n\n\n\n<p>&#8211; Programa de P\u00f3s-Gradua\u00e7\u00e3o em Alimentos e Nutri\u00e7\u00e3o (UNICAMP):<\/p>\n\n\n\n<p><a href=\"https:\/\/fea.unicamp.br\/posgraduacao\/alimentos-e-nutricao\/\" target=\"_blank\" rel=\"noreferrer noopener\">https:\/\/fea.unicamp.br\/posgraduacao\/alimentos-e-nutricao\/<\/a><\/p>\n\n\n\n<p>&#8211; Especializa\u00e7\u00e3o em Ci\u00eancia dos Alimentos &#8211; \u00canfase em Tecnologia de Frutas e Hortali\u00e7as (UFPel):<\/p>\n\n\n\n<p><a href=\"https:\/\/institucional.ufpel.edu.br\/cursos\/cod\/9011\" target=\"_blank\" rel=\"noreferrer noopener\">https:\/\/institucional.ufpel.edu.br\/cursos\/cod\/9011<\/a><\/p>\n\n\n\n<p>&#8211; Especializa\u00e7\u00e3o em Gest\u00e3o da Qualidade e Novas Tend\u00eancias em Alimentos (IFFar):<\/p>\n\n\n\n<p><a href=\"https:\/\/sig.iffarroupilha.edu.br\/sigaa\/public\/curso\/portal.jsf?id=19049701&amp;lc=pt_BR&amp;nivel=L\" target=\"_blank\" rel=\"noreferrer noopener\">https:\/\/sig.iffarroupilha.edu.br\/sigaa\/public\/curso\/portal.jsf?id=19049701&amp;lc=pt_BR&amp;nivel=L<\/a><\/p>\n<\/div><\/div>\n","protected":false},"excerpt":{"rendered":"<p>&#8211; Programa de P\u00f3s-Gradua\u00e7\u00e3o em Ci\u00eancia e Tecnologia dos Alimentos (UFSM): https:\/\/www.ufsm.br\/cursos\/pos-graduacao\/santa-maria\/ppgcta &#8211; Programa de P\u00f3s-Gradua\u00e7\u00e3o em Ci\u00eancia e Tecnologia em Alimentos (UFRGS): https:\/\/www.ufrgs.br\/ppgcta\/ &#8211; Programa de P\u00f3s-Gradua\u00e7\u00e3o em Ci\u00eancia e Tecnologia de Alimentos (UFPel): https:\/\/www.dctaufpel.com.br\/ppgcta\/ &#8211; Programa de P\u00f3s-Gradua\u00e7\u00e3o em Ci\u00eancia de Alimentos (UNICAMP): https:\/\/www.ppgcaunicamp.com\/ &#8211; Programa de P\u00f3s-Gradua\u00e7\u00e3o em Tecnologia de Alimentos (UNICAMP): [&hellip;]<\/p>\n","protected":false},"author":5805,"featured_media":0,"parent":0,"menu_order":0,"comment_status":"closed","ping_status":"closed","template":"","meta":{"footnotes":""},"categories":[],"tags":[],"class_list":["post-949","page","type-page","status-publish","hentry"],"acf":[],"_links":{"self":[{"href":"https:\/\/www.ufsm.br\/cursos\/graduacao\/santa-maria\/tecnologia-em-alimentos\/wp-json\/wp\/v2\/pages\/949","targetHints":{"allow":["GET"]}}],"collection":[{"href":"https:\/\/www.ufsm.br\/cursos\/graduacao\/santa-maria\/tecnologia-em-alimentos\/wp-json\/wp\/v2\/pages"}],"about":[{"href":"https:\/\/www.ufsm.br\/cursos\/graduacao\/santa-maria\/tecnologia-em-alimentos\/wp-json\/wp\/v2\/types\/page"}],"author":[{"embeddable":true,"href":"https:\/\/www.ufsm.br\/cursos\/graduacao\/santa-maria\/tecnologia-em-alimentos\/wp-json\/wp\/v2\/users\/5805"}],"replies":[{"embeddable":true,"href":"https:\/\/www.ufsm.br\/cursos\/graduacao\/santa-maria\/tecnologia-em-alimentos\/wp-json\/wp\/v2\/comments?post=949"}],"version-history":[{"count":0,"href":"https:\/\/www.ufsm.br\/cursos\/graduacao\/santa-maria\/tecnologia-em-alimentos\/wp-json\/wp\/v2\/pages\/949\/revisions"}],"wp:attachment":[{"href":"https:\/\/www.ufsm.br\/cursos\/graduacao\/santa-maria\/tecnologia-em-alimentos\/wp-json\/wp\/v2\/media?parent=949"}],"wp:term":[{"taxonomy":"category","embeddable":true,"href":"https:\/\/www.ufsm.br\/cursos\/graduacao\/santa-maria\/tecnologia-em-alimentos\/wp-json\/wp\/v2\/categories?post=949"},{"taxonomy":"post_tag","embeddable":true,"href":"https:\/\/www.ufsm.br\/cursos\/graduacao\/santa-maria\/tecnologia-em-alimentos\/wp-json\/wp\/v2\/tags?post=949"}],"curies":[{"name":"wp","href":"https:\/\/api.w.org\/{rel}","templated":true}]}}