{"id":169,"date":"2019-05-30T16:01:59","date_gmt":"2019-05-30T19:01:59","guid":{"rendered":"https:\/\/www.ufsm.br\/cursos\/graduacao\/santa-maria\/tecnologia-em-eletronica-industrial\/?page_id=169"},"modified":"2022-08-01T14:40:26","modified_gmt":"2022-08-01T17:40:26","slug":"nucleo-docente-estruturante","status":"publish","type":"page","link":"https:\/\/www.ufsm.br\/cursos\/graduacao\/santa-maria\/tecnologia-em-eletronica-industrial\/nucleo-docente-estruturante","title":{"rendered":"N\u00facleo Docente Estruturante"},"content":{"rendered":"\t\t<div data-elementor-type=\"wp-page\" data-elementor-id=\"169\" class=\"elementor elementor-169\">\n\t\t\t\t\t\t<section class=\"elementor-section elementor-top-section elementor-element elementor-element-42c512f elementor-section-boxed elementor-section-height-default elementor-section-height-default\" data-id=\"42c512f\" data-element_type=\"section\">\n\t\t\t\t\t\t<div class=\"elementor-container elementor-column-gap-default\">\n\t\t\t\t\t<div class=\"elementor-column elementor-col-100 elementor-top-column elementor-element elementor-element-3d1e7fa7\" data-id=\"3d1e7fa7\" data-element_type=\"column\">\n\t\t\t<div class=\"elementor-widget-wrap elementor-element-populated\">\n\t\t\t\t\t\t<div class=\"elementor-element elementor-element-1aca9e2f elementor-widget elementor-widget-text-editor\" data-id=\"1aca9e2f\" data-element_type=\"widget\" data-widget_type=\"text-editor.default\">\n\t\t\t\t<div class=\"elementor-widget-container\">\n\t\t\t\t\t\t\t<!-- wp:paragraph -->\n<p>&#8211; Rodrigo Varella Tambara (Presidente)<br \/>&#8211; Douglas Camponogara<br \/>&#8211; Lucas Teixeira<br \/>&#8211; Marcos Daniel Zancan<br \/>&#8211; Mateus Felzke Schonardie<br \/><br \/>O Regimento Interno do N\u00facleo Docente Estruturante (NDE), est\u00e1 dispon\u00edvel\u00a0<a href=\"https:\/\/www.ufsm.br\/cursos\/graduacao\/santa-maria\/tecnologia-em-eletronica-industrial\/wp-content\/uploads\/sites\/492\/2019\/05\/Regimento-NDE.pdf\">aqui<\/a>.<\/p>\n<!-- \/wp:paragraph -->\t\t\t\t\t\t<\/div>\n\t\t\t\t<\/div>\n\t\t\t\t\t<\/div>\n\t\t<\/div>\n\t\t\t\t\t<\/div>\n\t\t<\/section>\n\t\t\t\t<\/div>\n\t\t","protected":false},"excerpt":{"rendered":"<p>&#8211; Rodrigo Varella Tambara (Presidente)&#8211; Douglas Camponogara&#8211; Lucas Teixeira&#8211; Marcos Daniel Zancan&#8211; Mateus Felzke Schonardie O Regimento Interno do N\u00facleo Docente Estruturante (NDE), est\u00e1 dispon\u00edvel\u00a0aqui.<\/p>\n","protected":false},"author":296,"featured_media":0,"parent":0,"menu_order":0,"comment_status":"closed","ping_status":"closed","template":"","meta":{"footnotes":""},"categories":[],"tags":[],"class_list":["post-169","page","type-page","status-publish","hentry"],"acf":[],"_links":{"self":[{"href":"https:\/\/www.ufsm.br\/cursos\/graduacao\/santa-maria\/tecnologia-em-eletronica-industrial\/wp-json\/wp\/v2\/pages\/169","targetHints":{"allow":["GET"]}}],"collection":[{"href":"https:\/\/www.ufsm.br\/cursos\/graduacao\/santa-maria\/tecnologia-em-eletronica-industrial\/wp-json\/wp\/v2\/pages"}],"about":[{"href":"https:\/\/www.ufsm.br\/cursos\/graduacao\/santa-maria\/tecnologia-em-eletronica-industrial\/wp-json\/wp\/v2\/types\/page"}],"author":[{"embeddable":true,"href":"https:\/\/www.ufsm.br\/cursos\/graduacao\/santa-maria\/tecnologia-em-eletronica-industrial\/wp-json\/wp\/v2\/users\/296"}],"replies":[{"embeddable":true,"href":"https:\/\/www.ufsm.br\/cursos\/graduacao\/santa-maria\/tecnologia-em-eletronica-industrial\/wp-json\/wp\/v2\/comments?post=169"}],"version-history":[{"count":0,"href":"https:\/\/www.ufsm.br\/cursos\/graduacao\/santa-maria\/tecnologia-em-eletronica-industrial\/wp-json\/wp\/v2\/pages\/169\/revisions"}],"wp:attachment":[{"href":"https:\/\/www.ufsm.br\/cursos\/graduacao\/santa-maria\/tecnologia-em-eletronica-industrial\/wp-json\/wp\/v2\/media?parent=169"}],"wp:term":[{"taxonomy":"category","embeddable":true,"href":"https:\/\/www.ufsm.br\/cursos\/graduacao\/santa-maria\/tecnologia-em-eletronica-industrial\/wp-json\/wp\/v2\/categories?post=169"},{"taxonomy":"post_tag","embeddable":true,"href":"https:\/\/www.ufsm.br\/cursos\/graduacao\/santa-maria\/tecnologia-em-eletronica-industrial\/wp-json\/wp\/v2\/tags?post=169"}],"curies":[{"name":"wp","href":"https:\/\/api.w.org\/{rel}","templated":true}]}}