{"id":196,"date":"2020-02-07T08:19:17","date_gmt":"2020-02-07T11:19:17","guid":{"rendered":"https:\/\/www.ufsm.br\/cursos\/graduacao\/santa-maria\/tecnologia-em-eletronica-industrial\/?page_id=196"},"modified":"2022-04-04T09:08:33","modified_gmt":"2022-04-04T12:08:33","slug":"atividades-complementares-de-graduacao-acgs","status":"publish","type":"page","link":"https:\/\/www.ufsm.br\/cursos\/graduacao\/santa-maria\/tecnologia-em-eletronica-industrial\/atividades-complementares-de-graduacao-acgs","title":{"rendered":"Atividades Complementares de Gradua\u00e7\u00e3o (ACGs)"},"content":{"rendered":"\t\t<div data-elementor-type=\"wp-page\" data-elementor-id=\"196\" class=\"elementor elementor-196\">\n\t\t\t\t\t\t<section class=\"elementor-section elementor-top-section elementor-element elementor-element-9ce30d4 elementor-section-boxed elementor-section-height-default elementor-section-height-default\" data-id=\"9ce30d4\" data-element_type=\"section\">\n\t\t\t\t\t\t<div class=\"elementor-container elementor-column-gap-default\">\n\t\t\t\t\t<div class=\"elementor-column elementor-col-100 elementor-top-column elementor-element elementor-element-e5a851b\" data-id=\"e5a851b\" data-element_type=\"column\">\n\t\t\t<div class=\"elementor-widget-wrap elementor-element-populated\">\n\t\t\t\t\t\t<div class=\"elementor-element elementor-element-f70961f elementor-widget elementor-widget-text-editor\" data-id=\"f70961f\" data-element_type=\"widget\" data-widget_type=\"text-editor.default\">\n\t\t\t\t<div class=\"elementor-widget-container\">\n\t\t\t\t\t\t\t<p class=\"text-justify\">As Atividades Complementares de Gradua\u00e7\u00e3o visam complementar a forma\u00e7\u00e3o do aluno com atividades extracurriculares. Dentro do CST em Eletr\u00f4nica Industrial o discente deve cumprir uma carga hor\u00e1ria de, no m\u00ednimo, 150 horas\/aulas.<\/p>\n<p class=\"text-justify\">&#8211; As normas das Atividades Complementares de Gradua\u00e7\u00e3o encontram-se no seguinte link: <a href=\"https:\/\/www.ufsm.br\/app\/uploads\/sites\/492\/2022\/03\/Normas_ACG_2022.pdf\">Normas ACG<\/a><\/p>\n<p class=\"text-justify\">&#8211; Atestado como ouvinte em bancas de defesa: <a href=\"https:\/\/www.ufsm.br\/app\/uploads\/sites\/492\/2022\/03\/Ouvinte_ACG-2.odt\">Atestado Ouvinte<\/a><\/p>\t\t\t\t\t\t<\/div>\n\t\t\t\t<\/div>\n\t\t\t\t\t<\/div>\n\t\t<\/div>\n\t\t\t\t\t<\/div>\n\t\t<\/section>\n\t\t\t\t<\/div>\n\t\t","protected":false},"excerpt":{"rendered":"<p>As Atividades Complementares de Gradua\u00e7\u00e3o visam complementar a forma\u00e7\u00e3o do aluno com atividades extracurriculares. Dentro do CST em Eletr\u00f4nica Industrial o discente deve cumprir uma carga hor\u00e1ria de, no m\u00ednimo, 150 horas\/aulas. &#8211; As normas das Atividades Complementares de Gradua\u00e7\u00e3o encontram-se no seguinte link: Normas ACG &#8211; Atestado como ouvinte em bancas de defesa: Atestado [&hellip;]<\/p>\n","protected":false},"author":1954,"featured_media":0,"parent":0,"menu_order":0,"comment_status":"closed","ping_status":"closed","template":"","meta":{"footnotes":""},"categories":[],"tags":[],"class_list":["post-196","page","type-page","status-publish","hentry"],"acf":[],"_links":{"self":[{"href":"https:\/\/www.ufsm.br\/cursos\/graduacao\/santa-maria\/tecnologia-em-eletronica-industrial\/wp-json\/wp\/v2\/pages\/196","targetHints":{"allow":["GET"]}}],"collection":[{"href":"https:\/\/www.ufsm.br\/cursos\/graduacao\/santa-maria\/tecnologia-em-eletronica-industrial\/wp-json\/wp\/v2\/pages"}],"about":[{"href":"https:\/\/www.ufsm.br\/cursos\/graduacao\/santa-maria\/tecnologia-em-eletronica-industrial\/wp-json\/wp\/v2\/types\/page"}],"author":[{"embeddable":true,"href":"https:\/\/www.ufsm.br\/cursos\/graduacao\/santa-maria\/tecnologia-em-eletronica-industrial\/wp-json\/wp\/v2\/users\/1954"}],"replies":[{"embeddable":true,"href":"https:\/\/www.ufsm.br\/cursos\/graduacao\/santa-maria\/tecnologia-em-eletronica-industrial\/wp-json\/wp\/v2\/comments?post=196"}],"version-history":[{"count":0,"href":"https:\/\/www.ufsm.br\/cursos\/graduacao\/santa-maria\/tecnologia-em-eletronica-industrial\/wp-json\/wp\/v2\/pages\/196\/revisions"}],"wp:attachment":[{"href":"https:\/\/www.ufsm.br\/cursos\/graduacao\/santa-maria\/tecnologia-em-eletronica-industrial\/wp-json\/wp\/v2\/media?parent=196"}],"wp:term":[{"taxonomy":"category","embeddable":true,"href":"https:\/\/www.ufsm.br\/cursos\/graduacao\/santa-maria\/tecnologia-em-eletronica-industrial\/wp-json\/wp\/v2\/categories?post=196"},{"taxonomy":"post_tag","embeddable":true,"href":"https:\/\/www.ufsm.br\/cursos\/graduacao\/santa-maria\/tecnologia-em-eletronica-industrial\/wp-json\/wp\/v2\/tags?post=196"}],"curies":[{"name":"wp","href":"https:\/\/api.w.org\/{rel}","templated":true}]}}