{"id":199,"date":"2020-02-07T08:52:04","date_gmt":"2020-02-07T11:52:04","guid":{"rendered":"https:\/\/www.ufsm.br\/cursos\/graduacao\/santa-maria\/tecnologia-em-eletronica-industrial\/?page_id=199"},"modified":"2022-04-04T09:06:04","modified_gmt":"2022-04-04T12:06:04","slug":"trabalho-de-conclusao-de-curso","status":"publish","type":"page","link":"https:\/\/www.ufsm.br\/cursos\/graduacao\/santa-maria\/tecnologia-em-eletronica-industrial\/trabalho-de-conclusao-de-curso","title":{"rendered":"Trabalho de Conclus\u00e3o de Curso"},"content":{"rendered":"\t\t<div data-elementor-type=\"wp-page\" data-elementor-id=\"199\" class=\"elementor elementor-199\">\n\t\t\t\t\t\t<section class=\"elementor-section elementor-top-section elementor-element elementor-element-3d319ff elementor-section-boxed elementor-section-height-default elementor-section-height-default\" data-id=\"3d319ff\" data-element_type=\"section\">\n\t\t\t\t\t\t<div class=\"elementor-container elementor-column-gap-default\">\n\t\t\t\t\t<div class=\"elementor-column elementor-col-100 elementor-top-column elementor-element elementor-element-c81b578\" data-id=\"c81b578\" data-element_type=\"column\">\n\t\t\t<div class=\"elementor-widget-wrap elementor-element-populated\">\n\t\t\t\t\t\t<div class=\"elementor-element elementor-element-88f73c8 elementor-widget elementor-widget-text-editor\" data-id=\"88f73c8\" data-element_type=\"widget\" data-widget_type=\"text-editor.default\">\n\t\t\t\t<div class=\"elementor-widget-container\">\n\t\t\t\t\t\t\t<p class=\"text-justify\">O Trabalho de Conclus\u00e3o de Curso (TCC) consiste em um trabalho elaborado individualmente pelo aluno, voltado para suas atividades de forma\u00e7\u00e3o acad\u00eamica, desenvolvido sob orienta\u00e7\u00e3o de um professor do curso ou da institui\u00e7\u00e3o.<\/p>\n<p class=\"text-justify\">&#8211; As normas para o seu desenvolvimento encontram-se no seguinte link: <a href=\"https:\/\/www.ufsm.br\/app\/uploads\/sites\/492\/2022\/03\/Normas_TCC_2022.pdf\">Normas TCC<\/a><\/p>\n<p class=\"text-justify\">&#8211; Os Trabalhos de Conclus\u00e3o de Curso defendidos na Eletr\u00f4nica Industrial podem ser acessados atrav\u00e9s do Manancial da UFSM neste link: <a href=\"https:\/\/repositorio.ufsm.br\/handle\/1\/19451\">https:\/\/repositorio.ufsm.br\/handle\/1\/19451<\/a><\/p>\n<p class=\"text-justify\">&#8211; Fichas de avalia\u00e7\u00e3o e ATAs do TCC (anexos edit\u00e1veis da norma): <a href=\"https:\/\/www.ufsm.br\/app\/uploads\/sites\/492\/2022\/03\/Anexos_TCC_2022.odt\">Anexos TCC<\/a><\/p>\n<p class=\"text-justify\">&#8211; Autoriza\u00e7\u00e3o para libera\u00e7\u00e3o on-line de trabalhos de conclus\u00e3o de curso: <a href=\"https:\/\/www.ufsm.br\/app\/uploads\/sites\/492\/2022\/03\/autorizacao_publicacao-1.odt\">Autoriza\u00e7\u00e3o<\/a><\/p>\t\t\t\t\t\t<\/div>\n\t\t\t\t<\/div>\n\t\t\t\t\t<\/div>\n\t\t<\/div>\n\t\t\t\t\t<\/div>\n\t\t<\/section>\n\t\t\t\t<\/div>\n\t\t","protected":false},"excerpt":{"rendered":"<p>O Trabalho de Conclus\u00e3o de Curso (TCC) consiste em um trabalho elaborado individualmente pelo aluno, voltado para suas atividades de forma\u00e7\u00e3o acad\u00eamica, desenvolvido sob orienta\u00e7\u00e3o de um professor do curso ou da institui\u00e7\u00e3o. &#8211; As normas para o seu desenvolvimento encontram-se no seguinte link: Normas TCC &#8211; Os Trabalhos de Conclus\u00e3o de Curso defendidos na [&hellip;]<\/p>\n","protected":false},"author":1954,"featured_media":0,"parent":0,"menu_order":0,"comment_status":"closed","ping_status":"closed","template":"","meta":{"footnotes":""},"categories":[],"tags":[],"class_list":["post-199","page","type-page","status-publish","hentry"],"acf":[],"_links":{"self":[{"href":"https:\/\/www.ufsm.br\/cursos\/graduacao\/santa-maria\/tecnologia-em-eletronica-industrial\/wp-json\/wp\/v2\/pages\/199","targetHints":{"allow":["GET"]}}],"collection":[{"href":"https:\/\/www.ufsm.br\/cursos\/graduacao\/santa-maria\/tecnologia-em-eletronica-industrial\/wp-json\/wp\/v2\/pages"}],"about":[{"href":"https:\/\/www.ufsm.br\/cursos\/graduacao\/santa-maria\/tecnologia-em-eletronica-industrial\/wp-json\/wp\/v2\/types\/page"}],"author":[{"embeddable":true,"href":"https:\/\/www.ufsm.br\/cursos\/graduacao\/santa-maria\/tecnologia-em-eletronica-industrial\/wp-json\/wp\/v2\/users\/1954"}],"replies":[{"embeddable":true,"href":"https:\/\/www.ufsm.br\/cursos\/graduacao\/santa-maria\/tecnologia-em-eletronica-industrial\/wp-json\/wp\/v2\/comments?post=199"}],"version-history":[{"count":0,"href":"https:\/\/www.ufsm.br\/cursos\/graduacao\/santa-maria\/tecnologia-em-eletronica-industrial\/wp-json\/wp\/v2\/pages\/199\/revisions"}],"wp:attachment":[{"href":"https:\/\/www.ufsm.br\/cursos\/graduacao\/santa-maria\/tecnologia-em-eletronica-industrial\/wp-json\/wp\/v2\/media?parent=199"}],"wp:term":[{"taxonomy":"category","embeddable":true,"href":"https:\/\/www.ufsm.br\/cursos\/graduacao\/santa-maria\/tecnologia-em-eletronica-industrial\/wp-json\/wp\/v2\/categories?post=199"},{"taxonomy":"post_tag","embeddable":true,"href":"https:\/\/www.ufsm.br\/cursos\/graduacao\/santa-maria\/tecnologia-em-eletronica-industrial\/wp-json\/wp\/v2\/tags?post=199"}],"curies":[{"name":"wp","href":"https:\/\/api.w.org\/{rel}","templated":true}]}}