{"id":155,"date":"2018-12-11T15:47:29","date_gmt":"2018-12-11T17:47:29","guid":{"rendered":"https:\/\/www.ufsm.br\/cursos\/graduacao\/santa-maria\/tecnologia-em-geoprocessamento\/?page_id=155"},"modified":"2018-12-11T15:47:30","modified_gmt":"2018-12-11T17:47:30","slug":"historico","status":"publish","type":"page","link":"https:\/\/www.ufsm.br\/cursos\/graduacao\/santa-maria\/tecnologia-em-geoprocessamento\/historico","title":{"rendered":"Hist\u00f3rico"},"content":{"rendered":"<p>A \u00e1rea de\u00a0<strong>geoprocessamento<\/strong>\u00a0do Col\u00e9gio Polit\u00e9cnico da Universidade Federal de Santa Maria surgiu atrav\u00e9s do ensejo dos professores Enio Giotto, um dos precursores da \u00e1rea na Universidade, e Erni Milani, ent\u00e3o diretor do Col\u00e9gio Agr\u00edcola de Santa Maria (atual Col\u00e9gio Polit\u00e9cnico da UFSM). Os referidos professores notavam uma lacuna no mercado de trabalho, onde um t\u00e9cnico com habilidades em Topografia, Sistemas de Informa\u00e7\u00f5es Geogr\u00e1ficas, Sensoriamento Remoto, Fotogrametria e Cadastro T\u00e9cnico Multifinalit\u00e1rio pudesse atuar. Surge ent\u00e3o a id\u00e9ia de cria\u00e7\u00e3o de um curso t\u00e9cnico em Geom\u00e1tica.<br \/>\nO Curso de T\u00e9cnico em Geom\u00e1tica foi aprovado na Sess\u00e3o 618\u00aa do Conselho de Ensino Pesquisa e Extens\u00e3o, de 19 de novembro de 2002, autorizando a cria\u00e7\u00e3o do mesmo na \u00c1rea Profissional de Geom\u00e1tica, segundo os termos da Resolu\u00e7\u00e3o CNE\/CEB 04\/99, referente ao Processo Protocolo Geral 23081.013719\/2002-23 (Parecer CEPE 35\/02 Processo CEPE 210\/02).<br \/>\nO curr\u00edculo do curso \u00e9 organizado de acordo com o que determina a Reforma da Educa\u00e7\u00e3o Profissional, segundo as diretrizes da Resolu\u00e7\u00e3o CEB\/CNE 04\/99, com o enfoque em forma\u00e7\u00e3o por compet\u00eancias profissionais, constru\u00eddas a partir dos referenciais curriculares e dos perfis profissionais de conclus\u00e3o.<br \/>\nO Plano de Curso estava inserido e dispon\u00edvel no CNCT do MEC: Curso T\u00e9cnico em Geom\u00e1tica &#8211; NIC 23.002077\/2003-04 de 22.10.2003.<br \/>\nNo ano de 2008 o curso passou por uma reformula\u00e7\u00e3o curricular para adequar-se as exig\u00eancias do mercado e possibilitar uma melhor forma\u00e7\u00e3o aos alunos. O Curso agora totaliza 1.200 horas de aula, mais 300 horas de est\u00e1gio supervisionado, e tem seu Plano de Curso elaborado considerando como marcos legais a Lei n. 9.394\/96, o Parecer CNE\/CEB n. 16\/99, a Resolu\u00e7\u00e3o CNE\/CEB 04\/99, o Decreto Federal n. 5.154\/2004 , o Parecer CNE\/CEB n. 11\/2008, a Resolu\u00e7\u00e3o CNE\/CEB n. 03\/2008 e a Portaria do MEC n. 870\/2008, onde estes tr\u00eas \u00faltimos s\u00e3o os atos normativos no novo CNCT (Cadastro Nacional de Cursos T\u00e9cnicos).<br \/>\nEm virtude do novo CNCT o Curso T\u00e9cnico em Geom\u00e1tica passou a denominar-se Curso T\u00e9cnico em Geoprocessamento, sendo inserido ao Eixo de Infraestrutura.<br \/>\nNos primeiros anos do curso, v\u00e1rios professores de outras unidades da Universidade Federal de Santa Maria colaboraram para o melhor andamento das atividades acad\u00eamicas, s\u00e3o eles:<br \/>\n\u00b7 Adroaldo Dias Robaina \u2013 Dep. Engenharia Rural<br \/>\n\u00b7 Enio Giotto \u2013 Dep. Engenharia Rural<br \/>\n\u00b7 Jos\u00e9 Am\u00e9rico de Mello Filho \u2013 Dep. Engenharia Rural<br \/>\n\u00b7 Julio Farret \u2013 Dep. Engenharia Rural<br \/>\n\u00b7 Pedro Roberto de Azambuja Madruga \u2013 Dep. Engenharia Rural<br \/>\n\u00b7 Roberto Cassol \u2013 Dep. de Geoci\u00eancias<br \/>\n\u00b7 Rudiney Soares Pereira \u2013 Dep. Engenharia Rural<br \/>\nO primeiro Coordenador do Curso foi o Prof. Cl\u00e1udio Renato Schlessner Kelling, sendo seguido pelo Prof. Antoninho Jo\u00e3o Pegoraro e atualmente \u00e9 coordenado pelo Prof. El\u00f3dio Sebem.<\/p>\n","protected":false},"excerpt":{"rendered":"<p>A \u00e1rea de\u00a0geoprocessamento\u00a0do Col\u00e9gio Polit\u00e9cnico da Universidade Federal de Santa Maria surgiu atrav\u00e9s do ensejo dos professores Enio Giotto, um dos precursores da \u00e1rea na Universidade, e Erni Milani, ent\u00e3o diretor do Col\u00e9gio Agr\u00edcola de Santa Maria (atual Col\u00e9gio Polit\u00e9cnico da UFSM). Os referidos professores notavam uma lacuna no mercado de trabalho, onde um t\u00e9cnico [&hellip;]<\/p>\n","protected":false},"author":194,"featured_media":0,"parent":0,"menu_order":0,"comment_status":"closed","ping_status":"closed","template":"","meta":{"footnotes":""},"categories":[],"tags":[],"class_list":["post-155","page","type-page","status-publish","hentry"],"acf":[],"_links":{"self":[{"href":"https:\/\/www.ufsm.br\/cursos\/graduacao\/santa-maria\/tecnologia-em-geoprocessamento\/wp-json\/wp\/v2\/pages\/155","targetHints":{"allow":["GET"]}}],"collection":[{"href":"https:\/\/www.ufsm.br\/cursos\/graduacao\/santa-maria\/tecnologia-em-geoprocessamento\/wp-json\/wp\/v2\/pages"}],"about":[{"href":"https:\/\/www.ufsm.br\/cursos\/graduacao\/santa-maria\/tecnologia-em-geoprocessamento\/wp-json\/wp\/v2\/types\/page"}],"author":[{"embeddable":true,"href":"https:\/\/www.ufsm.br\/cursos\/graduacao\/santa-maria\/tecnologia-em-geoprocessamento\/wp-json\/wp\/v2\/users\/194"}],"replies":[{"embeddable":true,"href":"https:\/\/www.ufsm.br\/cursos\/graduacao\/santa-maria\/tecnologia-em-geoprocessamento\/wp-json\/wp\/v2\/comments?post=155"}],"version-history":[{"count":0,"href":"https:\/\/www.ufsm.br\/cursos\/graduacao\/santa-maria\/tecnologia-em-geoprocessamento\/wp-json\/wp\/v2\/pages\/155\/revisions"}],"wp:attachment":[{"href":"https:\/\/www.ufsm.br\/cursos\/graduacao\/santa-maria\/tecnologia-em-geoprocessamento\/wp-json\/wp\/v2\/media?parent=155"}],"wp:term":[{"taxonomy":"category","embeddable":true,"href":"https:\/\/www.ufsm.br\/cursos\/graduacao\/santa-maria\/tecnologia-em-geoprocessamento\/wp-json\/wp\/v2\/categories?post=155"},{"taxonomy":"post_tag","embeddable":true,"href":"https:\/\/www.ufsm.br\/cursos\/graduacao\/santa-maria\/tecnologia-em-geoprocessamento\/wp-json\/wp\/v2\/tags?post=155"}],"curies":[{"name":"wp","href":"https:\/\/api.w.org\/{rel}","templated":true}]}}