{"id":156,"date":"2018-12-11T15:48:19","date_gmt":"2018-12-11T17:48:19","guid":{"rendered":"https:\/\/www.ufsm.br\/cursos\/graduacao\/santa-maria\/tecnologia-em-geoprocessamento\/?page_id=156"},"modified":"2018-12-11T15:48:20","modified_gmt":"2018-12-11T17:48:20","slug":"objetivos","status":"publish","type":"page","link":"https:\/\/www.ufsm.br\/cursos\/graduacao\/santa-maria\/tecnologia-em-geoprocessamento\/objetivos","title":{"rendered":"Objetivos"},"content":{"rendered":"<p><strong>OBJETIVO GERAL<\/strong><\/p>\n<p>O\u00a0<strong>CURSO SUPERIOR DE TECNOLOGIA EM GEOPROCESSAMENTO<\/strong>\u00a0visa \u00e0 forma\u00e7\u00e3o de um profissional de n\u00edvel superior comprometido com o desenvolvimento s\u00f3cio-cultural e econ\u00f4mico do pa\u00eds, preparando-o para o mercado de trabalho e para a cidadania, atrav\u00e9s da forma\u00e7\u00e3o de compet\u00eancias t\u00e9cnicas e cient\u00edficas e capacidade de relacionamento humano, que o capacite a trabalhar na \u00e1rea da geom\u00e1tica, atendendo \u00e0s necessidades da sociedade e do processo produtivo.<\/p>\n<p><strong>OBJETIVOS ESPEC\u00cdFICOS<\/strong><\/p>\n<p>&#8211; Qualificar profissionais capazes de identificar as prioridades e as t\u00e9cnicas na pesquisa da \u00e1rea de Geoprocessamento e o conhecimento da realidade s\u00f3cio-pol\u00edtica do pa\u00eds.<\/p>\n<p>&#8211; Formar profissionais capazes de atuar em atividades de sensoriamento remoto, mapeamento digital, sistemas de informa\u00e7\u00f5es geogr\u00e1ficas, sistemas de posicionamento por sat\u00e9lites, na integra\u00e7\u00e3o da topografia, cartografia, fotogrametria, fotointerpreta\u00e7\u00e3o com as novas tecnologias e campos de aplica\u00e7\u00e3o.<\/p>\n<p>&#8211; Qualificar profissionais para a gera\u00e7\u00e3o de mapas de diversos tipos e bases de dados de cadastros multifinalit\u00e1rios.<\/p>\n<p>&#8211; Formar profissionais que possam atender \u00e0s exig\u00eancias das legisla\u00e7\u00f5es cadastrais brasileiras.<\/p>\n<p>&#8211; Colocar \u00e0 disposi\u00e7\u00e3o da sociedade profissionais, para atuar na \u00e1rea de Geoprocessamento, aptos ao exerc\u00edcio profissional e conscientes de suas responsabilidades \u00e9ticas.<\/p>\n<p>&#8211; Integrar o ensino ao trabalho, oportunizando o desenvolvimento das condi\u00e7\u00f5es para a vida produtiva moderna.<\/p>\n<p>&#8211; Oportunizar a educa\u00e7\u00e3o permanente e a requalifica\u00e7\u00e3o, atendendo a novos paradigmas que estabelecem a necessidade e a capacidade de mobilidade no mundo do trabalho.<\/p>\n<p>&#8211; Orientar o aluno para a complementa\u00e7\u00e3o do seu desenvolvimento social com vistas \u00e0 auto-seguran\u00e7a, relacionamento humano, comunica\u00e7\u00e3o e express\u00e3o.<\/p>\n<p>&#8211; Formar profissionais aptos a realizar georrefenciamento de im\u00f3veis em conson\u00e2ncia com a legisla\u00e7\u00e3o vigente.<\/p>\n<p>&#8211; Oferecer mais uma op\u00e7\u00e3o de profissionaliza\u00e7\u00e3o aos alunos que desejam ingressar na UFSM.<\/p>\n<p>&#8211; Proporcionar a forma\u00e7\u00e3o de profissionais, atendendo \u00e0 expectativa das clientelas e do mundo do trabalho.<\/p>\n","protected":false},"excerpt":{"rendered":"<p>OBJETIVO GERAL O\u00a0CURSO SUPERIOR DE TECNOLOGIA EM GEOPROCESSAMENTO\u00a0visa \u00e0 forma\u00e7\u00e3o de um profissional de n\u00edvel superior comprometido com o desenvolvimento s\u00f3cio-cultural e econ\u00f4mico do pa\u00eds, preparando-o para o mercado de trabalho e para a cidadania, atrav\u00e9s da forma\u00e7\u00e3o de compet\u00eancias t\u00e9cnicas e cient\u00edficas e capacidade de relacionamento humano, que o capacite a trabalhar na \u00e1rea [&hellip;]<\/p>\n","protected":false},"author":194,"featured_media":0,"parent":0,"menu_order":0,"comment_status":"closed","ping_status":"closed","template":"","meta":{"footnotes":""},"categories":[],"tags":[],"class_list":["post-156","page","type-page","status-publish","hentry"],"acf":[],"_links":{"self":[{"href":"https:\/\/www.ufsm.br\/cursos\/graduacao\/santa-maria\/tecnologia-em-geoprocessamento\/wp-json\/wp\/v2\/pages\/156","targetHints":{"allow":["GET"]}}],"collection":[{"href":"https:\/\/www.ufsm.br\/cursos\/graduacao\/santa-maria\/tecnologia-em-geoprocessamento\/wp-json\/wp\/v2\/pages"}],"about":[{"href":"https:\/\/www.ufsm.br\/cursos\/graduacao\/santa-maria\/tecnologia-em-geoprocessamento\/wp-json\/wp\/v2\/types\/page"}],"author":[{"embeddable":true,"href":"https:\/\/www.ufsm.br\/cursos\/graduacao\/santa-maria\/tecnologia-em-geoprocessamento\/wp-json\/wp\/v2\/users\/194"}],"replies":[{"embeddable":true,"href":"https:\/\/www.ufsm.br\/cursos\/graduacao\/santa-maria\/tecnologia-em-geoprocessamento\/wp-json\/wp\/v2\/comments?post=156"}],"version-history":[{"count":0,"href":"https:\/\/www.ufsm.br\/cursos\/graduacao\/santa-maria\/tecnologia-em-geoprocessamento\/wp-json\/wp\/v2\/pages\/156\/revisions"}],"wp:attachment":[{"href":"https:\/\/www.ufsm.br\/cursos\/graduacao\/santa-maria\/tecnologia-em-geoprocessamento\/wp-json\/wp\/v2\/media?parent=156"}],"wp:term":[{"taxonomy":"category","embeddable":true,"href":"https:\/\/www.ufsm.br\/cursos\/graduacao\/santa-maria\/tecnologia-em-geoprocessamento\/wp-json\/wp\/v2\/categories?post=156"},{"taxonomy":"post_tag","embeddable":true,"href":"https:\/\/www.ufsm.br\/cursos\/graduacao\/santa-maria\/tecnologia-em-geoprocessamento\/wp-json\/wp\/v2\/tags?post=156"}],"curies":[{"name":"wp","href":"https:\/\/api.w.org\/{rel}","templated":true}]}}