{"id":160,"date":"2018-12-11T15:50:52","date_gmt":"2018-12-11T17:50:52","guid":{"rendered":"https:\/\/www.ufsm.br\/cursos\/graduacao\/santa-maria\/tecnologia-em-geoprocessamento\/?page_id=160"},"modified":"2018-12-11T15:50:53","modified_gmt":"2018-12-11T17:50:53","slug":"requisitos-e-ingresso","status":"publish","type":"page","link":"https:\/\/www.ufsm.br\/cursos\/graduacao\/santa-maria\/tecnologia-em-geoprocessamento\/requisitos-e-ingresso","title":{"rendered":"Requisitos e Ingresso"},"content":{"rendered":"<p>Para ingressarem no Curso Superior de Tecnologia em Geoprocessamento, os candidatos dever\u00e3o ter conclu\u00eddo o Ensino M\u00e9dio ou Equivalente.\u00a0A forma de ingresso dos alunos ser\u00e1 atrav\u00e9s do SISU ou por processo de transfer\u00eancia e reingresso (atrav\u00e9s de edital espec\u00edfico).\u00a0Ser\u00e3o ofertadas 40 vagas anualmente, com ingresso no primeiro semestre letivo do ano acad\u00eamico.<\/p>\n","protected":false},"excerpt":{"rendered":"<p>Para ingressarem no Curso Superior de Tecnologia em Geoprocessamento, os candidatos dever\u00e3o ter conclu\u00eddo o Ensino M\u00e9dio ou Equivalente.\u00a0A forma de ingresso dos alunos ser\u00e1 atrav\u00e9s do SISU ou por processo de transfer\u00eancia e reingresso (atrav\u00e9s de edital espec\u00edfico).\u00a0Ser\u00e3o ofertadas 40 vagas anualmente, com ingresso no primeiro semestre letivo do ano acad\u00eamico.<\/p>\n","protected":false},"author":194,"featured_media":0,"parent":0,"menu_order":0,"comment_status":"closed","ping_status":"closed","template":"","meta":{"footnotes":""},"categories":[],"tags":[],"class_list":["post-160","page","type-page","status-publish","hentry"],"acf":[],"_links":{"self":[{"href":"https:\/\/www.ufsm.br\/cursos\/graduacao\/santa-maria\/tecnologia-em-geoprocessamento\/wp-json\/wp\/v2\/pages\/160","targetHints":{"allow":["GET"]}}],"collection":[{"href":"https:\/\/www.ufsm.br\/cursos\/graduacao\/santa-maria\/tecnologia-em-geoprocessamento\/wp-json\/wp\/v2\/pages"}],"about":[{"href":"https:\/\/www.ufsm.br\/cursos\/graduacao\/santa-maria\/tecnologia-em-geoprocessamento\/wp-json\/wp\/v2\/types\/page"}],"author":[{"embeddable":true,"href":"https:\/\/www.ufsm.br\/cursos\/graduacao\/santa-maria\/tecnologia-em-geoprocessamento\/wp-json\/wp\/v2\/users\/194"}],"replies":[{"embeddable":true,"href":"https:\/\/www.ufsm.br\/cursos\/graduacao\/santa-maria\/tecnologia-em-geoprocessamento\/wp-json\/wp\/v2\/comments?post=160"}],"version-history":[{"count":0,"href":"https:\/\/www.ufsm.br\/cursos\/graduacao\/santa-maria\/tecnologia-em-geoprocessamento\/wp-json\/wp\/v2\/pages\/160\/revisions"}],"wp:attachment":[{"href":"https:\/\/www.ufsm.br\/cursos\/graduacao\/santa-maria\/tecnologia-em-geoprocessamento\/wp-json\/wp\/v2\/media?parent=160"}],"wp:term":[{"taxonomy":"category","embeddable":true,"href":"https:\/\/www.ufsm.br\/cursos\/graduacao\/santa-maria\/tecnologia-em-geoprocessamento\/wp-json\/wp\/v2\/categories?post=160"},{"taxonomy":"post_tag","embeddable":true,"href":"https:\/\/www.ufsm.br\/cursos\/graduacao\/santa-maria\/tecnologia-em-geoprocessamento\/wp-json\/wp\/v2\/tags?post=160"}],"curies":[{"name":"wp","href":"https:\/\/api.w.org\/{rel}","templated":true}]}}