{"id":165,"date":"2018-12-11T16:00:22","date_gmt":"2018-12-11T18:00:22","guid":{"rendered":"https:\/\/www.ufsm.br\/cursos\/graduacao\/santa-maria\/tecnologia-em-geoprocessamento\/?page_id=165"},"modified":"2025-12-05T11:00:18","modified_gmt":"2025-12-05T14:00:18","slug":"colegiado","status":"publish","type":"page","link":"https:\/\/www.ufsm.br\/cursos\/graduacao\/santa-maria\/tecnologia-em-geoprocessamento\/colegiado","title":{"rendered":"Colegiado"},"content":{"rendered":"<p><strong><a href=\"https:\/\/www.ufsm.br\/app\/uploads\/sites\/486\/2025\/12\/Portaria-094-2025-Colegiado-Geoproessamento.pdf\">PORTARIA DE PESSOAL POLIT\u00c9CNICO\/UFSM N. 094, DE 09 DE JUNHO DE 2025.\u00a0<\/a><\/strong><\/p>\n<ul>\n<li><strong>Prof. Luiz Patric Kayser<\/strong>, Matr\u00edcula SIAPE 2492884, Presidente e Membro Nato Titular;<\/li>\n<li><strong>Prof. Valmir Viera<\/strong>, Matr\u00edcula SIAPE 6988453, Vice-Presidente e Membro Nato Titular;<\/li>\n<li><strong>Prof. Antoninho Jo\u00e3o Pegoraro<\/strong>, Matr\u00edcula SIAPE 1110368, Membro Representante Titular dos Docentes;<\/li>\n<li><strong>Profa. Marin\u00eaz da Silva<\/strong>, Matr\u00edcula SIAPE 1742904, Membro Representante Titular dos Docentes;<\/li>\n<li><strong>Profa. Ang\u00e9lica Cirolini<\/strong>, Matr\u00edcula SIAPE 2688768, Membro Representante Suplente dos Docentes;<\/li>\n<li><strong>Estudante Raynner Fernandes Ineu<\/strong>, Matr\u00edcula 202112833, Membro Representante Titular dos Discentes;<\/li>\n<li><strong>Estudante Miguel Simon Cielo<\/strong>, Matr\u00edcula 202510577, Membro Representante Suplente dos Discentes;<\/li>\n<li><strong>Nat\u00e1lia Duarte Melos<\/strong>, Representante da Categoria Profissional.<\/li>\n<\/ul>\n","protected":false},"excerpt":{"rendered":"<p>PORTARIA DE PESSOAL POLIT\u00c9CNICO\/UFSM N. 094, DE 09 DE JUNHO DE 2025.\u00a0 Prof. Luiz Patric Kayser, Matr\u00edcula SIAPE 2492884, Presidente e Membro Nato Titular; Prof. Valmir Viera, Matr\u00edcula SIAPE 6988453, Vice-Presidente e Membro Nato Titular; Prof. Antoninho Jo\u00e3o Pegoraro, Matr\u00edcula SIAPE 1110368, Membro Representante Titular dos Docentes; Profa. Marin\u00eaz da Silva, Matr\u00edcula SIAPE 1742904, Membro [&hellip;]<\/p>\n","protected":false},"author":194,"featured_media":0,"parent":0,"menu_order":0,"comment_status":"closed","ping_status":"closed","template":"","meta":{"footnotes":""},"categories":[],"tags":[],"class_list":["post-165","page","type-page","status-publish","hentry"],"acf":[],"_links":{"self":[{"href":"https:\/\/www.ufsm.br\/cursos\/graduacao\/santa-maria\/tecnologia-em-geoprocessamento\/wp-json\/wp\/v2\/pages\/165","targetHints":{"allow":["GET"]}}],"collection":[{"href":"https:\/\/www.ufsm.br\/cursos\/graduacao\/santa-maria\/tecnologia-em-geoprocessamento\/wp-json\/wp\/v2\/pages"}],"about":[{"href":"https:\/\/www.ufsm.br\/cursos\/graduacao\/santa-maria\/tecnologia-em-geoprocessamento\/wp-json\/wp\/v2\/types\/page"}],"author":[{"embeddable":true,"href":"https:\/\/www.ufsm.br\/cursos\/graduacao\/santa-maria\/tecnologia-em-geoprocessamento\/wp-json\/wp\/v2\/users\/194"}],"replies":[{"embeddable":true,"href":"https:\/\/www.ufsm.br\/cursos\/graduacao\/santa-maria\/tecnologia-em-geoprocessamento\/wp-json\/wp\/v2\/comments?post=165"}],"version-history":[{"count":0,"href":"https:\/\/www.ufsm.br\/cursos\/graduacao\/santa-maria\/tecnologia-em-geoprocessamento\/wp-json\/wp\/v2\/pages\/165\/revisions"}],"wp:attachment":[{"href":"https:\/\/www.ufsm.br\/cursos\/graduacao\/santa-maria\/tecnologia-em-geoprocessamento\/wp-json\/wp\/v2\/media?parent=165"}],"wp:term":[{"taxonomy":"category","embeddable":true,"href":"https:\/\/www.ufsm.br\/cursos\/graduacao\/santa-maria\/tecnologia-em-geoprocessamento\/wp-json\/wp\/v2\/categories?post=165"},{"taxonomy":"post_tag","embeddable":true,"href":"https:\/\/www.ufsm.br\/cursos\/graduacao\/santa-maria\/tecnologia-em-geoprocessamento\/wp-json\/wp\/v2\/tags?post=165"}],"curies":[{"name":"wp","href":"https:\/\/api.w.org\/{rel}","templated":true}]}}