{"id":163,"date":"2018-12-12T14:23:41","date_gmt":"2018-12-12T16:23:41","guid":{"rendered":"https:\/\/www.ufsm.br\/cursos\/graduacao\/santa-maria\/tecnologia-em-gestao-ambiental\/?page_id=163"},"modified":"2023-02-01T09:49:12","modified_gmt":"2023-02-01T12:49:12","slug":"acgs","status":"publish","type":"page","link":"https:\/\/www.ufsm.br\/cursos\/graduacao\/santa-maria\/tecnologia-em-gestao-ambiental\/acgs","title":{"rendered":"ACG&#8217;s"},"content":{"rendered":"<p>Nas Atividades Complementares de Gradua\u00e7\u00e3o (ACG&#8217;s), com carga hor\u00e1ria m\u00ednima de 135 horas, o aluno dever\u00e1 realizar atividades, promovidas ou n\u00e3o pelo Curso, com vistas \u00e0 complementa\u00e7\u00e3o dos conte\u00fados ministrados e\/ou \u00e0 atualiza\u00e7\u00e3o de conhecimentos. A carga hor\u00e1ria a ser considerada para cada atividade consta no Regulamento das ACG&#8217;s.<\/p>\n","protected":false},"excerpt":{"rendered":"<p>Nas Atividades Complementares de Gradua\u00e7\u00e3o (ACG&#8217;s), com carga hor\u00e1ria m\u00ednima de 135 horas, o aluno dever\u00e1 realizar atividades, promovidas ou n\u00e3o pelo Curso, com vistas \u00e0 complementa\u00e7\u00e3o dos conte\u00fados ministrados e\/ou \u00e0 atualiza\u00e7\u00e3o de conhecimentos. A carga hor\u00e1ria a ser considerada para cada atividade consta no Regulamento das ACG&#8217;s.<\/p>\n","protected":false},"author":194,"featured_media":0,"parent":0,"menu_order":0,"comment_status":"closed","ping_status":"closed","template":"","meta":{"footnotes":""},"categories":[],"tags":[],"class_list":["post-163","page","type-page","status-publish","hentry"],"acf":[],"_links":{"self":[{"href":"https:\/\/www.ufsm.br\/cursos\/graduacao\/santa-maria\/tecnologia-em-gestao-ambiental\/wp-json\/wp\/v2\/pages\/163","targetHints":{"allow":["GET"]}}],"collection":[{"href":"https:\/\/www.ufsm.br\/cursos\/graduacao\/santa-maria\/tecnologia-em-gestao-ambiental\/wp-json\/wp\/v2\/pages"}],"about":[{"href":"https:\/\/www.ufsm.br\/cursos\/graduacao\/santa-maria\/tecnologia-em-gestao-ambiental\/wp-json\/wp\/v2\/types\/page"}],"author":[{"embeddable":true,"href":"https:\/\/www.ufsm.br\/cursos\/graduacao\/santa-maria\/tecnologia-em-gestao-ambiental\/wp-json\/wp\/v2\/users\/194"}],"replies":[{"embeddable":true,"href":"https:\/\/www.ufsm.br\/cursos\/graduacao\/santa-maria\/tecnologia-em-gestao-ambiental\/wp-json\/wp\/v2\/comments?post=163"}],"version-history":[{"count":0,"href":"https:\/\/www.ufsm.br\/cursos\/graduacao\/santa-maria\/tecnologia-em-gestao-ambiental\/wp-json\/wp\/v2\/pages\/163\/revisions"}],"wp:attachment":[{"href":"https:\/\/www.ufsm.br\/cursos\/graduacao\/santa-maria\/tecnologia-em-gestao-ambiental\/wp-json\/wp\/v2\/media?parent=163"}],"wp:term":[{"taxonomy":"category","embeddable":true,"href":"https:\/\/www.ufsm.br\/cursos\/graduacao\/santa-maria\/tecnologia-em-gestao-ambiental\/wp-json\/wp\/v2\/categories?post=163"},{"taxonomy":"post_tag","embeddable":true,"href":"https:\/\/www.ufsm.br\/cursos\/graduacao\/santa-maria\/tecnologia-em-gestao-ambiental\/wp-json\/wp\/v2\/tags?post=163"}],"curies":[{"name":"wp","href":"https:\/\/api.w.org\/{rel}","templated":true}]}}