{"id":29,"date":"2018-01-18T09:10:07","date_gmt":"2018-01-18T11:10:07","guid":{"rendered":"https:\/\/www.ufsm.br\/cursos\/graduacao\/nutricao\/12352\/?page_id=29"},"modified":"2023-08-21T16:28:54","modified_gmt":"2023-08-21T19:28:54","slug":"contato","status":"publish","type":"page","link":"https:\/\/www.ufsm.br\/cursos\/graduacao\/santa-maria\/tecnologia-em-gestao-de-turismo\/contato","title":{"rendered":"Contatos"},"content":{"rendered":"\t\t<div data-elementor-type=\"wp-page\" data-elementor-id=\"29\" class=\"elementor elementor-29\">\n\t\t\t\t\t\t<section class=\"elementor-section elementor-top-section elementor-element elementor-element-51f4c4f1 elementor-section-boxed elementor-section-height-default elementor-section-height-default\" data-id=\"51f4c4f1\" data-element_type=\"section\">\n\t\t\t\t\t\t<div class=\"elementor-container elementor-column-gap-default\">\n\t\t\t\t\t<div class=\"elementor-column elementor-col-100 elementor-top-column elementor-element elementor-element-2ec2a178\" data-id=\"2ec2a178\" data-element_type=\"column\">\n\t\t\t<div class=\"elementor-widget-wrap elementor-element-populated\">\n\t\t\t\t\t\t<div class=\"elementor-element elementor-element-5db9bce elementor-widget elementor-widget-text-editor\" data-id=\"5db9bce\" data-element_type=\"widget\" data-widget_type=\"text-editor.default\">\n\t\t\t\t<div class=\"elementor-widget-container\">\n\t\t\t\t\t\t\t<p><!-- wp:columns --><\/p>\n<div class=\"wp-block-columns\">\n<p><!-- wp:column {\"width\":\"100%\"} --><\/p>\n<div class=\"wp-block-column\" style=\"flex-basis: 100%\">\n<p><!-- wp:group --><\/p>\n<div class=\"wp-block-group\">\n<p><strong style=\"text-align: var(--bs-body-text-align)\">COORDENA\u00c7\u00c3O DO CURSO DE TECNOLOGIA EM GEST\u00c3O DE TURISMO<\/strong><\/p>\n<p><span style=\"font-weight: var( --e-global-typography-text-font-weight );text-align: var(--bs-body-text-align)\">Coordenadora: Prof\u00aa Dr\u00aa M\u00f4nica Elisa Dias Pons<br \/><\/span><span style=\"font-weight: var( --e-global-typography-text-font-weight );text-align: var(--bs-body-text-align)\">E-mail:\u00a0<\/span><span id=\"cloak0fce81f418441bd786dc670515d41189\" style=\"font-weight: var( --e-global-typography-text-font-weight );text-align: var(--bs-body-text-align)\"><a href=\"mailto:turismo@ufsm.br\" target=\"_blank\" rel=\"noopener noreferrer\">coordturismo.ccsh@ufsm.br<\/a><\/span><\/p>\n<p>\u00a0<\/p>\n<p><strong>SECRETARIA INTEGRADA DE GRADUA\u00c7\u00c3O DO CCSH II (SIGII) (PR\u00c9DIO 74B)<\/strong><br \/>Centro de Ci\u00eancias Sociais e Humanas (CCSH)<br \/>Pr\u00e9dio 74B, Sala 3300 &#8211; Campus &#8211; UFSM<\/p>\n<p><strong>Hor\u00e1rio de atendimento SIGII:<\/strong><br \/>Segunda a Quinta-feira<br \/>08:00 \u00e0s 12:00<br \/>13:00 \u00e0s 20:00<\/p>\n<p>Sexta-feira<br \/>08:00 \u00e0s 12:00<br \/>13:00 \u00e0s 17:00<\/p>\n<p>Fone: 55 3220-9331<br \/><span style=\"background-color: var(--bs-body-bg);text-align: var(--bs-body-text-align)\">E-mail: <\/span><span id=\"cloak0fce81f418441bd786dc670515d41189\" style=\"background-color: var(--bs-body-bg);text-align: var(--bs-body-text-align)\"><a href=\"mailto:turismo@ufsm.br\" target=\"_blank\" rel=\"noopener noreferrer\">graduacao74b.ccsh@ufsm.br<\/a><\/span><\/p>\n<\/div>\n<p><strong>SUBDIVIS\u00c3O DE EST\u00c1GIOS DO CCSH II<\/strong><br \/>Fone: 55 3220-9336<br \/><span style=\"background-color: var(--bs-body-bg);text-align: var(--bs-body-text-align)\">E-mail: <\/span><span id=\"cloak0fce81f418441bd786dc670515d41189\" style=\"background-color: var(--bs-body-bg);text-align: var(--bs-body-text-align)\"><a href=\"mailto:turismo@ufsm.br\" target=\"_blank\" rel=\"noopener noreferrer\">estagios74b.ccsh@ufsm.br<\/a><\/span><\/p>\n<p><!-- \/wp:group --><\/p>\n<\/div>\n<p><!-- \/wp:column --><\/p>\n<\/div>\n<p><!-- \/wp:columns --><\/p>\t\t\t\t\t\t<\/div>\n\t\t\t\t<\/div>\n\t\t\t\t\t<\/div>\n\t\t<\/div>\n\t\t\t\t\t<\/div>\n\t\t<\/section>\n\t\t\t\t<\/div>\n\t\t","protected":false},"excerpt":{"rendered":"<p>COORDENA\u00c7\u00c3O DO CURSO DE TECNOLOGIA EM GEST\u00c3O DE TURISMO Coordenadora: Prof\u00aa Dr\u00aa M\u00f4nica Elisa Dias PonsE-mail:\u00a0coordturismo.ccsh@ufsm.br \u00a0 SECRETARIA INTEGRADA DE GRADUA\u00c7\u00c3O DO CCSH II (SIGII) (PR\u00c9DIO 74B)Centro de Ci\u00eancias Sociais e Humanas (CCSH)Pr\u00e9dio 74B, Sala 3300 &#8211; Campus &#8211; UFSM Hor\u00e1rio de atendimento SIGII:Segunda a Quinta-feira08:00 \u00e0s 12:0013:00 \u00e0s 20:00 Sexta-feira08:00 \u00e0s 12:0013:00 \u00e0s 17:00 [&hellip;]<\/p>\n","protected":false},"author":8,"featured_media":0,"parent":0,"menu_order":0,"comment_status":"closed","ping_status":"closed","template":"","meta":{"footnotes":""},"categories":[],"tags":[],"class_list":["post-29","page","type-page","status-publish","hentry"],"acf":[],"_links":{"self":[{"href":"https:\/\/www.ufsm.br\/cursos\/graduacao\/santa-maria\/tecnologia-em-gestao-de-turismo\/wp-json\/wp\/v2\/pages\/29","targetHints":{"allow":["GET"]}}],"collection":[{"href":"https:\/\/www.ufsm.br\/cursos\/graduacao\/santa-maria\/tecnologia-em-gestao-de-turismo\/wp-json\/wp\/v2\/pages"}],"about":[{"href":"https:\/\/www.ufsm.br\/cursos\/graduacao\/santa-maria\/tecnologia-em-gestao-de-turismo\/wp-json\/wp\/v2\/types\/page"}],"author":[{"embeddable":true,"href":"https:\/\/www.ufsm.br\/cursos\/graduacao\/santa-maria\/tecnologia-em-gestao-de-turismo\/wp-json\/wp\/v2\/users\/8"}],"replies":[{"embeddable":true,"href":"https:\/\/www.ufsm.br\/cursos\/graduacao\/santa-maria\/tecnologia-em-gestao-de-turismo\/wp-json\/wp\/v2\/comments?post=29"}],"version-history":[{"count":0,"href":"https:\/\/www.ufsm.br\/cursos\/graduacao\/santa-maria\/tecnologia-em-gestao-de-turismo\/wp-json\/wp\/v2\/pages\/29\/revisions"}],"wp:attachment":[{"href":"https:\/\/www.ufsm.br\/cursos\/graduacao\/santa-maria\/tecnologia-em-gestao-de-turismo\/wp-json\/wp\/v2\/media?parent=29"}],"wp:term":[{"taxonomy":"category","embeddable":true,"href":"https:\/\/www.ufsm.br\/cursos\/graduacao\/santa-maria\/tecnologia-em-gestao-de-turismo\/wp-json\/wp\/v2\/categories?post=29"},{"taxonomy":"post_tag","embeddable":true,"href":"https:\/\/www.ufsm.br\/cursos\/graduacao\/santa-maria\/tecnologia-em-gestao-de-turismo\/wp-json\/wp\/v2\/tags?post=29"}],"curies":[{"name":"wp","href":"https:\/\/api.w.org\/{rel}","templated":true}]}}