{"id":438,"date":"2022-09-21T23:56:30","date_gmt":"2022-09-22T02:56:30","guid":{"rendered":"https:\/\/www.ufsm.br\/cursos\/graduacao\/santa-maria\/tecnologia-em-gestao-de-turismo\/?page_id=438"},"modified":"2025-11-07T17:05:54","modified_gmt":"2025-11-07T20:05:54","slug":"estagios","status":"publish","type":"page","link":"https:\/\/www.ufsm.br\/cursos\/graduacao\/santa-maria\/tecnologia-em-gestao-de-turismo\/estagios","title":{"rendered":"Est\u00e1gios"},"content":{"rendered":"\t\t<div data-elementor-type=\"wp-page\" data-elementor-id=\"438\" class=\"elementor elementor-438\">\n\t\t\t\t\t\t<section class=\"elementor-section elementor-top-section elementor-element elementor-element-3c5db241 elementor-section-boxed elementor-section-height-default elementor-section-height-default\" data-id=\"3c5db241\" data-element_type=\"section\">\n\t\t\t\t\t\t<div class=\"elementor-container elementor-column-gap-default\">\n\t\t\t\t\t<div class=\"elementor-column elementor-col-100 elementor-top-column elementor-element elementor-element-c5b9e04\" data-id=\"c5b9e04\" data-element_type=\"column\">\n\t\t\t<div class=\"elementor-widget-wrap elementor-element-populated\">\n\t\t\t\t\t\t<div class=\"elementor-element elementor-element-71dd86f7 elementor-widget elementor-widget-text-editor\" data-id=\"71dd86f7\" data-element_type=\"widget\" data-widget_type=\"text-editor.default\">\n\t\t\t\t<div class=\"elementor-widget-container\">\n\t\t\t\t\t\t\t<p>O est\u00e1gio \u00e9 um ato educativo escolar supervisionado desenvolvido no ambiente de trabalho, previsto no projeto pedag\u00f3gico de curso (PPC) como parte integrante do itiner\u00e1rio formativo do(a) estudante. No curso de <strong>Tecnologia em Gest\u00e3o de Turismo<\/strong> <strong>da UFSM<\/strong> o est\u00e1gio \u00e9 <strong>n\u00e3o-obrigat\u00f3rio<\/strong>, ou seja, \u00e9 desenvolvido como atividade opcional, complementar \u00e0 forma\u00e7\u00e3o acad\u00eamico-profissional do(a) estudante.<\/p>\n<p><!-- \/wp:paragraph --><!-- wp:paragraph \/--><!-- wp:paragraph --><\/p>\n<p>Os est\u00e1gios s\u00e3o regidos pela <a href=\"https:\/\/www.planalto.gov.br\/ccivil_03\/_ato2007-2010\/2008\/lei\/l11788.htm\">Lei do Est\u00e1gio,<\/a> sendo o <strong>Termo de Compromisso de Est\u00e1gio (TCE)<\/strong> o documento obrigat\u00f3rio que formaliza a realiza\u00e7\u00e3o desta atividade. Al\u00e9m disso, dentre as principais exig\u00eancias dos est\u00e1gios n\u00e3o-obrigat\u00f3rios est\u00e3o que estes <strong>devem ser remunerados<\/strong> (bolsa\/contrapresta\u00e7\u00e3o + aux\u00edlio transporte) e a unidade concedente deve contratar <strong>seguro de vida para o estagi\u00e1rio.<\/strong><\/p>\n<p>A partir da publica\u00e7\u00e3o da <a href=\"https:\/\/portal.ufsm.br\/documentos\/download.html?action=arquivosIndexados&amp;id=13946288&amp;download=false\">Instru\u00e7\u00e3o Normativa N. 001\/2022\/UFSM\/PROGRAD<\/a>, os est\u00e1gios dever\u00e3o ser tramitados no sistema da UFSM, o PEN-SIE, que ser\u00e1 utilizado para a coleta de assinaturas e registro do est\u00e1gio na UFSM.<\/p>\n<p>A solicita\u00e7\u00e3o de est\u00e1gio N\u00c3O obrigat\u00f3rio \u00e9 feita no <a href=\"https:\/\/portal.ufsm.br\/estudantil\/index.html\">Portal Estudantil<\/a> &gt; Curr\u00edculo &gt; Est\u00e1gios &gt; selecionar o curso desejado &gt; *Solicitar est\u00e1gio N\u00c3O obrigat\u00f3rio. Na sequ\u00eancia, deve-se:<\/p>\n<ul>\n<li>Preencher os campos com as informa\u00e7\u00f5es solicitadas pelo sistema e salvar.<\/li>\n<li>Clicar em \u201cInserir documentos\u201d (ao clicar vai abrir a p\u00e1gina do processo).<\/li>\n<li>Na p\u00e1gina do processo, clique em \u201cA\u00e7\u00f5es\u201d &gt; \u201cInserir documentos\u201d.<\/li>\n<li>Na pr\u00f3xima p\u00e1gina, v\u00e1 em \u201cDocumentos por passo de tr\u00e2mite\u201d e selecione a op\u00e7\u00e3o \u201cEncaminha para an\u00e1lise e assinatura do(a) orientador(a)\u201d.<\/li>\n<li>Vai liberar uma op\u00e7\u00e3o abaixo. Clique em \u201cinserir\u201d.<\/li>\n<\/ul>\n<p><strong>ATEN\u00c7\u00c3O<\/strong> nesta etapa!!!<\/p>\n<ol>\n<li>Se voc\u00ea j\u00e1 tiver o documento do TCE devidamente preenchido (de unidades concedentes que usam o modelo pr\u00f3prio, por exemplo) voc\u00ea deve clicar em \u201cUpload de documento\u201d.<\/li>\n<li>Caso ainda n\u00e3o tenha o TCE e v\u00e1 utilizar o modelo da UFSM, clique em \u201cUsar modelo\u201d e complete o documento com as informa\u00e7\u00f5es solicitadas. Logo abaixo, em \u201cSitua\u00e7\u00e3o do documento\u201d, se o representante da concedente for assinar pelo PEN-SIE, clique em \u201cincluir modelo como documento\u201d e indique \u201cSim\u201d na op\u00e7\u00e3o \u201cAssinar?\u201d. Se o representante da concedente for assinar pelo GOV. ou plataforma pr\u00f3pria, clique em \u201cSomente Gerar PDF\u201d, baixe o documento e providencie a assinatura. Depois insira o documento j\u00e1 assinado no processo.<\/li>\n<li>Clique em \u201cSalvar\u201d.<\/li>\n<\/ol>\n<ul>\n<li>Na p\u00e1gina do processo, clique em \u201cTramitar\u201d &gt; \u201cencaminha para an\u00e1lise e assinatura do(a) orientador(a) &gt; \u201cTramitar\u201d.<\/li>\n<\/ul>\n<p><span style=\"color: #000000\">Tutorial: <\/span><strong><a href=\"https:\/\/ntetube.nte.ufsm.br\/v\/1759941155\">Como abrir um Processo de Est\u00e1gio no Portal Estudantil da UFSM<\/a><span style=\"color: #000000\">.<\/span><\/strong><\/p>\n<p>Na <a href=\"https:\/\/www.ufsm.br\/pro-reitorias\/prograd\/code\/estagios\">P\u00e1gina dos Est\u00e1gios da PROGRAD<\/a> voc\u00ea encontra todas as informa\u00e7\u00f5es sobre os est\u00e1gios na UFSM.<\/p>\n<p>D\u00favidas podem ser encaminhadas para a <strong>Subdivis\u00e3o de Est\u00e1gios do CCSH II<\/strong>: estagios74b.ccsh@ufsm.br, 55 32209336. CCSH\/UFSM, Pr\u00e9dio 74B, sala 3301.<\/p>\n<p><!-- \/wp:paragraph --><\/p>\t\t\t\t\t\t<\/div>\n\t\t\t\t<\/div>\n\t\t\t\t\t<\/div>\n\t\t<\/div>\n\t\t\t\t\t<\/div>\n\t\t<\/section>\n\t\t\t\t<\/div>\n\t\t","protected":false},"excerpt":{"rendered":"<p>O est\u00e1gio \u00e9 um ato educativo escolar supervisionado desenvolvido no ambiente de trabalho, previsto no projeto pedag\u00f3gico de curso (PPC) como parte integrante do itiner\u00e1rio formativo do(a) estudante. No curso de Tecnologia em Gest\u00e3o de Turismo da UFSM o est\u00e1gio \u00e9 n\u00e3o-obrigat\u00f3rio, ou seja, \u00e9 desenvolvido como atividade opcional, complementar \u00e0 forma\u00e7\u00e3o acad\u00eamico-profissional do(a) estudante. [&hellip;]<\/p>\n","protected":false},"author":1584,"featured_media":0,"parent":0,"menu_order":0,"comment_status":"closed","ping_status":"closed","template":"","meta":{"footnotes":""},"categories":[],"tags":[],"class_list":["post-438","page","type-page","status-publish","hentry"],"acf":[],"_links":{"self":[{"href":"https:\/\/www.ufsm.br\/cursos\/graduacao\/santa-maria\/tecnologia-em-gestao-de-turismo\/wp-json\/wp\/v2\/pages\/438","targetHints":{"allow":["GET"]}}],"collection":[{"href":"https:\/\/www.ufsm.br\/cursos\/graduacao\/santa-maria\/tecnologia-em-gestao-de-turismo\/wp-json\/wp\/v2\/pages"}],"about":[{"href":"https:\/\/www.ufsm.br\/cursos\/graduacao\/santa-maria\/tecnologia-em-gestao-de-turismo\/wp-json\/wp\/v2\/types\/page"}],"author":[{"embeddable":true,"href":"https:\/\/www.ufsm.br\/cursos\/graduacao\/santa-maria\/tecnologia-em-gestao-de-turismo\/wp-json\/wp\/v2\/users\/1584"}],"replies":[{"embeddable":true,"href":"https:\/\/www.ufsm.br\/cursos\/graduacao\/santa-maria\/tecnologia-em-gestao-de-turismo\/wp-json\/wp\/v2\/comments?post=438"}],"version-history":[{"count":0,"href":"https:\/\/www.ufsm.br\/cursos\/graduacao\/santa-maria\/tecnologia-em-gestao-de-turismo\/wp-json\/wp\/v2\/pages\/438\/revisions"}],"wp:attachment":[{"href":"https:\/\/www.ufsm.br\/cursos\/graduacao\/santa-maria\/tecnologia-em-gestao-de-turismo\/wp-json\/wp\/v2\/media?parent=438"}],"wp:term":[{"taxonomy":"category","embeddable":true,"href":"https:\/\/www.ufsm.br\/cursos\/graduacao\/santa-maria\/tecnologia-em-gestao-de-turismo\/wp-json\/wp\/v2\/categories?post=438"},{"taxonomy":"post_tag","embeddable":true,"href":"https:\/\/www.ufsm.br\/cursos\/graduacao\/santa-maria\/tecnologia-em-gestao-de-turismo\/wp-json\/wp\/v2\/tags?post=438"}],"curies":[{"name":"wp","href":"https:\/\/api.w.org\/{rel}","templated":true}]}}