{"id":446,"date":"2022-11-08T16:43:19","date_gmt":"2022-11-08T19:43:19","guid":{"rendered":"https:\/\/www.ufsm.br\/cursos\/graduacao\/santa-maria\/tecnologia-em-gestao-de-turismo\/?page_id=446"},"modified":"2023-10-18T18:16:35","modified_gmt":"2023-10-18T21:16:35","slug":"recuperacao-de-avaliacao-prova-atrasada","status":"publish","type":"page","link":"https:\/\/www.ufsm.br\/cursos\/graduacao\/santa-maria\/tecnologia-em-gestao-de-turismo\/recuperacao-de-avaliacao-prova-atrasada","title":{"rendered":"Recupera\u00e7\u00e3o de Avalia\u00e7\u00e3o (prova atrasada)"},"content":{"rendered":"\n<p>Conforme o Guia Acad\u00eamico (vers\u00e3o 2019; 6.7.8) os alunos que, por motivos devidamente justificados e listados abaixo, n\u00e3o comparecerem \u00e0s atividades acad\u00eamicas sujeitas \u00e0 avalia\u00e7\u00e3o, poder\u00e3o requerer,&nbsp;<strong>no prazo m\u00e1ximo de 2 dias \u00fateis desde a data da avalia\u00e7\u00e3o<\/strong>, a oportunidade de realiz\u00e1-la em outra data, a crit\u00e9rio do departamento did\u00e1tico competente.<\/p>\n\n\n\n<p>S\u00e3o considerados motivos devidamente justificados:&nbsp;<\/p>\n\n\n\n<p>\u2013 Doen\u00e7a que impossibilite o aluno de realizar a avalia\u00e7\u00e3o, devidamente comprovada por&nbsp;<strong>atestado m\u00e9dico<\/strong>&nbsp;com<strong>&nbsp;CID<\/strong>,&nbsp;<strong>assinatura<\/strong>,&nbsp;<strong>CRM<\/strong>&nbsp;e&nbsp;<strong>data<\/strong>;&nbsp;<\/p>\n\n\n\n<p>\u2013 Acompanhamento de familiar de primeiro grau (pais ou filhos) para tratamento de sa\u00fade, devidamente comprovado por atestado m\u00e9dico com CID, assinatura, CRM e data;&nbsp;<\/p>\n\n\n\n<p>\u2013 \u00d3bito de familiar de primeiro grau (pais ou filhos);&nbsp;<\/p>\n\n\n\n<p>\u2013 Participa\u00e7\u00e3o em eventos acad\u00eamicos com apresenta\u00e7\u00e3o de trabalho, desde que avisado com anteced\u00eancia m\u00ednima de 48 horas ao departamento did\u00e1tico do professor da disciplina e comprovada por certificado ou atestado de participa\u00e7\u00e3o.<\/p>\n\n\n\n<p>Esta solicita\u00e7\u00e3o dever\u00e1 ser realizada pelo\u00a0<strong>PEN-SIE<\/strong>.<\/p>\n\n\n\n<p>Tipo documental: Processo de recupera\u00e7\u00e3o de avalia\u00e7\u00e3o de aluno de gradua\u00e7\u00e3o (125.31)<\/p>\n\n\n\n<p>Link para abertura do processo:&nbsp;<a href=\"https:\/\/portal.ufsm.br\/documentos\" target=\"_blank\" rel=\"noreferrer noopener\">https:\/\/portal.ufsm.br\/documentos<\/a><\/p>\n\n\n\n<p>Preencha o&nbsp;<a href=\"https:\/\/www.ufsm.br\/app\/uploads\/sites\/473\/2022\/11\/Requerimento-Recuperacao-de-Avaliacao-1.docx\">Requerimento \u2013 Recupera\u00e7\u00e3o de Avalia\u00e7\u00e3o<\/a>, salve em PDF e adicione no processo, juntamente com o Atestado.<\/p>\n\n\n\n<p><a href=\"https:\/\/www.ufsm.br\/app\/uploads\/sites\/473\/2022\/11\/Tutorial-Processo-de-Solicitacao-de-Recuperacao-de-Avaliacao.pdf\">Tutorial \u2013 Processo de Solicita\u00e7\u00e3o de Recupera\u00e7\u00e3o de Avalia\u00e7\u00e3o<\/a>.<\/p>\n","protected":false},"excerpt":{"rendered":"<p>Conforme o Guia Acad\u00eamico (vers\u00e3o 2019; 6.7.8) os alunos que, por motivos devidamente justificados e listados abaixo, n\u00e3o comparecerem \u00e0s atividades acad\u00eamicas sujeitas \u00e0 avalia\u00e7\u00e3o, poder\u00e3o requerer,&nbsp;no prazo m\u00e1ximo de 2 dias \u00fateis desde a data da avalia\u00e7\u00e3o, a oportunidade de realiz\u00e1-la em outra data, a crit\u00e9rio do departamento did\u00e1tico competente. S\u00e3o considerados motivos devidamente [&hellip;]<\/p>\n","protected":false},"author":707,"featured_media":0,"parent":0,"menu_order":0,"comment_status":"closed","ping_status":"closed","template":"","meta":{"footnotes":""},"categories":[],"tags":[],"class_list":["post-446","page","type-page","status-publish","hentry"],"acf":[],"_links":{"self":[{"href":"https:\/\/www.ufsm.br\/cursos\/graduacao\/santa-maria\/tecnologia-em-gestao-de-turismo\/wp-json\/wp\/v2\/pages\/446","targetHints":{"allow":["GET"]}}],"collection":[{"href":"https:\/\/www.ufsm.br\/cursos\/graduacao\/santa-maria\/tecnologia-em-gestao-de-turismo\/wp-json\/wp\/v2\/pages"}],"about":[{"href":"https:\/\/www.ufsm.br\/cursos\/graduacao\/santa-maria\/tecnologia-em-gestao-de-turismo\/wp-json\/wp\/v2\/types\/page"}],"author":[{"embeddable":true,"href":"https:\/\/www.ufsm.br\/cursos\/graduacao\/santa-maria\/tecnologia-em-gestao-de-turismo\/wp-json\/wp\/v2\/users\/707"}],"replies":[{"embeddable":true,"href":"https:\/\/www.ufsm.br\/cursos\/graduacao\/santa-maria\/tecnologia-em-gestao-de-turismo\/wp-json\/wp\/v2\/comments?post=446"}],"version-history":[{"count":0,"href":"https:\/\/www.ufsm.br\/cursos\/graduacao\/santa-maria\/tecnologia-em-gestao-de-turismo\/wp-json\/wp\/v2\/pages\/446\/revisions"}],"wp:attachment":[{"href":"https:\/\/www.ufsm.br\/cursos\/graduacao\/santa-maria\/tecnologia-em-gestao-de-turismo\/wp-json\/wp\/v2\/media?parent=446"}],"wp:term":[{"taxonomy":"category","embeddable":true,"href":"https:\/\/www.ufsm.br\/cursos\/graduacao\/santa-maria\/tecnologia-em-gestao-de-turismo\/wp-json\/wp\/v2\/categories?post=446"},{"taxonomy":"post_tag","embeddable":true,"href":"https:\/\/www.ufsm.br\/cursos\/graduacao\/santa-maria\/tecnologia-em-gestao-de-turismo\/wp-json\/wp\/v2\/tags?post=446"}],"curies":[{"name":"wp","href":"https:\/\/api.w.org\/{rel}","templated":true}]}}