{"id":260,"date":"2018-12-05T16:15:15","date_gmt":"2018-12-05T18:15:15","guid":{"rendered":"https:\/\/www.ufsm.br\/cursos\/graduacao\/santa-maria\/tecnologia-em-redes-de-computadores\/?page_id=260"},"modified":"2018-12-05T16:15:16","modified_gmt":"2018-12-05T18:15:16","slug":"projeto-de-pesquisa","status":"publish","type":"page","link":"https:\/\/www.ufsm.br\/cursos\/graduacao\/santa-maria\/tecnologia-em-redes-de-computadores\/projeto-de-pesquisa","title":{"rendered":"Projeto de Pesquisa"},"content":{"rendered":"<p><strong>Grupo GSEC &#8211; N\u00facleo de Computa\u00e7\u00e3o e Redes<\/strong><\/p>\n<p><strong>Prof. Tiago Antonio Rizzetti<\/strong><\/p>\n<p>Alunos de Inicia\u00e7\u00e3o Cientif\u00edca:<\/p>\n<ul>\n<li>Bruno Alves;<\/li>\n<li>Douglas Londero Righi;<\/li>\n<li>Larissa Souto Del Rio;<\/li>\n<li>Ot\u00e1vio Prestes Bragagnollo;<\/li>\n<li>Yagor Santos Duarte;<\/li>\n<\/ul>\n<p><strong>Projetos:\u00a0<\/strong><\/p>\n<ul>\n<li><strong>U<\/strong><strong>ma arquitetura para controle centralizado de acesso\u00a0<\/strong><strong>e rastreamento de usu\u00e1rios<\/strong><\/li>\n<\/ul>\n<p>O projeto visa implementar um sistema de controle de acesso que permita obter informa\u00e7\u00f5es a cerca dos espa\u00e7os e seus usu\u00e1rios de forma automatizada. Para isso, prop\u00f5e um middleware modulariz\u00e1vel capaz de tratar eventos obtidos por sensores do ambiente, podendo modific\u00e1-lo atrav\u00e9s de atuadores. Uma das aplica\u00e7\u00f5es pr\u00e1ticas do middleware desenvolvido \u00e9 o controle de acessos a espa\u00e7os f\u00edsicos atrav\u00e9s de cart\u00f5es RFID implantado no CTISM.<\/p>\n<p>&nbsp;<\/p>\n<ul>\n<li><strong>I<\/strong><strong>mplementa\u00e7\u00e3o de um middleware para prover seguran\u00e7a de comunica\u00e7\u00e3o\u00a0<\/strong><strong>no ambiente de\u00a0redes inteligentes<\/strong><\/li>\n<\/ul>\n<p>Prover m\u00e9todos seguros para comunica\u00e7\u00e3o entre dispositivos e operadores que atuam na infraestrutura do sistema de el\u00e9trico de\u00a0 pot\u00eancia \u00e9 imprencind\u00edvel para a implemtna\u00e7\u00e3o do conceito de Smart Grids. A criticidade deste tipo de sistema torna a seguran\u00e7a dos dados e, das comunica\u00e7\u00f5es, essenciais para tais aplica\u00e7\u00f5es, uma vez que qualquer vulnerabilidade explorada no sistema tem o potencial de causar grandes preju\u00edzos ao servi\u00e7o de fornecimento de energia el\u00e9trica, como interrup\u00e7\u00f5es, perdas financeiras, entre outros. Desta forma, este projeto tem por objetivo implementar uma solu\u00e7\u00e3o de seguran\u00e7a para comunica\u00e7\u00e3o em uma rede inteligente, de forma que crit\u00e9rios como autenticidade, confidencialidade e integridade das informa\u00e7\u00f5es sejam garantidos a todas as comunica\u00e7\u00f5es presentes neste ambiente.<\/p>\n<ul>\n<li><strong>Reestrutura\u00e7\u00e3o dos servi\u00e7os de infraestrutura da rede l\u00f3gica do CTISM<\/strong><\/li>\n<\/ul>\n<p>Os servi\u00e7os de infraestrutura l\u00f3gica de rede e servi\u00e7os computacionais de uma institui\u00e7\u00e3o demandam constante atualiza\u00e7\u00e3o e, incorpora\u00e7\u00e3o de novos m\u00e9todos e tecnologias para proporcionar uma melhor experi\u00eancia de uso. O objetivo deste projeto \u00e9 efetuar um planejamento e implementa\u00e7\u00e3o adequada da infraestrutura de rede e servi\u00e7os computacionais providos no \u00e2mbito do CTISM, valendo-se do conhecimento de profissionais da \u00e1rea, professores e alunos, especialmente do curso de tecnologia em redes de computadores. O escopo do projeto \u00e9 abrangente, englobando diversos aspectos dentre eles: balanceamento de carga no sistema de virtualiza\u00e7\u00e3o VMS, desenvolvido nesta institui\u00e7\u00e3o, bem como planejamento para implanta\u00e7\u00e3o de rede IPv6.<\/p>\n<p>&nbsp;<\/p>\n<p><strong>Prof. Murilo Cervi<\/strong><\/p>\n<p>Alunos de Inicia\u00e7\u00e3o Cientif\u00edca:<\/p>\n<ul>\n<li>Jonathan Ortiz Preuss<\/li>\n<li>Rodrigo Revelante<\/li>\n<\/ul>\n<p><strong>Projeto:<\/strong><\/p>\n<ul>\n<li><strong>Monitoria, Manuten\u00e7\u00e3o e Controle de Laborat\u00f3rios de Ensino, no Pr\u00e9dio de Laborat\u00f3rios do CTISM<\/strong><\/li>\n<\/ul>\n<p>Este projeto visa aumentar a disponibilidade dos recursos existentes no\u00a0<em>pr\u00e9dio de laborat\u00f3rios do CTISM<\/em>\u00a0aos alunos, proporcionando acesso aos laborat\u00f3rios de ensino em per\u00edodos extraclasse com acompanhamento de um monitor devidamente habilitado. Al\u00e9m disso, a presen\u00e7a de um\u00a0<em>auxiliar de laborat\u00f3rio<\/em>\u00a0tem objetivo de otimizar o uso desses recursos nas aulas pr\u00e1ticas, atrav\u00e9s de aux\u00edlio ao professor e monitoria aos alunos, durante as atividades pr\u00e1ticas.<\/p>\n","protected":false},"excerpt":{"rendered":"<p>Grupo GSEC &#8211; N\u00facleo de Computa\u00e7\u00e3o e Redes Prof. Tiago Antonio Rizzetti Alunos de Inicia\u00e7\u00e3o Cientif\u00edca: Bruno Alves; Douglas Londero Righi; Larissa Souto Del Rio; Ot\u00e1vio Prestes Bragagnollo; Yagor Santos Duarte; Projetos:\u00a0 Uma arquitetura para controle centralizado de acesso\u00a0e rastreamento de usu\u00e1rios O projeto visa implementar um sistema de controle de acesso que permita obter [&hellip;]<\/p>\n","protected":false},"author":115,"featured_media":0,"parent":0,"menu_order":0,"comment_status":"closed","ping_status":"closed","template":"","meta":{"footnotes":""},"categories":[],"tags":[],"class_list":["post-260","page","type-page","status-publish","hentry"],"acf":[],"_links":{"self":[{"href":"https:\/\/www.ufsm.br\/cursos\/graduacao\/santa-maria\/tecnologia-em-redes-de-computadores\/wp-json\/wp\/v2\/pages\/260","targetHints":{"allow":["GET"]}}],"collection":[{"href":"https:\/\/www.ufsm.br\/cursos\/graduacao\/santa-maria\/tecnologia-em-redes-de-computadores\/wp-json\/wp\/v2\/pages"}],"about":[{"href":"https:\/\/www.ufsm.br\/cursos\/graduacao\/santa-maria\/tecnologia-em-redes-de-computadores\/wp-json\/wp\/v2\/types\/page"}],"author":[{"embeddable":true,"href":"https:\/\/www.ufsm.br\/cursos\/graduacao\/santa-maria\/tecnologia-em-redes-de-computadores\/wp-json\/wp\/v2\/users\/115"}],"replies":[{"embeddable":true,"href":"https:\/\/www.ufsm.br\/cursos\/graduacao\/santa-maria\/tecnologia-em-redes-de-computadores\/wp-json\/wp\/v2\/comments?post=260"}],"version-history":[{"count":0,"href":"https:\/\/www.ufsm.br\/cursos\/graduacao\/santa-maria\/tecnologia-em-redes-de-computadores\/wp-json\/wp\/v2\/pages\/260\/revisions"}],"wp:attachment":[{"href":"https:\/\/www.ufsm.br\/cursos\/graduacao\/santa-maria\/tecnologia-em-redes-de-computadores\/wp-json\/wp\/v2\/media?parent=260"}],"wp:term":[{"taxonomy":"category","embeddable":true,"href":"https:\/\/www.ufsm.br\/cursos\/graduacao\/santa-maria\/tecnologia-em-redes-de-computadores\/wp-json\/wp\/v2\/categories?post=260"},{"taxonomy":"post_tag","embeddable":true,"href":"https:\/\/www.ufsm.br\/cursos\/graduacao\/santa-maria\/tecnologia-em-redes-de-computadores\/wp-json\/wp\/v2\/tags?post=260"}],"curies":[{"name":"wp","href":"https:\/\/api.w.org\/{rel}","templated":true}]}}