{"id":155,"date":"2018-11-30T10:12:17","date_gmt":"2018-11-30T12:12:17","guid":{"rendered":"https:\/\/www.ufsm.br\/cursos\/graduacao\/santa-maria\/terapia-ocupacional\/?page_id=155"},"modified":"2025-10-31T15:38:03","modified_gmt":"2025-10-31T18:38:03","slug":"tcc","status":"publish","type":"page","link":"https:\/\/www.ufsm.br\/cursos\/graduacao\/santa-maria\/terapia-ocupacional\/tcc","title":{"rendered":"TCC"},"content":{"rendered":"\n<p><strong>HOMOLOGA\u00c7\u00c3O DE ATA DE DEFESA DE TCC<\/strong><\/p>\n\n\n\n<ol class=\"wp-block-list\">\n<li>O(a) <strong>professor(a) orientador(a)<\/strong> abre novo processo no Portal de Documentos da UFSM: <a href=\"https:\/\/portal.ufsm.br\/documentos\/mainMenu.html\">https:\/\/portal.ufsm.br\/documentos\/mainMenu.html<\/a>.<br>1.1. Ap\u00f3s efetuar Login, clicar em \u201cNovo\u201d &#8211; \u201cProcesso\u201d;<br>1.2. Em \u201cTipo documental\u201d, buscar por: <strong>\u201cHomologa\u00e7\u00e3o de ata de defesa de TCC e est\u00e1gio de gradua\u00e7\u00e3o (125.322)\u201d<\/strong>;<br>1.3. Preencher os campos obrigat\u00f3rios, incluindo como \u201cInteressado(s)\u201d o Curso de Terapia Ocupacional,  o(a) discente e os membros da banca (opcional);<br>1.4. Na pr\u00f3xima etapa, anexar os documentos de acordo com o subtipo documental do PEN:<br>&#8211; Ata de defesa de TCC (em PDF):  Ata de defesa de trabalho de conclus\u00e3o de curso (TCC)(125.322)<br>&#8211; Formul\u00e1rios de avalia\u00e7\u00e3o: Ficha de avalia\u00e7\u00e3o de trabalho de conclus\u00e3o de curso (TCC)(125.322)<br>&#8211; Autoriza\u00e7\u00e3o para publica\u00e7\u00e3o no Reposit\u00f3rio Digital da UFSM: Autoriza\u00e7\u00e3o para disponibiliza\u00e7\u00e3o on-line de TCC (125.32), dispon\u00edvel em: <a href=\"https:\/\/www.ufsm.br\/orgaos-suplementares\/biblioteca\/autorizacoes\">https:\/\/www.ufsm.br\/orgaos-suplementares\/biblioteca\/autorizacoes<\/a><\/li>\n\n\n\n<li><strong>O(a) professor(a) orientador(a<\/strong>) assina todos os documentos anexados acima, e tramita o processo para o(a) Avaliador(a) 1.<\/li>\n\n\n\n<li>O(a) Avaliador(a) 1 assina a ata e tramita o processo para o(a) Avaliador(a) 2.<\/li>\n\n\n\n<li>O(a) Avaliador(a) 2 assina a ata e tramita o processo <strong>ao discente<\/strong>.<\/li>\n\n\n\n<li>O(a) discente deve: Tramitar o processo para a Unidade: SECRETARIA INTEGRADA DE CURSOS DE GRADUA\u00c7\u00c3O II DO CCS &#8211; 04.06.02.00.0.0 (Unidade administrativa).<\/li>\n\n\n\n<li>A Secretaria Integrada de Cursos: Emite os atestados de participa\u00e7\u00e3o em banca de gradua\u00e7\u00e3o, anexando-os a este processo como <strong>Atestado de participa\u00e7\u00e3o em banca de gradua\u00e7\u00e3o (125.322)<\/strong>. <\/li>\n\n\n\n<li>Envia o processo ao discente para ele anexar a <strong>vers\u00e3o final do TCC<\/strong>.<\/li>\n\n\n\n<li>O(a) discente deve: Anexar a vers\u00e3o final do TCC, assinar a vers\u00e3o final do TCC, pelo PEN, tramitar para o professor orientador tamb\u00e9m assinar pelo PEN.<\/li>\n\n\n\n<li>O(a) professor(a) orientador(a) envia o processo para a Unidade: SECRETARIA INTEGRADA DE CURSOS DE GRADUA\u00c7\u00c3O II DO CCS &#8211; 04.06.02.00.0.0 (Unidade administrativa). No despacho basta colocar: \u201cPara o lan\u00e7amento do trabalho no reposit\u00f3rio digital da UFSM e arquivar o processo.\u201d.<\/li>\n<\/ol>\n\n\n","protected":false},"excerpt":{"rendered":"<p>HOMOLOGA\u00c7\u00c3O DE ATA DE DEFESA DE TCC<\/p>\n","protected":false},"author":201,"featured_media":0,"parent":0,"menu_order":0,"comment_status":"closed","ping_status":"closed","template":"","meta":{"footnotes":""},"categories":[],"tags":[],"class_list":["post-155","page","type-page","status-publish","hentry"],"acf":[],"_links":{"self":[{"href":"https:\/\/www.ufsm.br\/cursos\/graduacao\/santa-maria\/terapia-ocupacional\/wp-json\/wp\/v2\/pages\/155","targetHints":{"allow":["GET"]}}],"collection":[{"href":"https:\/\/www.ufsm.br\/cursos\/graduacao\/santa-maria\/terapia-ocupacional\/wp-json\/wp\/v2\/pages"}],"about":[{"href":"https:\/\/www.ufsm.br\/cursos\/graduacao\/santa-maria\/terapia-ocupacional\/wp-json\/wp\/v2\/types\/page"}],"author":[{"embeddable":true,"href":"https:\/\/www.ufsm.br\/cursos\/graduacao\/santa-maria\/terapia-ocupacional\/wp-json\/wp\/v2\/users\/201"}],"replies":[{"embeddable":true,"href":"https:\/\/www.ufsm.br\/cursos\/graduacao\/santa-maria\/terapia-ocupacional\/wp-json\/wp\/v2\/comments?post=155"}],"version-history":[{"count":0,"href":"https:\/\/www.ufsm.br\/cursos\/graduacao\/santa-maria\/terapia-ocupacional\/wp-json\/wp\/v2\/pages\/155\/revisions"}],"wp:attachment":[{"href":"https:\/\/www.ufsm.br\/cursos\/graduacao\/santa-maria\/terapia-ocupacional\/wp-json\/wp\/v2\/media?parent=155"}],"wp:term":[{"taxonomy":"category","embeddable":true,"href":"https:\/\/www.ufsm.br\/cursos\/graduacao\/santa-maria\/terapia-ocupacional\/wp-json\/wp\/v2\/categories?post=155"},{"taxonomy":"post_tag","embeddable":true,"href":"https:\/\/www.ufsm.br\/cursos\/graduacao\/santa-maria\/terapia-ocupacional\/wp-json\/wp\/v2\/tags?post=155"}],"curies":[{"name":"wp","href":"https:\/\/api.w.org\/{rel}","templated":true}]}}