{"id":166,"date":"2018-11-30T10:19:06","date_gmt":"2018-11-30T12:19:06","guid":{"rendered":"https:\/\/www.ufsm.br\/cursos\/graduacao\/santa-maria\/terapia-ocupacional\/?page_id=166"},"modified":"2026-03-25T16:59:35","modified_gmt":"2026-03-25T19:59:35","slug":"contato-2","status":"publish","type":"page","link":"https:\/\/www.ufsm.br\/cursos\/graduacao\/santa-maria\/terapia-ocupacional\/contato-2","title":{"rendered":"Contato"},"content":{"rendered":"\n<p><span style=\"font-weight: 400\">A <strong>Gradua\u00e7\u00e3o em Terapia Ocupacional<\/strong> localiza-se no Pr\u00e9dio 26 D, t\u00e9rreo, na UFSM &#8211; Campus sede.\u00a0<\/span><\/p>\n<p><span style=\"font-weight: 400\">Verifique abaixo os canais de contato:<br \/><\/span><\/p>\n\n\n\n<div class=\"wp-block-group\"><div class=\"wp-block-group__inner-container is-layout-constrained wp-block-group-is-layout-constrained\">\n<div class=\"wp-block-columns is-layout-flex wp-container-core-columns-is-layout-9d6595d7 wp-block-columns-is-layout-flex\">\n<div class=\"wp-block-column is-layout-flow wp-block-column-is-layout-flow\" style=\"flex-basis:100%\">\n<figure class=\"wp-block-table aligncenter is-style-stripes\">\n<table class=\"has-fixed-layout aligncenter\" style=\"width: 89.309%;height: 549px\" cellspacing=\"0,5\">\n<tbody>\n<tr>\n<td class=\"has-text-align-left\" style=\"width: 44.301%;vertical-align: middle\" data-align=\"left\">\n<p><strong>UNIDADE<\/strong><\/p>\n<\/td>\n<td style=\"width: 24.5591%\">\n<p><strong>TELEFONE<\/strong><\/p>\n<\/td>\n<td style=\"width: 55.4162%\">\n<p><strong>ENDERE\u00c7O ELETR\u00d4NICO<\/strong><\/p>\n<\/td>\n<\/tr>\n<tr>\n<td class=\"has-text-align-left\" style=\"width: 44.301%\" data-align=\"left\">\n<p><span style=\"font-weight: 400\">Departamento do Curso de Terapia Ocupacional\u00a0<\/span><\/p>\n<\/td>\n<td style=\"width: 24.5591%\">\n<p><span style=\"font-weight: 400\">(55) 3220-7901<\/span><\/p>\n<\/td>\n<td style=\"width: 55.4162%\">\n<p style=\"text-align: left\"><span style=\"font-weight: 400\">\u00a0depto.terapiaocupacional@ufsm.br<\/span><\/p>\n<\/td>\n<\/tr>\n<tr>\n<td class=\"has-text-align-left\" style=\"width: 44.301%\" data-align=\"left\">\n<p><span style=\"font-weight: 400\">Coordena\u00e7\u00e3o do Curso de Terapia Ocupacional<\/span><\/p>\n<\/td>\n<td style=\"width: 24.5591%\">\n<p><span style=\"font-weight: 400\">(55) 3220-9584<\/span><\/p>\n<\/td>\n<td style=\"width: 55.4162%\">\n<p><span style=\"font-weight: 400\">terapiaocupacional@ufsm.br<\/span><\/p>\n<\/td>\n<\/tr>\n<tr>\n<td style=\"width: 44.301%\">Comiss\u00e3o de Est\u00e1gios do Curso de Terapia Ocupacional<\/td>\n<td style=\"width: 24.5591%\">\n<p>\u00a0<\/p>\n<\/td>\n<td style=\"width: 55.4162%\">\n<p><span style=\"font-weight: 400\">estagioto@ufsm.br<br \/><\/span><\/p>\n<\/td>\n<\/tr>\n<tr>\n<td style=\"width: 44.301%\">Cl\u00ednica Escola do Curso de Terapia Ocupacional<\/td>\n<td style=\"width: 24.5591%\">\n<p><span style=\"font-weight: 400\">(55) 3220-8537<br \/><\/span><\/p>\n<\/td>\n<td style=\"width: 55.4162%\">\n<p><span style=\"font-weight: 400\">Para o agendamento de consulta<\/span><\/p>\n<\/td>\n<\/tr>\n<tr>\n<td class=\"has-text-align-left\" style=\"width: 44.301%\" data-align=\"left\">\n<p><span style=\"font-weight: 400\">Secretaria Integrada de Cursos de Gradua\u00e7\u00e3o II &#8211; CCS<\/span><\/p>\n<\/td>\n<td style=\"width: 24.5591%\">\n<p><span style=\"font-weight: 400\">(55) 3220-9272 <\/span><span style=\"font-weight: 400\">(WhatsApp)<\/span><\/p>\n<\/td>\n<td style=\"width: 55.4162%\">sec.graduacaoccs2@ufsm.br<\/td>\n<\/tr>\n<\/tbody>\n<\/table>\n<\/figure>\n<\/div>\n<\/div>\n<\/div><\/div>\n\n\n\n<p class=\"has-text-align-center\">&nbsp;<\/p>\n\n\n\n\n\n\n\n\n","protected":false},"excerpt":{"rendered":"<p>A Gradua\u00e7\u00e3o em Terapia Ocupacional localiza-se no Pr\u00e9dio 26 D, t\u00e9rreo, na UFSM &#8211; Campus sede.\u00a0 Verifique abaixo os canais de contato: UNIDADE TELEFONE ENDERE\u00c7O ELETR\u00d4NICO Departamento do Curso de Terapia Ocupacional\u00a0 (55) 3220-7901 \u00a0depto.terapiaocupacional@ufsm.br Coordena\u00e7\u00e3o do Curso de Terapia Ocupacional (55) 3220-9584 terapiaocupacional@ufsm.br Comiss\u00e3o de Est\u00e1gios do Curso de Terapia Ocupacional \u00a0 estagioto@ufsm.br Cl\u00ednica [&hellip;]<\/p>\n","protected":false},"author":201,"featured_media":0,"parent":0,"menu_order":0,"comment_status":"closed","ping_status":"closed","template":"","meta":{"footnotes":""},"categories":[],"tags":[],"class_list":["post-166","page","type-page","status-publish","hentry"],"acf":[],"_links":{"self":[{"href":"https:\/\/www.ufsm.br\/cursos\/graduacao\/santa-maria\/terapia-ocupacional\/wp-json\/wp\/v2\/pages\/166","targetHints":{"allow":["GET"]}}],"collection":[{"href":"https:\/\/www.ufsm.br\/cursos\/graduacao\/santa-maria\/terapia-ocupacional\/wp-json\/wp\/v2\/pages"}],"about":[{"href":"https:\/\/www.ufsm.br\/cursos\/graduacao\/santa-maria\/terapia-ocupacional\/wp-json\/wp\/v2\/types\/page"}],"author":[{"embeddable":true,"href":"https:\/\/www.ufsm.br\/cursos\/graduacao\/santa-maria\/terapia-ocupacional\/wp-json\/wp\/v2\/users\/201"}],"replies":[{"embeddable":true,"href":"https:\/\/www.ufsm.br\/cursos\/graduacao\/santa-maria\/terapia-ocupacional\/wp-json\/wp\/v2\/comments?post=166"}],"version-history":[{"count":0,"href":"https:\/\/www.ufsm.br\/cursos\/graduacao\/santa-maria\/terapia-ocupacional\/wp-json\/wp\/v2\/pages\/166\/revisions"}],"wp:attachment":[{"href":"https:\/\/www.ufsm.br\/cursos\/graduacao\/santa-maria\/terapia-ocupacional\/wp-json\/wp\/v2\/media?parent=166"}],"wp:term":[{"taxonomy":"category","embeddable":true,"href":"https:\/\/www.ufsm.br\/cursos\/graduacao\/santa-maria\/terapia-ocupacional\/wp-json\/wp\/v2\/categories?post=166"},{"taxonomy":"post_tag","embeddable":true,"href":"https:\/\/www.ufsm.br\/cursos\/graduacao\/santa-maria\/terapia-ocupacional\/wp-json\/wp\/v2\/tags?post=166"}],"curies":[{"name":"wp","href":"https:\/\/api.w.org\/{rel}","templated":true}]}}