{"id":194,"date":"2018-12-20T09:06:55","date_gmt":"2018-12-20T11:06:55","guid":{"rendered":"https:\/\/www.ufsm.br\/cursos\/graduacao\/santa-maria\/terapia-ocupacional\/?page_id=194"},"modified":"2024-10-24T10:48:42","modified_gmt":"2024-10-24T13:48:42","slug":"diretorio-academico","status":"publish","type":"page","link":"https:\/\/www.ufsm.br\/cursos\/graduacao\/santa-maria\/terapia-ocupacional\/diretorio-academico","title":{"rendered":"Diret\u00f3rio Acad\u00eamico"},"content":{"rendered":"\n<div class=\"item-page\">\n<div style=\"text-align: justify\">O Diret\u00f3rio Acad\u00eamico da Terapia Ocupacional (DATO) \u00e9 uma entidade que representa todos os estudantes do curso de Terapia Ocupacional da UFSM.\u00a0 Ele \u00e9 organizado e mantido pelos alunos da Terapia Ocupacional e funciona como elo entre os estudantes, a Coordena\u00e7\u00e3o do Curso e a Dire\u00e7\u00e3o do Centro de Ci\u00eancias da Sa\u00fade.\u00a0Ele encaminha e busca solu\u00e7\u00f5es para os problemas acad\u00eamicos e, acima de tudo, faz valer seus direitos, atrav\u00e9s da promo\u00e7\u00e3o de palestras, encontros estudantis, reuni\u00f5es para discuss\u00f5es internas com o DCE (Diret\u00f3rio Central dos Estudantes), com a Coordena\u00e7\u00e3o do Curso e com a Dire\u00e7\u00e3o do Centro de Ensino.<\/div>\n<div style=\"text-align: justify\"><br \/>Um Diret\u00f3rio organizado, com respaldo pol\u00edtico junto aos estudantes, professores e t\u00e9cnicas administrativas \u00e9 um importante meio de combate \u00e0s iniciativas que visam prejudicar os estudantes e que desrespeitam a democracia do curso. Em suma, um Diret\u00f3rio cr\u00edtico e participativo contribui para a melhoria da qualidade nos debates em sala de aula e, consequentemente, do curso o qual ele representa.<\/div>\n<div style=\"text-align: justify\">\u00a0<\/div>\n<div style=\"text-align: justify\">Contato:<\/div>\n<div style=\"text-align: justify\">E-mail: <a href=\"mailto:datoufsm@gmail.com\">datoufsm@gmail.com<\/a><\/div>\n<div>\u00a0<\/div>\n<div style=\"text-align: justify\">\n<div dir=\"auto\">Diret\u00f3rio Acad\u00eamico da Terapia Ocupacional &#8211; &#8220;Ressignificar, Apoiar e Acolher&#8221;, gest\u00e3o: 2023\/2024<\/div>\n<\/div>\n<div class=\"yj6qo\" style=\"text-align: justify\">\n<div dir=\"auto\"><strong>Coordena\u00e7\u00e3o Geral:<\/strong> Eduarda Domingues Kohls, Beatriz Pomini e Lecita Emanuelle Amorim<\/div>\n<div dir=\"auto\"><strong>Comunica\u00e7\u00e3o Geral:<\/strong> Thuani Minussi, Marin\u00eas dos Santos, Suzzan Klems<\/div>\n<div dir=\"auto\"><strong>Tesouraria Geral:<\/strong> L\u00e1zaro Afonso e Laureano Ferreira<\/div>\n<div dir=\"auto\"><strong>Secretaria Geral:<\/strong> Ixchel Machado e Helen da Rosa<\/div>\n<div dir=\"auto\">\u00a0<\/div>\n<div dir=\"auto\">Diret\u00f3rio Acad\u00eamico da Terapia Ocupacional &#8211; &#8220;Alveni Maria&#8221;, gest\u00e3o: 2022\/2023<\/div>\n<\/div>\n<div>\n<div dir=\"auto\">\n<div class=\"adL\" dir=\"auto\">\n<div dir=\"auto\" style=\"text-align: justify\">\n<div dir=\"auto\"><strong>Coordena\u00e7\u00e3o Geral:<\/strong> Amanda Faria, Mildred Bieger, Jordana Scherer e Karoline Chiquim<\/div>\n<div dir=\"auto\"><strong>Diretor de Comunica\u00e7\u00e3o:<\/strong> Myllena Vargas e Thalia Marques<\/div>\n<div dir=\"auto\"><strong>Tesoureiro:<\/strong> Junior Falanque, Kauane Cabral<\/div>\n<div dir=\"auto\"><strong>Secret\u00e1ria:<\/strong> Eduarda Kohls, Rafaela Gon\u00e7alves<\/div>\n<\/div>\n<\/div>\n<\/div>\n<\/div>\n<\/div>\n","protected":false},"excerpt":{"rendered":"<p>O Diret\u00f3rio Acad\u00eamico da Terapia Ocupacional (DATO) \u00e9 uma entidade que representa todos os estudantes do curso de Terapia Ocupacional da UFSM.\u00a0 Ele \u00e9 organizado e mantido pelos alunos da Terapia Ocupacional e funciona como elo entre os estudantes, a Coordena\u00e7\u00e3o do Curso e a Dire\u00e7\u00e3o do Centro de Ci\u00eancias da Sa\u00fade.\u00a0Ele encaminha e busca [&hellip;]<\/p>\n","protected":false},"author":194,"featured_media":0,"parent":0,"menu_order":0,"comment_status":"closed","ping_status":"closed","template":"","meta":{"footnotes":""},"categories":[],"tags":[],"class_list":["post-194","page","type-page","status-publish","hentry"],"acf":[],"_links":{"self":[{"href":"https:\/\/www.ufsm.br\/cursos\/graduacao\/santa-maria\/terapia-ocupacional\/wp-json\/wp\/v2\/pages\/194","targetHints":{"allow":["GET"]}}],"collection":[{"href":"https:\/\/www.ufsm.br\/cursos\/graduacao\/santa-maria\/terapia-ocupacional\/wp-json\/wp\/v2\/pages"}],"about":[{"href":"https:\/\/www.ufsm.br\/cursos\/graduacao\/santa-maria\/terapia-ocupacional\/wp-json\/wp\/v2\/types\/page"}],"author":[{"embeddable":true,"href":"https:\/\/www.ufsm.br\/cursos\/graduacao\/santa-maria\/terapia-ocupacional\/wp-json\/wp\/v2\/users\/194"}],"replies":[{"embeddable":true,"href":"https:\/\/www.ufsm.br\/cursos\/graduacao\/santa-maria\/terapia-ocupacional\/wp-json\/wp\/v2\/comments?post=194"}],"version-history":[{"count":0,"href":"https:\/\/www.ufsm.br\/cursos\/graduacao\/santa-maria\/terapia-ocupacional\/wp-json\/wp\/v2\/pages\/194\/revisions"}],"wp:attachment":[{"href":"https:\/\/www.ufsm.br\/cursos\/graduacao\/santa-maria\/terapia-ocupacional\/wp-json\/wp\/v2\/media?parent=194"}],"wp:term":[{"taxonomy":"category","embeddable":true,"href":"https:\/\/www.ufsm.br\/cursos\/graduacao\/santa-maria\/terapia-ocupacional\/wp-json\/wp\/v2\/categories?post=194"},{"taxonomy":"post_tag","embeddable":true,"href":"https:\/\/www.ufsm.br\/cursos\/graduacao\/santa-maria\/terapia-ocupacional\/wp-json\/wp\/v2\/tags?post=194"}],"curies":[{"name":"wp","href":"https:\/\/api.w.org\/{rel}","templated":true}]}}