{"id":200,"date":"2018-12-20T09:18:22","date_gmt":"2018-12-20T11:18:22","guid":{"rendered":"https:\/\/www.ufsm.br\/cursos\/graduacao\/santa-maria\/terapia-ocupacional\/?page_id=200"},"modified":"2026-02-24T09:40:37","modified_gmt":"2026-02-24T12:40:37","slug":"estagio","status":"publish","type":"page","link":"https:\/\/www.ufsm.br\/cursos\/graduacao\/santa-maria\/terapia-ocupacional\/estagio","title":{"rendered":"Est\u00e1gios"},"content":{"rendered":"\n<p><strong>O(A) ESTUDANTE que est\u00e1 cursando o <span style=\"color: #ff0000\">6\u00ba semestre<\/span> dever\u00e1 confirmar \u00e0 Coordena\u00e7\u00e3o do Curso, mediante o preenchimento e o envio do <span style=\"color: #ff0000\"><a style=\"color: #ff0000\" href=\"https:\/\/docs.google.com\/forms\/d\/e\/1FAIpQLSfYwu-mm-OzEChywzZdW4yFiRkx07KKyrq3xkWDKH5fODQ0Og\/viewform?usp=sharing&amp;ouid=100795064754602926348\">FORMUL\u00c1RIO<\/a><\/span>, se realizar\u00e1 a matr\u00edcula na disciplina de est\u00e1gio supervisionado ou n\u00e3o, no semestre subsequente (7\u00ba semestre).<\/strong><\/p>\n<p><strong>Enviar o formul\u00e1rio respondido:<\/strong><\/p>\n<p><strong>Para quem vai se MATRICULAR em est\u00e1gio no<span style=\"color: #ff0000\"> 1\u00ba semestre do ano letivo: <\/span><span style=\"color: #0000ff\">enviar o formul\u00e1rio respondido at\u00e9 no m\u00e1ximo o 15\u00ba dia do m\u00eas de<\/span><span style=\"color: #ff0000\"><span style=\"color: #0000ff\"> SETEMBRO<\/span> <span style=\"color: #000000\">(antes do ciclo de <\/span><\/span><span style=\"color: #000000\">ofertas e solicita\u00e7\u00e3o de matr\u00edculas para o primeiro semestre). Por exemplo: at\u00e9 15\u00ba dia de set\/2025<\/span><\/strong><\/p>\n<p><strong>Para quem vai se MATRICULAR em est\u00e1gio no <span style=\"color: #ff0000\">2\u00ba semestre do ano letivo:<\/span> <span style=\"color: #0000ff\">enviar o formul\u00e1rio at\u00e9 no m\u00e1ximo o 15\u00ba dia do m\u00eas de ABRIL <\/span><span style=\"color: #000000\">(antes do ciclo de ofertas e solicita\u00e7\u00e3o de matr\u00edculas para o segundo semestre). Por exemplo: at\u00e9 15\u00ba dia de abr\/2026.<\/span><\/strong><\/p>\n<p>\u00a0<\/p>\n<p><strong>ANTES de formalizar o est\u00e1gio:\u00a0<\/strong><\/p>\n<p>Certifique-se de algumas quest\u00f5es antes de formalizar o est\u00e1gio:<\/p>\n<ul>\n<li>Est\u00e1gio Obrigat\u00f3rio: j\u00e1 estou matriculado(a) na disciplina de est\u00e1gio e segui todas as orienta\u00e7\u00f5es do(a) professor(a) orientador(a)?<\/li>\n<li>Est\u00e1gio N\u00e3o Obrigat\u00f3rio: \u00b7a oportunidade pela qual eu me interesso j\u00e1 foi apresentada e autorizada pelo curso? O curso j\u00e1 designou professor(a) orientador(a)?\u00a0<\/li>\n<li>Aten\u00e7\u00e3o ao Termo de Compromisso!\u00a0Ao preencher o Termo de Compromisso de Est\u00e1gio (TCE), confira se o documento inclui as informa\u00e7\u00f5es que seguem:\u00a0<a href=\"https:\/\/www.ufsm.br\/app\/uploads\/sites\/342\/2024\/02\/Para_conferir_no_Termo_de_Compromisso_de_Estagio.pdf\" target=\"_blank\" rel=\"noopener\"><b>\u00a0Informa\u00e7\u00f5es para conferir no Termo de Compromisso de Est\u00e1gio\u00a0 \u2013 clique aqui<\/b><\/a><\/li>\n<\/ul>\n<p>\u00a0<\/p>\n<p><strong>PROCESSOS ELETR\u00d4NICOS DE EST\u00c1GIO:\u00a0<\/strong><\/p>\n<p><a href=\"https:\/\/www.ufsm.br\/orgaos-suplementares\/dag\/pen\/servicos\/cadastro-de-usuarios-externos\">* T<strong>utorial para cadastro de usu\u00e1rios externos<\/strong><\/a><\/p>\n<p>Solicite o cadastro de quem ir\u00e1 assinar em nome da Concedente\u00a0<\/p>\n<p><strong><a href=\"https:\/\/www.ufsm.br\/pro-reitorias\/prograd\/code\/estagios\/tutorial-de-processos-de-estagio-para-estudantes-de-graduacao\">* Tutoriais para assinar eletronicamente o processo eletr\u00f4nico no portal de documentos (PEN)<\/a><\/strong><\/p>\n<p>\u00a0<\/p>\n<p><strong>RELAT\u00d3RIO DE ATIVIDADES DE EST\u00c1GIO:\u00a0<\/strong><\/p>\n<p><strong>* Relat\u00f3rio de atividades de est\u00e1gio &#8211; <a href=\"https:\/\/docs.google.com\/document\/d\/1aixL6AOm5zoKhBVszncqh8cFgiORt3QPp1lXc3hmFnw\/edit?usp=sharing\">RELAT\u00d3RIO DE EST\u00c1GIO<\/a><\/strong><\/p>\n<p>\u00a0<\/p>\n<p><strong>ALTERA\u00c7\u00d5ES NOS TERMOS:\u00a0<\/strong><\/p>\n<p><strong>* Rescindir termo de compromisso de est\u00e1gio &#8211; <a href=\"https:\/\/docs.google.com\/document\/d\/1irsoIQdKXgnIreHZVTlxpM82LdUci93C6DzfjoSSkrM\/edit?usp=sharing\">TERMO DE RESCIS\u00c3O<\/a><\/strong><\/p>\n<p><strong>* <\/strong><strong>Alterar termo de compromisso de est\u00e1gio (aditamento) &#8211; <a href=\"https:\/\/docs.google.com\/document\/d\/1ea7l-duEa37HkgFcyUhtuM0uxuKsRiYFWSG-wNulwBQ\/edit?usp=sharing\">TERMO ADITIVO<\/a><\/strong><\/p>\n<ul>\n<li style=\"list-style-type: none\">\n<ul>\n<li><b>ESTAGI\u00c1RIO(A)<\/b>\u00a0<\/li>\n<\/ul>\n<\/li>\n<\/ul>\n<p>a) Desarquivar o processo de est\u00e1gio\u00a0[se for processo eletr\u00f4nico (usar o NUP)];<\/p>\n<p>b) Anexar o Termo Aditivo preenchido e assinado\u00a0[estagi\u00e1rio(a) e parte concedente];<\/p>\n<p>c) Assinar eletronicamente\u00a0[se n\u00e3o foi assinado a punho \u2013 passo b)];<\/p>\n<p>d) Tramitar para o(a) professor(a) orientador(a) para assinatura.<\/p>\n<ul>\n<li style=\"list-style-type: none\">\n<ul>\n<li><b>PROFESSOR(A) ORIENTADOR(A)<\/b><\/li>\n<\/ul>\n<\/li>\n<\/ul>\n<p>a) Assinar o Termo Aditivo;<\/p>\n<p>b) Tramitar para a Coordena\u00e7\u00e3o de Curso.\u00a0<\/p>\n<p>\u00a0<\/p>\n<p><strong>ATRIBUI\u00c7\u00d5ES DA COORDENA\u00c7\u00c3O DO CURSO\/ SECRETARIA DE CURSO:<\/strong><\/p>\n<ul>\n<li style=\"list-style-type: none\">\n<ul>\n<li><b>COORDENA\u00c7\u00c3O DE CURSO<\/b><\/li>\n<\/ul>\n<\/li>\n<\/ul>\n<p>a) Registrar as informa\u00e7\u00f5es relativas \u00e0 atividade no SIE, em conjunto com a unidade de apoio administrativo.<\/p>\n<ul>\n<li style=\"list-style-type: none\">\n<ul>\n<li><b>COORDENA\u00c7\u00c3O DE CURSO OU SECRETARIA DO CURSO\/SECRETARIA ACAD\u00caMICA\/SECRETARIA UNIFICADA<\/b><\/li>\n<\/ul>\n<\/li>\n<\/ul>\n<p>a) Fazer\u00a0<i>download\u00a0<\/i>do processo eletr\u00f4nico e guardar c\u00f3pia para consulta;<\/p>\n<p>b) No SIE, registrar as informa\u00e7\u00f5es na aplica\u00e7\u00e3o 1.1.5.18 \u2013 Registro dos Est\u00e1gios dos Alunos;\u00a0<\/p>\n<p>c) Encaminhar para Arquivamento \u2013 DAG<\/p>\n<p>\u00a0<\/p>\n<p><strong>REGULAMENTOS:<\/strong><\/p>\n<ul>\n<li><a href=\"https:\/\/www.ufsm.br\/app\/uploads\/sites\/442\/2023\/01\/NORMAS-DE-ESTAGIO-Aprovadas-em-dezembro_2022.pdf\">Normas de Est\u00e1gio do Curso de Terapia Ocupacional &#8211; 2018 &#8211; Aprovadas em Dezembro de 2022.<\/a><\/li>\n<li><a href=\"https:\/\/www.ufsm.br\/app\/uploads\/sites\/442\/2023\/06\/Normas-de-Estagio-Extraido-do-PPC-2023.pdf\">Normas de Est\u00e1gio do Curso de Terapia Ocupacional &#8211; 2023<\/a><\/li>\n<li><a href=\"https:\/\/drive.google.com\/file\/d\/1cEmZmyJhn5GXZ6W-bHT2cuy2Lw-HrSof\/view?usp=sharing\">Avalia\u00e7\u00e3o de est\u00e1gio &#8211; Habilidades e compet\u00eancias<\/a><\/li>\n<li><a href=\"https:\/\/www.coffito.gov.br\/nsite\/?p=3213\">RESOLU\u00c7\u00c3O COFFITO n\u00b0 451\/2015<\/a> \u2013 Disp\u00f5e sobre o est\u00e1gio curricular obrigat\u00f3rio em Terapia Ocupacional<\/li>\n<li><a href=\"https:\/\/www.planalto.gov.br\/ccivil_03\/_ato2007-2010\/2008\/lei\/l11788.htm#:~:text=Disp%C3%B5e%20sobre%20o%20est%C3%A1gio%20de%20estudantes%3B%20altera%20a%20reda%C3%A7%C3%A3o%20do%20art.&amp;text=82%20da%20Lei%20no,de%201996%2C%20e%20o%20art\">Lei de Est\u00e1gios<\/a><\/li>\n<li><a href=\"https:\/\/portal.ufsm.br\/documentos\/publico\/documento.html?id=13946288\">Instru\u00e7\u00e3o Normativa PROGRAD\/ UFSM N. 01\/2022<\/a><\/li>\n<li><a href=\"https:\/\/www.ufsm.br\/app\/uploads\/sites\/442\/2023\/06\/REQUERIMENTO-PARA-ESTAGIOS-EXTERNOS.docx.pdf\">Requerimento para Est\u00e1gio Externo &#8211; Documento<\/a><\/li>\n<li><a href=\"https:\/\/ntetube.nte.ufsm.br\/v\/1759941155\">Tutorial de processos de est\u00e1gio para estudantes de gradua\u00e7\u00e3o<\/a><\/li>\n<\/ul>\n<p>\u00a0<\/p>\n<p><strong>COMISS\u00c3O DE EST\u00c1GIO DO CURSO:<\/strong><\/p>\n<p><a href=\"https:\/\/portal.ufsm.br\/documentos\/publico\/documento.html?id=14335563\">Portaria 146\/2022-CCS &#8211; 11\/08\/2022 (revogada)<\/a><\/p>\n<p><a href=\"https:\/\/portal.ufsm.br\/documentos\/publico\/documento.html?idDocumento=15127712\">Portaria 143\/2024\/CCS &#8211; Designa Comiss\u00e3o dos Est\u00e1gios Supervisionados &#8211; 31\/07\/2024 <\/a><a href=\"https:\/\/portal.ufsm.br\/documentos\/publico\/documento.html?id=14335563\">(revogada)<\/a><\/p>\n<p><a href=\"https:\/\/portal.ufsm.br\/documentos\/publico\/documento.html?id=15644307\">Portaria 369\/2025\/CCS &#8211; Designa Comiss\u00e3o dos Est\u00e1gios Supervisionados &#8211; 19\/11\/2025<\/a><\/p>\n<p>E-mail: <a href=\"mailto:estagioto@ufsm.br\">estagioto@ufsm.br<\/a><\/p>\n<p>\u00a0<\/p>\n<p><strong>CODE\/ PROGRAD:\u00a0<\/strong><\/p>\n<p><strong>Setor:\u00a0<\/strong>Coordenadoria de Desenvolvimento de Ensino \u2013 CODE\/PROGRAD \u2013 N\u00facleo de Forma\u00e7\u00e3o Inicial e Continuada \u2013 NuFIC<\/p>\n<p><strong>Atendimento:\u00a0<\/strong>https:\/\/www.ufsm.br\/pro-reitorias\/prograd\/contato\/<\/p>\n<p>E-mail: <a class=\"notranslate\" href=\"mailto:code.prograd@ufsm.br\">code.prograd@ufsm.br<\/a><\/p>\n<p><strong>Telefone:\u00a0<\/strong>(55) 3220 8872<\/p>\n<p><strong>Endere\u00e7o:\u00a0<\/strong>Salas 205 e 209 \u2013 Pr\u00e9dio 48 D \u2013 2\u00ba andar \u2013 Campus Sede<\/p>\n\n\n\n\n\n\n","protected":false},"excerpt":{"rendered":"<p>O(A) ESTUDANTE que est\u00e1 cursando o 6\u00ba semestre dever\u00e1 confirmar \u00e0 Coordena\u00e7\u00e3o do Curso, mediante o preenchimento e o envio do FORMUL\u00c1RIO, se realizar\u00e1 a matr\u00edcula na disciplina de est\u00e1gio supervisionado ou n\u00e3o, no semestre subsequente (7\u00ba semestre). Enviar o formul\u00e1rio respondido: Para quem vai se MATRICULAR em est\u00e1gio no 1\u00ba semestre do ano letivo: [&hellip;]<\/p>\n","protected":false},"author":194,"featured_media":0,"parent":0,"menu_order":0,"comment_status":"closed","ping_status":"closed","template":"","meta":{"footnotes":""},"categories":[],"tags":[],"class_list":["post-200","page","type-page","status-publish","hentry"],"acf":[],"_links":{"self":[{"href":"https:\/\/www.ufsm.br\/cursos\/graduacao\/santa-maria\/terapia-ocupacional\/wp-json\/wp\/v2\/pages\/200","targetHints":{"allow":["GET"]}}],"collection":[{"href":"https:\/\/www.ufsm.br\/cursos\/graduacao\/santa-maria\/terapia-ocupacional\/wp-json\/wp\/v2\/pages"}],"about":[{"href":"https:\/\/www.ufsm.br\/cursos\/graduacao\/santa-maria\/terapia-ocupacional\/wp-json\/wp\/v2\/types\/page"}],"author":[{"embeddable":true,"href":"https:\/\/www.ufsm.br\/cursos\/graduacao\/santa-maria\/terapia-ocupacional\/wp-json\/wp\/v2\/users\/194"}],"replies":[{"embeddable":true,"href":"https:\/\/www.ufsm.br\/cursos\/graduacao\/santa-maria\/terapia-ocupacional\/wp-json\/wp\/v2\/comments?post=200"}],"version-history":[{"count":0,"href":"https:\/\/www.ufsm.br\/cursos\/graduacao\/santa-maria\/terapia-ocupacional\/wp-json\/wp\/v2\/pages\/200\/revisions"}],"wp:attachment":[{"href":"https:\/\/www.ufsm.br\/cursos\/graduacao\/santa-maria\/terapia-ocupacional\/wp-json\/wp\/v2\/media?parent=200"}],"wp:term":[{"taxonomy":"category","embeddable":true,"href":"https:\/\/www.ufsm.br\/cursos\/graduacao\/santa-maria\/terapia-ocupacional\/wp-json\/wp\/v2\/categories?post=200"},{"taxonomy":"post_tag","embeddable":true,"href":"https:\/\/www.ufsm.br\/cursos\/graduacao\/santa-maria\/terapia-ocupacional\/wp-json\/wp\/v2\/tags?post=200"}],"curies":[{"name":"wp","href":"https:\/\/api.w.org\/{rel}","templated":true}]}}