{"id":2102,"date":"2022-10-21T17:33:23","date_gmt":"2022-10-21T20:33:23","guid":{"rendered":"https:\/\/www.ufsm.br\/cursos\/graduacao\/santa-maria\/terapia-ocupacional\/?page_id=2102"},"modified":"2024-11-06T15:54:09","modified_gmt":"2024-11-06T18:54:09","slug":"calendario-para-agendamento-de-salas-da-terapia-ocupacional","status":"publish","type":"page","link":"https:\/\/www.ufsm.br\/cursos\/graduacao\/santa-maria\/terapia-ocupacional\/calendario-para-agendamento-de-salas-da-terapia-ocupacional","title":{"rendered":"Reserva de salas"},"content":{"rendered":"\t\t<div data-elementor-type=\"wp-page\" data-elementor-id=\"2102\" class=\"elementor elementor-2102\">\n\t\t\t\t\t\t<section class=\"elementor-section elementor-top-section elementor-element elementor-element-5e01cecd elementor-section-boxed elementor-section-height-default elementor-section-height-default\" data-id=\"5e01cecd\" data-element_type=\"section\">\n\t\t\t\t\t\t<div class=\"elementor-container elementor-column-gap-default\">\n\t\t\t\t\t<div class=\"elementor-column elementor-col-100 elementor-top-column elementor-element elementor-element-640ad0fc\" data-id=\"640ad0fc\" data-element_type=\"column\">\n\t\t\t<div class=\"elementor-widget-wrap elementor-element-populated\">\n\t\t\t\t\t\t<div class=\"elementor-element elementor-element-46d421a4 elementor-widget elementor-widget-text-editor\" data-id=\"46d421a4\" data-element_type=\"widget\" data-widget_type=\"text-editor.default\">\n\t\t\t\t<div class=\"elementor-widget-container\">\n\t\t\t\t\t\t\t<p><!-- wp:tadv\/classic-paragraph --><\/p>\n<p><strong><span style=\"font-size: 14pt\">SALA<\/span><span style=\"font-size: 14pt\"> 4208 &#8211; PR\u00c9DIO 26D<\/span><\/strong><\/p>\n<p>O Departamento do Curso de Terapia Ocupacional possui uma sala de aula dispon\u00edvel no Portal de Agendamentos da UFSM.<\/p>\n<p>Ao acessar o portal de agendamentos:<\/p>\n<ol>\n<li>Clicar em: &#8220;Agendar&#8221;: para localizar o espa\u00e7o;\u00a0<\/li>\n<li>Procure na lacuna por: Pr\u00e9dio: CCS &#8211; Terapia Ocupacional &#8211; Bloco 26D<\/li>\n<li>Resultados: Sala de aula 4208<\/li>\n<li>Em a\u00e7\u00f5es: no \u00edcone &#8220;visualizar&#8221;\/ Realizar Agendamento\/ os dias\/ intervalos com o sombreado em verde estar\u00e3o dispon\u00edveis para efetuar o agendamento.<\/li>\n<\/ol>\n<div>\u00a0<\/div>\n<div>\u00a0<\/div>\n<div>\n<p><span style=\"font-size: 14pt\"><strong>DEMAIS SALAS &#8211; PR\u00c9DIO 26D <\/strong><\/span><br \/><span style=\"font-size: 14pt\"><strong>SALAS 4012\/ 4014\/ 4015\/ 4016\/ 4018\/ 4020\/ 4216*<\/strong><\/span><\/p>\n<\/div>\n<p>A solicita\u00e7\u00e3o de reserva das demais salas de aula localizadas no pr\u00e9dio 26D e de utiliza\u00e7\u00e3o pelo Departamento do Curso, deve ocorrer atrav\u00e9s do envio de um <b>e-mail<\/b> para <a href=\"mailto:departamento.to@gmail.com\">departamento.to@gmail.com<\/a> ou <a href=\"mailto:depto.terapiaocupacional@ufsm.br\">depto.terapiaocupacional@ufsm.br<\/a> com as seguintes informa\u00e7\u00f5es:<\/p>\n<p>Assunto: Reserva de sala &#8211; Terapia Ocupacional &#8211; 26 D<\/p>\n<ul>\n<li>Dia:<\/li>\n<li>Hor\u00e1rio:\u00a0<\/li>\n<li>Pessoa interessada:<\/li>\n<li>Contatos (<i>e-mail<\/i> e celular):<\/li>\n<li>Motivo:<\/li>\n<\/ul>\n<div><span style=\"font-size: 14pt\">*<\/span>E<i>nviar com anteced\u00eancia, preferencialmente.<\/i><\/div>\n<div>\u00a0<\/div>\n<p><!-- \/wp:tadv\/classic-paragraph --><\/p>\n<p><!-- wp:tadv\/classic-paragraph \/--><\/p>\t\t\t\t\t\t<\/div>\n\t\t\t\t<\/div>\n\t\t\t\t\t<\/div>\n\t\t<\/div>\n\t\t\t\t\t<\/div>\n\t\t<\/section>\n\t\t\t\t<\/div>\n\t\t","protected":false},"excerpt":{"rendered":"<p>SALA 4208 &#8211; PR\u00c9DIO 26D O Departamento do Curso de Terapia Ocupacional possui uma sala de aula dispon\u00edvel no Portal de Agendamentos da UFSM. Ao acessar o portal de agendamentos: Clicar em: &#8220;Agendar&#8221;: para localizar o espa\u00e7o;\u00a0 Procure na lacuna por: Pr\u00e9dio: CCS &#8211; Terapia Ocupacional &#8211; Bloco 26D Resultados: Sala de aula 4208 Em [&hellip;]<\/p>\n","protected":false},"author":3987,"featured_media":0,"parent":0,"menu_order":0,"comment_status":"closed","ping_status":"closed","template":"","meta":{"footnotes":""},"categories":[],"tags":[],"class_list":["post-2102","page","type-page","status-publish","hentry"],"acf":[],"_links":{"self":[{"href":"https:\/\/www.ufsm.br\/cursos\/graduacao\/santa-maria\/terapia-ocupacional\/wp-json\/wp\/v2\/pages\/2102","targetHints":{"allow":["GET"]}}],"collection":[{"href":"https:\/\/www.ufsm.br\/cursos\/graduacao\/santa-maria\/terapia-ocupacional\/wp-json\/wp\/v2\/pages"}],"about":[{"href":"https:\/\/www.ufsm.br\/cursos\/graduacao\/santa-maria\/terapia-ocupacional\/wp-json\/wp\/v2\/types\/page"}],"author":[{"embeddable":true,"href":"https:\/\/www.ufsm.br\/cursos\/graduacao\/santa-maria\/terapia-ocupacional\/wp-json\/wp\/v2\/users\/3987"}],"replies":[{"embeddable":true,"href":"https:\/\/www.ufsm.br\/cursos\/graduacao\/santa-maria\/terapia-ocupacional\/wp-json\/wp\/v2\/comments?post=2102"}],"version-history":[{"count":0,"href":"https:\/\/www.ufsm.br\/cursos\/graduacao\/santa-maria\/terapia-ocupacional\/wp-json\/wp\/v2\/pages\/2102\/revisions"}],"wp:attachment":[{"href":"https:\/\/www.ufsm.br\/cursos\/graduacao\/santa-maria\/terapia-ocupacional\/wp-json\/wp\/v2\/media?parent=2102"}],"wp:term":[{"taxonomy":"category","embeddable":true,"href":"https:\/\/www.ufsm.br\/cursos\/graduacao\/santa-maria\/terapia-ocupacional\/wp-json\/wp\/v2\/categories?post=2102"},{"taxonomy":"post_tag","embeddable":true,"href":"https:\/\/www.ufsm.br\/cursos\/graduacao\/santa-maria\/terapia-ocupacional\/wp-json\/wp\/v2\/tags?post=2102"}],"curies":[{"name":"wp","href":"https:\/\/api.w.org\/{rel}","templated":true}]}}