{"id":2512,"date":"2023-06-14T11:26:50","date_gmt":"2023-06-14T14:26:50","guid":{"rendered":"https:\/\/www.ufsm.br\/cursos\/graduacao\/santa-maria\/terapia-ocupacional\/?page_id=2512"},"modified":"2026-03-25T12:22:31","modified_gmt":"2026-03-25T15:22:31","slug":"secretaria-do-curso","status":"publish","type":"page","link":"https:\/\/www.ufsm.br\/cursos\/graduacao\/santa-maria\/terapia-ocupacional\/secretaria-do-curso","title":{"rendered":"Secretaria do Curso"},"content":{"rendered":"\t\t<div data-elementor-type=\"wp-page\" data-elementor-id=\"2512\" class=\"elementor elementor-2512\">\n\t\t\t\t\t\t<section class=\"elementor-section elementor-top-section elementor-element elementor-element-67cc31e7 elementor-section-boxed elementor-section-height-default elementor-section-height-default\" data-id=\"67cc31e7\" data-element_type=\"section\">\n\t\t\t\t\t\t<div class=\"elementor-container elementor-column-gap-default\">\n\t\t\t\t\t<div class=\"elementor-column elementor-col-100 elementor-top-column elementor-element elementor-element-13e374be\" data-id=\"13e374be\" data-element_type=\"column\">\n\t\t\t<div class=\"elementor-widget-wrap elementor-element-populated\">\n\t\t\t\t\t\t<div class=\"elementor-element elementor-element-39a1f359 elementor-drop-cap-yes elementor-drop-cap-view-default elementor-widget elementor-widget-text-editor\" data-id=\"39a1f359\" data-element_type=\"widget\" data-settings=\"{&quot;drop_cap&quot;:&quot;yes&quot;}\" data-widget_type=\"text-editor.default\">\n\t\t\t\t<div class=\"elementor-widget-container\">\n\t\t\t\t\t\t\t<p style=\"text-align: justify\"><span style=\"font-size: 10pt;color: initial;font-family: verdana, geneva, sans-serif\">A Secretaria Integrada de Cursos de Gradua\u00e7\u00e3o II &#8211; CCS \u00e9 a unidade administrativa respons\u00e1vel por prestar aux\u00edlio \u00e0 coordena\u00e7\u00e3o do curso de gradua\u00e7\u00e3o e por prestar atendimento aos alunos e ao p\u00fablico externo em assuntos gerais relacionados ao curso.<\/span><\/p>\n<p style=\"text-align: justify\"><span style=\"font-family: verdana, geneva, sans-serif;font-size: 10pt\"><strong>Na Secretaria dos Cursos de Gradua\u00e7\u00e3o, voc\u00ea pode obter informa\u00e7\u00f5es sobre:<\/strong><\/span><\/p>\n<p style=\"text-align: justify\"><span style=\"font-size: 10pt;font-family: verdana, geneva, sans-serif\">a) zelar pela guarda e conserva\u00e7\u00e3o dos bens m\u00f3veis e im\u00f3veis sob a responsabilidade e administra\u00e7\u00e3o da Secretaria, neste caso, leia-se, os equipamentos e materiais que est\u00e3o na sua carga patrimonial;<\/span><br \/><span style=\"font-size: 10pt;font-family: verdana, geneva, sans-serif\">b) auxiliar no processo de sele\u00e7\u00e3o e controle de frequ\u00eancia de bolsistas com atividades na Secretaria;<\/span><br \/><span style=\"font-family: verdana, geneva, sans-serif;font-size: 10pt\">c) encaminhar todo o expediente a ser despachado pelo Coordenador;<\/span><br \/><span style=\"font-size: 10pt;font-family: verdana, geneva, sans-serif\">d) propor ao Coordenador do Curso as provid\u00eancias que julgar acertadas sobre a organiza\u00e7\u00e3o e bom andamento dos trabalhos da Secretaria;<\/span><br \/><span style=\"font-size: 10pt;font-family: verdana, geneva, sans-serif\">e) assinar, rubricar e autenticar os papeis e documentos de sua compet\u00eancia, somente solicitados pelo Coordenador em car\u00e1ter de urg\u00eancia por inviabilidade do mesmo e com a assinatura e ci\u00eancia deste ap\u00f3s a expedi\u00e7\u00e3o;<\/span><br \/><span style=\"font-size: 10pt;font-family: verdana, geneva, sans-serif\">f) auxiiiar os Coordenadores na expedi\u00e7\u00e3o de documenta\u00e7\u00e3o interna e externa da Secretaria;<\/span><br \/><span style=\"font-size: 10pt;font-family: verdana, geneva, sans-serif\">g) auxiliar no processo de elabora\u00e7\u00e3o de requerimentos, processes, peti\u00e7\u00f5es e expedientes que devam ser submetidos a despacho do Coordenador;<\/span><br \/><span style=\"font-family: verdana, geneva, sans-serif;font-size: 10pt\">h) requisitar material permanente e de consumo da Secretaria;<\/span><br \/><span style=\"font-family: verdana, geneva, sans-serif;font-size: 10pt\">i) manter arquivos administrativos de interesse do curso;<\/span><br \/><span style=\"font-size: 10pt;font-family: verdana, geneva, sans-serif\">j) emitir, ap\u00f3s aprova\u00e7\u00e3o de relat\u00f3rio pelo Departamento respons\u00e1vel, a emiss\u00e3o do certificado de monitoria n\u00e3o subsidiada;<\/span><br \/><span style=\"font-size: 10pt;font-family: verdana, geneva, sans-serif\">k) auxiiiar na gest\u00e3o e oontrole de recursos financeiros destinados a Coordena\u00e7\u00e3o;<\/span><br \/><span style=\"font-family: verdana, geneva, sans-serif;font-weight: var( --e-global-typography-text-font-weight );text-align: var(--bs-body-text-align);font-size: 10pt\">I) auxiliar nas atividades de realiza\u00e7\u00e3o de matr\u00edcula em rela\u00e7\u00e3o a Coordena\u00e7\u00e3o do curso;<\/span><br \/><span style=\"font-family: verdana, geneva, sans-serif;font-size: 10pt\">m) auxiliar no controle e zelar pelo patrim\u00f4nio lotado nas \u00e1reas do curso;<\/span><br \/><span style=\"font-size: 10pt;font-family: verdana, geneva, sans-serif\">n) providenciar a tramita\u00e7\u00e3o de conv\u00eanios com entidades que ofere\u00e7am campo\u00a0de aplica\u00e7\u00e3o as atividades do Departamento, ap\u00f3s a aprova\u00e7\u00e3o do Colegiado de Departamento, conforme Regulamento pr\u00f3prio;<\/span><br \/><span style=\"font-family: verdana, geneva, sans-serif;font-size: 10pt\">o) registrar o seguro dos alunos semestralmente;<\/span><br \/><span style=\"font-size: 10pt;font-family: verdana, geneva, sans-serif\">p) analisar e registrar as Atividades Complementares de Gradua\u00e7\u00e3o (ACG) dos alunos no sistema;<\/span><br \/><span style=\"font-size: 10pt;font-family: verdana, geneva, sans-serif\">q) receber e encaminhar documentos dos alunos para o cadastro financeiro de bolsistas de P\u00f3s-gradua\u00e7\u00e3o;<\/span><br \/><span style=\"font-family: verdana, geneva, sans-serif;font-size: 10pt\">r) organizer a elei\u00e7\u00e3o de Coordenador e Coordenador substituto do curso;<\/span><br \/><span style=\"font-family: verdana, geneva, sans-serif;font-size: 10pt\">s) Solicitar di\u00e1rias e passagens no Sistema de Concess\u00e3o de Di\u00e1rias e Passagens \u2014 SCDP, bem como fazer a presta\u00e7\u00e3o de contas das despesas originadas;<\/span><br \/><span style=\"font-size: 10pt;font-family: verdana, geneva, sans-serif\">t) auxiliar a Coordena\u00e7\u00e3o do curso em todos os encaminhamentos para viabiiizar as bancas de trabalho de conclus\u00e3o, de qualifica\u00e7\u00e3o e de defesa;\u00a0<\/span><br \/><span style=\"font-family: verdana, geneva, sans-serif;font-size: 10pt\">u) auxiliar na elabora\u00e7\u00e3o dos relat\u00f3rios da p\u00f3s-gradua\u00e7\u00e3o solicitados pela Coordena\u00e7\u00e3o de Aperfei\u00e7oamento de Pessoal de N\u00edvel Superior (CAPES).<\/span><\/p>\n<p style=\"text-align: justify\">\u00a0<\/p>\n<p style=\"text-align: justify\"><span style=\"font-family: verdana, geneva, sans-serif;font-size: 10pt\"><strong>T\u00e9cnica Administrativa em Educa\u00e7\u00e3o:<\/strong><\/span><br \/><span style=\"font-family: verdana, geneva, sans-serif;font-size: 10pt\">Daniele de Oliveira Freitas\u00a0 \u2013 Assistente em Administra\u00e7\u00e3o<\/span><\/p>\n<p style=\"text-align: justify\"><span style=\"font-family: verdana, geneva, sans-serif;font-size: 10pt\"><strong>Hor\u00e1rio de atendimento:<\/strong><\/span><br \/><span style=\"font-family: verdana, geneva, sans-serif;font-size: 10pt\">De segunda-feira a sexta-feira, das 8:00 \u00e0s 12:00 e das 13:00 \u00e0s 17:00.<\/span><br \/><span style=\"font-family: verdana, geneva, sans-serif;font-size: 10pt\">Pr\u00e9dio 26 E, Sala 229<\/span><br \/><span style=\"font-family: verdana, geneva, sans-serif;font-size: 10pt\">Fone: (55) 3220-9584\/\u00a0<\/span><span style=\"color: #000000;font-size: 16px\">(55) 3220-9272 (WhatsApp)<\/span><br \/><span style=\"font-family: verdana, geneva, sans-serif;font-size: 10pt\">E-mail: sec.graduacaoccs2@ufsm.br<\/span><\/p>\n<p><!-- \/wp:tadv\/classic-paragraph --><\/p>\t\t\t\t\t\t<\/div>\n\t\t\t\t<\/div>\n\t\t\t\t\t<\/div>\n\t\t<\/div>\n\t\t\t\t\t<\/div>\n\t\t<\/section>\n\t\t\t\t<\/div>\n\t\t","protected":false},"excerpt":{"rendered":"<p>A Secretaria Integrada de Cursos de Gradua\u00e7\u00e3o II &#8211; CCS \u00e9 a unidade administrativa respons\u00e1vel por prestar aux\u00edlio \u00e0 coordena\u00e7\u00e3o do curso de gradua\u00e7\u00e3o e por prestar atendimento aos alunos e ao p\u00fablico externo em assuntos gerais relacionados ao curso. Na Secretaria dos Cursos de Gradua\u00e7\u00e3o, voc\u00ea pode obter informa\u00e7\u00f5es sobre: a) zelar pela guarda [&hellip;]<\/p>\n","protected":false},"author":3987,"featured_media":0,"parent":0,"menu_order":0,"comment_status":"closed","ping_status":"closed","template":"","meta":{"footnotes":""},"categories":[],"tags":[],"class_list":["post-2512","page","type-page","status-publish","hentry"],"acf":[],"_links":{"self":[{"href":"https:\/\/www.ufsm.br\/cursos\/graduacao\/santa-maria\/terapia-ocupacional\/wp-json\/wp\/v2\/pages\/2512","targetHints":{"allow":["GET"]}}],"collection":[{"href":"https:\/\/www.ufsm.br\/cursos\/graduacao\/santa-maria\/terapia-ocupacional\/wp-json\/wp\/v2\/pages"}],"about":[{"href":"https:\/\/www.ufsm.br\/cursos\/graduacao\/santa-maria\/terapia-ocupacional\/wp-json\/wp\/v2\/types\/page"}],"author":[{"embeddable":true,"href":"https:\/\/www.ufsm.br\/cursos\/graduacao\/santa-maria\/terapia-ocupacional\/wp-json\/wp\/v2\/users\/3987"}],"replies":[{"embeddable":true,"href":"https:\/\/www.ufsm.br\/cursos\/graduacao\/santa-maria\/terapia-ocupacional\/wp-json\/wp\/v2\/comments?post=2512"}],"version-history":[{"count":0,"href":"https:\/\/www.ufsm.br\/cursos\/graduacao\/santa-maria\/terapia-ocupacional\/wp-json\/wp\/v2\/pages\/2512\/revisions"}],"wp:attachment":[{"href":"https:\/\/www.ufsm.br\/cursos\/graduacao\/santa-maria\/terapia-ocupacional\/wp-json\/wp\/v2\/media?parent=2512"}],"wp:term":[{"taxonomy":"category","embeddable":true,"href":"https:\/\/www.ufsm.br\/cursos\/graduacao\/santa-maria\/terapia-ocupacional\/wp-json\/wp\/v2\/categories?post=2512"},{"taxonomy":"post_tag","embeddable":true,"href":"https:\/\/www.ufsm.br\/cursos\/graduacao\/santa-maria\/terapia-ocupacional\/wp-json\/wp\/v2\/tags?post=2512"}],"curies":[{"name":"wp","href":"https:\/\/api.w.org\/{rel}","templated":true}]}}