{"id":2528,"date":"2023-06-14T13:08:08","date_gmt":"2023-06-14T16:08:08","guid":{"rendered":"https:\/\/www.ufsm.br\/cursos\/graduacao\/santa-maria\/terapia-ocupacional\/?page_id=2528"},"modified":"2025-06-05T12:35:41","modified_gmt":"2025-06-05T15:35:41","slug":"requerimento-de-recuperacao-de-atividades-avaliativas-regime-de-exercicios-domiciliares","status":"publish","type":"page","link":"https:\/\/www.ufsm.br\/cursos\/graduacao\/santa-maria\/terapia-ocupacional\/requerimento-de-recuperacao-de-atividades-avaliativas-regime-de-exercicios-domiciliares","title":{"rendered":"Recupera\u00e7\u00e3o de avalia\u00e7\u00f5es"},"content":{"rendered":"<p><\/p>\n<ul>\n<li><strong>Afastamento discente inferior a 5 dias:&nbsp;<\/strong><\/li>\n<\/ul>\n<p><\/p>\n<p><strong>RECUPERA\u00c7\u00c3O DE AVALIA\u00c7\u00d5ES<\/strong> <strong>&#8211;<\/strong> <b>Guia Acad\u00eamico UFSM (2025, <\/b><strong>P\u00e1g. 46, item 4.14)&nbsp;<\/strong><\/p>\n<p>Os(As) estudantes que, por motivos devidamente justificados, n\u00e3o comparecerem \u00e0s atividades acad\u00eamicas sujeitas \u00e0 avalia\u00e7\u00e3o poder\u00e3o requerer a oportunidade de realiz\u00e1-la em outra data, a crit\u00e9rio do departamento did\u00e1tico competente. O protocolo do requerimento deve ser pelo PEN\/ UFSM (Processo Eletr\u00f4nico Nacional).&nbsp;<\/p>\n<p><strong>Prazo de protocolo:<\/strong> no prazo m\u00e1ximo de 2 (dois) dias \u00fateis desde a data da avalia\u00e7\u00e3o<\/p>\n<p><strong>Documento obrigat\u00f3rios:<\/strong><\/p>\n<p>a) Requerimento de recupera\u00e7\u00e3o de avalia\u00e7\u00e3o&nbsp; <strong><em>(Em formato PDF)<\/em><\/strong><\/p>\n<p>b) Atestado m\u00e9dico (original ou c\u00f3pia simples) &#8211; deve conter o CID (Codifica\u00e7\u00e3o Internacional da Doen\u00e7a), o n\u00famero de dias de afastamento, identifica\u00e7\u00e3o do m\u00e9dico com CRM\/ CREMERS (assinatura e carimbo) e data de emiss\u00e3o do atestado. <strong><em>(Em formato PDF)<\/em><\/strong><\/p>\n<p><b>Protocolo no PEN:<\/b><\/p>\n<ol>\n<li>Acesse o PEN: http:\/\/portal.ufsm.br\/documentos<\/li>\n<li>Efetue login:&nbsp;n\u00famero da matr\u00edcula e a senha do portal do aluno<\/li>\n<li><b>Na aba superior a esquerda: \u201cNovo Processo\u201d, <\/b>no campo<strong> \u201cTipo documental\u201d&nbsp;<\/strong>busque por \u201cProcesso de recupera\u00e7\u00e3o de avalia\u00e7\u00e3o de aluno de gradua\u00e7\u00e3o (125.31)&#8221; e selecione a op\u00e7\u00e3o. Os outros campos desta tela ser\u00e3o preenchidos automaticamente;<\/li>\n<li>Preencha os campos solicitados com suas informa\u00e7\u00f5es pessoais.<\/li>\n<li>Anexe os documentos obrigat\u00f3rios:<\/li>\n<li>Ap\u00f3s incluir a documenta\u00e7\u00e3o no PEN, o aluno dever\u00e1 tramitar o processo para a Divis\u00e3o de Protocolo (DP)\/ ou Coordena\u00e7\u00e3o do Curso (CTO)\/ que proceder\u00e1 a an\u00e1lise da solicita\u00e7\u00e3o e&nbsp; encaminhamento.&nbsp;<\/li>\n<li>\nFeito isso, comunicar o(a) docente da disciplina para que j\u00e1 fique ciente da solicita\u00e7\u00e3o\n<\/li>\n<li>\nAcompanhar o processo fazendo login no Portal Documentos, ir na aba \u2018Meus Documentos\u2019, \u2018Interessado\u2019. Ou atrav\u00e9s do NUP (N\u00famero \u00danico de Protocolo) do processo.<\/li><\/ol>\n<p><\/p>","protected":false},"excerpt":{"rendered":"<p>Afastamento discente inferior a 5 dias:&nbsp; RECUPERA\u00c7\u00c3O DE AVALIA\u00c7\u00d5ES &#8211; Guia Acad\u00eamico UFSM (2025, P\u00e1g. 46, item 4.14)&nbsp; Os(As) estudantes que, por motivos devidamente justificados, n\u00e3o comparecerem \u00e0s atividades acad\u00eamicas sujeitas \u00e0 avalia\u00e7\u00e3o poder\u00e3o requerer a oportunidade de realiz\u00e1-la em outra data, a crit\u00e9rio do departamento did\u00e1tico competente. O protocolo do requerimento deve ser pelo [&hellip;]<\/p>\n","protected":false},"author":3987,"featured_media":0,"parent":0,"menu_order":0,"comment_status":"closed","ping_status":"closed","template":"","meta":{"footnotes":""},"categories":[],"tags":[],"class_list":["post-2528","page","type-page","status-publish","hentry"],"acf":[],"_links":{"self":[{"href":"https:\/\/www.ufsm.br\/cursos\/graduacao\/santa-maria\/terapia-ocupacional\/wp-json\/wp\/v2\/pages\/2528","targetHints":{"allow":["GET"]}}],"collection":[{"href":"https:\/\/www.ufsm.br\/cursos\/graduacao\/santa-maria\/terapia-ocupacional\/wp-json\/wp\/v2\/pages"}],"about":[{"href":"https:\/\/www.ufsm.br\/cursos\/graduacao\/santa-maria\/terapia-ocupacional\/wp-json\/wp\/v2\/types\/page"}],"author":[{"embeddable":true,"href":"https:\/\/www.ufsm.br\/cursos\/graduacao\/santa-maria\/terapia-ocupacional\/wp-json\/wp\/v2\/users\/3987"}],"replies":[{"embeddable":true,"href":"https:\/\/www.ufsm.br\/cursos\/graduacao\/santa-maria\/terapia-ocupacional\/wp-json\/wp\/v2\/comments?post=2528"}],"version-history":[{"count":0,"href":"https:\/\/www.ufsm.br\/cursos\/graduacao\/santa-maria\/terapia-ocupacional\/wp-json\/wp\/v2\/pages\/2528\/revisions"}],"wp:attachment":[{"href":"https:\/\/www.ufsm.br\/cursos\/graduacao\/santa-maria\/terapia-ocupacional\/wp-json\/wp\/v2\/media?parent=2528"}],"wp:term":[{"taxonomy":"category","embeddable":true,"href":"https:\/\/www.ufsm.br\/cursos\/graduacao\/santa-maria\/terapia-ocupacional\/wp-json\/wp\/v2\/categories?post=2528"},{"taxonomy":"post_tag","embeddable":true,"href":"https:\/\/www.ufsm.br\/cursos\/graduacao\/santa-maria\/terapia-ocupacional\/wp-json\/wp\/v2\/tags?post=2528"}],"curies":[{"name":"wp","href":"https:\/\/api.w.org\/{rel}","templated":true}]}}