{"id":2561,"date":"2023-06-20T09:46:59","date_gmt":"2023-06-20T12:46:59","guid":{"rendered":"https:\/\/www.ufsm.br\/cursos\/graduacao\/santa-maria\/terapia-ocupacional\/?page_id=2561"},"modified":"2025-05-12T16:11:15","modified_gmt":"2025-05-12T19:11:15","slug":"nucleo-docente-estruturante-nde","status":"publish","type":"page","link":"https:\/\/www.ufsm.br\/cursos\/graduacao\/santa-maria\/terapia-ocupacional\/nucleo-docente-estruturante-nde","title":{"rendered":"N\u00facleo Docente Estruturante (NDE)"},"content":{"rendered":"\t\t<div data-elementor-type=\"wp-page\" data-elementor-id=\"2561\" class=\"elementor elementor-2561\">\n\t\t\t\t\t\t<section class=\"elementor-section elementor-top-section elementor-element elementor-element-224eccee elementor-section-boxed elementor-section-height-default elementor-section-height-default\" data-id=\"224eccee\" data-element_type=\"section\">\n\t\t\t\t\t\t<div class=\"elementor-container elementor-column-gap-default\">\n\t\t\t\t\t<div class=\"elementor-column elementor-col-100 elementor-top-column elementor-element elementor-element-29a5ebfa\" data-id=\"29a5ebfa\" data-element_type=\"column\">\n\t\t\t<div class=\"elementor-widget-wrap elementor-element-populated\">\n\t\t\t\t\t\t<div class=\"elementor-element elementor-element-0900e85 elementor-widget__width-initial elementor-tabs-view-horizontal elementor-widget elementor-widget-tabs\" data-id=\"0900e85\" data-element_type=\"widget\" data-widget_type=\"tabs.default\">\n\t\t\t\t<div class=\"elementor-widget-container\">\n\t\t\t\t\t<div class=\"elementor-tabs\">\n\t\t\t<div class=\"elementor-tabs-wrapper\" role=\"tablist\" >\n\t\t\t\t\t\t\t\t\t<div id=\"elementor-tab-title-9441\" class=\"elementor-tab-title elementor-tab-desktop-title\" aria-selected=\"true\" data-tab=\"1\" role=\"tab\" tabindex=\"0\" aria-controls=\"elementor-tab-content-9441\" aria-expanded=\"false\">ATUA\u00c7\u00c3O DO N\u00daCLEO DOCENTE ESTRUTURANTE (NDE)<\/div>\n\t\t\t\t\t\t\t\t\t<div id=\"elementor-tab-title-9442\" class=\"elementor-tab-title elementor-tab-desktop-title\" aria-selected=\"false\" data-tab=\"2\" role=\"tab\" tabindex=\"-1\" aria-controls=\"elementor-tab-content-9442\" aria-expanded=\"false\">ATIVIDADES DESEMPENHADAS PELO  NDE<\/div>\n\t\t\t\t\t\t\t\t\t<div id=\"elementor-tab-title-9443\" class=\"elementor-tab-title elementor-tab-desktop-title\" aria-selected=\"false\" data-tab=\"3\" role=\"tab\" tabindex=\"-1\" aria-controls=\"elementor-tab-content-9443\" aria-expanded=\"false\">COMPOSI\u00c7\u00c3O DO ATUAL NDE<\/div>\n\t\t\t\t\t\t\t\t\t<div id=\"elementor-tab-title-9444\" class=\"elementor-tab-title elementor-tab-desktop-title\" aria-selected=\"false\" data-tab=\"4\" role=\"tab\" tabindex=\"-1\" aria-controls=\"elementor-tab-content-9444\" aria-expanded=\"false\">COMPOSI\u00c7\u00d5ES ANTERIORES<\/div>\n\t\t\t\t\t\t\t<\/div>\n\t\t\t<div class=\"elementor-tabs-content-wrapper\" role=\"tablist\" aria-orientation=\"vertical\">\n\t\t\t\t\t\t\t\t\t<div class=\"elementor-tab-title elementor-tab-mobile-title\" aria-selected=\"true\" data-tab=\"1\" role=\"tab\" tabindex=\"0\" aria-controls=\"elementor-tab-content-9441\" aria-expanded=\"false\">ATUA\u00c7\u00c3O DO N\u00daCLEO DOCENTE ESTRUTURANTE (NDE)<\/div>\n\t\t\t\t\t<div id=\"elementor-tab-content-9441\" class=\"elementor-tab-content elementor-clearfix\" data-tab=\"1\" role=\"tabpanel\" aria-labelledby=\"elementor-tab-title-9441\" tabindex=\"0\" hidden=\"false\"><p>O N\u00facleo Docente Estruturante (NDE) do Curso de Terapia Ocupacional da Universidade Federal de Santa Maria foi implementado no ano de 2011, com data da primeira reuni\u00e3o em 07\/12\/2011, regulamentado pelo colegiado do Curso em ata na data de 09\/11\/2011, obedecendo a regulamenta\u00e7\u00e3o: Resolu\u00e7\u00e3o N. 031\/2017 revogada pela <a href=\"https:\/\/www.ufsm.br\/pro-reitorias\/prograd\/wp-content\/uploads\/sites\/342\/2020\/02\/RES_GR_2019_043.pdf\" target=\"_blank\" rel=\"noreferrer noopener\">Resolu\u00e7\u00e3o N. 043\/2019 \u2013 UFSM<\/a>.<\/p><p>Al\u00e9m disso, o (NDE) tem um car\u00e1ter consultivo e propositivo em mat\u00e9ria acad\u00eamica.<\/p><div>\u00a0<\/div><\/div>\n\t\t\t\t\t\t\t\t\t<div class=\"elementor-tab-title elementor-tab-mobile-title\" aria-selected=\"false\" data-tab=\"2\" role=\"tab\" tabindex=\"-1\" aria-controls=\"elementor-tab-content-9442\" aria-expanded=\"false\">ATIVIDADES DESEMPENHADAS PELO  NDE<\/div>\n\t\t\t\t\t<div id=\"elementor-tab-content-9442\" class=\"elementor-tab-content elementor-clearfix\" data-tab=\"2\" role=\"tabpanel\" aria-labelledby=\"elementor-tab-title-9442\" tabindex=\"0\" hidden=\"hidden\"><p>Quanto ao acompanhamento, na consolida\u00e7\u00e3o e na atualiza\u00e7\u00e3o do Projeto Pedag\u00f3gico do Curso (PPC), o NDE realiza reuni\u00f5es regularmente com o intuito de discutir e normatizar as demandas relacionadas ao curso conforme descritas a seguir:<\/p><ul><li>Reformula\u00e7\u00e3o do Projeto Pedag\u00f3gico do Curso;<\/li><li>Participa\u00e7\u00e3o em eventos direcionados a discuss\u00e3o das Diretrizes Curriculares Nacionais (DCN&#8217;s) dos cursos de gradua\u00e7\u00e3o em TO;<\/li><li>No processo de discuss\u00e3o das (DCN\u2019s) pode-se tra\u00e7ar e rever a adequa\u00e7\u00e3o do perfil do egresso, considerando as\u00a0(DCN\u2019s) e as novas demandas do mundo do trabalho;<\/li><li>Reuni\u00f5es junto aos docentes respons\u00e1veis pelo est\u00e1gio curricular para an\u00e1lise e elabora\u00e7\u00e3o de documentos, normativas, articula\u00e7\u00e3o ensino e servi\u00e7o, entre outros;<\/li><li>An\u00e1lise e encaminhamento a partir das resolu\u00e7\u00f5es: Resolu\u00e7\u00e3o UFSM N. 003\/2019, sobre a inser\u00e7\u00e3o de a\u00e7\u00f5es de extens\u00e3o nos curr\u00edculos dos cursos de gradua\u00e7\u00e3o; Resolu\u00e7\u00e3o UFSM N. 032\/2015, sobre o regime especial de avalia\u00e7\u00e3o para recupera\u00e7\u00e3o em disciplinas com<br \/>reprova\u00e7\u00e3o n\u00e3o decorrente de frequ\u00eancia em cursos de gradua\u00e7\u00e3o nas modalidades presencial e a dist\u00e2ncia; e Resolu\u00e7\u00e3o UFSM N. 011\/1992 sobre a regulamenta\u00e7\u00e3o da matr\u00edcula do aluno especial II.\u00a0<\/li><li>An\u00e1lise e encaminhamento a partir do memorando circular 05\/2019, que trata das disciplinas na modalidade \u00e0 dist\u00e2ncia em cursos presenciais;<\/li><li>Discuss\u00e3o e elabora\u00e7\u00e3o de documentos que regulamentam os pr\u00e9-requisitos das disciplinas e formul\u00e1rio para a disciplina de Semin\u00e1rios de Pr\u00e1ticas em Terapia Ocupacional;<\/li><li>Estudo e cria\u00e7\u00e3o de proposta para diminui\u00e7\u00e3o do n\u00famero de vagas ofertadas pelo curso e encaminhamento para aprecia\u00e7\u00e3o da Institui\u00e7\u00e3o;<\/li><li>Reuni\u00f5es pedag\u00f3gicas com vistas a aprofundar e socializar as discuss\u00f5es sobre os fundamentos da profiss\u00e3o e os eixos de forma\u00e7\u00e3o que constituem o curso;<\/li><li>Credenciamento, Recredenciamento e Credenciamento Retroativo de Cursos de Gradua\u00e7\u00e3o pela Federa\u00e7\u00e3o Mundial de Terapeutas Ocupacionais.<\/li><\/ul><p>Ressalta-se que, quanto ao impacto do sistema de avalia\u00e7\u00e3o de aprendizagem na forma\u00e7\u00e3o do estudante, o (NDE) realizou a\u00e7\u00f5es pontuais na tentativa de implementar uma avalia\u00e7\u00e3o espec\u00edfica do curso. Contudo, a rotatividade entre os membros do colegiado, devido aos afastamentos para qualifica\u00e7\u00e3o, interferiram na consolida\u00e7\u00e3o do mesmo. Ainda assim, o (NDE) tem por objetivo retomar estas a\u00e7\u00f5es e efetiv\u00e1-las.<\/p><p>Quanto ao acompanhamento e atualiza\u00e7\u00e3o das bibliografias b\u00e1sica e complementar, o (NDE) mant\u00e9m contato periodicamente com a Biblioteca para identificar poss\u00edveis necessidades e demandas existentes. No entanto, ressalta-se que este processo ser\u00e1 otimizado pelo grupo.<\/p><\/div>\n\t\t\t\t\t\t\t\t\t<div class=\"elementor-tab-title elementor-tab-mobile-title\" aria-selected=\"false\" data-tab=\"3\" role=\"tab\" tabindex=\"-1\" aria-controls=\"elementor-tab-content-9443\" aria-expanded=\"false\">COMPOSI\u00c7\u00c3O DO ATUAL NDE<\/div>\n\t\t\t\t\t<div id=\"elementor-tab-content-9443\" class=\"elementor-tab-content elementor-clearfix\" data-tab=\"3\" role=\"tabpanel\" aria-labelledby=\"elementor-tab-title-9443\" tabindex=\"0\" hidden=\"hidden\"><p>PORTARIA DE PESSOAL CCS\/UFSM N. 123 DE 30 DE ABRIL DE 2025<\/p>\n<div>\n<ul>\n<li>Kesia Maria Maximiano de Melo \u2013 SIAPE 1977584 &#8211; Presidente&nbsp;<\/li>\n<li>Silvani Vargas Vieira SIAPE 2110947&nbsp;<\/li>\n<li>Bianca Gon\u00e7alves de Carrasco Bassi \u2013 SIAPE 1372908&nbsp;<\/li>\n<li>Dani Laura Peruzzolo SIAPE 1798103&nbsp;<\/li>\n<li>Kayla Ara\u00fajo Ximenes Aguiar Palma \u2013 SIAPE 1873978&nbsp;<\/li><\/ul><p><i>Validade: 01 ano<\/i><\/p><\/div><\/div>\n\t\t\t\t\t\t\t\t\t<div class=\"elementor-tab-title elementor-tab-mobile-title\" aria-selected=\"false\" data-tab=\"4\" role=\"tab\" tabindex=\"-1\" aria-controls=\"elementor-tab-content-9444\" aria-expanded=\"false\">COMPOSI\u00c7\u00d5ES ANTERIORES<\/div>\n\t\t\t\t\t<div id=\"elementor-tab-content-9444\" class=\"elementor-tab-content elementor-clearfix\" data-tab=\"4\" role=\"tabpanel\" aria-labelledby=\"elementor-tab-title-9444\" tabindex=\"0\" hidden=\"hidden\"><div>\n<p style=\"font-size: 16px\"><a href=\"https:\/\/portal.ufsm.br\/documentos\/publico\/documento.html?id=14330614\">PORTARIA DE PESSOAL CCS\/UFSM N. 050 DE 21 DE FEVEREIRO DE 2025<\/a><\/p><ul style=\"font-size: 16px\"><li>Kesia Maria Maximiano de Melo \u2013 SIAPE 1977584 &#8211; Presidente&nbsp;<\/li><li>Dani Laura Peruzzolo SIAPE 1798103 &#8211; Secret\u00e1ria&nbsp;<\/li><li>Silvani Vargas Vieira SIAPE 2110947 &#8211; Coordenadora do Curso&nbsp;<\/li><li>Aline Sarturi Ponte SIAPE 3978078&nbsp;<\/li><li>Amara L\u00fa.ia Holanda Tavares Battistel SIAPE 1731020&nbsp;<\/li><li>Daniela Ton\u00fas SIAPE 1956350&nbsp;<\/li><li>Luci\u00e9lem Chequim da Silva SIAPE 2080645&nbsp;<\/li><\/ul><p style=\"font-size: 16px\"><em>Validade: 01 ano<\/em><\/p><p style=\"font-size: 16px\"><em><br><\/em><\/p><p style=\"color: #1c1c1c;font-size: 16px\"><a style=\"font-size: 16px;font-weight: var( --e-global-typography-text-font-weight );color: #204c90\" href=\"https:\/\/portal.ufsm.br\/documentos\/publico\/documento.html?id=14330614\">Portaria de Pessoal CCS\/UFSM N. 121. de 18 de julho de 2022<\/a><\/p>\n<ul style=\"color: #1c1c1c;font-size: 16px\">\n<li>Dani Laura Peruzzolo &#8211; Presidente<\/li>\n<li>Kesia Maximiano de Melo &#8211; Secret\u00e1ria<\/li>\n<li>Amara L\u00facia Holanda Tavares Battistel<\/li>\n<li>Aline Sarturi Ponte<\/li>\n<li>Daniela Tonus<\/li>\n<li>Emilyn Borba da Silva<\/li>\n<li>Lucielem Chequim da Silva<\/li>\n<\/ul>\n<div style=\"color: #1c1c1c;font-size: 16px\"><i>Validade: 03 anos<\/i><\/div><div style=\"color: #1c1c1c;font-size: 16px\"><i><br><\/i><\/div><div style=\"color: #1c1c1c;font-size: 16px\"><i><br><\/i><\/div>\n<\/div><\/div>\n\t\t\t\t\t\t\t<\/div>\n\t\t<\/div>\n\t\t\t\t<\/div>\n\t\t\t\t<\/div>\n\t\t\t\t\t<\/div>\n\t\t<\/div>\n\t\t\t\t\t<\/div>\n\t\t<\/section>\n\t\t\t\t<\/div>\n\t\t","protected":false},"excerpt":{"rendered":"<p>ATUA\u00c7\u00c3O DO N\u00daCLEO DOCENTE ESTRUTURANTE (NDE) ATIVIDADES DESEMPENHADAS PELO NDE COMPOSI\u00c7\u00c3O DO ATUAL NDE COMPOSI\u00c7\u00d5ES ANTERIORES ATUA\u00c7\u00c3O DO N\u00daCLEO DOCENTE ESTRUTURANTE (NDE) O N\u00facleo Docente Estruturante (NDE) do Curso de Terapia Ocupacional da Universidade Federal de Santa Maria foi implementado no ano de 2011, com data da primeira reuni\u00e3o em 07\/12\/2011, regulamentado pelo colegiado do [&hellip;]<\/p>\n","protected":false},"author":3987,"featured_media":0,"parent":0,"menu_order":0,"comment_status":"closed","ping_status":"closed","template":"","meta":{"footnotes":""},"categories":[],"tags":[],"class_list":["post-2561","page","type-page","status-publish","hentry"],"acf":[],"_links":{"self":[{"href":"https:\/\/www.ufsm.br\/cursos\/graduacao\/santa-maria\/terapia-ocupacional\/wp-json\/wp\/v2\/pages\/2561","targetHints":{"allow":["GET"]}}],"collection":[{"href":"https:\/\/www.ufsm.br\/cursos\/graduacao\/santa-maria\/terapia-ocupacional\/wp-json\/wp\/v2\/pages"}],"about":[{"href":"https:\/\/www.ufsm.br\/cursos\/graduacao\/santa-maria\/terapia-ocupacional\/wp-json\/wp\/v2\/types\/page"}],"author":[{"embeddable":true,"href":"https:\/\/www.ufsm.br\/cursos\/graduacao\/santa-maria\/terapia-ocupacional\/wp-json\/wp\/v2\/users\/3987"}],"replies":[{"embeddable":true,"href":"https:\/\/www.ufsm.br\/cursos\/graduacao\/santa-maria\/terapia-ocupacional\/wp-json\/wp\/v2\/comments?post=2561"}],"version-history":[{"count":0,"href":"https:\/\/www.ufsm.br\/cursos\/graduacao\/santa-maria\/terapia-ocupacional\/wp-json\/wp\/v2\/pages\/2561\/revisions"}],"wp:attachment":[{"href":"https:\/\/www.ufsm.br\/cursos\/graduacao\/santa-maria\/terapia-ocupacional\/wp-json\/wp\/v2\/media?parent=2561"}],"wp:term":[{"taxonomy":"category","embeddable":true,"href":"https:\/\/www.ufsm.br\/cursos\/graduacao\/santa-maria\/terapia-ocupacional\/wp-json\/wp\/v2\/categories?post=2561"},{"taxonomy":"post_tag","embeddable":true,"href":"https:\/\/www.ufsm.br\/cursos\/graduacao\/santa-maria\/terapia-ocupacional\/wp-json\/wp\/v2\/tags?post=2561"}],"curies":[{"name":"wp","href":"https:\/\/api.w.org\/{rel}","templated":true}]}}